{"id":7734,"date":"2023-12-27T12:14:29","date_gmt":"2023-12-27T11:14:29","guid":{"rendered":"https:\/\/www2.fasep.it\/o-nas\/"},"modified":"2025-08-04T16:37:17","modified_gmt":"2025-08-04T14:37:17","slug":"o-nas","status":"publish","type":"page","link":"https:\/\/www.fasep.it\/pl\/o-nas\/","title":{"rendered":"O Nas"},"content":{"rendered":"<div id='full_slider_1'  class='avia-fullwidth-slider main_color avia-shadow   avia-builder-el-0  el_before_av_section  avia-builder-el-first   container_wrap sidebar_right'  >\n<style type=\"text\/css\" data-created_by=\"avia_inline_auto\" id=\"style-css-av-m5i15slx-f826c3d5ce4ca2879cc1b19be5753fbd\">\n#top #wrap_all .avia-slideshow .av-slideshow-caption.av-m5i15slx-f826c3d5ce4ca2879cc1b19be5753fbd__0 .avia-caption-title{\nfont-size:40px;\ncolor:#ffffff;\n}\n#top .avia-slideshow .av-slideshow-caption.av-m5i15slx-f826c3d5ce4ca2879cc1b19be5753fbd__0 .avia-caption-content{\nfont-size:22px;\ncolor:#ffffff;\n}\n#top .avia-slideshow .av-slideshow-caption.av-m5i15slx-f826c3d5ce4ca2879cc1b19be5753fbd__0 .avia-caption-content p{\nfont-size:22px;\n}\n<\/style>\n<div  class='avia-slideshow av-m5i15slx-f826c3d5ce4ca2879cc1b19be5753fbd avia-slideshow-featured av_slideshow_full avia-slide-slider av-slideshow-ui av-control-default av-slideshow-manual av-loop-once av-loop-manual-endless av-default-height-applied   avia-slideshow-1' data-slideshow-options=\"{&quot;animation&quot;:&quot;slide&quot;,&quot;autoplay&quot;:false,&quot;loop_autoplay&quot;:&quot;once&quot;,&quot;interval&quot;:5,&quot;loop_manual&quot;:&quot;manual-endless&quot;,&quot;autoplay_stopper&quot;:false,&quot;noNavigation&quot;:false,&quot;bg_slider&quot;:false,&quot;keep_padding&quot;:false,&quot;hoverpause&quot;:false,&quot;show_slide_delay&quot;:0}\"  itemprop=\"image\" itemscope=\"itemscope\" itemtype=\"https:\/\/schema.org\/ImageObject\" ><ul class='avia-slideshow-inner ' style='padding-bottom: 28.666666666667%;'><li  class='avia-slideshow-slide av-m5i15slx-f826c3d5ce4ca2879cc1b19be5753fbd__0  av-single-slide slide-1 slide-odd'><div data-rel='slideshow-1' class='avia-slide-wrap '   ><div class='av-slideshow-caption av-m5i15slx-f826c3d5ce4ca2879cc1b19be5753fbd__0 caption_fullwidth caption_left'><div class=\"container caption_container\"><div class=\"slideshow_caption\"><div class=\"slideshow_inner_caption\"><div class=\"slideshow_align_caption\"><h2 class='avia-caption-title '  itemprop=\"name\" >O Nas<\/h2><div class='avia-caption-content av_inherit_color'  itemprop=\"description\" ><p>Nasz duch, nasza misja&#8230;<\/p>\n<\/div><\/div><\/div><\/div><\/div><\/div><img decoding=\"async\" fetchpriority=\"high\" class=\"wp-image-3995 avia-img-lazy-loading-not-3995\"  src=\"https:\/\/www.fasep.it\/wp-content\/uploads\/2025\/01\/chi-siamo-1500x430.jpg\" width=\"1500\" height=\"430\" title='chi-siamo' alt=''  itemprop=\"thumbnailUrl\"   \/><\/div><\/li><\/ul><\/div><\/div>\n\n<div id='av_section_1'  class='avia-section av-13xld-6d595901470ae0fde955ee446591686a main_color avia-section-default avia-no-border-styling  avia-builder-el-1  el_after_av_slideshow_full  el_before_av_section  chi-siamo avia-bg-style-scroll container_wrap sidebar_right'  ><div class='container av-section-cont-open' ><div class='template-page content  av-content-small alpha units'><div class='post-entry post-entry-type-page post-entry-7734'><div class='entry-content-wrapper clearfix'>\n\n\n<style type=\"text\/css\" data-created_by=\"avia_inline_auto\" id=\"style-css-av-lx4clwul-ea5ae843a0bfe46883dba14dd73c16c3\">\n#top .hr.hr-invisible.av-lx4clwul-ea5ae843a0bfe46883dba14dd73c16c3{\nheight:50px;\n}\n<\/style>\n<div  class='hr av-lx4clwul-ea5ae843a0bfe46883dba14dd73c16c3 hr-invisible  avia-builder-el-2  el_before_av_textblock  avia-builder-el-first '><span class='hr-inner '><span class=\"hr-inner-style\"><\/span><\/span><\/div>\n\n<section  class='av_textblock_section av-lx4ci6g0-943587a6af9fecf15dc01885ba3fefe6 '   itemscope=\"itemscope\" itemtype=\"https:\/\/schema.org\/CreativeWork\" ><div class='avia_textblock chi-siamo_title'  itemprop=\"text\" ><h2 style=\"text-align: center;\"><strong>Od 1969 roku FASEP<\/strong><br \/>\n<strong>PASJA<\/strong><br \/>\n<strong>WIEDZA<\/strong><br \/>\n<strong>ZAANGA\u017bOWANIE<\/strong><\/h2>\n<\/div><\/section>\n\n\n<style type=\"text\/css\" data-created_by=\"avia_inline_auto\" id=\"style-css-av-m5i128ga-4fea5529915d9b5465adebd41bba285a\">\n#top .av-special-heading.av-m5i128ga-4fea5529915d9b5465adebd41bba285a{\npadding-bottom:10px;\n}\nbody .av-special-heading.av-m5i128ga-4fea5529915d9b5465adebd41bba285a .av-special-heading-tag .heading-char{\nfont-size:25px;\n}\n.av-special-heading.av-m5i128ga-4fea5529915d9b5465adebd41bba285a .av-subheading{\nfont-size:15px;\n}\n<\/style>\n<div  class='av-special-heading av-m5i128ga-4fea5529915d9b5465adebd41bba285a av-special-heading-h3 blockquote modern-quote modern-centered  avia-builder-el-4  el_after_av_textblock  el_before_av_heading  chi-siamo_subtitle'><h3 class='av-special-heading-tag '  itemprop=\"headline\"  >PROJEKTUJEMY i PRODUKUJEMY prostownice do k\u00f3\u0142, wywa\u017carki do k\u00f3\u0142 i zmieniarki opon we W\u0141OSZECH i eksportujemy do ponad 50 kraj\u00f3w na ca\u0142ym \u015bwiecie.<\/h3><div class=\"special-heading-border\"><div class=\"special-heading-inner-border\"><\/div><\/div><\/div>\n\n\n<style type=\"text\/css\" data-created_by=\"avia_inline_auto\" id=\"style-css-av-m5i12gnq-49e4993e915921c4a38c2625c8c032c6\">\n#top .av-special-heading.av-m5i12gnq-49e4993e915921c4a38c2625c8c032c6{\npadding-bottom:10px;\n}\nbody .av-special-heading.av-m5i12gnq-49e4993e915921c4a38c2625c8c032c6 .av-special-heading-tag .heading-char{\nfont-size:25px;\n}\n.av-special-heading.av-m5i12gnq-49e4993e915921c4a38c2625c8c032c6 .av-subheading{\nfont-size:15px;\n}\n<\/style>\n<div  class='av-special-heading av-m5i12gnq-49e4993e915921c4a38c2625c8c032c6 av-special-heading-h4 blockquote modern-quote modern-centered  avia-builder-el-5  el_after_av_heading  el_before_av_hr  chi-siamo_subtitle'><h4 class='av-special-heading-tag '  itemprop=\"headline\"  >Wierzymy w pomys\u0142y, innowacje, ale przede wszystkim w ludzi.<\/h4><div class=\"special-heading-border\"><div class=\"special-heading-inner-border\"><\/div><\/div><\/div>\n\n\n<style type=\"text\/css\" data-created_by=\"avia_inline_auto\" id=\"style-css-av-m5i1u6zz-75ce7ce2eac536d245845beb5f47fb52\">\n#top .hr.hr-invisible.av-m5i1u6zz-75ce7ce2eac536d245845beb5f47fb52{\nheight:50px;\n}\n<\/style>\n<div  class='hr av-m5i1u6zz-75ce7ce2eac536d245845beb5f47fb52 hr-invisible  avia-builder-el-6  el_after_av_heading  el_before_av_one_third '><span class='hr-inner '><span class=\"hr-inner-style\"><\/span><\/span><\/div>\n\n<div  class='flex_column av-8syfl-fadb98b5fc12a0e6147d29b3d1e0388a av_one_third  avia-builder-el-7  el_after_av_hr  el_before_av_one_third  chi-siamo_column first flex_column_div  '     ><style type=\"text\/css\" data-created_by=\"avia_inline_auto\" id=\"style-css-av-m5i1310q-d90efc954e12d9dde7cf7b4aafd1aed2\">\n#top .av-special-heading.av-m5i1310q-d90efc954e12d9dde7cf7b4aafd1aed2{\npadding-bottom:10px;\n}\nbody .av-special-heading.av-m5i1310q-d90efc954e12d9dde7cf7b4aafd1aed2 .av-special-heading-tag .heading-char{\nfont-size:25px;\n}\n.av-special-heading.av-m5i1310q-d90efc954e12d9dde7cf7b4aafd1aed2 .av-subheading{\nfont-size:15px;\n}\n<\/style>\n<div  class='av-special-heading av-m5i1310q-d90efc954e12d9dde7cf7b4aafd1aed2 av-special-heading-h3 blockquote modern-quote  avia-builder-el-8  el_before_av_textblock  avia-builder-el-first '><h3 class='av-special-heading-tag '  itemprop=\"headline\"  >INNOWACJA<\/h3><div class=\"special-heading-border\"><div class=\"special-heading-inner-border\"><\/div><\/div><\/div>\n<section  class='av_textblock_section av-m5i13c3h-321e7161a7e61a5585c8f13f41b447a3 '   itemscope=\"itemscope\" itemtype=\"https:\/\/schema.org\/CreativeWork\" ><div class='avia_textblock'  itemprop=\"text\" ><h4>ZMIANA, ABY SI\u0118 ROZWIJA\u0106<\/h4>\n<p>Od pierwszego elektronicznego przyrz\u0105du do ustawiania k\u00f3\u0142 we W\u0142oszech w 1974 r. po innowacje w dziedzinie elektroniki cyfrowej w latach 90-tych, nigdy nie przestali\u015bmy wprowadza\u0107 innowacji.<\/p>\n<\/div><\/section><\/div><div  class='flex_column av-3s4mt-37cc25e3243c37401b5efb859f02c7e4 av_one_third  avia-builder-el-10  el_after_av_one_third  el_before_av_one_third  chi-siamo_column flex_column_div  '     ><style type=\"text\/css\" data-created_by=\"avia_inline_auto\" id=\"style-css-av-3f319-cdfe3789741f7a5b3f50d91e917be8a5\">\n#top .av-special-heading.av-3f319-cdfe3789741f7a5b3f50d91e917be8a5{\npadding-bottom:10px;\n}\nbody .av-special-heading.av-3f319-cdfe3789741f7a5b3f50d91e917be8a5 .av-special-heading-tag .heading-char{\nfont-size:25px;\n}\n.av-special-heading.av-3f319-cdfe3789741f7a5b3f50d91e917be8a5 .av-subheading{\nfont-size:15px;\n}\n<\/style>\n<div  class='av-special-heading av-3f319-cdfe3789741f7a5b3f50d91e917be8a5 av-special-heading-h3 blockquote modern-quote  avia-builder-el-11  el_before_av_textblock  avia-builder-el-first '><h3 class='av-special-heading-tag '  itemprop=\"headline\"  >PASJA<\/h3><div class=\"special-heading-border\"><div class=\"special-heading-inner-border\"><\/div><\/div><\/div>\n<section  class='av_textblock_section av-2w309-0623a2feb98a6c8d98046401b8798943 '   itemscope=\"itemscope\" itemtype=\"https:\/\/schema.org\/CreativeWork\" ><div class='avia_textblock'  itemprop=\"text\" ><h4>PARTNER\u00d3W, A NIE TYLKO DOSTAWC\u00d3W<\/h4>\n<p>W \u015bwiecie nagranych g\u0142os\u00f3w i centr\u00f3w telefonicznych nasi klienci wiedz\u0105, \u017ce mog\u0105 na nas liczy\u0107, \u017ce po\u015bwi\u0119cimy im czas, uwag\u0119 i profesjonalizm, na jaki zas\u0142uguj\u0105. Zaufanie tych, kt\u00f3rzy nas wybrali, jest naszym sukcesem.<\/p>\n<\/div><\/section><\/div><div  class='flex_column av-1zrqh-7715b082eb89fd9e37496d17e937cbfd av_one_third  avia-builder-el-13  el_after_av_one_third  avia-builder-el-last  chi-siamo_column flex_column_div  '     ><style type=\"text\/css\" data-created_by=\"avia_inline_auto\" id=\"style-css-av-1bv35-3ae34787775d097bf23fd902f13ccc75\">\n#top .av-special-heading.av-1bv35-3ae34787775d097bf23fd902f13ccc75{\npadding-bottom:10px;\n}\nbody .av-special-heading.av-1bv35-3ae34787775d097bf23fd902f13ccc75 .av-special-heading-tag .heading-char{\nfont-size:25px;\n}\n.av-special-heading.av-1bv35-3ae34787775d097bf23fd902f13ccc75 .av-subheading{\nfont-size:15px;\n}\n<\/style>\n<div  class='av-special-heading av-1bv35-3ae34787775d097bf23fd902f13ccc75 av-special-heading-h3 blockquote modern-quote  avia-builder-el-14  el_before_av_textblock  avia-builder-el-first '><h3 class='av-special-heading-tag '  itemprop=\"headline\"  >JAKO\u015a\u0106<\/h3><div class=\"special-heading-border\"><div class=\"special-heading-inner-border\"><\/div><\/div><\/div>\n<section  class='av_textblock_section av-oqzl-22511af9404e20eed3bf508f441038eb '   itemscope=\"itemscope\" itemtype=\"https:\/\/schema.org\/CreativeWork\" ><div class='avia_textblock'  itemprop=\"text\" ><h4>SPERSONALIZOWANE US\u0141UGI I PRODUKTY<\/h4>\n<p>Sprzedajemy sprz\u0119t na ca\u0142ym \u015bwiecie, kt\u00f3ry zapewnia bezpieczne i wydajne samochody dla u\u017cytkownik\u00f3w ko\u0144cowych, dzi\u0119ki starannej kontroli jako\u015bci i spersonalizowanej obs\u0142udze klienta.<\/p>\n<\/div><\/section><\/div><\/div><\/div><\/div><!-- close content main div --><\/div><\/div>\n<style type=\"text\/css\" data-created_by=\"avia_inline_auto\" id=\"style-css-av-4qbq9-7b4aeb0d5b51c3d1601aa479455e3dc8\">\n.avia-section.av-4qbq9-7b4aeb0d5b51c3d1601aa479455e3dc8{\nbackground-color:#f9f9f9;\nbackground-image:unset;\n}\n<\/style>\n<div id='av_section_2'  class='avia-section av-4qbq9-7b4aeb0d5b51c3d1601aa479455e3dc8 main_color avia-section-default avia-no-border-styling  avia-builder-el-16  el_after_av_section  el_before_av_section  chi-siamo avia-bg-style-scroll container_wrap sidebar_right'  ><div class='container av-section-cont-open' ><div class='template-page content  av-content-small alpha units'><div class='post-entry post-entry-type-page post-entry-7734'><div class='entry-content-wrapper clearfix'>\n<section  class='av_textblock_section av-m5i1485o-1c4c192d80906352e1dc8e9f281d63fd '   itemscope=\"itemscope\" itemtype=\"https:\/\/schema.org\/CreativeWork\" ><div class='avia_textblock chi-siamo_title'  itemprop=\"text\" ><h2 style=\"text-align: center;\">PASJA<\/h2>\n<\/div><\/section>\n\n<section  class='av_textblock_section av-m5i14kzk-0571f983a33973457c3d1dc3bf32dc4e '   itemscope=\"itemscope\" itemtype=\"https:\/\/schema.org\/CreativeWork\" ><div class='avia_textblock chi-siamo_content'  itemprop=\"text\" ><p style=\"text-align: center;\">Mario Boni, ojciec Fulvio, otworzy\u0142 po wojnie ma\u0142y warsztat mechaniczny, naprawiaj\u0105c motocykle i mechanizuj\u0105c krosna tekstylne. To w\u0142a\u015bnie w tym warsztacie narodzi\u0142a si\u0119 firma <strong>FASEP<\/strong>.<br \/>\n<strong>FASEP<\/strong> zosta\u0142 za\u0142o\u017cony w 1969 roku przez Fulvio Boni, z kapita\u0142em sk\u0142adaj\u0105cym si\u0119 wy\u0142\u0105cznie z niezwyk\u0142ych pomys\u0142\u00f3w i upartej woli ich realizacji, nawet je\u015bli czasami by\u0142y sprzeczne z \u00f3wczesnymi przekonaniami technicznymi.<br \/>\nDzi\u0119ki temu produkty <strong>FASEP<\/strong> zawsze by\u0142y wysoce innowacyjne pod wzgl\u0119dem tre\u015bci, technologii i wzornictwa.<\/p>\n<\/div><\/section>\n\n\n<\/div><\/div><\/div><!-- close content main div --><\/div><\/div><div id='av_section_3'  class='avia-section av-noep-bd9532e0737c40edf9d5bc8f3ec519bf main_color avia-section-default avia-no-border-styling  avia-builder-el-19  el_after_av_section  el_before_av_section  chi-siamo avia-bg-style-scroll container_wrap sidebar_right'  ><div class='container av-section-cont-open' ><div class='template-page content  av-content-small alpha units'><div class='post-entry post-entry-type-page post-entry-7734'><div class='entry-content-wrapper clearfix'>\n\n<section  class='av_textblock_section av-m5i265hb-4d27c12de1c80df681b99ab1fbb9cb39 '   itemscope=\"itemscope\" itemtype=\"https:\/\/schema.org\/CreativeWork\" ><div class='avia_textblock chi-siamo_title'  itemprop=\"text\" ><h2 style=\"text-align: center;\">WIEDZA<\/h2>\n<\/div><\/section>\n\n<section  class='av_textblock_section av-m5i26eo8-23244976f8da91a6f57c3b55e79db597 '   itemscope=\"itemscope\" itemtype=\"https:\/\/schema.org\/CreativeWork\" ><div class='avia_textblock chi-siamo_content'  itemprop=\"text\" ><p style=\"text-align: center;\">Od ponad 50 lat si\u0142a naszej firmy opiera si\u0119 na <strong>projektowaniu, konstruowaniu i produkcji mechanicznych i elektronicznych komponent\u00f3w<\/strong> do wywa\u017carek i ustawiarek k\u00f3\u0142, z kt\u00f3rych wszystkie s\u0105 produkowane w naszej fabryce w Ronta (Florencja).<br \/>\nTa silna specjalizacja pozwoli\u0142a nam zgromadzi\u0107 przez lata know-how, specyficzn\u0105 wiedz\u0119, kt\u00f3ra pozwala nam oferowa\u0107 <strong>unikalne i innowacyjne produkty<\/strong>, nowo\u015bci i rozwi\u0105zania, do tego stopnia, \u017ce jeste\u015bmy w stanie produkowa\u0107 nasze maszyny r\u00f3wnie\u017c dla innych znanych marek w tym sektorze.<\/p>\n<\/div><\/section>\n\n<\/div><\/div><\/div><!-- close content main div --><\/div><\/div>\n<style type=\"text\/css\" data-created_by=\"avia_inline_auto\" id=\"style-css-av-m5i27qvz-810c796d9eca3942c2f8801514e57b10\">\n.avia-section.av-m5i27qvz-810c796d9eca3942c2f8801514e57b10{\nbackground-color:#f9f9f9;\nbackground-image:unset;\n}\n<\/style>\n<div id='av_section_4'  class='avia-section av-m5i27qvz-810c796d9eca3942c2f8801514e57b10 main_color avia-section-default avia-no-border-styling  avia-builder-el-22  el_after_av_section  avia-builder-el-last  chi-siamo avia-bg-style-scroll container_wrap sidebar_right'  ><div class='container av-section-cont-open' ><div class='template-page content  av-content-small alpha units'><div class='post-entry post-entry-type-page post-entry-7734'><div class='entry-content-wrapper clearfix'>\n\n<section  class='av_textblock_section av-m5i26qa3-48b2d753ceb2ca4a22be894c2dd99405 '   itemscope=\"itemscope\" itemtype=\"https:\/\/schema.org\/CreativeWork\" ><div class='avia_textblock chi-siamo_title'  itemprop=\"text\" ><h2 style=\"text-align: center;\">ZAANGA\u017bOWANIE<\/h2>\n<\/div><\/section>\n\n<section  class='av_textblock_section av-m5i26vjb-382497b35cd901b193efc066821b5dbd '   itemscope=\"itemscope\" itemtype=\"https:\/\/schema.org\/CreativeWork\" ><div class='avia_textblock chi-siamo_content'  itemprop=\"text\" ><p style=\"text-align: center;\">Nasza in\u017cynieria, <strong>pocz\u0105wszy od in\u017cynierii mechanicznej<\/strong>, jest wykonywana w ca\u0142o\u015bci we w\u0142asnym zakresie, przy u\u017cyciu najnowocze\u015bniejszego sprz\u0119tu i oprogramowania.<br \/>\n<strong>In\u017cynieria elektroniczna r\u00f3wnie\u017c zawsze by\u0142a wewn\u0119trzn\u0105 ekspertyz\u0105 FASEP<\/strong>, powierzon\u0105 profesjonalistom z udokumentowanym do\u015bwiadczeniem i umiej\u0119tno\u015bciami.<br \/>\n<strong>Oprogramowanie naszych urz\u0105dze\u0144 jest w ca\u0142o\u015bci opracowywane we w\u0142asnym zakresie<\/strong> i stanowi serce produkt\u00f3w <strong>FASEP<\/strong>, wyr\u00f3\u017cniaj\u0105c je pod wzgl\u0119dem jako\u015bci i innowacyjno\u015bci.<\/p>\n<\/div><\/section>\n\n<\/div><\/div><\/div><!-- close content main div --><\/div><\/div><div id='after_section_4'  class='main_color av_default_container_wrap container_wrap sidebar_right'  ><div class='container av-section-cont-open' ><div class='template-page content  av-content-small alpha units'><div class='post-entry post-entry-type-page post-entry-7734'><div class='entry-content-wrapper clearfix'>","protected":false},"excerpt":{"rendered":"","protected":false},"author":1,"featured_media":0,"parent":0,"menu_order":2,"comment_status":"closed","ping_status":"closed","template":"","meta":{"_acf_changed":false,"footnotes":""},"class_list":["post-7734","page","type-page","status-publish","hentry"],"acf":[],"yoast_head":"<!-- This site is optimized with the Yoast SEO plugin v25.7 - https:\/\/yoast.com\/wordpress\/plugins\/seo\/ -->\n<title>O FASEP \u2013 W\u0142oski producent urz\u0105dze\u0144 do geometrii i wywa\u017carek<\/title>\n<meta name=\"description\" content=\"Dowiedz si\u0119, jak FASEP rozwin\u0105\u0142 si\u0119 z ma\u0142ego warsztatu w 1969 roku do globalnego dostawcy urz\u0105dze\u0144 do geometrii k\u00f3\u0142, wywa\u017carek i monta\u017cownic. Poznaj nasz\u0105 pasj\u0119, innowacyjno\u015b\u0107 i w\u0142oskie rzemios\u0142o.\" \/>\n<meta name=\"robots\" content=\"index, follow, max-snippet:-1, max-image-preview:large, max-video-preview:-1\" \/>\n<meta property=\"og:locale\" content=\"pl_PL\" \/>\n<meta property=\"og:type\" content=\"article\" \/>\n<meta property=\"og:title\" content=\"O FASEP \u2013 W\u0142oski producent urz\u0105dze\u0144 do geometrii i wywa\u017carek\" \/>\n<meta property=\"og:description\" content=\"Dowiedz si\u0119, jak FASEP rozwin\u0105\u0142 si\u0119 z ma\u0142ego warsztatu w 1969 roku do globalnego dostawcy urz\u0105dze\u0144 do geometrii k\u00f3\u0142, wywa\u017carek i monta\u017cownic. Poznaj nasz\u0105 pasj\u0119, innowacyjno\u015b\u0107 i w\u0142oskie rzemios\u0142o.\" \/>\n<meta property=\"og:url\" content=\"https:\/\/www.fasep.it\/pl\/o-nas\/\" \/>\n<meta property=\"og:site_name\" content=\"Fasep 2000 srl\" \/>\n<meta property=\"article:modified_time\" content=\"2025-08-04T14:37:17+00:00\" \/>\n<meta name=\"twitter:card\" content=\"summary_large_image\" \/>\n<meta name=\"twitter:label1\" content=\"Szacowany czas czytania\" \/>\n\t<meta name=\"twitter:data1\" content=\"28 minut\" \/>\n<script type=\"application\/ld+json\" class=\"yoast-schema-graph\">{\"@context\":\"https:\/\/schema.org\",\"@graph\":[{\"@type\":\"WebPage\",\"@id\":\"https:\/\/www.fasep.it\/pl\/o-nas\/\",\"url\":\"https:\/\/www.fasep.it\/pl\/o-nas\/\",\"name\":\"O FASEP \u2013 W\u0142oski producent urz\u0105dze\u0144 do geometrii i wywa\u017carek\",\"isPartOf\":{\"@id\":\"https:\/\/www.fasep.it\/pl\/#website\"},\"datePublished\":\"2023-12-27T11:14:29+00:00\",\"dateModified\":\"2025-08-04T14:37:17+00:00\",\"description\":\"Dowiedz si\u0119, jak FASEP rozwin\u0105\u0142 si\u0119 z ma\u0142ego warsztatu w 1969 roku do globalnego dostawcy urz\u0105dze\u0144 do geometrii k\u00f3\u0142, wywa\u017carek i monta\u017cownic. Poznaj nasz\u0105 pasj\u0119, innowacyjno\u015b\u0107 i w\u0142oskie rzemios\u0142o.\",\"breadcrumb\":{\"@id\":\"https:\/\/www.fasep.it\/pl\/o-nas\/#breadcrumb\"},\"inLanguage\":\"pl-PL\",\"potentialAction\":[{\"@type\":\"ReadAction\",\"target\":[\"https:\/\/www.fasep.it\/pl\/o-nas\/\"]}]},{\"@type\":\"BreadcrumbList\",\"@id\":\"https:\/\/www.fasep.it\/pl\/o-nas\/#breadcrumb\",\"itemListElement\":[{\"@type\":\"ListItem\",\"position\":1,\"name\":\"Home\",\"item\":\"https:\/\/www.fasep.it\/pl\/\"},{\"@type\":\"ListItem\",\"position\":2,\"name\":\"O Nas\"}]},{\"@type\":\"WebSite\",\"@id\":\"https:\/\/www.fasep.it\/pl\/#website\",\"url\":\"https:\/\/www.fasep.it\/pl\/\",\"name\":\"Fasep 2000 srl\",\"description\":\"\",\"potentialAction\":[{\"@type\":\"SearchAction\",\"target\":{\"@type\":\"EntryPoint\",\"urlTemplate\":\"https:\/\/www.fasep.it\/pl\/?s={search_term_string}\"},\"query-input\":{\"@type\":\"PropertyValueSpecification\",\"valueRequired\":true,\"valueName\":\"search_term_string\"}}],\"inLanguage\":\"pl-PL\"}]}<\/script>\n<!-- \/ Yoast SEO plugin. -->","yoast_head_json":{"title":"O FASEP \u2013 W\u0142oski producent urz\u0105dze\u0144 do geometrii i wywa\u017carek","description":"Dowiedz si\u0119, jak FASEP rozwin\u0105\u0142 si\u0119 z ma\u0142ego warsztatu w 1969 roku do globalnego dostawcy urz\u0105dze\u0144 do geometrii k\u00f3\u0142, wywa\u017carek i monta\u017cownic. Poznaj nasz\u0105 pasj\u0119, innowacyjno\u015b\u0107 i w\u0142oskie rzemios\u0142o.","robots":{"index":"index","follow":"follow","max-snippet":"max-snippet:-1","max-image-preview":"max-image-preview:large","max-video-preview":"max-video-preview:-1"},"og_locale":"pl_PL","og_type":"article","og_title":"O FASEP \u2013 W\u0142oski producent urz\u0105dze\u0144 do geometrii i wywa\u017carek","og_description":"Dowiedz si\u0119, jak FASEP rozwin\u0105\u0142 si\u0119 z ma\u0142ego warsztatu w 1969 roku do globalnego dostawcy urz\u0105dze\u0144 do geometrii k\u00f3\u0142, wywa\u017carek i monta\u017cownic. Poznaj nasz\u0105 pasj\u0119, innowacyjno\u015b\u0107 i w\u0142oskie rzemios\u0142o.","og_url":"https:\/\/www.fasep.it\/pl\/o-nas\/","og_site_name":"Fasep 2000 srl","article_modified_time":"2025-08-04T14:37:17+00:00","twitter_card":"summary_large_image","twitter_misc":{"Szacowany czas czytania":"28 minut"},"schema":{"@context":"https:\/\/schema.org","@graph":[{"@type":"WebPage","@id":"https:\/\/www.fasep.it\/pl\/o-nas\/","url":"https:\/\/www.fasep.it\/pl\/o-nas\/","name":"O FASEP \u2013 W\u0142oski producent urz\u0105dze\u0144 do geometrii i wywa\u017carek","isPartOf":{"@id":"https:\/\/www.fasep.it\/pl\/#website"},"datePublished":"2023-12-27T11:14:29+00:00","dateModified":"2025-08-04T14:37:17+00:00","description":"Dowiedz si\u0119, jak FASEP rozwin\u0105\u0142 si\u0119 z ma\u0142ego warsztatu w 1969 roku do globalnego dostawcy urz\u0105dze\u0144 do geometrii k\u00f3\u0142, wywa\u017carek i monta\u017cownic. Poznaj nasz\u0105 pasj\u0119, innowacyjno\u015b\u0107 i w\u0142oskie rzemios\u0142o.","breadcrumb":{"@id":"https:\/\/www.fasep.it\/pl\/o-nas\/#breadcrumb"},"inLanguage":"pl-PL","potentialAction":[{"@type":"ReadAction","target":["https:\/\/www.fasep.it\/pl\/o-nas\/"]}]},{"@type":"BreadcrumbList","@id":"https:\/\/www.fasep.it\/pl\/o-nas\/#breadcrumb","itemListElement":[{"@type":"ListItem","position":1,"name":"Home","item":"https:\/\/www.fasep.it\/pl\/"},{"@type":"ListItem","position":2,"name":"O Nas"}]},{"@type":"WebSite","@id":"https:\/\/www.fasep.it\/pl\/#website","url":"https:\/\/www.fasep.it\/pl\/","name":"Fasep 2000 srl","description":"","potentialAction":[{"@type":"SearchAction","target":{"@type":"EntryPoint","urlTemplate":"https:\/\/www.fasep.it\/pl\/?s={search_term_string}"},"query-input":{"@type":"PropertyValueSpecification","valueRequired":true,"valueName":"search_term_string"}}],"inLanguage":"pl-PL"}]}},"_links":{"self":[{"href":"https:\/\/www.fasep.it\/pl\/wp-json\/wp\/v2\/pages\/7734","targetHints":{"allow":["GET"]}}],"collection":[{"href":"https:\/\/www.fasep.it\/pl\/wp-json\/wp\/v2\/pages"}],"about":[{"href":"https:\/\/www.fasep.it\/pl\/wp-json\/wp\/v2\/types\/page"}],"author":[{"embeddable":true,"href":"https:\/\/www.fasep.it\/pl\/wp-json\/wp\/v2\/users\/1"}],"replies":[{"embeddable":true,"href":"https:\/\/www.fasep.it\/pl\/wp-json\/wp\/v2\/comments?post=7734"}],"version-history":[{"count":12,"href":"https:\/\/www.fasep.it\/pl\/wp-json\/wp\/v2\/pages\/7734\/revisions"}],"predecessor-version":[{"id":10533,"href":"https:\/\/www.fasep.it\/pl\/wp-json\/wp\/v2\/pages\/7734\/revisions\/10533"}],"wp:attachment":[{"href":"https:\/\/www.fasep.it\/pl\/wp-json\/wp\/v2\/media?parent=7734"}],"curies":[{"name":"wp","href":"https:\/\/api.w.org\/{rel}","templated":true}]}}