{"id":4045,"date":"2025-01-04T12:31:22","date_gmt":"2025-01-04T11:31:22","guid":{"rendered":"https:\/\/www2.fasep.it\/novita-2\/"},"modified":"2025-04-15T08:16:07","modified_gmt":"2025-04-15T06:16:07","slug":"aktualnosci","status":"publish","type":"page","link":"https:\/\/www.fasep.it\/pl\/aktualnosci\/","title":{"rendered":"Aktualno\u015bci"},"content":{"rendered":"<div  data-slideshow-options=\"{&quot;animation&quot;:&quot;fade&quot;,&quot;autoplay&quot;:false,&quot;loop_autoplay&quot;:&quot;once&quot;,&quot;interval&quot;:5,&quot;loop_manual&quot;:&quot;manual-endless&quot;,&quot;autoplay_stopper&quot;:false,&quot;noNavigation&quot;:false,&quot;show_slide_delay&quot;:90}\" class='avia-content-slider avia-content-grid-active avia-content-slider1 avia-content-slider-odd  avia-builder-el-0  avia-builder-el-no-sibling  av-slideshow-ui av-control-default   av-no-slider-navigation av-slideshow-manual av-loop-once av-loop-manual-endless '  itemscope=\"itemscope\" itemtype=\"https:\/\/schema.org\/Blog\" ><div class=\"avia-content-slider-inner\"><div class=\"slide-entry-wrap\"><article class='slide-entry flex_column  post-entry post-entry-7923 slide-entry-overview slide-loop-1 slide-parity-odd  av_one_third first real-thumbnail posttype-post post-format-standard'  itemscope=\"itemscope\" itemtype=\"https:\/\/schema.org\/CreativeWork\" ><a href='javascript: noAccess();' data-rel='slide-1' class='slide-image' title='Aktualizacja Oprogramowania Videotronic.CE'><img decoding=\"async\" fetchpriority=\"high\" width=\"495\" height=\"400\" src=\"https:\/\/www.fasep.it\/wp-content\/uploads\/2024\/11\/ScreenShot00-Copia-495x400.jpg\" class=\"wp-image-8047 avia-img-lazy-loading-not-8047 attachment-portfolio size-portfolio wp-post-image\" alt=\"\" srcset=\"https:\/\/www.fasep.it\/wp-content\/uploads\/2024\/11\/ScreenShot00-Copia-495x400.jpg 495w, https:\/\/www.fasep.it\/wp-content\/uploads\/2024\/11\/ScreenShot00-Copia-300x243.jpg 300w, https:\/\/www.fasep.it\/wp-content\/uploads\/2024\/11\/ScreenShot00-Copia.jpg 1440w\" sizes=\"(max-width: 495px) 100vw, 495px\" \/><\/a><div class=\"slide-content\"><header class=\"entry-content-header\" aria-label=\"Slide: Aktualizacja Oprogramowania Videotronic.CE\"><h3 class='slide-entry-title entry-title '  itemprop=\"headline\" ><a href='javascript: noAccess();' title='Aktualizacja Oprogramowania Videotronic.CE'>Aktualizacja Oprogramowania Videotronic.CE<\/a><\/h3><span class=\"av-vertical-delimiter\"><\/span><\/header><div class=\"slide-meta\"><time class='slide-meta-time updated'  itemprop=\"datePublished\" datetime=\"2026-03-10T09:51:37+01:00\" >10 marca 2026<\/time><\/div><div class='slide-entry-excerpt entry-content'  itemprop=\"text\" >W tym artykule mo\u017cna znale\u017a\u0107 now\u0105 wersj\u0119 dla wywa\u017carek k\u00f3\u0142 FASEP wraz z instrukcjami aktualizacji.<\/div><\/div><footer class=\"entry-footer\"><\/footer><span class='hidden'>\n\t\t\t\t<span class='av-structured-data'  itemprop=\"image\" itemscope=\"itemscope\" itemtype=\"https:\/\/schema.org\/ImageObject\" >\n\t\t\t\t\t\t<span itemprop='url'>https:\/\/www.fasep.it\/wp-content\/uploads\/2024\/11\/ScreenShot00-Copia.jpg<\/span>\n\t\t\t\t\t\t<span itemprop='height'>1164<\/span>\n\t\t\t\t\t\t<span itemprop='width'>1440<\/span>\n\t\t\t\t<\/span>\n\t\t\t\t<span class='av-structured-data'  itemprop=\"publisher\" itemtype=\"https:\/\/schema.org\/Organization\" itemscope=\"itemscope\" >\n\t\t\t\t\t\t<span itemprop='name'>fasep<\/span>\n\t\t\t\t\t\t<span itemprop='logo' itemscope itemtype='https:\/\/schema.org\/ImageObject'>\n\t\t\t\t\t\t\t<span itemprop='url'>https:\/\/www.fasep.it\/wp-content\/uploads\/2025\/01\/faseplogo_it.png<\/span>\n\t\t\t\t\t\t<\/span>\n\t\t\t\t<\/span><span class='av-structured-data'  itemprop=\"author\" itemscope=\"itemscope\" itemtype=\"https:\/\/schema.org\/Person\" ><span itemprop='name'>fasep<\/span><\/span><span class='av-structured-data'  itemprop=\"datePublished\" datetime=\"2025-01-04T12:31:22+01:00\" >2026-03-10 09:51:37<\/span><span class='av-structured-data'  itemprop=\"dateModified\" itemtype=\"https:\/\/schema.org\/dateModified\" >2026-03-11 08:12:25<\/span><span class='av-structured-data'  itemprop=\"mainEntityOfPage\" itemtype=\"https:\/\/schema.org\/mainEntityOfPage\" ><span itemprop='name'>Aktualizacja Oprogramowania Videotronic.CE<\/span><\/span><\/span><\/article><article class='slide-entry flex_column  post-entry post-entry-11005 slide-entry-overview slide-loop-2 slide-parity-even  av_one_third  real-thumbnail posttype-post post-format-standard'  itemscope=\"itemscope\" itemtype=\"https:\/\/schema.org\/CreativeWork\" ><a href='javascript: noAccess();' data-rel='slide-1' class='slide-image' title='Aktualizacja Oprogramowania Winlogic'><img decoding=\"async\" fetchpriority=\"high\" width=\"495\" height=\"400\" src=\"https:\/\/www.fasep.it\/wp-content\/uploads\/2025\/01\/PHOTO-2020-06-08-11-36-35-1-495x400.jpg\" class=\"wp-image-8062 avia-img-lazy-loading-not-8062 attachment-portfolio size-portfolio wp-post-image\" alt=\"\" srcset=\"https:\/\/www.fasep.it\/wp-content\/uploads\/2025\/01\/PHOTO-2020-06-08-11-36-35-1-495x400.jpg 495w, https:\/\/www.fasep.it\/wp-content\/uploads\/2025\/01\/PHOTO-2020-06-08-11-36-35-1-300x242.jpg 300w, https:\/\/www.fasep.it\/wp-content\/uploads\/2025\/01\/PHOTO-2020-06-08-11-36-35-1.jpg 652w\" sizes=\"(max-width: 495px) 100vw, 495px\" \/><\/a><div class=\"slide-content\"><header class=\"entry-content-header\" aria-label=\"Slide: Aktualizacja Oprogramowania Winlogic\"><h3 class='slide-entry-title entry-title '  itemprop=\"headline\" ><a href='javascript: noAccess();' title='Aktualizacja Oprogramowania Winlogic'>Aktualizacja Oprogramowania Winlogic<\/a><\/h3><span class=\"av-vertical-delimiter\"><\/span><\/header><div class=\"slide-meta\"><time class='slide-meta-time updated'  itemprop=\"datePublished\" datetime=\"2026-01-14T10:47:22+01:00\" >14 stycznia 2026<\/time><\/div><div class='slide-entry-excerpt entry-content'  itemprop=\"text\" >W tym artykule znajdziesz informacje o nowej wersji urz\u0105dze\u0144 do ustawiania geometrii k\u00f3\u0142 FASEP wraz z instrukcj\u0105 aktualizacji.<\/div><\/div><footer class=\"entry-footer\"><\/footer><span class='hidden'>\n\t\t\t\t<span class='av-structured-data'  itemprop=\"image\" itemscope=\"itemscope\" itemtype=\"https:\/\/schema.org\/ImageObject\" >\n\t\t\t\t\t\t<span itemprop='url'>https:\/\/www.fasep.it\/wp-content\/uploads\/2025\/01\/PHOTO-2020-06-08-11-36-35-1.jpg<\/span>\n\t\t\t\t\t\t<span itemprop='height'>527<\/span>\n\t\t\t\t\t\t<span itemprop='width'>652<\/span>\n\t\t\t\t<\/span>\n\t\t\t\t<span class='av-structured-data'  itemprop=\"publisher\" itemtype=\"https:\/\/schema.org\/Organization\" itemscope=\"itemscope\" >\n\t\t\t\t\t\t<span itemprop='name'>fasep<\/span>\n\t\t\t\t\t\t<span itemprop='logo' itemscope itemtype='https:\/\/schema.org\/ImageObject'>\n\t\t\t\t\t\t\t<span itemprop='url'>https:\/\/www.fasep.it\/wp-content\/uploads\/2025\/01\/faseplogo_it.png<\/span>\n\t\t\t\t\t\t<\/span>\n\t\t\t\t<\/span><span class='av-structured-data'  itemprop=\"author\" itemscope=\"itemscope\" itemtype=\"https:\/\/schema.org\/Person\" ><span itemprop='name'>fasep<\/span><\/span><span class='av-structured-data'  itemprop=\"datePublished\" datetime=\"2025-01-04T12:31:22+01:00\" >2026-01-14 10:47:22<\/span><span class='av-structured-data'  itemprop=\"dateModified\" itemtype=\"https:\/\/schema.org\/dateModified\" >2026-01-26 16:56:18<\/span><span class='av-structured-data'  itemprop=\"mainEntityOfPage\" itemtype=\"https:\/\/schema.org\/mainEntityOfPage\" ><span itemprop='name'>Aktualizacja Oprogramowania Winlogic<\/span><\/span><\/span><\/article><article class='slide-entry flex_column  post-entry post-entry-10875 slide-entry-overview slide-loop-3 slide-parity-odd  av_one_third  real-thumbnail posttype-post post-format-standard'  itemscope=\"itemscope\" itemtype=\"https:\/\/schema.org\/CreativeWork\" ><a href='https:\/\/www.fasep.it\/pl\/news\/zamkniecie-w-okresie-swiat-bozego-narodzenia\/' data-rel='slide-1' class='slide-image' title='Zamkni\u0119cie w okresie \u015bwi\u0105t Bo\u017cego Narodzenia'><img decoding=\"async\" fetchpriority=\"high\" width=\"495\" height=\"400\" src=\"https:\/\/www.fasep.it\/wp-content\/uploads\/2024\/12\/natale.png\" class=\"wp-image-4103 avia-img-lazy-loading-not-4103 attachment-portfolio size-portfolio wp-post-image\" alt=\"\" srcset=\"https:\/\/www.fasep.it\/wp-content\/uploads\/2024\/12\/natale.png 495w, https:\/\/www.fasep.it\/wp-content\/uploads\/2024\/12\/natale-300x242.png 300w\" sizes=\"(max-width: 495px) 100vw, 495px\" \/><\/a><div class=\"slide-content\"><header class=\"entry-content-header\" aria-label=\"Slide: Zamkni\u0119cie w okresie \u015bwi\u0105t Bo\u017cego Narodzenia\"><h3 class='slide-entry-title entry-title '  itemprop=\"headline\" ><a href='https:\/\/www.fasep.it\/pl\/news\/zamkniecie-w-okresie-swiat-bozego-narodzenia\/' title='Zamkni\u0119cie w okresie \u015bwi\u0105t Bo\u017cego Narodzenia'>Zamkni\u0119cie w okresie \u015bwi\u0105t Bo\u017cego Narodzenia<\/a><\/h3><span class=\"av-vertical-delimiter\"><\/span><\/header><div class=\"slide-meta\"><time class='slide-meta-time updated'  itemprop=\"datePublished\" datetime=\"2025-12-05T13:42:35+01:00\" >5 grudnia 2025<\/time><\/div><div class='slide-entry-excerpt entry-content'  itemprop=\"text\" >W okresie \u015bwi\u0105t Bo\u017cego Narodzenia b\u0119dziemy zamkni\u0119ci od 24 grudnia do 6 stycznia.<\/div><\/div><footer class=\"entry-footer\"><\/footer><span class='hidden'>\n\t\t\t\t<span class='av-structured-data'  itemprop=\"image\" itemscope=\"itemscope\" itemtype=\"https:\/\/schema.org\/ImageObject\" >\n\t\t\t\t\t\t<span itemprop='url'>https:\/\/www.fasep.it\/wp-content\/uploads\/2024\/12\/natale.png<\/span>\n\t\t\t\t\t\t<span itemprop='height'>400<\/span>\n\t\t\t\t\t\t<span itemprop='width'>495<\/span>\n\t\t\t\t<\/span>\n\t\t\t\t<span class='av-structured-data'  itemprop=\"publisher\" itemtype=\"https:\/\/schema.org\/Organization\" itemscope=\"itemscope\" >\n\t\t\t\t\t\t<span itemprop='name'>fasep<\/span>\n\t\t\t\t\t\t<span itemprop='logo' itemscope itemtype='https:\/\/schema.org\/ImageObject'>\n\t\t\t\t\t\t\t<span itemprop='url'>https:\/\/www.fasep.it\/wp-content\/uploads\/2025\/01\/faseplogo_it.png<\/span>\n\t\t\t\t\t\t<\/span>\n\t\t\t\t<\/span><span class='av-structured-data'  itemprop=\"author\" itemscope=\"itemscope\" itemtype=\"https:\/\/schema.org\/Person\" ><span itemprop='name'>fasep<\/span><\/span><span class='av-structured-data'  itemprop=\"datePublished\" datetime=\"2025-01-04T12:31:22+01:00\" >2025-12-05 13:42:35<\/span><span class='av-structured-data'  itemprop=\"dateModified\" itemtype=\"https:\/\/schema.org\/dateModified\" >2026-01-08 11:31:49<\/span><span class='av-structured-data'  itemprop=\"mainEntityOfPage\" itemtype=\"https:\/\/schema.org\/mainEntityOfPage\" ><span itemprop='name'>Zamkni\u0119cie w okresie \u015bwi\u0105t Bo\u017cego Narodzenia<\/span><\/span><\/span><\/article><\/div><div class=\"slide-entry-wrap\"><article class='slide-entry flex_column  post-entry post-entry-9026 slide-entry-overview slide-loop-4 slide-parity-odd  av_one_third first real-thumbnail posttype-post post-format-standard'  itemscope=\"itemscope\" itemtype=\"https:\/\/schema.org\/CreativeWork\" ><a href='https:\/\/www.fasep.it\/pl\/news\/zamkniecie-wakacji-letnich\/' data-rel='slide-1' class='slide-image' title='Zamkni\u0119cie Wakacji Letnich'><img decoding=\"async\" fetchpriority=\"high\" width=\"495\" height=\"400\" src=\"https:\/\/www.fasep.it\/wp-content\/uploads\/2021\/07\/fasep.it-holidays-495x400.jpg\" class=\"wp-image-5139 avia-img-lazy-loading-not-5139 attachment-portfolio size-portfolio wp-post-image\" alt=\"\" \/><\/a><div class=\"slide-content\"><header class=\"entry-content-header\" aria-label=\"Slide: Zamkni\u0119cie Wakacji Letnich\"><h3 class='slide-entry-title entry-title '  itemprop=\"headline\" ><a href='https:\/\/www.fasep.it\/pl\/news\/zamkniecie-wakacji-letnich\/' title='Zamkni\u0119cie Wakacji Letnich'>Zamkni\u0119cie Wakacji Letnich<\/a><\/h3><span class=\"av-vertical-delimiter\"><\/span><\/header><div class=\"slide-meta\"><time class='slide-meta-time updated'  itemprop=\"datePublished\" datetime=\"2025-07-11T16:33:39+02:00\" >11 lipca 2025<\/time><\/div><div class='slide-entry-excerpt entry-content'  itemprop=\"text\" >B\u0119dziemy zamkni\u0119ci na czas wakacji od 11 do 25 sierpnia.<\/div><\/div><footer class=\"entry-footer\"><\/footer><span class='hidden'>\n\t\t\t\t<span class='av-structured-data'  itemprop=\"image\" itemscope=\"itemscope\" itemtype=\"https:\/\/schema.org\/ImageObject\" >\n\t\t\t\t\t\t<span itemprop='url'>https:\/\/www.fasep.it\/wp-content\/uploads\/2021\/07\/fasep.it-holidays.jpg<\/span>\n\t\t\t\t\t\t<span itemprop='height'>667<\/span>\n\t\t\t\t\t\t<span itemprop='width'>1000<\/span>\n\t\t\t\t<\/span>\n\t\t\t\t<span class='av-structured-data'  itemprop=\"publisher\" itemtype=\"https:\/\/schema.org\/Organization\" itemscope=\"itemscope\" >\n\t\t\t\t\t\t<span itemprop='name'>fasep<\/span>\n\t\t\t\t\t\t<span itemprop='logo' itemscope itemtype='https:\/\/schema.org\/ImageObject'>\n\t\t\t\t\t\t\t<span itemprop='url'>https:\/\/www.fasep.it\/wp-content\/uploads\/2025\/01\/faseplogo_it.png<\/span>\n\t\t\t\t\t\t<\/span>\n\t\t\t\t<\/span><span class='av-structured-data'  itemprop=\"author\" itemscope=\"itemscope\" itemtype=\"https:\/\/schema.org\/Person\" ><span itemprop='name'>fasep<\/span><\/span><span class='av-structured-data'  itemprop=\"datePublished\" datetime=\"2025-01-04T12:31:22+01:00\" >2025-07-11 16:33:39<\/span><span class='av-structured-data'  itemprop=\"dateModified\" itemtype=\"https:\/\/schema.org\/dateModified\" >2025-08-26 09:07:06<\/span><span class='av-structured-data'  itemprop=\"mainEntityOfPage\" itemtype=\"https:\/\/schema.org\/mainEntityOfPage\" ><span itemprop='name'>Zamkni\u0119cie Wakacji Letnich<\/span><\/span><\/span><\/article><article class='slide-entry flex_column  post-entry post-entry-8991 slide-entry-overview slide-loop-5 slide-parity-even  av_one_third  real-thumbnail posttype-post post-format-standard'  itemscope=\"itemscope\" itemtype=\"https:\/\/schema.org\/CreativeWork\" ><a href='javascript: noAccess();' data-rel='slide-1' class='slide-image' title='Extra Gwarancja na Wywa\u017carki do k\u00f3\u0142'><img decoding=\"async\" fetchpriority=\"high\" width=\"495\" height=\"400\" src=\"https:\/\/www.fasep.it\/wp-content\/uploads\/2025\/06\/Banner-400x600-px_ING-1-495x400.jpg\" class=\"wp-image-8946 avia-img-lazy-loading-not-8946 attachment-portfolio size-portfolio wp-post-image\" alt=\"\" \/><\/a><div class=\"slide-content\"><header class=\"entry-content-header\" aria-label=\"Slide: Extra Gwarancja na Wywa\u017carki do k\u00f3\u0142\"><h3 class='slide-entry-title entry-title '  itemprop=\"headline\" ><a href='javascript: noAccess();' title='Extra Gwarancja na Wywa\u017carki do k\u00f3\u0142'>Extra Gwarancja na Wywa\u017carki do k\u00f3\u0142<\/a><\/h3><span class=\"av-vertical-delimiter\"><\/span><\/header><div class=\"slide-meta\"><time class='slide-meta-time updated'  itemprop=\"datePublished\" datetime=\"2025-06-26T08:43:28+02:00\" >26 czerwca 2025<\/time><\/div><div class='slide-entry-excerpt entry-content'  itemprop=\"text\" >W tym artykule dowiesz si\u0119, jak uzyska\u0107 dodatkow\u0105 gwarancj\u0119 na wywa\u017cark\u0119 do k\u00f3\u0142.<\/div><\/div><footer class=\"entry-footer\"><\/footer><span class='hidden'>\n\t\t\t\t<span class='av-structured-data'  itemprop=\"image\" itemscope=\"itemscope\" itemtype=\"https:\/\/schema.org\/ImageObject\" >\n\t\t\t\t\t\t<span itemprop='url'>https:\/\/www.fasep.it\/wp-content\/uploads\/2025\/06\/Banner-400x600-px_ING-1.jpg<\/span>\n\t\t\t\t\t\t<span itemprop='height'>480<\/span>\n\t\t\t\t\t\t<span itemprop='width'>720<\/span>\n\t\t\t\t<\/span>\n\t\t\t\t<span class='av-structured-data'  itemprop=\"publisher\" itemtype=\"https:\/\/schema.org\/Organization\" itemscope=\"itemscope\" >\n\t\t\t\t\t\t<span itemprop='name'>fasep<\/span>\n\t\t\t\t\t\t<span itemprop='logo' itemscope itemtype='https:\/\/schema.org\/ImageObject'>\n\t\t\t\t\t\t\t<span itemprop='url'>https:\/\/www.fasep.it\/wp-content\/uploads\/2025\/01\/faseplogo_it.png<\/span>\n\t\t\t\t\t\t<\/span>\n\t\t\t\t<\/span><span class='av-structured-data'  itemprop=\"author\" itemscope=\"itemscope\" itemtype=\"https:\/\/schema.org\/Person\" ><span itemprop='name'>fasep<\/span><\/span><span class='av-structured-data'  itemprop=\"datePublished\" datetime=\"2025-01-04T12:31:22+01:00\" >2025-06-26 08:43:28<\/span><span class='av-structured-data'  itemprop=\"dateModified\" itemtype=\"https:\/\/schema.org\/dateModified\" >2025-06-26 15:59:37<\/span><span class='av-structured-data'  itemprop=\"mainEntityOfPage\" itemtype=\"https:\/\/schema.org\/mainEntityOfPage\" ><span itemprop='name'>Extra Gwarancja na Wywa\u017carki do k\u00f3\u0142<\/span><\/span><\/span><\/article><article class='slide-entry flex_column  post-entry post-entry-8304 slide-entry-overview slide-loop-6 slide-parity-odd  post-entry-last  av_one_third  real-thumbnail posttype-post post-format-standard'  itemscope=\"itemscope\" itemtype=\"https:\/\/schema.org\/CreativeWork\" ><a href='javascript: noAccess();' data-rel='slide-1' class='slide-image' title='Aktualizacja oprogramowania Balatron 16bit \/ 32bit'><img decoding=\"async\" fetchpriority=\"high\" width=\"495\" height=\"400\" src=\"https:\/\/www.fasep.it\/wp-content\/uploads\/2025\/01\/3M4538-495x400.jpg\" class=\"wp-image-4134 avia-img-lazy-loading-not-4134 attachment-portfolio size-portfolio wp-post-image\" alt=\"\" \/><\/a><div class=\"slide-content\"><header class=\"entry-content-header\" aria-label=\"Slide: Aktualizacja oprogramowania Balatron 16bit \/ 32bit\"><h3 class='slide-entry-title entry-title '  itemprop=\"headline\" ><a href='javascript: noAccess();' title='Aktualizacja oprogramowania Balatron 16bit \/ 32bit'>Aktualizacja oprogramowania Balatron 16bit \/ 32bit<\/a><\/h3><span class=\"av-vertical-delimiter\"><\/span><\/header><div class=\"slide-meta\"><time class='slide-meta-time updated'  itemprop=\"datePublished\" datetime=\"2025-04-07T09:51:55+02:00\" >7 kwietnia 2025<\/time><\/div><div class='slide-entry-excerpt entry-content'  itemprop=\"text\" >W tym artykule mo\u017cna znale\u017a\u0107 instrukcje dotycz\u0105ce aktualizacji oprogramowania dla Balatron 16bit \/ 32bit.<\/div><\/div><footer class=\"entry-footer\"><\/footer><span class='hidden'>\n\t\t\t\t<span class='av-structured-data'  itemprop=\"image\" itemscope=\"itemscope\" itemtype=\"https:\/\/schema.org\/ImageObject\" >\n\t\t\t\t\t\t<span itemprop='url'>https:\/\/www.fasep.it\/wp-content\/uploads\/2025\/01\/3M4538.jpg<\/span>\n\t\t\t\t\t\t<span itemprop='height'>422<\/span>\n\t\t\t\t\t\t<span itemprop='width'>600<\/span>\n\t\t\t\t<\/span>\n\t\t\t\t<span class='av-structured-data'  itemprop=\"publisher\" itemtype=\"https:\/\/schema.org\/Organization\" itemscope=\"itemscope\" >\n\t\t\t\t\t\t<span itemprop='name'>fasep<\/span>\n\t\t\t\t\t\t<span itemprop='logo' itemscope itemtype='https:\/\/schema.org\/ImageObject'>\n\t\t\t\t\t\t\t<span itemprop='url'>https:\/\/www.fasep.it\/wp-content\/uploads\/2025\/01\/faseplogo_it.png<\/span>\n\t\t\t\t\t\t<\/span>\n\t\t\t\t<\/span><span class='av-structured-data'  itemprop=\"author\" itemscope=\"itemscope\" itemtype=\"https:\/\/schema.org\/Person\" ><span itemprop='name'>fasep<\/span><\/span><span class='av-structured-data'  itemprop=\"datePublished\" datetime=\"2025-01-04T12:31:22+01:00\" >2025-04-07 09:51:55<\/span><span class='av-structured-data'  itemprop=\"dateModified\" itemtype=\"https:\/\/schema.org\/dateModified\" >2026-01-29 08:48:45<\/span><span class='av-structured-data'  itemprop=\"mainEntityOfPage\" itemtype=\"https:\/\/schema.org\/mainEntityOfPage\" ><span itemprop='name'>Aktualizacja oprogramowania Balatron 16bit \/ 32bit<\/span><\/span><\/span><\/article><\/div><\/div><\/div>","protected":false},"excerpt":{"rendered":"","protected":false},"author":1,"featured_media":0,"parent":0,"menu_order":3,"comment_status":"closed","ping_status":"closed","template":"","meta":{"_acf_changed":false,"footnotes":""},"class_list":["post-4045","page","type-page","status-publish","hentry"],"acf":[],"yoast_head":"<!-- This site is optimized with the Yoast SEO plugin v25.7 - https:\/\/yoast.com\/wordpress\/plugins\/seo\/ -->\n<title>Aktualno\u015bci - Fasep 2000 srl<\/title>\n<meta name=\"robots\" content=\"index, follow, max-snippet:-1, max-image-preview:large, max-video-preview:-1\" \/>\n<meta property=\"og:locale\" content=\"pl_PL\" \/>\n<meta property=\"og:type\" content=\"article\" \/>\n<meta property=\"og:title\" content=\"Aktualno\u015bci - Fasep 2000 srl\" \/>\n<meta property=\"og:url\" content=\"https:\/\/www.fasep.it\/pl\/aktualnosci\/\" \/>\n<meta property=\"og:site_name\" content=\"Fasep 2000 srl\" \/>\n<meta property=\"article:modified_time\" content=\"2025-04-15T06:16:07+00:00\" \/>\n<meta name=\"twitter:card\" content=\"summary_large_image\" \/>\n<meta name=\"twitter:label1\" content=\"Szacowany czas czytania\" \/>\n\t<meta name=\"twitter:data1\" content=\"1 minuta\" \/>\n<script type=\"application\/ld+json\" class=\"yoast-schema-graph\">{\"@context\":\"https:\/\/schema.org\",\"@graph\":[{\"@type\":\"WebPage\",\"@id\":\"https:\/\/www.fasep.it\/pl\/aktualnosci\/\",\"url\":\"https:\/\/www.fasep.it\/pl\/aktualnosci\/\",\"name\":\"Aktualno\u015bci - Fasep 2000 srl\",\"isPartOf\":{\"@id\":\"https:\/\/www.fasep.it\/pl\/#website\"},\"datePublished\":\"2025-01-04T11:31:22+00:00\",\"dateModified\":\"2025-04-15T06:16:07+00:00\",\"breadcrumb\":{\"@id\":\"https:\/\/www.fasep.it\/pl\/aktualnosci\/#breadcrumb\"},\"inLanguage\":\"pl-PL\",\"potentialAction\":[{\"@type\":\"ReadAction\",\"target\":[\"https:\/\/www.fasep.it\/pl\/aktualnosci\/\"]}]},{\"@type\":\"BreadcrumbList\",\"@id\":\"https:\/\/www.fasep.it\/pl\/aktualnosci\/#breadcrumb\",\"itemListElement\":[{\"@type\":\"ListItem\",\"position\":1,\"name\":\"Home\",\"item\":\"https:\/\/www.fasep.it\/pl\/\"},{\"@type\":\"ListItem\",\"position\":2,\"name\":\"Aktualno\u015bci\"}]},{\"@type\":\"WebSite\",\"@id\":\"https:\/\/www.fasep.it\/pl\/#website\",\"url\":\"https:\/\/www.fasep.it\/pl\/\",\"name\":\"Fasep 2000 srl\",\"description\":\"\",\"potentialAction\":[{\"@type\":\"SearchAction\",\"target\":{\"@type\":\"EntryPoint\",\"urlTemplate\":\"https:\/\/www.fasep.it\/pl\/?s={search_term_string}\"},\"query-input\":{\"@type\":\"PropertyValueSpecification\",\"valueRequired\":true,\"valueName\":\"search_term_string\"}}],\"inLanguage\":\"pl-PL\"}]}<\/script>\n<!-- \/ Yoast SEO plugin. -->","yoast_head_json":{"title":"Aktualno\u015bci - Fasep 2000 srl","robots":{"index":"index","follow":"follow","max-snippet":"max-snippet:-1","max-image-preview":"max-image-preview:large","max-video-preview":"max-video-preview:-1"},"og_locale":"pl_PL","og_type":"article","og_title":"Aktualno\u015bci - Fasep 2000 srl","og_url":"https:\/\/www.fasep.it\/pl\/aktualnosci\/","og_site_name":"Fasep 2000 srl","article_modified_time":"2025-04-15T06:16:07+00:00","twitter_card":"summary_large_image","twitter_misc":{"Szacowany czas czytania":"1 minuta"},"schema":{"@context":"https:\/\/schema.org","@graph":[{"@type":"WebPage","@id":"https:\/\/www.fasep.it\/pl\/aktualnosci\/","url":"https:\/\/www.fasep.it\/pl\/aktualnosci\/","name":"Aktualno\u015bci - Fasep 2000 srl","isPartOf":{"@id":"https:\/\/www.fasep.it\/pl\/#website"},"datePublished":"2025-01-04T11:31:22+00:00","dateModified":"2025-04-15T06:16:07+00:00","breadcrumb":{"@id":"https:\/\/www.fasep.it\/pl\/aktualnosci\/#breadcrumb"},"inLanguage":"pl-PL","potentialAction":[{"@type":"ReadAction","target":["https:\/\/www.fasep.it\/pl\/aktualnosci\/"]}]},{"@type":"BreadcrumbList","@id":"https:\/\/www.fasep.it\/pl\/aktualnosci\/#breadcrumb","itemListElement":[{"@type":"ListItem","position":1,"name":"Home","item":"https:\/\/www.fasep.it\/pl\/"},{"@type":"ListItem","position":2,"name":"Aktualno\u015bci"}]},{"@type":"WebSite","@id":"https:\/\/www.fasep.it\/pl\/#website","url":"https:\/\/www.fasep.it\/pl\/","name":"Fasep 2000 srl","description":"","potentialAction":[{"@type":"SearchAction","target":{"@type":"EntryPoint","urlTemplate":"https:\/\/www.fasep.it\/pl\/?s={search_term_string}"},"query-input":{"@type":"PropertyValueSpecification","valueRequired":true,"valueName":"search_term_string"}}],"inLanguage":"pl-PL"}]}},"_links":{"self":[{"href":"https:\/\/www.fasep.it\/pl\/wp-json\/wp\/v2\/pages\/4045","targetHints":{"allow":["GET"]}}],"collection":[{"href":"https:\/\/www.fasep.it\/pl\/wp-json\/wp\/v2\/pages"}],"about":[{"href":"https:\/\/www.fasep.it\/pl\/wp-json\/wp\/v2\/types\/page"}],"author":[{"embeddable":true,"href":"https:\/\/www.fasep.it\/pl\/wp-json\/wp\/v2\/users\/1"}],"replies":[{"embeddable":true,"href":"https:\/\/www.fasep.it\/pl\/wp-json\/wp\/v2\/comments?post=4045"}],"version-history":[{"count":4,"href":"https:\/\/www.fasep.it\/pl\/wp-json\/wp\/v2\/pages\/4045\/revisions"}],"predecessor-version":[{"id":8725,"href":"https:\/\/www.fasep.it\/pl\/wp-json\/wp\/v2\/pages\/4045\/revisions\/8725"}],"wp:attachment":[{"href":"https:\/\/www.fasep.it\/pl\/wp-json\/wp\/v2\/media?parent=4045"}],"curies":[{"name":"wp","href":"https:\/\/api.w.org\/{rel}","templated":true}]}}