{"id":2955,"date":"2023-12-27T12:15:08","date_gmt":"2023-12-27T11:15:08","guid":{"rendered":"https:\/\/www2.fasep.it\/contatti\/"},"modified":"2025-04-08T15:36:18","modified_gmt":"2025-04-08T13:36:18","slug":"kontakt","status":"publish","type":"page","link":"https:\/\/www.fasep.it\/pl\/kontakt\/","title":{"rendered":"Kontakt"},"content":{"rendered":"<div id='av_section_1'  class='avia-section av-1pqs7-87b633649bdc0a2f54f554aa25743592 main_color avia-section-default avia-no-border-styling  avia-builder-el-0  avia-builder-el-no-sibling  avia-bg-style-scroll container_wrap sidebar_right'  ><div class='container av-section-cont-open' ><main  role=\"main\" itemprop=\"mainContentOfPage\"  class='template-page content  av-content-small alpha units'><div class='post-entry post-entry-type-page post-entry-2955'><div class='entry-content-wrapper clearfix'>\n\n\n<style type=\"text\/css\" data-created_by=\"avia_inline_auto\" id=\"style-css-av-lx4cr7hd-5f1a1d86826b2ff1b991772f65529e4d\">\n#top .av-special-heading.av-lx4cr7hd-5f1a1d86826b2ff1b991772f65529e4d{\npadding-bottom:10px;\n}\nbody .av-special-heading.av-lx4cr7hd-5f1a1d86826b2ff1b991772f65529e4d .av-special-heading-tag .heading-char{\nfont-size:25px;\n}\n.av-special-heading.av-lx4cr7hd-5f1a1d86826b2ff1b991772f65529e4d .av-subheading{\nfont-size:15px;\n}\n<\/style>\n<div  class='av-special-heading av-lx4cr7hd-5f1a1d86826b2ff1b991772f65529e4d av-special-heading-h1 blockquote modern-quote  avia-builder-el-1  el_before_av_hr  avia-builder-el-first '><h1 class='av-special-heading-tag '  itemprop=\"headline\"  >Kontakt<\/h1><div class=\"special-heading-border\"><div class=\"special-heading-inner-border\"><\/div><\/div><\/div>\n\n\n<style type=\"text\/css\" data-created_by=\"avia_inline_auto\" id=\"style-css-av-lx4crdd2-a41a1481b52739421bce55d92f1aa8f1\">\n#top .hr.hr-invisible.av-lx4crdd2-a41a1481b52739421bce55d92f1aa8f1{\nheight:50px;\n}\n<\/style>\n<div  class='hr av-lx4crdd2-a41a1481b52739421bce55d92f1aa8f1 hr-invisible  avia-builder-el-2  el_after_av_heading  el_before_av_two_third '><span class='hr-inner '><span class=\"hr-inner-style\"><\/span><\/span><\/div>\n\n<div  class='flex_column av-2y9r-e627a8425d18611b93b6108f2598e233 av_two_third  avia-builder-el-3  el_after_av_hr  el_before_av_one_third  first flex_column_div  '     ><section  class='av_textblock_section av-m5i0dr35-d05cc1d1662e84027cf720df11a9550a '   itemscope=\"itemscope\" itemtype=\"https:\/\/schema.org\/CreativeWork\" ><div class='avia_textblock'  itemprop=\"text\" ><h2>Jak si\u0119 z nami skontaktowa\u0107<\/h2>\n<p>Najlepszym sposobem na odwiedzenie nas jest samoch\u00f3d. Istnieje kilka innych opcji, nie wszystkie s\u0105 wygodne, ale zawsze znajdziesz kogo\u015b, kto pomo\u017ce Ci znale\u017a\u0107 drog\u0119.<\/p>\n<ul>\n<li><strong>Przylot na lotnisko we Florencji:<\/strong><br \/>\nSamoch\u00f3d mo\u017cna wypo\u017cyczy\u0107 na lotnisku. Opuszczaj\u0105c lotnisko, skr\u0119\u0107 w prawo na autostrad\u0119 A1. Kieruj si\u0119 znakami na Boloni\u0119.<br \/>\nPo wjechaniu na autostrad\u0119 post\u0119puj zgodnie ze wskaz\u00f3wkami w punkcie 4.<\/li>\n<li><strong>Przylot na lotnisko w Bolonii:<\/strong><br \/>\nMo\u017cemy zorganizowa\u0107 spotkanie z Tob\u0105 bezpo\u015brednio na lotnisku lub mo\u017cesz wynaj\u0105\u0107 samoch\u00f3d na lotnisku i kierowa\u0107 si\u0119 znakami na autostrad\u0119 A1 do Florencji tu\u017c za parkingiem lotniska.<br \/>\nPo wjechaniu na autostrad\u0119 post\u0119puj zgodnie ze wskaz\u00f3wkami w punkcie 4.<\/li>\n<li><strong>Przylot na lotnisko w Pizie:<\/strong><br \/>\nSamoch\u00f3d mo\u017cna wypo\u017cyczy\u0107 na lotnisku. Po opuszczeniu lotniska nale\u017cy kierowa\u0107 si\u0119 prosto w stron\u0119 autostrady SGC FI.PI.LI (w kierunku Florencji). Zjed\u017a z autostrady na zje\u017adzie Scandicci &#8211; Signa i kieruj si\u0119 znakami na autostrad\u0119 A1 Bolonia-Rzym. Wjed\u017a na autostrad\u0119 A1 i kieruj si\u0119 znakami na Boloni\u0119.<br \/>\nPo wjechaniu na autostrad\u0119 post\u0119puj zgodnie ze wskaz\u00f3wkami w punkcie 4.<\/li>\n<li><strong>Przyjazd poci\u0105giem do Florencji:<\/strong><br \/>\nPo wcze\u015bniejszym uzgodnieniu mo\u017cemy odebra\u0107 Ci\u0119 z lotniska lub mo\u017cesz wypo\u017cyczy\u0107 samoch\u00f3d na dworcu i wyjecha\u0107 z Florencji w kierunku San Piero a Sieve &#8211; Via Bolognese. Z dworca kolejowego Santa Maria Novella nale\u017cy uda\u0107 si\u0119 w kierunku Piazza della Libert\u00e0, a nast\u0119pnie Via Don Minzoni w kierunku Via Bolognese. Stamt\u0105d nale\u017cy jecha\u0107 przez oko\u0142o 20 km, aby dotrze\u0107 do San Piero a Sieve. Post\u0119puj zgodnie z map\u0105.<\/li>\n<li><strong>Dojazd z autostrady A1:<\/strong><br \/>\nZjecha\u0107 z autostrady zjazdem Barberino di Mugello > kierowa\u0107 si\u0119 na San Piero a Sieve (ok. 15 km) > Borgo San Lorenzo (ok. 5 km) > przy wje\u017adzie do Borgo San Lorenzo skr\u0119ci\u0107 w lewo (hotel Park Hotel Ripaverde znajduje si\u0119 po prawej stronie). 5 km) > przy wje\u017adzie do Borgo San Lorenzo dojedziesz do ronda (Park Hotel Ripaverde znajduje si\u0119 przed tob\u0105) > skr\u0119\u0107 w lewo (hotel znajduje si\u0119 po prawej stronie) (po kilku metrach znajdziesz szpital po lewej stronie) > na drugich \u015bwiat\u0142ach skr\u0119\u0107 w lewo (kierunek Ronta, Faenza) > po 7 km dotrzesz do Ronta > fabryka FASEP znajduje si\u0119 w centrum wioski, przy g\u0142\u00f3wnej drodze, naprzeciwko posterunku karabinier\u00f3w.<\/li>\n<li><strong>Alternatywny dojazd z po\u0142udnia (Florencja\/Rzym):<\/strong><br \/>\nTylko jako alternatywa dla zjazdu Barberino di Mugello (jedyna mo\u017cliwo\u015b\u0107 jad\u0105c z p\u00f3\u0142nocy), aby unikn\u0105\u0107 ruchu na autostradzie wok\u00f3\u0142 Florencji, mo\u017ce by\u0107 wskazane zjechanie z A1 w Incisa i kontynuowanie jazdy w kierunku Pontassieve, Dicomano, Vicchio, Borgo S. Lorenzo. Przy po\u0142udniowym wje\u017adzie do Borgo S. Lorenzo dojedziesz do ronda (po lewej stronie znajduje si\u0119 ko\u015bci\u00f3\u0142 Santissimo Crocifisso); skr\u0119\u0107 w prawo (to jedyna opcja) i na pierwszych \u015bwiat\u0142ach skr\u0119\u0107 w prawo (w kierunku Ronta, Faenza).<\/li>\n<\/ul>\n<p>Po 7 km dotrzesz do miejscowo\u015bci Ronta. Po dotarciu do miejscowo\u015bci Ronta wjed\u017a do miasta g\u0142\u00f3wn\u0105 drog\u0105 i jed\u017a ni\u0105, a\u017c po lewej stronie zobaczysz posterunek karabinier\u00f3w, a po prawej fabryk\u0119 FASEP.<\/p>\n<\/div><\/section><\/div><div  class='flex_column av-w3hz-6e65a4a9ca0fd12846afba21fa0accf9 av_one_third  avia-builder-el-5  el_after_av_two_third  el_before_av_heading  flex_column_div  '     ><section  class='av_textblock_section av-lx4ct0wr-acc9ba83d452bbdf2738f5f8d298e31d '   itemscope=\"itemscope\" itemtype=\"https:\/\/schema.org\/CreativeWork\" ><div class='avia_textblock'  itemprop=\"text\" ><h2>FASEP 2000 Srl<\/h2>\n<p>Via Faentina, 96<br \/>\n50032 Ronta (FI) W\u0141OCHY<\/p>\n<p><strong>Siedziba statutowa:<\/strong><br \/>\nPiazza d&#8217;Azeglio, 39 &#8211; 50121 Florencja<\/p>\n<p><strong>Tel:<\/strong> +39 055 8403126<br \/>\n<strong>WhatsApp<\/strong>: <a target=\"new\">+39 055 8403126<\/a><br \/>\n<strong>Faks:<\/strong> +39 055 8403354<br \/>\n<strong>Email:<\/strong> <a href=\"mailto:info@fasep.it\">info@fasep.it<\/a><br \/>\n<strong>Skype:<\/strong> fasep2000<br \/>\n<strong>Godziny pracy:<\/strong> 8:00-12:00, 13:00-17:00 (GMT+1)<\/p>\n<p>VAT = 04037770486<br \/>\nCap. Soc. int. versato 73.000,00 euro<br \/>\nn. r.e.a. 411125 &#8211; mi fi 008453 &#8211; reg. trib. fi. 520025<br \/>\nn. iscr. reg.imp. di Firenze 04037770486<\/p>\n<\/div><\/section>\n<div  class='av_gmaps_sc_main_wrap av_gmaps_main_wrap '><div id='av_gmap_0' class='avia-google-map-container avia-google-map-sc av_gmaps_show_unconditionally av-no-fallback-img ' data-mapid='av_gmap_0'  style='height: 400px;'><a class=\"av_gmaps_browser_disabled av_text_confirm_link av_text_confirm_link_visible\" href=\"https:\/\/www.google.com\/maps\/search\/?api=1&#038;query=Via%20Faentina,%2096%2050032%20Borgo%20San%20Lorenzo%20FI%20Italia\" target=\"_blank\">Maps were disabled by the visitor on this site. Click to open the map in a new window.<\/a><\/div><\/div><\/div>\n<style type=\"text\/css\" data-created_by=\"avia_inline_auto\" id=\"style-css-av-m5i0fj4b-194c3687e7b92f6bc2b64a43b12b8e9c\">\n#top .av-special-heading.av-m5i0fj4b-194c3687e7b92f6bc2b64a43b12b8e9c{\npadding-bottom:10px;\n}\nbody .av-special-heading.av-m5i0fj4b-194c3687e7b92f6bc2b64a43b12b8e9c .av-special-heading-tag .heading-char{\nfont-size:25px;\n}\n.av-special-heading.av-m5i0fj4b-194c3687e7b92f6bc2b64a43b12b8e9c .av-subheading{\nfont-size:15px;\n}\n<\/style>\n<div  class='av-special-heading av-m5i0fj4b-194c3687e7b92f6bc2b64a43b12b8e9c av-special-heading-h1 blockquote modern-quote  avia-builder-el-8  el_after_av_one_third  el_before_av_textblock '><h1 class='av-special-heading-tag '  itemprop=\"headline\"  >Aby wys\u0142a\u0107 p\u0142atno\u015b\u0107<\/h1><div class=\"special-heading-border\"><div class=\"special-heading-inner-border\"><\/div><\/div><\/div>\n\n<section  class='av_textblock_section av-m5i0fctz-eaf8acf1eac06baf70f62c1c37c487be '   itemscope=\"itemscope\" itemtype=\"https:\/\/schema.org\/CreativeWork\" ><div class='avia_textblock'  itemprop=\"text\" ><p>Aby wys\u0142a\u0107 p\u0142atno\u015b\u0107<br \/>\nNasze dane bankowe do ewentualnych p\u0142atno\u015bci:<\/p>\n<\/div><\/section>\n\n<div  class='flex_column av-63xf-098215a747fde57caaf62459f7cd67f1 av_one_half  avia-builder-el-10  el_after_av_textblock  el_before_av_one_half  first flex_column_div  column-top-margin'     ><section  class='av_textblock_section av-m5i0xi07-6ff4d48169362c0eb4c82b86f6684743 '   itemscope=\"itemscope\" itemtype=\"https:\/\/schema.org\/CreativeWork\" ><div class='avia_textblock'  itemprop=\"text\" ><p><strong>P\u0142atno\u015bci:<\/strong><br \/>\nBank: BANCA INTESA SANPAOLO<br \/>\nBIC-SWIFT : BCITITMM<br \/>\nOddzia\u0142 : Borgo San Lorenzo<br \/>\nNr konta : 100000005158<br \/>\nBeneficjent : FASEP 2000 srl<br \/>\nKod IBAN : IT 69 H 03069 37751 10000 0005158<\/p>\n<\/div><\/section><\/div><div  class='flex_column av-16lfj-3706f8232c843f7b2138f8ed06cee301 av_one_half  avia-builder-el-12  el_after_av_one_half  el_before_av_textblock  flex_column_div  column-top-margin'     ><section  class='av_textblock_section av-m5i0wsco-75a5c741e2cdccb1c9d6d59ea63efd4d '   itemscope=\"itemscope\" itemtype=\"https:\/\/schema.org\/CreativeWork\" ><div class='avia_textblock'  itemprop=\"text\" ><p><strong>Akredytywa \/ akredytywa dokumentowa lub gwarancja:<\/strong><br \/>\nBank : UNCRITMM &#8211; UniCredit S.P.A.<br \/>\nBIC \/ SWIFT : UNCRITM1F93<br \/>\nOddzia\u0142 : 00516 &#8211; BORGO SAN LORENZO<br \/>\nNr konta : 000104322404<br \/>\nBeneficjent : FASEP 2000 srl<br \/>\nKod IBAN : IT83R0200837751000104322404<\/p>\n<\/div><\/section><\/div><section  class='av_textblock_section av-m5i0yp7c-0e9ec13f2332230f45eee75ada60c71a '   itemscope=\"itemscope\" itemtype=\"https:\/\/schema.org\/CreativeWork\" ><div class='avia_textblock'  itemprop=\"text\" ><p>Per piccoli importi potete usare la vostra carta di credito con:<a href=\"https:\/\/www.paypal.me\/fasep2000\" target=\"_blank\" rel=\"noopener\"><br \/>\n<img decoding=\"async\" src=\"\/wp-content\/plugins\/fasep-plugin\/images\/logo_paypal_sicuro.png\" \/><br \/>\n<\/a><\/p>\n<p>    <a target=\"_blank\" href=\"https:\/\/buy.stripe.com\/28o7tmd9F1SB4la5kk\"><br \/>\n        <img decoding=\"async\" src=\"https:\/\/www.fasep.it\/wp-content\/uploads\/2025\/03\/stripe-logo.jpg\" alt=\"\" width=\"160\" class=\"alignnone size-full wp-image-7858\" \/><br \/>\n    <\/a><\/p>\n<\/div><\/section>\n\n<\/div><\/div><\/main><!-- close content main element --><\/div><\/div><div id='after_section_1'  class='main_color av_default_container_wrap container_wrap sidebar_right'  ><div class='container av-section-cont-open' ><div class='template-page content  av-content-small alpha units'><div class='post-entry post-entry-type-page post-entry-2955'><div class='entry-content-wrapper clearfix'>","protected":false},"excerpt":{"rendered":"","protected":false},"author":1,"featured_media":0,"parent":0,"menu_order":5,"comment_status":"closed","ping_status":"closed","template":"","meta":{"_acf_changed":false,"footnotes":""},"class_list":["post-2955","page","type-page","status-publish","hentry"],"acf":[],"yoast_head":"<!-- This site is optimized with the Yoast SEO plugin v25.7 - https:\/\/yoast.com\/wordpress\/plugins\/seo\/ -->\n<title>Kontakt - Fasep 2000 srl<\/title>\n<meta name=\"robots\" content=\"index, follow, max-snippet:-1, max-image-preview:large, max-video-preview:-1\" \/>\n<meta property=\"og:locale\" content=\"pl_PL\" \/>\n<meta property=\"og:type\" content=\"article\" \/>\n<meta property=\"og:title\" content=\"Kontakt - Fasep 2000 srl\" \/>\n<meta property=\"og:url\" content=\"https:\/\/www.fasep.it\/pl\/kontakt\/\" \/>\n<meta property=\"og:site_name\" content=\"Fasep 2000 srl\" \/>\n<meta property=\"article:modified_time\" content=\"2025-04-08T13:36:18+00:00\" \/>\n<meta property=\"og:image\" content=\"https:\/\/www.fasep.it\/wp-content\/uploads\/2025\/03\/stripe-logo.jpg\" \/>\n<meta name=\"twitter:card\" content=\"summary_large_image\" \/>\n<meta name=\"twitter:label1\" content=\"Szacowany czas czytania\" \/>\n\t<meta name=\"twitter:data1\" content=\"20 minut\" \/>\n<script type=\"application\/ld+json\" class=\"yoast-schema-graph\">{\"@context\":\"https:\/\/schema.org\",\"@graph\":[{\"@type\":\"WebPage\",\"@id\":\"https:\/\/www.fasep.it\/pl\/kontakt\/\",\"url\":\"https:\/\/www.fasep.it\/pl\/kontakt\/\",\"name\":\"Kontakt - Fasep 2000 srl\",\"isPartOf\":{\"@id\":\"https:\/\/www.fasep.it\/pl\/#website\"},\"primaryImageOfPage\":{\"@id\":\"https:\/\/www.fasep.it\/pl\/kontakt\/#primaryimage\"},\"image\":{\"@id\":\"https:\/\/www.fasep.it\/pl\/kontakt\/#primaryimage\"},\"thumbnailUrl\":\"https:\/\/www.fasep.it\/wp-content\/uploads\/2025\/03\/stripe-logo.jpg\",\"datePublished\":\"2023-12-27T11:15:08+00:00\",\"dateModified\":\"2025-04-08T13:36:18+00:00\",\"breadcrumb\":{\"@id\":\"https:\/\/www.fasep.it\/pl\/kontakt\/#breadcrumb\"},\"inLanguage\":\"pl-PL\",\"potentialAction\":[{\"@type\":\"ReadAction\",\"target\":[\"https:\/\/www.fasep.it\/pl\/kontakt\/\"]}]},{\"@type\":\"ImageObject\",\"inLanguage\":\"pl-PL\",\"@id\":\"https:\/\/www.fasep.it\/pl\/kontakt\/#primaryimage\",\"url\":\"https:\/\/www.fasep.it\/wp-content\/uploads\/2025\/03\/stripe-logo.jpg\",\"contentUrl\":\"https:\/\/www.fasep.it\/wp-content\/uploads\/2025\/03\/stripe-logo.jpg\"},{\"@type\":\"BreadcrumbList\",\"@id\":\"https:\/\/www.fasep.it\/pl\/kontakt\/#breadcrumb\",\"itemListElement\":[{\"@type\":\"ListItem\",\"position\":1,\"name\":\"Home\",\"item\":\"https:\/\/www.fasep.it\/pl\/\"},{\"@type\":\"ListItem\",\"position\":2,\"name\":\"Kontakt\"}]},{\"@type\":\"WebSite\",\"@id\":\"https:\/\/www.fasep.it\/pl\/#website\",\"url\":\"https:\/\/www.fasep.it\/pl\/\",\"name\":\"Fasep 2000 srl\",\"description\":\"\",\"potentialAction\":[{\"@type\":\"SearchAction\",\"target\":{\"@type\":\"EntryPoint\",\"urlTemplate\":\"https:\/\/www.fasep.it\/pl\/?s={search_term_string}\"},\"query-input\":{\"@type\":\"PropertyValueSpecification\",\"valueRequired\":true,\"valueName\":\"search_term_string\"}}],\"inLanguage\":\"pl-PL\"}]}<\/script>\n<!-- \/ Yoast SEO plugin. -->","yoast_head_json":{"title":"Kontakt - Fasep 2000 srl","robots":{"index":"index","follow":"follow","max-snippet":"max-snippet:-1","max-image-preview":"max-image-preview:large","max-video-preview":"max-video-preview:-1"},"og_locale":"pl_PL","og_type":"article","og_title":"Kontakt - Fasep 2000 srl","og_url":"https:\/\/www.fasep.it\/pl\/kontakt\/","og_site_name":"Fasep 2000 srl","article_modified_time":"2025-04-08T13:36:18+00:00","og_image":[{"url":"https:\/\/www.fasep.it\/wp-content\/uploads\/2025\/03\/stripe-logo.jpg","type":"","width":"","height":""}],"twitter_card":"summary_large_image","twitter_misc":{"Szacowany czas czytania":"20 minut"},"schema":{"@context":"https:\/\/schema.org","@graph":[{"@type":"WebPage","@id":"https:\/\/www.fasep.it\/pl\/kontakt\/","url":"https:\/\/www.fasep.it\/pl\/kontakt\/","name":"Kontakt - Fasep 2000 srl","isPartOf":{"@id":"https:\/\/www.fasep.it\/pl\/#website"},"primaryImageOfPage":{"@id":"https:\/\/www.fasep.it\/pl\/kontakt\/#primaryimage"},"image":{"@id":"https:\/\/www.fasep.it\/pl\/kontakt\/#primaryimage"},"thumbnailUrl":"https:\/\/www.fasep.it\/wp-content\/uploads\/2025\/03\/stripe-logo.jpg","datePublished":"2023-12-27T11:15:08+00:00","dateModified":"2025-04-08T13:36:18+00:00","breadcrumb":{"@id":"https:\/\/www.fasep.it\/pl\/kontakt\/#breadcrumb"},"inLanguage":"pl-PL","potentialAction":[{"@type":"ReadAction","target":["https:\/\/www.fasep.it\/pl\/kontakt\/"]}]},{"@type":"ImageObject","inLanguage":"pl-PL","@id":"https:\/\/www.fasep.it\/pl\/kontakt\/#primaryimage","url":"https:\/\/www.fasep.it\/wp-content\/uploads\/2025\/03\/stripe-logo.jpg","contentUrl":"https:\/\/www.fasep.it\/wp-content\/uploads\/2025\/03\/stripe-logo.jpg"},{"@type":"BreadcrumbList","@id":"https:\/\/www.fasep.it\/pl\/kontakt\/#breadcrumb","itemListElement":[{"@type":"ListItem","position":1,"name":"Home","item":"https:\/\/www.fasep.it\/pl\/"},{"@type":"ListItem","position":2,"name":"Kontakt"}]},{"@type":"WebSite","@id":"https:\/\/www.fasep.it\/pl\/#website","url":"https:\/\/www.fasep.it\/pl\/","name":"Fasep 2000 srl","description":"","potentialAction":[{"@type":"SearchAction","target":{"@type":"EntryPoint","urlTemplate":"https:\/\/www.fasep.it\/pl\/?s={search_term_string}"},"query-input":{"@type":"PropertyValueSpecification","valueRequired":true,"valueName":"search_term_string"}}],"inLanguage":"pl-PL"}]}},"_links":{"self":[{"href":"https:\/\/www.fasep.it\/pl\/wp-json\/wp\/v2\/pages\/2955","targetHints":{"allow":["GET"]}}],"collection":[{"href":"https:\/\/www.fasep.it\/pl\/wp-json\/wp\/v2\/pages"}],"about":[{"href":"https:\/\/www.fasep.it\/pl\/wp-json\/wp\/v2\/types\/page"}],"author":[{"embeddable":true,"href":"https:\/\/www.fasep.it\/pl\/wp-json\/wp\/v2\/users\/1"}],"replies":[{"embeddable":true,"href":"https:\/\/www.fasep.it\/pl\/wp-json\/wp\/v2\/comments?post=2955"}],"version-history":[{"count":12,"href":"https:\/\/www.fasep.it\/pl\/wp-json\/wp\/v2\/pages\/2955\/revisions"}],"predecessor-version":[{"id":8430,"href":"https:\/\/www.fasep.it\/pl\/wp-json\/wp\/v2\/pages\/2955\/revisions\/8430"}],"wp:attachment":[{"href":"https:\/\/www.fasep.it\/pl\/wp-json\/wp\/v2\/media?parent=2955"}],"curies":[{"name":"wp","href":"https:\/\/api.w.org\/{rel}","templated":true}]}}