{"id":7849,"date":"2025-07-16T11:41:49","date_gmt":"2025-07-16T09:41:49","guid":{"rendered":"https:\/\/www2.fasep.it\/produits\/\/r006.003"},"modified":"2026-03-31T10:17:33","modified_gmt":"2026-03-31T08:17:33","slug":"fr-r006.003","status":"publish","type":"product","link":"https:\/\/www.fasep.it\/fr\/produits\/redresseur-de-jante\/r006.003\/","title":{"rendered":"ELEGANCE"},"content":{"rendered":"<font color=\"#0055BB\"><strong>Chaque roue a le droit d&rsquo;\u00eatre renouvel\u00e9e<\/font><\/strong><br>\r\nNous avons d\u00e9velopp\u00e9 pour vous la meilleure solution pour les roues qui ne sont pas seulement ray\u00e9es, mais qui ont \u00e9galement besoin d&rsquo;\u00eatre modifi\u00e9es et qui m\u00e9ritent d&rsquo;\u00eatre r\u00e9nov\u00e9es. Expert des jantes plus lumineuses et plus douces, Elegance vous propose des jantes qui auront l&rsquo;air de sortir tout juste de l&rsquo;usine.<br>\r\n<br>\r\nSolide, durable, agile et rigide. C&rsquo;est ainsi que nous d\u00e9finissons le design de Elegance. Il s&rsquo;agit d&rsquo;une v\u00e9ritable merveille en mati\u00e8re de design, avec des vitres \u00e0 large ouverture, un \u00e9clairage int\u00e9rieur intense, un panneau de commande pliable, un syst\u00e8me de portes combin\u00e9es et bien plus encore.<br>\r\n<br>\r\nNous savons qu&rsquo;il n&rsquo;y a pas de place pour le superflu.<br>\r\nC&rsquo;est pourquoi nous avons con\u00e7u une armoire solide qui permet de ranger tous les \u00e9l\u00e9ments dans un espace de 2,14 m2.<br>\r\nVoyons ce que nous avons fait pour vous.<br>\r\n<br>\r\n<i>Caract\u00e9ristiques:<ul>\r\n<li>Syst\u00e8me de contr\u00f4le en circuit ferm\u00e9\r\n<li>Moteur de l&rsquo;axe X de 1,1\r\n<li>Moteur de l&rsquo;axe Z de 1,1 kW avec frein\r\n<li>Moteur de broche 380V 5,5 kW (1250 rpm)\r\n<li>Coupe horizontale de 28&Prime;\r\n<li>Coupe verticale de 22&Prime;\r\n<li>Hauteur de coupe max. de 15&Prime; (381 mm)\r\n<li>Mandrin de 12&Prime; avec serrage renforc\u00e9\r\n<\/ul>","protected":false},"excerpt":{"rendered":"<font color=\"#0055BB\"><strong>Chaque roue a le droit d&rsquo;\u00eatre renouvel\u00e9e<\/font><\/strong><br>\r\nNous avons d\u00e9velopp\u00e9 pour vous la meilleure solution pour les roues qui ne sont pas seulement ray\u00e9es, mais qui ont \u00e9galement besoin d&rsquo;\u00eatre modifi\u00e9es et qui m\u00e9ritent d&rsquo;\u00eatre r\u00e9nov\u00e9es. Expert des jantes plus lumineuses et plus douces, Elegance vous propose des jantes qui auront l&rsquo;air de sortir tout juste de l&rsquo;usine.<br>\r\n<br>\r\nSolide, durable, agile et rigide. C&rsquo;est ainsi que nous d\u00e9finissons le design de Elegance. Il s&rsquo;agit d&rsquo;une v\u00e9ritable merveille en mati\u00e8re de design, avec des vitres \u00e0 large ouverture, un \u00e9clairage int\u00e9rieur intense, un panneau de commande pliable, un syst\u00e8me de portes combin\u00e9es et bien plus encore.<br>\r\n<br>\r\nNous savons qu&rsquo;il n&rsquo;y a pas de place pour le superflu.<br>\r\nC&rsquo;est pourquoi nous avons con\u00e7u une armoire solide qui permet de ranger tous les \u00e9l\u00e9ments dans un espace de 2,14 m2.<br>\r\nVoyons ce que nous avons fait pour vous.<br>\r\n<br>\r\n<i>Caract\u00e9ristiques:<ul>\r\n<li>Syst\u00e8me de contr\u00f4le en circuit ferm\u00e9\r\n<li>Moteur de l&rsquo;axe X de 1,1\r\n<li>Moteur de l&rsquo;axe Z de 1,1 kW avec frein\r\n<li>Moteur de broche 380V 5,5 kW (1250 rpm)\r\n<li>Coupe horizontale de 28&Prime;\r\n<li>Coupe verticale de 22&Prime;\r\n<li>Hauteur de coupe max. de 15&Prime; (381 mm)\r\n<li>Mandrin de 12&Prime; avec serrage renforc\u00e9\r\n<\/ul>","protected":false},"featured_media":0,"template":"","meta":{"_acf_changed":false},"product_brand":[],"product_cat":[],"product_tag":[],"class_list":{"0":"post-7849","1":"product","2":"type-product","3":"status-publish","6":"first","7":"instock","8":"shipping-taxable","9":"product-type-simple"},"acf":[],"yoast_head":"<!-- This site is optimized with the Yoast SEO plugin v25.7 - https:\/\/yoast.com\/wordpress\/plugins\/seo\/ -->\n<title>ELEGANCE<\/title>\n<meta name=\"robots\" content=\"index, follow, max-snippet:-1, max-image-preview:large, max-video-preview:-1\" \/>\n<meta property=\"og:locale\" content=\"fr_FR\" \/>\n<meta property=\"og:type\" content=\"article\" \/>\n<meta property=\"og:title\" content=\"ELEGANCE\" \/>\n<meta property=\"og:description\" content=\"Chaque roue a le droit d&#039;\u00eatre renouvel\u00e9e Nous avons d\u00e9velopp\u00e9 pour vous la meilleure solution pour les roues qui ne sont pas seulement ray\u00e9es, mais qui ont \u00e9galement besoin d&#039;\u00eatre modifi\u00e9es et qui m\u00e9ritent d&#039;\u00eatre r\u00e9nov\u00e9es. Expert des jantes plus lumineuses et plus douces, Elegance vous propose des jantes qui auront l&#039;air de sortir tout juste de l&#039;usine.  Solide, durable, agile et rigide. C&#039;est ainsi que nous d\u00e9finissons le design de Elegance. Il s&#039;agit d&#039;une v\u00e9ritable merveille en mati\u00e8re de design, avec des vitres \u00e0 large ouverture, un \u00e9clairage int\u00e9rieur intense, un panneau de commande pliable, un syst\u00e8me de portes combin\u00e9es et bien plus encore.  Nous savons qu&#039;il n&#039;y a pas de place pour le superflu. C&#039;est pourquoi nous avons con\u00e7u une armoire solide qui permet de ranger tous les \u00e9l\u00e9ments dans un espace de 2,14 m2. Voyons ce que nous avons fait pour vous.  Caract\u00e9ristiques: Syst\u00e8me de contr\u00f4le en circuit ferm\u00e9 Moteur de l&#039;axe X de 1,1 Moteur de l&#039;axe Z de 1,1 kW avec frein Moteur de broche 380V 5,5 kW (1250 rpm) Coupe horizontale de 28&quot; Coupe verticale de 22&quot; Hauteur de coupe max. de 15&quot; (381 mm) Mandrin de 12&quot; avec serrage renforc\u00e9\" \/>\n<meta property=\"og:url\" content=\"https:\/\/www.fasep.it\/fr\/produits\/redresseur-de-jante\/r006.003\/\" \/>\n<meta property=\"og:site_name\" content=\"Fasep 2000 srl\" \/>\n<meta property=\"article:modified_time\" content=\"2026-03-31T08:17:33+00:00\" \/>\n<meta name=\"twitter:card\" content=\"summary_large_image\" \/>\n<meta name=\"twitter:label1\" content=\"Dur\u00e9e de lecture estim\u00e9e\" \/>\n\t<meta name=\"twitter:data1\" content=\"1 minute\" \/>\n<script type=\"application\/ld+json\" class=\"yoast-schema-graph\">{\"@context\":\"https:\/\/schema.org\",\"@graph\":[{\"@type\":\"WebPage\",\"@id\":\"https:\/\/www.fasep.it\/fr\/produits\/redresseur-de-jante\/r006.003\/\",\"url\":\"https:\/\/www.fasep.it\/fr\/produits\/redresseur-de-jante\/r006.003\/\",\"name\":\"ELEGANCE\",\"isPartOf\":{\"@id\":\"https:\/\/www.fasep.it\/fr\/#website\"},\"datePublished\":\"2025-07-16T09:41:49+00:00\",\"dateModified\":\"2026-03-31T08:17:33+00:00\",\"breadcrumb\":{\"@id\":\"https:\/\/www.fasep.it\/fr\/produits\/redresseur-de-jante\/r006.003\/#breadcrumb\"},\"inLanguage\":\"fr-FR\",\"potentialAction\":[{\"@type\":\"ReadAction\",\"target\":[\"https:\/\/www.fasep.it\/fr\/produits\/redresseur-de-jante\/r006.003\/\"]}]},{\"@type\":\"BreadcrumbList\",\"@id\":\"https:\/\/www.fasep.it\/fr\/produits\/redresseur-de-jante\/r006.003\/#breadcrumb\",\"itemListElement\":[{\"@type\":\"ListItem\",\"position\":1,\"name\":\"Home\",\"item\":\"https:\/\/www.fasep.it\/fr\/\"},{\"@type\":\"ListItem\",\"position\":2,\"name\":\"Produits\",\"item\":\"https:\/\/www.fasep.it\/fr\/shop\/\"},{\"@type\":\"ListItem\",\"position\":3,\"name\":\"ELEGANCE\"}]},{\"@type\":\"WebSite\",\"@id\":\"https:\/\/www.fasep.it\/fr\/#website\",\"url\":\"https:\/\/www.fasep.it\/fr\/\",\"name\":\"Fasep 2000 srl\",\"description\":\"\",\"potentialAction\":[{\"@type\":\"SearchAction\",\"target\":{\"@type\":\"EntryPoint\",\"urlTemplate\":\"https:\/\/www.fasep.it\/fr\/?s={search_term_string}\"},\"query-input\":{\"@type\":\"PropertyValueSpecification\",\"valueRequired\":true,\"valueName\":\"search_term_string\"}}],\"inLanguage\":\"fr-FR\"}]}<\/script>\n<!-- \/ Yoast SEO plugin. -->","yoast_head_json":{"title":"ELEGANCE","robots":{"index":"index","follow":"follow","max-snippet":"max-snippet:-1","max-image-preview":"max-image-preview:large","max-video-preview":"max-video-preview:-1"},"og_locale":"fr_FR","og_type":"article","og_title":"ELEGANCE","og_description":"Chaque roue a le droit d'\u00eatre renouvel\u00e9e Nous avons d\u00e9velopp\u00e9 pour vous la meilleure solution pour les roues qui ne sont pas seulement ray\u00e9es, mais qui ont \u00e9galement besoin d'\u00eatre modifi\u00e9es et qui m\u00e9ritent d'\u00eatre r\u00e9nov\u00e9es. Expert des jantes plus lumineuses et plus douces, Elegance vous propose des jantes qui auront l'air de sortir tout juste de l'usine.  Solide, durable, agile et rigide. C'est ainsi que nous d\u00e9finissons le design de Elegance. Il s'agit d'une v\u00e9ritable merveille en mati\u00e8re de design, avec des vitres \u00e0 large ouverture, un \u00e9clairage int\u00e9rieur intense, un panneau de commande pliable, un syst\u00e8me de portes combin\u00e9es et bien plus encore.  Nous savons qu'il n'y a pas de place pour le superflu. C'est pourquoi nous avons con\u00e7u une armoire solide qui permet de ranger tous les \u00e9l\u00e9ments dans un espace de 2,14 m2. Voyons ce que nous avons fait pour vous.  Caract\u00e9ristiques: Syst\u00e8me de contr\u00f4le en circuit ferm\u00e9 Moteur de l'axe X de 1,1 Moteur de l'axe Z de 1,1 kW avec frein Moteur de broche 380V 5,5 kW (1250 rpm) Coupe horizontale de 28\" Coupe verticale de 22\" Hauteur de coupe max. de 15\" (381 mm) Mandrin de 12\" avec serrage renforc\u00e9","og_url":"https:\/\/www.fasep.it\/fr\/produits\/redresseur-de-jante\/r006.003\/","og_site_name":"Fasep 2000 srl","article_modified_time":"2026-03-31T08:17:33+00:00","twitter_card":"summary_large_image","twitter_misc":{"Dur\u00e9e de lecture estim\u00e9e":"1 minute"},"schema":{"@context":"https:\/\/schema.org","@graph":[{"@type":"WebPage","@id":"https:\/\/www.fasep.it\/fr\/produits\/redresseur-de-jante\/r006.003\/","url":"https:\/\/www.fasep.it\/fr\/produits\/redresseur-de-jante\/r006.003\/","name":"ELEGANCE","isPartOf":{"@id":"https:\/\/www.fasep.it\/fr\/#website"},"datePublished":"2025-07-16T09:41:49+00:00","dateModified":"2026-03-31T08:17:33+00:00","breadcrumb":{"@id":"https:\/\/www.fasep.it\/fr\/produits\/redresseur-de-jante\/r006.003\/#breadcrumb"},"inLanguage":"fr-FR","potentialAction":[{"@type":"ReadAction","target":["https:\/\/www.fasep.it\/fr\/produits\/redresseur-de-jante\/r006.003\/"]}]},{"@type":"BreadcrumbList","@id":"https:\/\/www.fasep.it\/fr\/produits\/redresseur-de-jante\/r006.003\/#breadcrumb","itemListElement":[{"@type":"ListItem","position":1,"name":"Home","item":"https:\/\/www.fasep.it\/fr\/"},{"@type":"ListItem","position":2,"name":"Produits","item":"https:\/\/www.fasep.it\/fr\/shop\/"},{"@type":"ListItem","position":3,"name":"ELEGANCE"}]},{"@type":"WebSite","@id":"https:\/\/www.fasep.it\/fr\/#website","url":"https:\/\/www.fasep.it\/fr\/","name":"Fasep 2000 srl","description":"","potentialAction":[{"@type":"SearchAction","target":{"@type":"EntryPoint","urlTemplate":"https:\/\/www.fasep.it\/fr\/?s={search_term_string}"},"query-input":{"@type":"PropertyValueSpecification","valueRequired":true,"valueName":"search_term_string"}}],"inLanguage":"fr-FR"}]}},"_links":{"self":[{"href":"https:\/\/www.fasep.it\/fr\/wp-json\/wp\/v2\/product\/7849","targetHints":{"allow":["GET"]}}],"collection":[{"href":"https:\/\/www.fasep.it\/fr\/wp-json\/wp\/v2\/product"}],"about":[{"href":"https:\/\/www.fasep.it\/fr\/wp-json\/wp\/v2\/types\/product"}],"wp:attachment":[{"href":"https:\/\/www.fasep.it\/fr\/wp-json\/wp\/v2\/media?parent=7849"}],"wp:term":[{"taxonomy":"product_brand","embeddable":true,"href":"https:\/\/www.fasep.it\/fr\/wp-json\/wp\/v2\/product_brand?post=7849"},{"taxonomy":"product_cat","embeddable":true,"href":"https:\/\/www.fasep.it\/fr\/wp-json\/wp\/v2\/product_cat?post=7849"},{"taxonomy":"product_tag","embeddable":true,"href":"https:\/\/www.fasep.it\/fr\/wp-json\/wp\/v2\/product_tag?post=7849"}],"curies":[{"name":"wp","href":"https:\/\/api.w.org\/{rel}","templated":true}]}}