{"id":7099,"date":"2025-07-16T11:41:45","date_gmt":"2025-07-16T09:41:45","guid":{"rendered":"https:\/\/www2.fasep.it\/produits\/\/fr-v540.001"},"modified":"2026-03-31T10:17:36","modified_gmt":"2026-03-31T08:17:36","slug":"fr-v540.001","status":"publish","type":"product","link":"https:\/\/www.fasep.it\/fr\/produits\/divers\/v540.001\/","title":{"rendered":"TP8000 F\/PROFIL"},"content":{"rendered":"<font color=\"#0055BB\"><b>PROFILEUR DE BANDE DE ROULEMENT pour voitures particuli\u00e8res \/ v\u00e9hicules utilitaires l\u00e9gers (essieux jumel\u00e9s compris)<\/font><\/b><br>\r\nTP8000 est la meilleure solution pour un <u>diagnostic complet des pneus de voitures et de camionnettes<\/u>.<br>\r\nLe diagnostic laser fournit un <u>rapport objectif et d\u00e9taill\u00e9<\/u> montrant l&rsquo;\u00e9tat r\u00e9el de l&rsquo;usure des pneus, recommandant leur remplacement si n\u00e9cessaire.<br>\r\n<br>\r\nCaract\u00e9ristiques:\r\n<ul>\r\n<li>Montage sous sol\r\n<li>Dimensions: 2500x500x124 mm\r\n<li>Diagnostic: profondeur de la bande de roulement, g\u00e9om\u00e9trie\r\n<li>Type de mesure: triangulation laser 2D\r\n<li>Largeur de voie min\/max: 700\/2300 mm\r\n<li>Largeur max des roues: 800 mm\r\n<li>Pr\u00e9cision de la mesure: 0,1 mm\r\n<li>R\u00e9p\u00e9tabilit\u00e9: 0,3 mm\r\n<li>Facteur de marche: d\u00e9tecteur de pr\u00e9sence automatique\/t\u00e9l\u00e9commande\r\n<li>Temps de lecture: &lt;5 sec\/axe\r\n<li>Charge maximale\/essieu: 3000 kg\r\n<li>Protection \u00e9lectrique: IP65\r\n<li>Plage de fonctionnement (\u00b0C): 0-50\u00b0C\r\n<li>Donn\u00e9es pr\u00e9sent\u00e9es: profil 2D de la bande de roulement avec les valeurs de profondeur\r\n<li>Interface: Windows 10 FULL HD PC \/ ordinateur portable \/ tablette\r\n<li>R\u00e9solution min: 1920&#215;1080\r\n<\/ul>","protected":false},"excerpt":{"rendered":"<font color=\"#0055BB\"><b>PROFILEUR DE BANDE DE ROULEMENT pour voitures particuli\u00e8res \/ v\u00e9hicules utilitaires l\u00e9gers (essieux jumel\u00e9s compris)<\/font><\/b><br>\r\nTP8000 est la meilleure solution pour un <u>diagnostic complet des pneus de voitures et de camionnettes<\/u>.<br>\r\nLe diagnostic laser fournit un <u>rapport objectif et d\u00e9taill\u00e9<\/u> montrant l&rsquo;\u00e9tat r\u00e9el de l&rsquo;usure des pneus, recommandant leur remplacement si n\u00e9cessaire.<br>\r\n<br>\r\nCaract\u00e9ristiques:\r\n<ul>\r\n<li>Montage sous sol\r\n<li>Dimensions: 2500x500x124 mm\r\n<li>Diagnostic: profondeur de la bande de roulement, g\u00e9om\u00e9trie\r\n<li>Type de mesure: triangulation laser 2D\r\n<li>Largeur de voie min\/max: 700\/2300 mm\r\n<li>Largeur max des roues: 800 mm\r\n<li>Pr\u00e9cision de la mesure: 0,1 mm\r\n<li>R\u00e9p\u00e9tabilit\u00e9: 0,3 mm\r\n<li>Facteur de marche: d\u00e9tecteur de pr\u00e9sence automatique\/t\u00e9l\u00e9commande\r\n<li>Temps de lecture: &lt;5 sec\/axe\r\n<li>Charge maximale\/essieu: 3000 kg\r\n<li>Protection \u00e9lectrique: IP65\r\n<li>Plage de fonctionnement (\u00b0C): 0-50\u00b0C\r\n<li>Donn\u00e9es pr\u00e9sent\u00e9es: profil 2D de la bande de roulement avec les valeurs de profondeur\r\n<li>Interface: Windows 10 FULL HD PC \/ ordinateur portable \/ tablette\r\n<li>R\u00e9solution min: 1920&#215;1080\r\n<\/ul>","protected":false},"featured_media":0,"template":"","meta":{"_acf_changed":false},"product_brand":[],"product_cat":[],"product_tag":[],"class_list":{"0":"post-7099","1":"product","2":"type-product","3":"status-publish","6":"first","7":"instock","8":"shipping-taxable","9":"product-type-simple"},"acf":[],"yoast_head":"<!-- This site is optimized with the Yoast SEO plugin v25.7 - https:\/\/yoast.com\/wordpress\/plugins\/seo\/ -->\n<title>TP8000 F\/PROFIL<\/title>\n<meta name=\"robots\" content=\"index, follow, max-snippet:-1, max-image-preview:large, max-video-preview:-1\" \/>\n<meta property=\"og:locale\" content=\"fr_FR\" \/>\n<meta property=\"og:type\" content=\"article\" \/>\n<meta property=\"og:title\" content=\"TP8000 F\/PROFIL\" \/>\n<meta property=\"og:description\" content=\"PROFILEUR DE BANDE DE ROULEMENT pour voitures particuli\u00e8res \/ v\u00e9hicules utilitaires l\u00e9gers (essieux jumel\u00e9s compris) TP8000 est la meilleure solution pour un diagnostic complet des pneus de voitures et de camionnettes. Le diagnostic laser fournit un rapport objectif et d\u00e9taill\u00e9 montrant l&#039;\u00e9tat r\u00e9el de l&#039;usure des pneus, recommandant leur remplacement si n\u00e9cessaire.  Caract\u00e9ristiques:  Montage sous sol Dimensions: 2500x500x124 mm Diagnostic: profondeur de la bande de roulement, g\u00e9om\u00e9trie Type de mesure: triangulation laser 2D Largeur de voie min\/max: 700\/2300 mm Largeur max des roues: 800 mm Pr\u00e9cision de la mesure: 0,1 mm R\u00e9p\u00e9tabilit\u00e9: 0,3 mm Facteur de marche: d\u00e9tecteur de pr\u00e9sence automatique\/t\u00e9l\u00e9commande Temps de lecture: &lt;5 sec\/axe Charge maximale\/essieu: 3000 kg Protection \u00e9lectrique: IP65 Plage de fonctionnement (\u00b0C): 0-50\u00b0C Donn\u00e9es pr\u00e9sent\u00e9es: profil 2D de la bande de roulement avec les valeurs de profondeur Interface: Windows 10 FULL HD PC \/ ordinateur portable \/ tablette R\u00e9solution min: 1920x1080\" \/>\n<meta property=\"og:url\" content=\"https:\/\/www.fasep.it\/fr\/produits\/divers\/v540.001\/\" \/>\n<meta property=\"og:site_name\" content=\"Fasep 2000 srl\" \/>\n<meta property=\"article:modified_time\" content=\"2026-03-31T08:17:36+00:00\" \/>\n<meta name=\"twitter:card\" content=\"summary_large_image\" \/>\n<meta name=\"twitter:label1\" content=\"Dur\u00e9e de lecture estim\u00e9e\" \/>\n\t<meta name=\"twitter:data1\" content=\"1 minute\" \/>\n<script type=\"application\/ld+json\" class=\"yoast-schema-graph\">{\"@context\":\"https:\/\/schema.org\",\"@graph\":[{\"@type\":\"WebPage\",\"@id\":\"https:\/\/www.fasep.it\/fr\/produits\/divers\/v540.001\/\",\"url\":\"https:\/\/www.fasep.it\/fr\/produits\/divers\/v540.001\/\",\"name\":\"TP8000 F\/PROFIL\",\"isPartOf\":{\"@id\":\"https:\/\/www.fasep.it\/fr\/#website\"},\"datePublished\":\"2025-07-16T09:41:45+00:00\",\"dateModified\":\"2026-03-31T08:17:36+00:00\",\"breadcrumb\":{\"@id\":\"https:\/\/www.fasep.it\/fr\/produits\/divers\/v540.001\/#breadcrumb\"},\"inLanguage\":\"fr-FR\",\"potentialAction\":[{\"@type\":\"ReadAction\",\"target\":[\"https:\/\/www.fasep.it\/fr\/produits\/divers\/v540.001\/\"]}]},{\"@type\":\"BreadcrumbList\",\"@id\":\"https:\/\/www.fasep.it\/fr\/produits\/divers\/v540.001\/#breadcrumb\",\"itemListElement\":[{\"@type\":\"ListItem\",\"position\":1,\"name\":\"Home\",\"item\":\"https:\/\/www.fasep.it\/fr\/\"},{\"@type\":\"ListItem\",\"position\":2,\"name\":\"Produits\",\"item\":\"https:\/\/www.fasep.it\/fr\/shop\/\"},{\"@type\":\"ListItem\",\"position\":3,\"name\":\"TP8000 F\/PROFIL\"}]},{\"@type\":\"WebSite\",\"@id\":\"https:\/\/www.fasep.it\/fr\/#website\",\"url\":\"https:\/\/www.fasep.it\/fr\/\",\"name\":\"Fasep 2000 srl\",\"description\":\"\",\"potentialAction\":[{\"@type\":\"SearchAction\",\"target\":{\"@type\":\"EntryPoint\",\"urlTemplate\":\"https:\/\/www.fasep.it\/fr\/?s={search_term_string}\"},\"query-input\":{\"@type\":\"PropertyValueSpecification\",\"valueRequired\":true,\"valueName\":\"search_term_string\"}}],\"inLanguage\":\"fr-FR\"}]}<\/script>\n<!-- \/ Yoast SEO plugin. -->","yoast_head_json":{"title":"TP8000 F\/PROFIL","robots":{"index":"index","follow":"follow","max-snippet":"max-snippet:-1","max-image-preview":"max-image-preview:large","max-video-preview":"max-video-preview:-1"},"og_locale":"fr_FR","og_type":"article","og_title":"TP8000 F\/PROFIL","og_description":"PROFILEUR DE BANDE DE ROULEMENT pour voitures particuli\u00e8res \/ v\u00e9hicules utilitaires l\u00e9gers (essieux jumel\u00e9s compris) TP8000 est la meilleure solution pour un diagnostic complet des pneus de voitures et de camionnettes. Le diagnostic laser fournit un rapport objectif et d\u00e9taill\u00e9 montrant l'\u00e9tat r\u00e9el de l'usure des pneus, recommandant leur remplacement si n\u00e9cessaire.  Caract\u00e9ristiques:  Montage sous sol Dimensions: 2500x500x124 mm Diagnostic: profondeur de la bande de roulement, g\u00e9om\u00e9trie Type de mesure: triangulation laser 2D Largeur de voie min\/max: 700\/2300 mm Largeur max des roues: 800 mm Pr\u00e9cision de la mesure: 0,1 mm R\u00e9p\u00e9tabilit\u00e9: 0,3 mm Facteur de marche: d\u00e9tecteur de pr\u00e9sence automatique\/t\u00e9l\u00e9commande Temps de lecture: &lt;5 sec\/axe Charge maximale\/essieu: 3000 kg Protection \u00e9lectrique: IP65 Plage de fonctionnement (\u00b0C): 0-50\u00b0C Donn\u00e9es pr\u00e9sent\u00e9es: profil 2D de la bande de roulement avec les valeurs de profondeur Interface: Windows 10 FULL HD PC \/ ordinateur portable \/ tablette R\u00e9solution min: 1920x1080","og_url":"https:\/\/www.fasep.it\/fr\/produits\/divers\/v540.001\/","og_site_name":"Fasep 2000 srl","article_modified_time":"2026-03-31T08:17:36+00:00","twitter_card":"summary_large_image","twitter_misc":{"Dur\u00e9e de lecture estim\u00e9e":"1 minute"},"schema":{"@context":"https:\/\/schema.org","@graph":[{"@type":"WebPage","@id":"https:\/\/www.fasep.it\/fr\/produits\/divers\/v540.001\/","url":"https:\/\/www.fasep.it\/fr\/produits\/divers\/v540.001\/","name":"TP8000 F\/PROFIL","isPartOf":{"@id":"https:\/\/www.fasep.it\/fr\/#website"},"datePublished":"2025-07-16T09:41:45+00:00","dateModified":"2026-03-31T08:17:36+00:00","breadcrumb":{"@id":"https:\/\/www.fasep.it\/fr\/produits\/divers\/v540.001\/#breadcrumb"},"inLanguage":"fr-FR","potentialAction":[{"@type":"ReadAction","target":["https:\/\/www.fasep.it\/fr\/produits\/divers\/v540.001\/"]}]},{"@type":"BreadcrumbList","@id":"https:\/\/www.fasep.it\/fr\/produits\/divers\/v540.001\/#breadcrumb","itemListElement":[{"@type":"ListItem","position":1,"name":"Home","item":"https:\/\/www.fasep.it\/fr\/"},{"@type":"ListItem","position":2,"name":"Produits","item":"https:\/\/www.fasep.it\/fr\/shop\/"},{"@type":"ListItem","position":3,"name":"TP8000 F\/PROFIL"}]},{"@type":"WebSite","@id":"https:\/\/www.fasep.it\/fr\/#website","url":"https:\/\/www.fasep.it\/fr\/","name":"Fasep 2000 srl","description":"","potentialAction":[{"@type":"SearchAction","target":{"@type":"EntryPoint","urlTemplate":"https:\/\/www.fasep.it\/fr\/?s={search_term_string}"},"query-input":{"@type":"PropertyValueSpecification","valueRequired":true,"valueName":"search_term_string"}}],"inLanguage":"fr-FR"}]}},"_links":{"self":[{"href":"https:\/\/www.fasep.it\/fr\/wp-json\/wp\/v2\/product\/7099","targetHints":{"allow":["GET"]}}],"collection":[{"href":"https:\/\/www.fasep.it\/fr\/wp-json\/wp\/v2\/product"}],"about":[{"href":"https:\/\/www.fasep.it\/fr\/wp-json\/wp\/v2\/types\/product"}],"wp:attachment":[{"href":"https:\/\/www.fasep.it\/fr\/wp-json\/wp\/v2\/media?parent=7099"}],"wp:term":[{"taxonomy":"product_brand","embeddable":true,"href":"https:\/\/www.fasep.it\/fr\/wp-json\/wp\/v2\/product_brand?post=7099"},{"taxonomy":"product_cat","embeddable":true,"href":"https:\/\/www.fasep.it\/fr\/wp-json\/wp\/v2\/product_cat?post=7099"},{"taxonomy":"product_tag","embeddable":true,"href":"https:\/\/www.fasep.it\/fr\/wp-json\/wp\/v2\/product_tag?post=7099"}],"curies":[{"name":"wp","href":"https:\/\/api.w.org\/{rel}","templated":true}]}}