{"id":7080,"date":"2025-07-16T11:42:20","date_gmt":"2025-07-16T09:42:20","guid":{"rendered":"https:\/\/www2.fasep.it\/produits\/\/fr-p260.001"},"modified":"2026-03-31T10:17:31","modified_gmt":"2026-03-31T08:17:31","slug":"fr-p260.001","status":"publish","type":"product","link":"https:\/\/www.fasep.it\/fr\/produits\/ponts\/p260.001\/","title":{"rendered":"FW43-CT-LT"},"content":{"rendered":"<font color=\"#0055BB\"><strong>Pont \u00e9l\u00e9vateur \u00e9lectrohydraulique \u00e0 4 colonnes. Capacit\u00e9 de 4000 kg<\/strong><\/font><br>\r\n4-posts electro-hydraulic lifter. Plate-forme pour la g\u00e9om\u00e9trie des roues (niche plateaux pivotants, plaque ripage). Commande a basse tension 24V. Levage auxiliare. Capacit\u00e9 de levage 4 tons (8818 lbs). Hauteur des colonnes 2330 mm. Hauteur de levage max 1830 mm. Lift min stand height 190 mm. Largeur entre colonnes 2820 mm. Largeur totale 3160 mm. Longueur de la plateforme 4300 mm. Longueur totale 5640 mm. Temps de levage 30 s (r\u00e9glable). Temps de descente 30 s (r\u00e9glable). Il ne comprend pas l&rsquo;huile hydraulique. Il ne comprend pas les chevilles d\u2019ancrage.","protected":false},"excerpt":{"rendered":"<font color=\"#0055BB\"><strong>Pont \u00e9l\u00e9vateur \u00e9lectrohydraulique \u00e0 4 colonnes. Capacit\u00e9 de 4000 kg<\/strong><\/font><br>\r\n4-posts electro-hydraulic lifter. Plate-forme pour la g\u00e9om\u00e9trie des roues (niche plateaux pivotants, plaque ripage). Commande a basse tension 24V. Levage auxiliare. Capacit\u00e9 de levage 4 tons (8818 lbs). Hauteur des colonnes 2330 mm. Hauteur de levage max 1830 mm. Lift min stand height 190 mm. Largeur entre colonnes 2820 mm. Largeur totale 3160 mm. Longueur de la plateforme 4300 mm. Longueur totale 5640 mm. Temps de levage 30 s (r\u00e9glable). Temps de descente 30 s (r\u00e9glable). Il ne comprend pas l&rsquo;huile hydraulique. Il ne comprend pas les chevilles d\u2019ancrage.","protected":false},"featured_media":0,"template":"","meta":{"_acf_changed":false},"product_brand":[],"product_cat":[],"product_tag":[],"class_list":{"0":"post-7080","1":"product","2":"type-product","3":"status-publish","6":"first","7":"instock","8":"shipping-taxable","9":"product-type-simple"},"acf":[],"yoast_head":"<!-- This site is optimized with the Yoast SEO plugin v25.7 - https:\/\/yoast.com\/wordpress\/plugins\/seo\/ -->\n<title>FW43-CT-LT<\/title>\n<meta name=\"robots\" content=\"index, follow, max-snippet:-1, max-image-preview:large, max-video-preview:-1\" \/>\n<meta property=\"og:locale\" content=\"fr_FR\" \/>\n<meta property=\"og:type\" content=\"article\" \/>\n<meta property=\"og:title\" content=\"FW43-CT-LT\" \/>\n<meta property=\"og:description\" content=\"Pont \u00e9l\u00e9vateur \u00e9lectrohydraulique \u00e0 4 colonnes. Capacit\u00e9 de 4000 kg 4-posts electro-hydraulic lifter. Plate-forme pour la g\u00e9om\u00e9trie des roues (niche plateaux pivotants, plaque ripage). Commande a basse tension 24V. Levage auxiliare. Capacit\u00e9 de levage 4 tons (8818 lbs). Hauteur des colonnes 2330 mm. Hauteur de levage max 1830 mm. Lift min stand height 190 mm. Largeur entre colonnes 2820 mm. Largeur totale 3160 mm. Longueur de la plateforme 4300 mm. Longueur totale 5640 mm. Temps de levage 30 s (r\u00e9glable). Temps de descente 30 s (r\u00e9glable). Il ne comprend pas l&#039;huile hydraulique. Il ne comprend pas les chevilles d\u2019ancrage.\" \/>\n<meta property=\"og:url\" content=\"https:\/\/www.fasep.it\/fr\/produits\/ponts\/p260.001\/\" \/>\n<meta property=\"og:site_name\" content=\"Fasep 2000 srl\" \/>\n<meta property=\"article:modified_time\" content=\"2026-03-31T08:17:31+00:00\" \/>\n<meta name=\"twitter:card\" content=\"summary_large_image\" \/>\n<script type=\"application\/ld+json\" class=\"yoast-schema-graph\">{\"@context\":\"https:\/\/schema.org\",\"@graph\":[{\"@type\":\"WebPage\",\"@id\":\"https:\/\/www.fasep.it\/fr\/produits\/ponts\/p260.001\/\",\"url\":\"https:\/\/www.fasep.it\/fr\/produits\/ponts\/p260.001\/\",\"name\":\"FW43-CT-LT\",\"isPartOf\":{\"@id\":\"https:\/\/www.fasep.it\/fr\/#website\"},\"datePublished\":\"2025-07-16T09:42:20+00:00\",\"dateModified\":\"2026-03-31T08:17:31+00:00\",\"breadcrumb\":{\"@id\":\"https:\/\/www.fasep.it\/fr\/produits\/ponts\/p260.001\/#breadcrumb\"},\"inLanguage\":\"fr-FR\",\"potentialAction\":[{\"@type\":\"ReadAction\",\"target\":[\"https:\/\/www.fasep.it\/fr\/produits\/ponts\/p260.001\/\"]}]},{\"@type\":\"BreadcrumbList\",\"@id\":\"https:\/\/www.fasep.it\/fr\/produits\/ponts\/p260.001\/#breadcrumb\",\"itemListElement\":[{\"@type\":\"ListItem\",\"position\":1,\"name\":\"Home\",\"item\":\"https:\/\/www.fasep.it\/fr\/\"},{\"@type\":\"ListItem\",\"position\":2,\"name\":\"Produits\",\"item\":\"https:\/\/www.fasep.it\/fr\/shop\/\"},{\"@type\":\"ListItem\",\"position\":3,\"name\":\"FW43-CT-LT\"}]},{\"@type\":\"WebSite\",\"@id\":\"https:\/\/www.fasep.it\/fr\/#website\",\"url\":\"https:\/\/www.fasep.it\/fr\/\",\"name\":\"Fasep 2000 srl\",\"description\":\"\",\"potentialAction\":[{\"@type\":\"SearchAction\",\"target\":{\"@type\":\"EntryPoint\",\"urlTemplate\":\"https:\/\/www.fasep.it\/fr\/?s={search_term_string}\"},\"query-input\":{\"@type\":\"PropertyValueSpecification\",\"valueRequired\":true,\"valueName\":\"search_term_string\"}}],\"inLanguage\":\"fr-FR\"}]}<\/script>\n<!-- \/ Yoast SEO plugin. -->","yoast_head_json":{"title":"FW43-CT-LT","robots":{"index":"index","follow":"follow","max-snippet":"max-snippet:-1","max-image-preview":"max-image-preview:large","max-video-preview":"max-video-preview:-1"},"og_locale":"fr_FR","og_type":"article","og_title":"FW43-CT-LT","og_description":"Pont \u00e9l\u00e9vateur \u00e9lectrohydraulique \u00e0 4 colonnes. Capacit\u00e9 de 4000 kg 4-posts electro-hydraulic lifter. Plate-forme pour la g\u00e9om\u00e9trie des roues (niche plateaux pivotants, plaque ripage). Commande a basse tension 24V. Levage auxiliare. Capacit\u00e9 de levage 4 tons (8818 lbs). Hauteur des colonnes 2330 mm. Hauteur de levage max 1830 mm. Lift min stand height 190 mm. Largeur entre colonnes 2820 mm. Largeur totale 3160 mm. Longueur de la plateforme 4300 mm. Longueur totale 5640 mm. Temps de levage 30 s (r\u00e9glable). Temps de descente 30 s (r\u00e9glable). Il ne comprend pas l'huile hydraulique. Il ne comprend pas les chevilles d\u2019ancrage.","og_url":"https:\/\/www.fasep.it\/fr\/produits\/ponts\/p260.001\/","og_site_name":"Fasep 2000 srl","article_modified_time":"2026-03-31T08:17:31+00:00","twitter_card":"summary_large_image","schema":{"@context":"https:\/\/schema.org","@graph":[{"@type":"WebPage","@id":"https:\/\/www.fasep.it\/fr\/produits\/ponts\/p260.001\/","url":"https:\/\/www.fasep.it\/fr\/produits\/ponts\/p260.001\/","name":"FW43-CT-LT","isPartOf":{"@id":"https:\/\/www.fasep.it\/fr\/#website"},"datePublished":"2025-07-16T09:42:20+00:00","dateModified":"2026-03-31T08:17:31+00:00","breadcrumb":{"@id":"https:\/\/www.fasep.it\/fr\/produits\/ponts\/p260.001\/#breadcrumb"},"inLanguage":"fr-FR","potentialAction":[{"@type":"ReadAction","target":["https:\/\/www.fasep.it\/fr\/produits\/ponts\/p260.001\/"]}]},{"@type":"BreadcrumbList","@id":"https:\/\/www.fasep.it\/fr\/produits\/ponts\/p260.001\/#breadcrumb","itemListElement":[{"@type":"ListItem","position":1,"name":"Home","item":"https:\/\/www.fasep.it\/fr\/"},{"@type":"ListItem","position":2,"name":"Produits","item":"https:\/\/www.fasep.it\/fr\/shop\/"},{"@type":"ListItem","position":3,"name":"FW43-CT-LT"}]},{"@type":"WebSite","@id":"https:\/\/www.fasep.it\/fr\/#website","url":"https:\/\/www.fasep.it\/fr\/","name":"Fasep 2000 srl","description":"","potentialAction":[{"@type":"SearchAction","target":{"@type":"EntryPoint","urlTemplate":"https:\/\/www.fasep.it\/fr\/?s={search_term_string}"},"query-input":{"@type":"PropertyValueSpecification","valueRequired":true,"valueName":"search_term_string"}}],"inLanguage":"fr-FR"}]}},"_links":{"self":[{"href":"https:\/\/www.fasep.it\/fr\/wp-json\/wp\/v2\/product\/7080","targetHints":{"allow":["GET"]}}],"collection":[{"href":"https:\/\/www.fasep.it\/fr\/wp-json\/wp\/v2\/product"}],"about":[{"href":"https:\/\/www.fasep.it\/fr\/wp-json\/wp\/v2\/types\/product"}],"wp:attachment":[{"href":"https:\/\/www.fasep.it\/fr\/wp-json\/wp\/v2\/media?parent=7080"}],"wp:term":[{"taxonomy":"product_brand","embeddable":true,"href":"https:\/\/www.fasep.it\/fr\/wp-json\/wp\/v2\/product_brand?post=7080"},{"taxonomy":"product_cat","embeddable":true,"href":"https:\/\/www.fasep.it\/fr\/wp-json\/wp\/v2\/product_cat?post=7080"},{"taxonomy":"product_tag","embeddable":true,"href":"https:\/\/www.fasep.it\/fr\/wp-json\/wp\/v2\/product_tag?post=7080"}],"curies":[{"name":"wp","href":"https:\/\/api.w.org\/{rel}","templated":true}]}}