{"id":7074,"date":"2025-07-16T11:42:35","date_gmt":"2025-07-16T09:42:35","guid":{"rendered":"https:\/\/www2.fasep.it\/produits\/\/fr-p222.006"},"modified":"2026-03-31T10:17:30","modified_gmt":"2026-03-31T08:17:30","slug":"fr-p222.006","status":"publish","type":"product","link":"https:\/\/www.fasep.it\/fr\/produits\/plateforme-elevatrice\/p222.006\/","title":{"rendered":"PS15OM"},"content":{"rendered":"<font color=\"#0055BB\"><strong>\u00c9l\u00e9vateur \u00e0 ciseaux pour motos, jusqu&rsquo;\u00e0 300 kg.<\/strong><\/font><br>\r\n\u00c9l\u00e9vateur \u00e0 ciseaux pour motos. Pompe \u00e0 pied. Montage au sol. Rampe d&rsquo;acc\u00e8s. Capacit\u00e9 de charge 300 kg. Hauteur de levage max. 1000 mm. Garde au sol min. 160 mm.<br>\r\nDisponible avec trois options de pompe diff\u00e9rentes : \u00e0 pied, pneumatique ou \u00e9lectro-hydraulique.","protected":false},"excerpt":{"rendered":"<font color=\"#0055BB\"><strong>\u00c9l\u00e9vateur \u00e0 ciseaux pour motos, jusqu&rsquo;\u00e0 300 kg.<\/strong><\/font><br>\r\n\u00c9l\u00e9vateur \u00e0 ciseaux pour motos. Pompe \u00e0 pied. Montage au sol. Rampe d&rsquo;acc\u00e8s. Capacit\u00e9 de charge 300 kg. Hauteur de levage max. 1000 mm. Garde au sol min. 160 mm.<br>\r\nDisponible avec trois options de pompe diff\u00e9rentes : \u00e0 pied, pneumatique ou \u00e9lectro-hydraulique.","protected":false},"featured_media":0,"template":"","meta":{"_acf_changed":false},"product_brand":[],"product_cat":[],"product_tag":[],"class_list":{"0":"post-7074","1":"product","2":"type-product","3":"status-publish","6":"first","7":"instock","8":"shipping-taxable","9":"product-type-simple"},"acf":[],"yoast_head":"<!-- This site is optimized with the Yoast SEO plugin v25.7 - https:\/\/yoast.com\/wordpress\/plugins\/seo\/ -->\n<title>PS15OM<\/title>\n<meta name=\"robots\" content=\"index, follow, max-snippet:-1, max-image-preview:large, max-video-preview:-1\" \/>\n<meta property=\"og:locale\" content=\"fr_FR\" \/>\n<meta property=\"og:type\" content=\"article\" \/>\n<meta property=\"og:title\" content=\"PS15OM\" \/>\n<meta property=\"og:description\" content=\"\u00c9l\u00e9vateur \u00e0 ciseaux pour motos, jusqu&#039;\u00e0 300 kg. \u00c9l\u00e9vateur \u00e0 ciseaux pour motos. Pompe \u00e0 pied. Montage au sol. Rampe d&#039;acc\u00e8s. Capacit\u00e9 de charge 300 kg. Hauteur de levage max. 1000 mm. Garde au sol min. 160 mm. Disponible avec trois options de pompe diff\u00e9rentes : \u00e0 pied, pneumatique ou \u00e9lectro-hydraulique.\" \/>\n<meta property=\"og:url\" content=\"https:\/\/www.fasep.it\/fr\/produits\/plateforme-elevatrice\/p222.006\/\" \/>\n<meta property=\"og:site_name\" content=\"Fasep 2000 srl\" \/>\n<meta property=\"article:modified_time\" content=\"2026-03-31T08:17:30+00:00\" \/>\n<meta name=\"twitter:card\" content=\"summary_large_image\" \/>\n<script type=\"application\/ld+json\" class=\"yoast-schema-graph\">{\"@context\":\"https:\/\/schema.org\",\"@graph\":[{\"@type\":\"WebPage\",\"@id\":\"https:\/\/www.fasep.it\/fr\/produits\/plateforme-elevatrice\/p222.006\/\",\"url\":\"https:\/\/www.fasep.it\/fr\/produits\/plateforme-elevatrice\/p222.006\/\",\"name\":\"PS15OM\",\"isPartOf\":{\"@id\":\"https:\/\/www.fasep.it\/fr\/#website\"},\"datePublished\":\"2025-07-16T09:42:35+00:00\",\"dateModified\":\"2026-03-31T08:17:30+00:00\",\"breadcrumb\":{\"@id\":\"https:\/\/www.fasep.it\/fr\/produits\/plateforme-elevatrice\/p222.006\/#breadcrumb\"},\"inLanguage\":\"fr-FR\",\"potentialAction\":[{\"@type\":\"ReadAction\",\"target\":[\"https:\/\/www.fasep.it\/fr\/produits\/plateforme-elevatrice\/p222.006\/\"]}]},{\"@type\":\"BreadcrumbList\",\"@id\":\"https:\/\/www.fasep.it\/fr\/produits\/plateforme-elevatrice\/p222.006\/#breadcrumb\",\"itemListElement\":[{\"@type\":\"ListItem\",\"position\":1,\"name\":\"Home\",\"item\":\"https:\/\/www.fasep.it\/fr\/\"},{\"@type\":\"ListItem\",\"position\":2,\"name\":\"Produits\",\"item\":\"https:\/\/www.fasep.it\/fr\/shop\/\"},{\"@type\":\"ListItem\",\"position\":3,\"name\":\"PS15OM\"}]},{\"@type\":\"WebSite\",\"@id\":\"https:\/\/www.fasep.it\/fr\/#website\",\"url\":\"https:\/\/www.fasep.it\/fr\/\",\"name\":\"Fasep 2000 srl\",\"description\":\"\",\"potentialAction\":[{\"@type\":\"SearchAction\",\"target\":{\"@type\":\"EntryPoint\",\"urlTemplate\":\"https:\/\/www.fasep.it\/fr\/?s={search_term_string}\"},\"query-input\":{\"@type\":\"PropertyValueSpecification\",\"valueRequired\":true,\"valueName\":\"search_term_string\"}}],\"inLanguage\":\"fr-FR\"}]}<\/script>\n<!-- \/ Yoast SEO plugin. -->","yoast_head_json":{"title":"PS15OM","robots":{"index":"index","follow":"follow","max-snippet":"max-snippet:-1","max-image-preview":"max-image-preview:large","max-video-preview":"max-video-preview:-1"},"og_locale":"fr_FR","og_type":"article","og_title":"PS15OM","og_description":"\u00c9l\u00e9vateur \u00e0 ciseaux pour motos, jusqu'\u00e0 300 kg. \u00c9l\u00e9vateur \u00e0 ciseaux pour motos. Pompe \u00e0 pied. Montage au sol. Rampe d'acc\u00e8s. Capacit\u00e9 de charge 300 kg. Hauteur de levage max. 1000 mm. Garde au sol min. 160 mm. Disponible avec trois options de pompe diff\u00e9rentes : \u00e0 pied, pneumatique ou \u00e9lectro-hydraulique.","og_url":"https:\/\/www.fasep.it\/fr\/produits\/plateforme-elevatrice\/p222.006\/","og_site_name":"Fasep 2000 srl","article_modified_time":"2026-03-31T08:17:30+00:00","twitter_card":"summary_large_image","schema":{"@context":"https:\/\/schema.org","@graph":[{"@type":"WebPage","@id":"https:\/\/www.fasep.it\/fr\/produits\/plateforme-elevatrice\/p222.006\/","url":"https:\/\/www.fasep.it\/fr\/produits\/plateforme-elevatrice\/p222.006\/","name":"PS15OM","isPartOf":{"@id":"https:\/\/www.fasep.it\/fr\/#website"},"datePublished":"2025-07-16T09:42:35+00:00","dateModified":"2026-03-31T08:17:30+00:00","breadcrumb":{"@id":"https:\/\/www.fasep.it\/fr\/produits\/plateforme-elevatrice\/p222.006\/#breadcrumb"},"inLanguage":"fr-FR","potentialAction":[{"@type":"ReadAction","target":["https:\/\/www.fasep.it\/fr\/produits\/plateforme-elevatrice\/p222.006\/"]}]},{"@type":"BreadcrumbList","@id":"https:\/\/www.fasep.it\/fr\/produits\/plateforme-elevatrice\/p222.006\/#breadcrumb","itemListElement":[{"@type":"ListItem","position":1,"name":"Home","item":"https:\/\/www.fasep.it\/fr\/"},{"@type":"ListItem","position":2,"name":"Produits","item":"https:\/\/www.fasep.it\/fr\/shop\/"},{"@type":"ListItem","position":3,"name":"PS15OM"}]},{"@type":"WebSite","@id":"https:\/\/www.fasep.it\/fr\/#website","url":"https:\/\/www.fasep.it\/fr\/","name":"Fasep 2000 srl","description":"","potentialAction":[{"@type":"SearchAction","target":{"@type":"EntryPoint","urlTemplate":"https:\/\/www.fasep.it\/fr\/?s={search_term_string}"},"query-input":{"@type":"PropertyValueSpecification","valueRequired":true,"valueName":"search_term_string"}}],"inLanguage":"fr-FR"}]}},"_links":{"self":[{"href":"https:\/\/www.fasep.it\/fr\/wp-json\/wp\/v2\/product\/7074","targetHints":{"allow":["GET"]}}],"collection":[{"href":"https:\/\/www.fasep.it\/fr\/wp-json\/wp\/v2\/product"}],"about":[{"href":"https:\/\/www.fasep.it\/fr\/wp-json\/wp\/v2\/types\/product"}],"wp:attachment":[{"href":"https:\/\/www.fasep.it\/fr\/wp-json\/wp\/v2\/media?parent=7074"}],"wp:term":[{"taxonomy":"product_brand","embeddable":true,"href":"https:\/\/www.fasep.it\/fr\/wp-json\/wp\/v2\/product_brand?post=7074"},{"taxonomy":"product_cat","embeddable":true,"href":"https:\/\/www.fasep.it\/fr\/wp-json\/wp\/v2\/product_cat?post=7074"},{"taxonomy":"product_tag","embeddable":true,"href":"https:\/\/www.fasep.it\/fr\/wp-json\/wp\/v2\/product_tag?post=7074"}],"curies":[{"name":"wp","href":"https:\/\/api.w.org\/{rel}","templated":true}]}}