{"id":7072,"date":"2025-07-16T11:42:36","date_gmt":"2025-07-16T09:42:36","guid":{"rendered":"https:\/\/www2.fasep.it\/produits\/\/fr-s209.004"},"modified":"2026-03-31T10:17:41","modified_gmt":"2026-03-31T08:17:41","slug":"fr-s209.004","status":"publish","type":"product","link":"https:\/\/www.fasep.it\/fr\/produits\/mobilite\/s209.004\/","title":{"rendered":"RGU.2671.G.GENSET"},"content":{"rendered":"<font color=\"#0055BB\"><strong>D\u00e9monte-pneus Mobile pour Camions (utilisation intensive \/ continue).<\/strong><\/font><br>\r\n<i>Vous souhaitez proposer \u00e0 vos clients un service de montage de pneus directement sur leur camion?<\/i><br>\r\nAvec le service de pneus mobile, vous pouvez vous rendre chez vos clients et monter les pneus chez eux (sur le parvis de la maison, dans l&rsquo;entreprise, sur la route).<br>\r\nGr\u00e2ce \u00e0 notre gamme d&rsquo;<u>\u00e9quipements professionnels con\u00e7us sp\u00e9cifiquement pour le service mobile<\/u> vous pouvez \u00e9quiper votre camionnette avec le mat\u00e9riel adapt\u00e9 \u00e0 vos besoins.<br>\r\n<br>\r\nRGU.2671.G Genset est un d\u00e9monte-pneus automatique pour le montage \/ d\u00e9montage des roues de camions, d&rsquo;autobus et de poids lourds avec des jantes de 13&Prime; \u00e0 26&Prime;. Sa conception compacte permet de l&rsquo;installer sur des camionnettes de service mobiles. Une fois install\u00e9 \u00e0 l&rsquo;int\u00e9rieur de la camionnette, le d\u00e9monte-pneus se replie pour cr\u00e9er un espace de travail pratique et polyvalent.<br>\r\n<br>\r\n<br>\r\n<i>RGU.2671.G Genset est \u00e9quip\u00e9 de:<\/i>\r\n<ul>\r\n<li>un g\u00e9n\u00e9rateur diesel refroidi par liquide (12,7 kW) permettant un fonctionnement intensif et continu sans probl\u00e8me\r\n<li>un d\u00e9talonneur de grande puissance (25 kN) pour faciliter le d\u00e9talonnage de tous les types de roues\r\n<li>compresseur 750 l\/min\r\n<li>capacit\u00e9 du r\u00e9servoir d&rsquo;air 120 l\r\n<\/ul>","protected":false},"excerpt":{"rendered":"<font color=\"#0055BB\"><strong>D\u00e9monte-pneus Mobile pour Camions (utilisation intensive \/ continue).<\/strong><\/font><br>\r\n<i>Vous souhaitez proposer \u00e0 vos clients un service de montage de pneus directement sur leur camion?<\/i><br>\r\nAvec le service de pneus mobile, vous pouvez vous rendre chez vos clients et monter les pneus chez eux (sur le parvis de la maison, dans l&rsquo;entreprise, sur la route).<br>\r\nGr\u00e2ce \u00e0 notre gamme d&rsquo;<u>\u00e9quipements professionnels con\u00e7us sp\u00e9cifiquement pour le service mobile<\/u> vous pouvez \u00e9quiper votre camionnette avec le mat\u00e9riel adapt\u00e9 \u00e0 vos besoins.<br>\r\n<br>\r\nRGU.2671.G Genset est un d\u00e9monte-pneus automatique pour le montage \/ d\u00e9montage des roues de camions, d&rsquo;autobus et de poids lourds avec des jantes de 13&Prime; \u00e0 26&Prime;. Sa conception compacte permet de l&rsquo;installer sur des camionnettes de service mobiles. Une fois install\u00e9 \u00e0 l&rsquo;int\u00e9rieur de la camionnette, le d\u00e9monte-pneus se replie pour cr\u00e9er un espace de travail pratique et polyvalent.<br>\r\n<br>\r\n<br>\r\n<i>RGU.2671.G Genset est \u00e9quip\u00e9 de:<\/i>\r\n<ul>\r\n<li>un g\u00e9n\u00e9rateur diesel refroidi par liquide (12,7 kW) permettant un fonctionnement intensif et continu sans probl\u00e8me\r\n<li>un d\u00e9talonneur de grande puissance (25 kN) pour faciliter le d\u00e9talonnage de tous les types de roues\r\n<li>compresseur 750 l\/min\r\n<li>capacit\u00e9 du r\u00e9servoir d&rsquo;air 120 l\r\n<\/ul>","protected":false},"featured_media":0,"template":"","meta":{"_acf_changed":false},"product_brand":[],"product_cat":[],"product_tag":[],"class_list":{"0":"post-7072","1":"product","2":"type-product","3":"status-publish","6":"first","7":"instock","8":"shipping-taxable","9":"product-type-simple"},"acf":[],"yoast_head":"<!-- This site is optimized with the Yoast SEO plugin v25.7 - https:\/\/yoast.com\/wordpress\/plugins\/seo\/ -->\n<title>RGU.2671.G.GENSET<\/title>\n<meta name=\"robots\" content=\"index, follow, max-snippet:-1, max-image-preview:large, max-video-preview:-1\" \/>\n<meta property=\"og:locale\" content=\"fr_FR\" \/>\n<meta property=\"og:type\" content=\"article\" \/>\n<meta property=\"og:title\" content=\"RGU.2671.G.GENSET\" \/>\n<meta property=\"og:description\" content=\"D\u00e9monte-pneus Mobile pour Camions (utilisation intensive \/ continue). Vous souhaitez proposer \u00e0 vos clients un service de montage de pneus directement sur leur camion? Avec le service de pneus mobile, vous pouvez vous rendre chez vos clients et monter les pneus chez eux (sur le parvis de la maison, dans l&#039;entreprise, sur la route). Gr\u00e2ce \u00e0 notre gamme d&#039;\u00e9quipements professionnels con\u00e7us sp\u00e9cifiquement pour le service mobile vous pouvez \u00e9quiper votre camionnette avec le mat\u00e9riel adapt\u00e9 \u00e0 vos besoins.  RGU.2671.G Genset est un d\u00e9monte-pneus automatique pour le montage \/ d\u00e9montage des roues de camions, d&#039;autobus et de poids lourds avec des jantes de 13&quot; \u00e0 26&quot;. Sa conception compacte permet de l&#039;installer sur des camionnettes de service mobiles. Une fois install\u00e9 \u00e0 l&#039;int\u00e9rieur de la camionnette, le d\u00e9monte-pneus se replie pour cr\u00e9er un espace de travail pratique et polyvalent.   RGU.2671.G Genset est \u00e9quip\u00e9 de:  un g\u00e9n\u00e9rateur diesel refroidi par liquide (12,7 kW) permettant un fonctionnement intensif et continu sans probl\u00e8me un d\u00e9talonneur de grande puissance (25 kN) pour faciliter le d\u00e9talonnage de tous les types de roues compresseur 750 l\/min capacit\u00e9 du r\u00e9servoir d&#039;air 120 l\" \/>\n<meta property=\"og:url\" content=\"https:\/\/www.fasep.it\/fr\/produits\/mobilite\/s209.004\/\" \/>\n<meta property=\"og:site_name\" content=\"Fasep 2000 srl\" \/>\n<meta property=\"article:modified_time\" content=\"2026-03-31T08:17:41+00:00\" \/>\n<meta name=\"twitter:card\" content=\"summary_large_image\" \/>\n<meta name=\"twitter:label1\" content=\"Dur\u00e9e de lecture estim\u00e9e\" \/>\n\t<meta name=\"twitter:data1\" content=\"1 minute\" \/>\n<script type=\"application\/ld+json\" class=\"yoast-schema-graph\">{\"@context\":\"https:\/\/schema.org\",\"@graph\":[{\"@type\":\"WebPage\",\"@id\":\"https:\/\/www.fasep.it\/fr\/produits\/mobilite\/s209.004\/\",\"url\":\"https:\/\/www.fasep.it\/fr\/produits\/mobilite\/s209.004\/\",\"name\":\"RGU.2671.G.GENSET\",\"isPartOf\":{\"@id\":\"https:\/\/www.fasep.it\/fr\/#website\"},\"datePublished\":\"2025-07-16T09:42:36+00:00\",\"dateModified\":\"2026-03-31T08:17:41+00:00\",\"breadcrumb\":{\"@id\":\"https:\/\/www.fasep.it\/fr\/produits\/mobilite\/s209.004\/#breadcrumb\"},\"inLanguage\":\"fr-FR\",\"potentialAction\":[{\"@type\":\"ReadAction\",\"target\":[\"https:\/\/www.fasep.it\/fr\/produits\/mobilite\/s209.004\/\"]}]},{\"@type\":\"BreadcrumbList\",\"@id\":\"https:\/\/www.fasep.it\/fr\/produits\/mobilite\/s209.004\/#breadcrumb\",\"itemListElement\":[{\"@type\":\"ListItem\",\"position\":1,\"name\":\"Home\",\"item\":\"https:\/\/www.fasep.it\/fr\/\"},{\"@type\":\"ListItem\",\"position\":2,\"name\":\"Produits\",\"item\":\"https:\/\/www.fasep.it\/fr\/shop\/\"},{\"@type\":\"ListItem\",\"position\":3,\"name\":\"RGU.2671.G.GENSET\"}]},{\"@type\":\"WebSite\",\"@id\":\"https:\/\/www.fasep.it\/fr\/#website\",\"url\":\"https:\/\/www.fasep.it\/fr\/\",\"name\":\"Fasep 2000 srl\",\"description\":\"\",\"potentialAction\":[{\"@type\":\"SearchAction\",\"target\":{\"@type\":\"EntryPoint\",\"urlTemplate\":\"https:\/\/www.fasep.it\/fr\/?s={search_term_string}\"},\"query-input\":{\"@type\":\"PropertyValueSpecification\",\"valueRequired\":true,\"valueName\":\"search_term_string\"}}],\"inLanguage\":\"fr-FR\"}]}<\/script>\n<!-- \/ Yoast SEO plugin. -->","yoast_head_json":{"title":"RGU.2671.G.GENSET","robots":{"index":"index","follow":"follow","max-snippet":"max-snippet:-1","max-image-preview":"max-image-preview:large","max-video-preview":"max-video-preview:-1"},"og_locale":"fr_FR","og_type":"article","og_title":"RGU.2671.G.GENSET","og_description":"D\u00e9monte-pneus Mobile pour Camions (utilisation intensive \/ continue). Vous souhaitez proposer \u00e0 vos clients un service de montage de pneus directement sur leur camion? Avec le service de pneus mobile, vous pouvez vous rendre chez vos clients et monter les pneus chez eux (sur le parvis de la maison, dans l'entreprise, sur la route). Gr\u00e2ce \u00e0 notre gamme d'\u00e9quipements professionnels con\u00e7us sp\u00e9cifiquement pour le service mobile vous pouvez \u00e9quiper votre camionnette avec le mat\u00e9riel adapt\u00e9 \u00e0 vos besoins.  RGU.2671.G Genset est un d\u00e9monte-pneus automatique pour le montage \/ d\u00e9montage des roues de camions, d'autobus et de poids lourds avec des jantes de 13\" \u00e0 26\". Sa conception compacte permet de l'installer sur des camionnettes de service mobiles. Une fois install\u00e9 \u00e0 l'int\u00e9rieur de la camionnette, le d\u00e9monte-pneus se replie pour cr\u00e9er un espace de travail pratique et polyvalent.   RGU.2671.G Genset est \u00e9quip\u00e9 de:  un g\u00e9n\u00e9rateur diesel refroidi par liquide (12,7 kW) permettant un fonctionnement intensif et continu sans probl\u00e8me un d\u00e9talonneur de grande puissance (25 kN) pour faciliter le d\u00e9talonnage de tous les types de roues compresseur 750 l\/min capacit\u00e9 du r\u00e9servoir d'air 120 l","og_url":"https:\/\/www.fasep.it\/fr\/produits\/mobilite\/s209.004\/","og_site_name":"Fasep 2000 srl","article_modified_time":"2026-03-31T08:17:41+00:00","twitter_card":"summary_large_image","twitter_misc":{"Dur\u00e9e de lecture estim\u00e9e":"1 minute"},"schema":{"@context":"https:\/\/schema.org","@graph":[{"@type":"WebPage","@id":"https:\/\/www.fasep.it\/fr\/produits\/mobilite\/s209.004\/","url":"https:\/\/www.fasep.it\/fr\/produits\/mobilite\/s209.004\/","name":"RGU.2671.G.GENSET","isPartOf":{"@id":"https:\/\/www.fasep.it\/fr\/#website"},"datePublished":"2025-07-16T09:42:36+00:00","dateModified":"2026-03-31T08:17:41+00:00","breadcrumb":{"@id":"https:\/\/www.fasep.it\/fr\/produits\/mobilite\/s209.004\/#breadcrumb"},"inLanguage":"fr-FR","potentialAction":[{"@type":"ReadAction","target":["https:\/\/www.fasep.it\/fr\/produits\/mobilite\/s209.004\/"]}]},{"@type":"BreadcrumbList","@id":"https:\/\/www.fasep.it\/fr\/produits\/mobilite\/s209.004\/#breadcrumb","itemListElement":[{"@type":"ListItem","position":1,"name":"Home","item":"https:\/\/www.fasep.it\/fr\/"},{"@type":"ListItem","position":2,"name":"Produits","item":"https:\/\/www.fasep.it\/fr\/shop\/"},{"@type":"ListItem","position":3,"name":"RGU.2671.G.GENSET"}]},{"@type":"WebSite","@id":"https:\/\/www.fasep.it\/fr\/#website","url":"https:\/\/www.fasep.it\/fr\/","name":"Fasep 2000 srl","description":"","potentialAction":[{"@type":"SearchAction","target":{"@type":"EntryPoint","urlTemplate":"https:\/\/www.fasep.it\/fr\/?s={search_term_string}"},"query-input":{"@type":"PropertyValueSpecification","valueRequired":true,"valueName":"search_term_string"}}],"inLanguage":"fr-FR"}]}},"_links":{"self":[{"href":"https:\/\/www.fasep.it\/fr\/wp-json\/wp\/v2\/product\/7072","targetHints":{"allow":["GET"]}}],"collection":[{"href":"https:\/\/www.fasep.it\/fr\/wp-json\/wp\/v2\/product"}],"about":[{"href":"https:\/\/www.fasep.it\/fr\/wp-json\/wp\/v2\/types\/product"}],"wp:attachment":[{"href":"https:\/\/www.fasep.it\/fr\/wp-json\/wp\/v2\/media?parent=7072"}],"wp:term":[{"taxonomy":"product_brand","embeddable":true,"href":"https:\/\/www.fasep.it\/fr\/wp-json\/wp\/v2\/product_brand?post=7072"},{"taxonomy":"product_cat","embeddable":true,"href":"https:\/\/www.fasep.it\/fr\/wp-json\/wp\/v2\/product_cat?post=7072"},{"taxonomy":"product_tag","embeddable":true,"href":"https:\/\/www.fasep.it\/fr\/wp-json\/wp\/v2\/product_tag?post=7072"}],"curies":[{"name":"wp","href":"https:\/\/api.w.org\/{rel}","templated":true}]}}