{"id":7066,"date":"2025-07-16T11:42:50","date_gmt":"2025-07-16T09:42:50","guid":{"rendered":"https:\/\/www2.fasep.it\/produits\/\/fr-s197.001"},"modified":"2026-03-31T10:17:28","modified_gmt":"2026-03-31T08:17:28","slug":"fr-s197.001","status":"publish","type":"product","link":"https:\/\/www.fasep.it\/fr\/produits\/demonte-pneus\/s197.001\/","title":{"rendered":"RGU566E"},"content":{"rendered":"<font color=\"#0055BB\"><strong>D\u00e9monte-pneus universel camions, terrassement et agriculture.<\/strong><\/font><br>\r\nRGU566E est une unit\u00e9 professionnelle, super automatique con\u00e7ue pour les ateliers de service pneumatique avec charge de travail lourde pour roues camion jusqu&rsquo;\u00e0 46&Prime; commercial \/ agriculture \/ terrassement, \u00e9quip\u00e9e d&rsquo;un syst\u00e8me de contr\u00f4le automatique du mouvement.","protected":false},"excerpt":{"rendered":"<font color=\"#0055BB\"><strong>D\u00e9monte-pneus universel camions, terrassement et agriculture.<\/strong><\/font><br>\r\nRGU566E est une unit\u00e9 professionnelle, super automatique con\u00e7ue pour les ateliers de service pneumatique avec charge de travail lourde pour roues camion jusqu&rsquo;\u00e0 46&Prime; commercial \/ agriculture \/ terrassement, \u00e9quip\u00e9e d&rsquo;un syst\u00e8me de contr\u00f4le automatique du mouvement.","protected":false},"featured_media":0,"template":"","meta":{"_acf_changed":false},"product_brand":[],"product_cat":[],"product_tag":[],"class_list":{"0":"post-7066","1":"product","2":"type-product","3":"status-publish","6":"first","7":"instock","8":"shipping-taxable","9":"product-type-simple"},"acf":[],"yoast_head":"<!-- This site is optimized with the Yoast SEO plugin v25.7 - https:\/\/yoast.com\/wordpress\/plugins\/seo\/ -->\n<title>RGU566E<\/title>\n<meta name=\"robots\" content=\"index, follow, max-snippet:-1, max-image-preview:large, max-video-preview:-1\" \/>\n<meta property=\"og:locale\" content=\"fr_FR\" \/>\n<meta property=\"og:type\" content=\"article\" \/>\n<meta property=\"og:title\" content=\"RGU566E\" \/>\n<meta property=\"og:description\" content=\"D\u00e9monte-pneus universel camions, terrassement et agriculture. RGU566E est une unit\u00e9 professionnelle, super automatique con\u00e7ue pour les ateliers de service pneumatique avec charge de travail lourde pour roues camion jusqu&#039;\u00e0 46&quot; commercial \/ agriculture \/ terrassement, \u00e9quip\u00e9e d&#039;un syst\u00e8me de contr\u00f4le automatique du mouvement.\" \/>\n<meta property=\"og:url\" content=\"https:\/\/www.fasep.it\/fr\/produits\/demonte-pneus\/s197.001\/\" \/>\n<meta property=\"og:site_name\" content=\"Fasep 2000 srl\" \/>\n<meta property=\"article:modified_time\" content=\"2026-03-31T08:17:28+00:00\" \/>\n<meta name=\"twitter:card\" content=\"summary_large_image\" \/>\n<script type=\"application\/ld+json\" class=\"yoast-schema-graph\">{\"@context\":\"https:\/\/schema.org\",\"@graph\":[{\"@type\":\"WebPage\",\"@id\":\"https:\/\/www.fasep.it\/fr\/produits\/demonte-pneus\/s197.001\/\",\"url\":\"https:\/\/www.fasep.it\/fr\/produits\/demonte-pneus\/s197.001\/\",\"name\":\"RGU566E\",\"isPartOf\":{\"@id\":\"https:\/\/www.fasep.it\/fr\/#website\"},\"datePublished\":\"2025-07-16T09:42:50+00:00\",\"dateModified\":\"2026-03-31T08:17:28+00:00\",\"breadcrumb\":{\"@id\":\"https:\/\/www.fasep.it\/fr\/produits\/demonte-pneus\/s197.001\/#breadcrumb\"},\"inLanguage\":\"fr-FR\",\"potentialAction\":[{\"@type\":\"ReadAction\",\"target\":[\"https:\/\/www.fasep.it\/fr\/produits\/demonte-pneus\/s197.001\/\"]}]},{\"@type\":\"BreadcrumbList\",\"@id\":\"https:\/\/www.fasep.it\/fr\/produits\/demonte-pneus\/s197.001\/#breadcrumb\",\"itemListElement\":[{\"@type\":\"ListItem\",\"position\":1,\"name\":\"Home\",\"item\":\"https:\/\/www.fasep.it\/fr\/\"},{\"@type\":\"ListItem\",\"position\":2,\"name\":\"Produits\",\"item\":\"https:\/\/www.fasep.it\/fr\/shop\/\"},{\"@type\":\"ListItem\",\"position\":3,\"name\":\"RGU566E\"}]},{\"@type\":\"WebSite\",\"@id\":\"https:\/\/www.fasep.it\/fr\/#website\",\"url\":\"https:\/\/www.fasep.it\/fr\/\",\"name\":\"Fasep 2000 srl\",\"description\":\"\",\"potentialAction\":[{\"@type\":\"SearchAction\",\"target\":{\"@type\":\"EntryPoint\",\"urlTemplate\":\"https:\/\/www.fasep.it\/fr\/?s={search_term_string}\"},\"query-input\":{\"@type\":\"PropertyValueSpecification\",\"valueRequired\":true,\"valueName\":\"search_term_string\"}}],\"inLanguage\":\"fr-FR\"}]}<\/script>\n<!-- \/ Yoast SEO plugin. -->","yoast_head_json":{"title":"RGU566E","robots":{"index":"index","follow":"follow","max-snippet":"max-snippet:-1","max-image-preview":"max-image-preview:large","max-video-preview":"max-video-preview:-1"},"og_locale":"fr_FR","og_type":"article","og_title":"RGU566E","og_description":"D\u00e9monte-pneus universel camions, terrassement et agriculture. RGU566E est une unit\u00e9 professionnelle, super automatique con\u00e7ue pour les ateliers de service pneumatique avec charge de travail lourde pour roues camion jusqu'\u00e0 46\" commercial \/ agriculture \/ terrassement, \u00e9quip\u00e9e d'un syst\u00e8me de contr\u00f4le automatique du mouvement.","og_url":"https:\/\/www.fasep.it\/fr\/produits\/demonte-pneus\/s197.001\/","og_site_name":"Fasep 2000 srl","article_modified_time":"2026-03-31T08:17:28+00:00","twitter_card":"summary_large_image","schema":{"@context":"https:\/\/schema.org","@graph":[{"@type":"WebPage","@id":"https:\/\/www.fasep.it\/fr\/produits\/demonte-pneus\/s197.001\/","url":"https:\/\/www.fasep.it\/fr\/produits\/demonte-pneus\/s197.001\/","name":"RGU566E","isPartOf":{"@id":"https:\/\/www.fasep.it\/fr\/#website"},"datePublished":"2025-07-16T09:42:50+00:00","dateModified":"2026-03-31T08:17:28+00:00","breadcrumb":{"@id":"https:\/\/www.fasep.it\/fr\/produits\/demonte-pneus\/s197.001\/#breadcrumb"},"inLanguage":"fr-FR","potentialAction":[{"@type":"ReadAction","target":["https:\/\/www.fasep.it\/fr\/produits\/demonte-pneus\/s197.001\/"]}]},{"@type":"BreadcrumbList","@id":"https:\/\/www.fasep.it\/fr\/produits\/demonte-pneus\/s197.001\/#breadcrumb","itemListElement":[{"@type":"ListItem","position":1,"name":"Home","item":"https:\/\/www.fasep.it\/fr\/"},{"@type":"ListItem","position":2,"name":"Produits","item":"https:\/\/www.fasep.it\/fr\/shop\/"},{"@type":"ListItem","position":3,"name":"RGU566E"}]},{"@type":"WebSite","@id":"https:\/\/www.fasep.it\/fr\/#website","url":"https:\/\/www.fasep.it\/fr\/","name":"Fasep 2000 srl","description":"","potentialAction":[{"@type":"SearchAction","target":{"@type":"EntryPoint","urlTemplate":"https:\/\/www.fasep.it\/fr\/?s={search_term_string}"},"query-input":{"@type":"PropertyValueSpecification","valueRequired":true,"valueName":"search_term_string"}}],"inLanguage":"fr-FR"}]}},"_links":{"self":[{"href":"https:\/\/www.fasep.it\/fr\/wp-json\/wp\/v2\/product\/7066","targetHints":{"allow":["GET"]}}],"collection":[{"href":"https:\/\/www.fasep.it\/fr\/wp-json\/wp\/v2\/product"}],"about":[{"href":"https:\/\/www.fasep.it\/fr\/wp-json\/wp\/v2\/types\/product"}],"wp:attachment":[{"href":"https:\/\/www.fasep.it\/fr\/wp-json\/wp\/v2\/media?parent=7066"}],"wp:term":[{"taxonomy":"product_brand","embeddable":true,"href":"https:\/\/www.fasep.it\/fr\/wp-json\/wp\/v2\/product_brand?post=7066"},{"taxonomy":"product_cat","embeddable":true,"href":"https:\/\/www.fasep.it\/fr\/wp-json\/wp\/v2\/product_cat?post=7066"},{"taxonomy":"product_tag","embeddable":true,"href":"https:\/\/www.fasep.it\/fr\/wp-json\/wp\/v2\/product_tag?post=7066"}],"curies":[{"name":"wp","href":"https:\/\/api.w.org\/{rel}","templated":true}]}}