{"id":7065,"date":"2025-07-16T11:42:48","date_gmt":"2025-07-16T09:42:48","guid":{"rendered":"https:\/\/www2.fasep.it\/produits\/\/fr-s227.002"},"modified":"2026-03-31T10:17:28","modified_gmt":"2026-03-31T08:17:28","slug":"fr-s227.002","status":"publish","type":"product","link":"https:\/\/www.fasep.it\/fr\/produits\/demonte-pneus\/s227.002\/","title":{"rendered":"RGU588E"},"content":{"rendered":"<font color=\"#0055BB\"><strong>D\u00e9monte-pneus Super Automatique pour camions, agriculture, terrassement jusqu&rsquo;\u00e0 58&Prime;.<\/strong><\/font><br>\r\nConvient aux pneumatiques avec chambre \u00e0 air et tubeless. Mandrin hydraulique auto-centrant \u00e0 4 bras. Moteur \u00e0 vitesse variable (onduleur) (permet la sculpture des pneumatiques agricoles). Rotation horaire et antihoraire du mandrin. Outil universel. Translation hydraulique du mandrin (droite-gauche). Levage hydraulique du bras mandrin (mont\u00e9e et descente). Translation hydraulique du bras porte-outil (gauche &#8211; droite). Changement d&rsquo;outil avec levage et rotation automatiques. Commande \u00e0 distance mobile.","protected":false},"excerpt":{"rendered":"<font color=\"#0055BB\"><strong>D\u00e9monte-pneus Super Automatique pour camions, agriculture, terrassement jusqu&rsquo;\u00e0 58&Prime;.<\/strong><\/font><br>\r\nConvient aux pneumatiques avec chambre \u00e0 air et tubeless. Mandrin hydraulique auto-centrant \u00e0 4 bras. Moteur \u00e0 vitesse variable (onduleur) (permet la sculpture des pneumatiques agricoles). Rotation horaire et antihoraire du mandrin. Outil universel. Translation hydraulique du mandrin (droite-gauche). Levage hydraulique du bras mandrin (mont\u00e9e et descente). Translation hydraulique du bras porte-outil (gauche &#8211; droite). Changement d&rsquo;outil avec levage et rotation automatiques. Commande \u00e0 distance mobile.","protected":false},"featured_media":0,"template":"","meta":{"_acf_changed":false},"product_brand":[],"product_cat":[],"product_tag":[],"class_list":{"0":"post-7065","1":"product","2":"type-product","3":"status-publish","6":"first","7":"instock","8":"shipping-taxable","9":"product-type-simple"},"acf":[],"yoast_head":"<!-- This site is optimized with the Yoast SEO plugin v25.7 - https:\/\/yoast.com\/wordpress\/plugins\/seo\/ -->\n<title>RGU588E<\/title>\n<meta name=\"robots\" content=\"index, follow, max-snippet:-1, max-image-preview:large, max-video-preview:-1\" \/>\n<meta property=\"og:locale\" content=\"fr_FR\" \/>\n<meta property=\"og:type\" content=\"article\" \/>\n<meta property=\"og:title\" content=\"RGU588E\" \/>\n<meta property=\"og:description\" content=\"D\u00e9monte-pneus Super Automatique pour camions, agriculture, terrassement jusqu&#039;\u00e0 58&quot;. Convient aux pneumatiques avec chambre \u00e0 air et tubeless. Mandrin hydraulique auto-centrant \u00e0 4 bras. Moteur \u00e0 vitesse variable (onduleur) (permet la sculpture des pneumatiques agricoles). Rotation horaire et antihoraire du mandrin. Outil universel. Translation hydraulique du mandrin (droite-gauche). Levage hydraulique du bras mandrin (mont\u00e9e et descente). Translation hydraulique du bras porte-outil (gauche - droite). Changement d&#039;outil avec levage et rotation automatiques. Commande \u00e0 distance mobile.\" \/>\n<meta property=\"og:url\" content=\"https:\/\/www.fasep.it\/fr\/produits\/demonte-pneus\/s227.002\/\" \/>\n<meta property=\"og:site_name\" content=\"Fasep 2000 srl\" \/>\n<meta property=\"article:modified_time\" content=\"2026-03-31T08:17:28+00:00\" \/>\n<meta name=\"twitter:card\" content=\"summary_large_image\" \/>\n<script type=\"application\/ld+json\" class=\"yoast-schema-graph\">{\"@context\":\"https:\/\/schema.org\",\"@graph\":[{\"@type\":\"WebPage\",\"@id\":\"https:\/\/www.fasep.it\/fr\/produits\/demonte-pneus\/s227.002\/\",\"url\":\"https:\/\/www.fasep.it\/fr\/produits\/demonte-pneus\/s227.002\/\",\"name\":\"RGU588E\",\"isPartOf\":{\"@id\":\"https:\/\/www.fasep.it\/fr\/#website\"},\"datePublished\":\"2025-07-16T09:42:48+00:00\",\"dateModified\":\"2026-03-31T08:17:28+00:00\",\"breadcrumb\":{\"@id\":\"https:\/\/www.fasep.it\/fr\/produits\/demonte-pneus\/s227.002\/#breadcrumb\"},\"inLanguage\":\"fr-FR\",\"potentialAction\":[{\"@type\":\"ReadAction\",\"target\":[\"https:\/\/www.fasep.it\/fr\/produits\/demonte-pneus\/s227.002\/\"]}]},{\"@type\":\"BreadcrumbList\",\"@id\":\"https:\/\/www.fasep.it\/fr\/produits\/demonte-pneus\/s227.002\/#breadcrumb\",\"itemListElement\":[{\"@type\":\"ListItem\",\"position\":1,\"name\":\"Home\",\"item\":\"https:\/\/www.fasep.it\/fr\/\"},{\"@type\":\"ListItem\",\"position\":2,\"name\":\"Produits\",\"item\":\"https:\/\/www.fasep.it\/fr\/shop\/\"},{\"@type\":\"ListItem\",\"position\":3,\"name\":\"RGU588E\"}]},{\"@type\":\"WebSite\",\"@id\":\"https:\/\/www.fasep.it\/fr\/#website\",\"url\":\"https:\/\/www.fasep.it\/fr\/\",\"name\":\"Fasep 2000 srl\",\"description\":\"\",\"potentialAction\":[{\"@type\":\"SearchAction\",\"target\":{\"@type\":\"EntryPoint\",\"urlTemplate\":\"https:\/\/www.fasep.it\/fr\/?s={search_term_string}\"},\"query-input\":{\"@type\":\"PropertyValueSpecification\",\"valueRequired\":true,\"valueName\":\"search_term_string\"}}],\"inLanguage\":\"fr-FR\"}]}<\/script>\n<!-- \/ Yoast SEO plugin. -->","yoast_head_json":{"title":"RGU588E","robots":{"index":"index","follow":"follow","max-snippet":"max-snippet:-1","max-image-preview":"max-image-preview:large","max-video-preview":"max-video-preview:-1"},"og_locale":"fr_FR","og_type":"article","og_title":"RGU588E","og_description":"D\u00e9monte-pneus Super Automatique pour camions, agriculture, terrassement jusqu'\u00e0 58\". Convient aux pneumatiques avec chambre \u00e0 air et tubeless. Mandrin hydraulique auto-centrant \u00e0 4 bras. Moteur \u00e0 vitesse variable (onduleur) (permet la sculpture des pneumatiques agricoles). Rotation horaire et antihoraire du mandrin. Outil universel. Translation hydraulique du mandrin (droite-gauche). Levage hydraulique du bras mandrin (mont\u00e9e et descente). Translation hydraulique du bras porte-outil (gauche - droite). Changement d'outil avec levage et rotation automatiques. Commande \u00e0 distance mobile.","og_url":"https:\/\/www.fasep.it\/fr\/produits\/demonte-pneus\/s227.002\/","og_site_name":"Fasep 2000 srl","article_modified_time":"2026-03-31T08:17:28+00:00","twitter_card":"summary_large_image","schema":{"@context":"https:\/\/schema.org","@graph":[{"@type":"WebPage","@id":"https:\/\/www.fasep.it\/fr\/produits\/demonte-pneus\/s227.002\/","url":"https:\/\/www.fasep.it\/fr\/produits\/demonte-pneus\/s227.002\/","name":"RGU588E","isPartOf":{"@id":"https:\/\/www.fasep.it\/fr\/#website"},"datePublished":"2025-07-16T09:42:48+00:00","dateModified":"2026-03-31T08:17:28+00:00","breadcrumb":{"@id":"https:\/\/www.fasep.it\/fr\/produits\/demonte-pneus\/s227.002\/#breadcrumb"},"inLanguage":"fr-FR","potentialAction":[{"@type":"ReadAction","target":["https:\/\/www.fasep.it\/fr\/produits\/demonte-pneus\/s227.002\/"]}]},{"@type":"BreadcrumbList","@id":"https:\/\/www.fasep.it\/fr\/produits\/demonte-pneus\/s227.002\/#breadcrumb","itemListElement":[{"@type":"ListItem","position":1,"name":"Home","item":"https:\/\/www.fasep.it\/fr\/"},{"@type":"ListItem","position":2,"name":"Produits","item":"https:\/\/www.fasep.it\/fr\/shop\/"},{"@type":"ListItem","position":3,"name":"RGU588E"}]},{"@type":"WebSite","@id":"https:\/\/www.fasep.it\/fr\/#website","url":"https:\/\/www.fasep.it\/fr\/","name":"Fasep 2000 srl","description":"","potentialAction":[{"@type":"SearchAction","target":{"@type":"EntryPoint","urlTemplate":"https:\/\/www.fasep.it\/fr\/?s={search_term_string}"},"query-input":{"@type":"PropertyValueSpecification","valueRequired":true,"valueName":"search_term_string"}}],"inLanguage":"fr-FR"}]}},"_links":{"self":[{"href":"https:\/\/www.fasep.it\/fr\/wp-json\/wp\/v2\/product\/7065","targetHints":{"allow":["GET"]}}],"collection":[{"href":"https:\/\/www.fasep.it\/fr\/wp-json\/wp\/v2\/product"}],"about":[{"href":"https:\/\/www.fasep.it\/fr\/wp-json\/wp\/v2\/types\/product"}],"wp:attachment":[{"href":"https:\/\/www.fasep.it\/fr\/wp-json\/wp\/v2\/media?parent=7065"}],"wp:term":[{"taxonomy":"product_brand","embeddable":true,"href":"https:\/\/www.fasep.it\/fr\/wp-json\/wp\/v2\/product_brand?post=7065"},{"taxonomy":"product_cat","embeddable":true,"href":"https:\/\/www.fasep.it\/fr\/wp-json\/wp\/v2\/product_cat?post=7065"},{"taxonomy":"product_tag","embeddable":true,"href":"https:\/\/www.fasep.it\/fr\/wp-json\/wp\/v2\/product_tag?post=7065"}],"curies":[{"name":"wp","href":"https:\/\/api.w.org\/{rel}","templated":true}]}}