{"id":7063,"date":"2025-07-16T11:42:55","date_gmt":"2025-07-16T09:42:55","guid":{"rendered":"https:\/\/www2.fasep.it\/produits\/\/fr-s263.001"},"modified":"2026-03-31T10:17:27","modified_gmt":"2026-03-31T08:17:27","slug":"fr-s263.001","status":"publish","type":"product","link":"https:\/\/www.fasep.it\/fr\/produits\/demonte-pneus\/s263.001\/","title":{"rendered":"RGU5190"},"content":{"rendered":"<font color=\"#0055BB\"><strong>D\u00e9monte-pneus super automatique pour camions jusq&rsquo;\u00e0 60&Prime;.<\/font><\/strong><br>\r\nRGU5190 est le d\u00e9monte-pneu id\u00e9al pour les op\u00e9rations sur les roues de camions, d&rsquo;autobus, de tracteurs et de v\u00e9hicules de terrassement. Con\u00e7u pour traiter des roues pesant jusqu&rsquo;\u00e0 3000 kg, d&rsquo;une largeur allant jusqu&rsquo;\u00e0 1800 mm et d&rsquo;un diam\u00e8tre maximum de 3000 mm, RGU5190 est synonyme de robustesse et de polyvalence.<br>\r\n<br>\r\n<i>Caract\u00e9ristiques :<\/i>\r\n<ul><li><b>Capacit\u00e9 de Serrage<\/b>: Le mandrin peut serrer des jantes de 14 \u00e0 60&Prime; de diam\u00e8tre en utilisant des rallonges<\/li>\r\n<li><b>Large Zone de Travail<\/b>: La large zone de travail permet de travailler confortablement et en toute s\u00e9curit\u00e9<\/li>\r\n<li><b>Mouvement Ind\u00e9pendant<\/b>: Le mouvement ind\u00e9pendant du mandrin et du bras de la t\u00eate d&rsquo;outil permet une plus grande pr\u00e9cision et un meilleur contr\u00f4le tout au long du processus de montage et de d\u00e9montage des pneus<\/li>\r\n<\/ul>\r\nRGU5190 est la solution id\u00e9ale pour les professionnels qui ont besoin d&rsquo;un d\u00e9monte-pneu puissant et fiable pour les grands v\u00e9hicules. Gr\u00e2ce \u00e0 sa capacit\u00e9 \u00e0 manipuler des roues de grande taille et \u00e0 sa technologie avanc\u00e9e, il garantit des op\u00e9rations efficaces et s\u00fbres dans n&rsquo;importe quel contexte de travail.","protected":false},"excerpt":{"rendered":"<font color=\"#0055BB\"><strong>D\u00e9monte-pneus super automatique pour camions jusq&rsquo;\u00e0 60&Prime;.<\/font><\/strong><br>\r\nRGU5190 est le d\u00e9monte-pneu id\u00e9al pour les op\u00e9rations sur les roues de camions, d&rsquo;autobus, de tracteurs et de v\u00e9hicules de terrassement. Con\u00e7u pour traiter des roues pesant jusqu&rsquo;\u00e0 3000 kg, d&rsquo;une largeur allant jusqu&rsquo;\u00e0 1800 mm et d&rsquo;un diam\u00e8tre maximum de 3000 mm, RGU5190 est synonyme de robustesse et de polyvalence.<br>\r\n<br>\r\n<i>Caract\u00e9ristiques :<\/i>\r\n<ul><li><b>Capacit\u00e9 de Serrage<\/b>: Le mandrin peut serrer des jantes de 14 \u00e0 60&Prime; de diam\u00e8tre en utilisant des rallonges<\/li>\r\n<li><b>Large Zone de Travail<\/b>: La large zone de travail permet de travailler confortablement et en toute s\u00e9curit\u00e9<\/li>\r\n<li><b>Mouvement Ind\u00e9pendant<\/b>: Le mouvement ind\u00e9pendant du mandrin et du bras de la t\u00eate d&rsquo;outil permet une plus grande pr\u00e9cision et un meilleur contr\u00f4le tout au long du processus de montage et de d\u00e9montage des pneus<\/li>\r\n<\/ul>\r\nRGU5190 est la solution id\u00e9ale pour les professionnels qui ont besoin d&rsquo;un d\u00e9monte-pneu puissant et fiable pour les grands v\u00e9hicules. Gr\u00e2ce \u00e0 sa capacit\u00e9 \u00e0 manipuler des roues de grande taille et \u00e0 sa technologie avanc\u00e9e, il garantit des op\u00e9rations efficaces et s\u00fbres dans n&rsquo;importe quel contexte de travail.","protected":false},"featured_media":0,"template":"","meta":{"_acf_changed":false},"product_brand":[],"product_cat":[],"product_tag":[],"class_list":{"0":"post-7063","1":"product","2":"type-product","3":"status-publish","6":"first","7":"instock","8":"shipping-taxable","9":"product-type-simple"},"acf":[],"yoast_head":"<!-- This site is optimized with the Yoast SEO plugin v25.7 - https:\/\/yoast.com\/wordpress\/plugins\/seo\/ -->\n<title>RGU5190<\/title>\n<meta name=\"robots\" content=\"index, follow, max-snippet:-1, max-image-preview:large, max-video-preview:-1\" \/>\n<meta property=\"og:locale\" content=\"fr_FR\" \/>\n<meta property=\"og:type\" content=\"article\" \/>\n<meta property=\"og:title\" content=\"RGU5190\" \/>\n<meta property=\"og:description\" content=\"D\u00e9monte-pneus super automatique pour camions jusq&#039;\u00e0 60&quot;. RGU5190 est le d\u00e9monte-pneu id\u00e9al pour les op\u00e9rations sur les roues de camions, d&#039;autobus, de tracteurs et de v\u00e9hicules de terrassement. Con\u00e7u pour traiter des roues pesant jusqu&#039;\u00e0 3000 kg, d&#039;une largeur allant jusqu&#039;\u00e0 1800 mm et d&#039;un diam\u00e8tre maximum de 3000 mm, RGU5190 est synonyme de robustesse et de polyvalence.  Caract\u00e9ristiques : Capacit\u00e9 de Serrage: Le mandrin peut serrer des jantes de 14 \u00e0 60&quot; de diam\u00e8tre en utilisant des rallonges Large Zone de Travail: La large zone de travail permet de travailler confortablement et en toute s\u00e9curit\u00e9 Mouvement Ind\u00e9pendant: Le mouvement ind\u00e9pendant du mandrin et du bras de la t\u00eate d&#039;outil permet une plus grande pr\u00e9cision et un meilleur contr\u00f4le tout au long du processus de montage et de d\u00e9montage des pneus  RGU5190 est la solution id\u00e9ale pour les professionnels qui ont besoin d&#039;un d\u00e9monte-pneu puissant et fiable pour les grands v\u00e9hicules. Gr\u00e2ce \u00e0 sa capacit\u00e9 \u00e0 manipuler des roues de grande taille et \u00e0 sa technologie avanc\u00e9e, il garantit des op\u00e9rations efficaces et s\u00fbres dans n&#039;importe quel contexte de travail.\" \/>\n<meta property=\"og:url\" content=\"https:\/\/www.fasep.it\/fr\/produits\/demonte-pneus\/s263.001\/\" \/>\n<meta property=\"og:site_name\" content=\"Fasep 2000 srl\" \/>\n<meta property=\"article:modified_time\" content=\"2026-03-31T08:17:27+00:00\" \/>\n<meta name=\"twitter:card\" content=\"summary_large_image\" \/>\n<meta name=\"twitter:label1\" content=\"Dur\u00e9e de lecture estim\u00e9e\" \/>\n\t<meta name=\"twitter:data1\" content=\"1 minute\" \/>\n<script type=\"application\/ld+json\" class=\"yoast-schema-graph\">{\"@context\":\"https:\/\/schema.org\",\"@graph\":[{\"@type\":\"WebPage\",\"@id\":\"https:\/\/www.fasep.it\/fr\/produits\/demonte-pneus\/s263.001\/\",\"url\":\"https:\/\/www.fasep.it\/fr\/produits\/demonte-pneus\/s263.001\/\",\"name\":\"RGU5190\",\"isPartOf\":{\"@id\":\"https:\/\/www.fasep.it\/fr\/#website\"},\"datePublished\":\"2025-07-16T09:42:55+00:00\",\"dateModified\":\"2026-03-31T08:17:27+00:00\",\"breadcrumb\":{\"@id\":\"https:\/\/www.fasep.it\/fr\/produits\/demonte-pneus\/s263.001\/#breadcrumb\"},\"inLanguage\":\"fr-FR\",\"potentialAction\":[{\"@type\":\"ReadAction\",\"target\":[\"https:\/\/www.fasep.it\/fr\/produits\/demonte-pneus\/s263.001\/\"]}]},{\"@type\":\"BreadcrumbList\",\"@id\":\"https:\/\/www.fasep.it\/fr\/produits\/demonte-pneus\/s263.001\/#breadcrumb\",\"itemListElement\":[{\"@type\":\"ListItem\",\"position\":1,\"name\":\"Home\",\"item\":\"https:\/\/www.fasep.it\/fr\/\"},{\"@type\":\"ListItem\",\"position\":2,\"name\":\"Produits\",\"item\":\"https:\/\/www.fasep.it\/fr\/shop\/\"},{\"@type\":\"ListItem\",\"position\":3,\"name\":\"RGU5190\"}]},{\"@type\":\"WebSite\",\"@id\":\"https:\/\/www.fasep.it\/fr\/#website\",\"url\":\"https:\/\/www.fasep.it\/fr\/\",\"name\":\"Fasep 2000 srl\",\"description\":\"\",\"potentialAction\":[{\"@type\":\"SearchAction\",\"target\":{\"@type\":\"EntryPoint\",\"urlTemplate\":\"https:\/\/www.fasep.it\/fr\/?s={search_term_string}\"},\"query-input\":{\"@type\":\"PropertyValueSpecification\",\"valueRequired\":true,\"valueName\":\"search_term_string\"}}],\"inLanguage\":\"fr-FR\"}]}<\/script>\n<!-- \/ Yoast SEO plugin. -->","yoast_head_json":{"title":"RGU5190","robots":{"index":"index","follow":"follow","max-snippet":"max-snippet:-1","max-image-preview":"max-image-preview:large","max-video-preview":"max-video-preview:-1"},"og_locale":"fr_FR","og_type":"article","og_title":"RGU5190","og_description":"D\u00e9monte-pneus super automatique pour camions jusq'\u00e0 60\". RGU5190 est le d\u00e9monte-pneu id\u00e9al pour les op\u00e9rations sur les roues de camions, d'autobus, de tracteurs et de v\u00e9hicules de terrassement. Con\u00e7u pour traiter des roues pesant jusqu'\u00e0 3000 kg, d'une largeur allant jusqu'\u00e0 1800 mm et d'un diam\u00e8tre maximum de 3000 mm, RGU5190 est synonyme de robustesse et de polyvalence.  Caract\u00e9ristiques : Capacit\u00e9 de Serrage: Le mandrin peut serrer des jantes de 14 \u00e0 60\" de diam\u00e8tre en utilisant des rallonges Large Zone de Travail: La large zone de travail permet de travailler confortablement et en toute s\u00e9curit\u00e9 Mouvement Ind\u00e9pendant: Le mouvement ind\u00e9pendant du mandrin et du bras de la t\u00eate d'outil permet une plus grande pr\u00e9cision et un meilleur contr\u00f4le tout au long du processus de montage et de d\u00e9montage des pneus  RGU5190 est la solution id\u00e9ale pour les professionnels qui ont besoin d'un d\u00e9monte-pneu puissant et fiable pour les grands v\u00e9hicules. Gr\u00e2ce \u00e0 sa capacit\u00e9 \u00e0 manipuler des roues de grande taille et \u00e0 sa technologie avanc\u00e9e, il garantit des op\u00e9rations efficaces et s\u00fbres dans n'importe quel contexte de travail.","og_url":"https:\/\/www.fasep.it\/fr\/produits\/demonte-pneus\/s263.001\/","og_site_name":"Fasep 2000 srl","article_modified_time":"2026-03-31T08:17:27+00:00","twitter_card":"summary_large_image","twitter_misc":{"Dur\u00e9e de lecture estim\u00e9e":"1 minute"},"schema":{"@context":"https:\/\/schema.org","@graph":[{"@type":"WebPage","@id":"https:\/\/www.fasep.it\/fr\/produits\/demonte-pneus\/s263.001\/","url":"https:\/\/www.fasep.it\/fr\/produits\/demonte-pneus\/s263.001\/","name":"RGU5190","isPartOf":{"@id":"https:\/\/www.fasep.it\/fr\/#website"},"datePublished":"2025-07-16T09:42:55+00:00","dateModified":"2026-03-31T08:17:27+00:00","breadcrumb":{"@id":"https:\/\/www.fasep.it\/fr\/produits\/demonte-pneus\/s263.001\/#breadcrumb"},"inLanguage":"fr-FR","potentialAction":[{"@type":"ReadAction","target":["https:\/\/www.fasep.it\/fr\/produits\/demonte-pneus\/s263.001\/"]}]},{"@type":"BreadcrumbList","@id":"https:\/\/www.fasep.it\/fr\/produits\/demonte-pneus\/s263.001\/#breadcrumb","itemListElement":[{"@type":"ListItem","position":1,"name":"Home","item":"https:\/\/www.fasep.it\/fr\/"},{"@type":"ListItem","position":2,"name":"Produits","item":"https:\/\/www.fasep.it\/fr\/shop\/"},{"@type":"ListItem","position":3,"name":"RGU5190"}]},{"@type":"WebSite","@id":"https:\/\/www.fasep.it\/fr\/#website","url":"https:\/\/www.fasep.it\/fr\/","name":"Fasep 2000 srl","description":"","potentialAction":[{"@type":"SearchAction","target":{"@type":"EntryPoint","urlTemplate":"https:\/\/www.fasep.it\/fr\/?s={search_term_string}"},"query-input":{"@type":"PropertyValueSpecification","valueRequired":true,"valueName":"search_term_string"}}],"inLanguage":"fr-FR"}]}},"_links":{"self":[{"href":"https:\/\/www.fasep.it\/fr\/wp-json\/wp\/v2\/product\/7063","targetHints":{"allow":["GET"]}}],"collection":[{"href":"https:\/\/www.fasep.it\/fr\/wp-json\/wp\/v2\/product"}],"about":[{"href":"https:\/\/www.fasep.it\/fr\/wp-json\/wp\/v2\/types\/product"}],"wp:attachment":[{"href":"https:\/\/www.fasep.it\/fr\/wp-json\/wp\/v2\/media?parent=7063"}],"wp:term":[{"taxonomy":"product_brand","embeddable":true,"href":"https:\/\/www.fasep.it\/fr\/wp-json\/wp\/v2\/product_brand?post=7063"},{"taxonomy":"product_cat","embeddable":true,"href":"https:\/\/www.fasep.it\/fr\/wp-json\/wp\/v2\/product_cat?post=7063"},{"taxonomy":"product_tag","embeddable":true,"href":"https:\/\/www.fasep.it\/fr\/wp-json\/wp\/v2\/product_tag?post=7063"}],"curies":[{"name":"wp","href":"https:\/\/api.w.org\/{rel}","templated":true}]}}