{"id":7058,"date":"2025-07-16T11:43:01","date_gmt":"2025-07-16T09:43:01","guid":{"rendered":"https:\/\/www2.fasep.it\/produits\/\/fr-s199.002"},"modified":"2026-03-31T10:17:27","modified_gmt":"2026-03-31T08:17:27","slug":"fr-s199.002","status":"publish","type":"product","link":"https:\/\/www.fasep.it\/fr\/produits\/demonte-pneus\/s199.002\/","title":{"rendered":"RAE.2102.22"},"content":{"rendered":"<font color=\"#0055BB\"><strong>Automatique, solide et fiable, jusqu&rsquo;\u00e0 23&quot;.<\/strong><\/font><br>\r\nRAE.2102.22 est le d\u00e9monte-pneus automatique classique pour les voitures avec des jantes entre 10&quot; et 23&quot;. Robustesse et fiabilit\u00e9 sont les mots cl\u00e9s pour ce d\u00e9monte-pneu, qui, gr\u00e2ce aux accessoires qui permettent travaillant sur des roues avec un profil bas, c&rsquo;est le changeur de pneu qui donne le maximum avec une d\u00e9pense limit\u00e9e.","protected":false},"excerpt":{"rendered":"<font color=\"#0055BB\"><strong>Automatique, solide et fiable, jusqu&rsquo;\u00e0 23&Prime;.<\/strong><\/font><br>\r\nRAE.2102.22 est le d\u00e9monte-pneus automatique classique pour les voitures avec des jantes entre 10&Prime; et 23&Prime;. Robustesse et fiabilit\u00e9 sont les mots cl\u00e9s pour ce d\u00e9monte-pneu, qui, gr\u00e2ce aux accessoires qui permettent travaillant sur des roues avec un profil bas, c&rsquo;est le changeur de pneu qui donne le maximum avec une d\u00e9pense limit\u00e9e.","protected":false},"featured_media":0,"template":"","meta":{"_acf_changed":false},"product_brand":[],"product_cat":[],"product_tag":[],"class_list":{"0":"post-7058","1":"product","2":"type-product","3":"status-publish","6":"first","7":"instock","8":"shipping-taxable","9":"product-type-simple"},"acf":[],"yoast_head":"<!-- This site is optimized with the Yoast SEO plugin v25.7 - https:\/\/yoast.com\/wordpress\/plugins\/seo\/ -->\n<title>RAE.2102.22<\/title>\n<meta name=\"robots\" content=\"index, follow, max-snippet:-1, max-image-preview:large, max-video-preview:-1\" \/>\n<meta property=\"og:locale\" content=\"fr_FR\" \/>\n<meta property=\"og:type\" content=\"article\" \/>\n<meta property=\"og:title\" content=\"RAE.2102.22\" \/>\n<meta property=\"og:description\" content=\"Automatique, solide et fiable, jusqu&#039;\u00e0 23&quot;. RAE.2102.22 est le d\u00e9monte-pneus automatique classique pour les voitures avec des jantes entre 10&quot; et 23&quot;. Robustesse et fiabilit\u00e9 sont les mots cl\u00e9s pour ce d\u00e9monte-pneu, qui, gr\u00e2ce aux accessoires qui permettent travaillant sur des roues avec un profil bas, c&#039;est le changeur de pneu qui donne le maximum avec une d\u00e9pense limit\u00e9e.\" \/>\n<meta property=\"og:url\" content=\"https:\/\/www.fasep.it\/fr\/produits\/demonte-pneus\/s199.002\/\" \/>\n<meta property=\"og:site_name\" content=\"Fasep 2000 srl\" \/>\n<meta property=\"article:modified_time\" content=\"2026-03-31T08:17:27+00:00\" \/>\n<meta name=\"twitter:card\" content=\"summary_large_image\" \/>\n<script type=\"application\/ld+json\" class=\"yoast-schema-graph\">{\"@context\":\"https:\/\/schema.org\",\"@graph\":[{\"@type\":\"WebPage\",\"@id\":\"https:\/\/www.fasep.it\/fr\/produits\/demonte-pneus\/s199.002\/\",\"url\":\"https:\/\/www.fasep.it\/fr\/produits\/demonte-pneus\/s199.002\/\",\"name\":\"RAE.2102.22\",\"isPartOf\":{\"@id\":\"https:\/\/www.fasep.it\/fr\/#website\"},\"datePublished\":\"2025-07-16T09:43:01+00:00\",\"dateModified\":\"2026-03-31T08:17:27+00:00\",\"breadcrumb\":{\"@id\":\"https:\/\/www.fasep.it\/fr\/produits\/demonte-pneus\/s199.002\/#breadcrumb\"},\"inLanguage\":\"fr-FR\",\"potentialAction\":[{\"@type\":\"ReadAction\",\"target\":[\"https:\/\/www.fasep.it\/fr\/produits\/demonte-pneus\/s199.002\/\"]}]},{\"@type\":\"BreadcrumbList\",\"@id\":\"https:\/\/www.fasep.it\/fr\/produits\/demonte-pneus\/s199.002\/#breadcrumb\",\"itemListElement\":[{\"@type\":\"ListItem\",\"position\":1,\"name\":\"Home\",\"item\":\"https:\/\/www.fasep.it\/fr\/\"},{\"@type\":\"ListItem\",\"position\":2,\"name\":\"Produits\",\"item\":\"https:\/\/www.fasep.it\/fr\/shop\/\"},{\"@type\":\"ListItem\",\"position\":3,\"name\":\"RAE.2102.22\"}]},{\"@type\":\"WebSite\",\"@id\":\"https:\/\/www.fasep.it\/fr\/#website\",\"url\":\"https:\/\/www.fasep.it\/fr\/\",\"name\":\"Fasep 2000 srl\",\"description\":\"\",\"potentialAction\":[{\"@type\":\"SearchAction\",\"target\":{\"@type\":\"EntryPoint\",\"urlTemplate\":\"https:\/\/www.fasep.it\/fr\/?s={search_term_string}\"},\"query-input\":{\"@type\":\"PropertyValueSpecification\",\"valueRequired\":true,\"valueName\":\"search_term_string\"}}],\"inLanguage\":\"fr-FR\"}]}<\/script>\n<!-- \/ Yoast SEO plugin. -->","yoast_head_json":{"title":"RAE.2102.22","robots":{"index":"index","follow":"follow","max-snippet":"max-snippet:-1","max-image-preview":"max-image-preview:large","max-video-preview":"max-video-preview:-1"},"og_locale":"fr_FR","og_type":"article","og_title":"RAE.2102.22","og_description":"Automatique, solide et fiable, jusqu'\u00e0 23\". RAE.2102.22 est le d\u00e9monte-pneus automatique classique pour les voitures avec des jantes entre 10\" et 23\". Robustesse et fiabilit\u00e9 sont les mots cl\u00e9s pour ce d\u00e9monte-pneu, qui, gr\u00e2ce aux accessoires qui permettent travaillant sur des roues avec un profil bas, c'est le changeur de pneu qui donne le maximum avec une d\u00e9pense limit\u00e9e.","og_url":"https:\/\/www.fasep.it\/fr\/produits\/demonte-pneus\/s199.002\/","og_site_name":"Fasep 2000 srl","article_modified_time":"2026-03-31T08:17:27+00:00","twitter_card":"summary_large_image","schema":{"@context":"https:\/\/schema.org","@graph":[{"@type":"WebPage","@id":"https:\/\/www.fasep.it\/fr\/produits\/demonte-pneus\/s199.002\/","url":"https:\/\/www.fasep.it\/fr\/produits\/demonte-pneus\/s199.002\/","name":"RAE.2102.22","isPartOf":{"@id":"https:\/\/www.fasep.it\/fr\/#website"},"datePublished":"2025-07-16T09:43:01+00:00","dateModified":"2026-03-31T08:17:27+00:00","breadcrumb":{"@id":"https:\/\/www.fasep.it\/fr\/produits\/demonte-pneus\/s199.002\/#breadcrumb"},"inLanguage":"fr-FR","potentialAction":[{"@type":"ReadAction","target":["https:\/\/www.fasep.it\/fr\/produits\/demonte-pneus\/s199.002\/"]}]},{"@type":"BreadcrumbList","@id":"https:\/\/www.fasep.it\/fr\/produits\/demonte-pneus\/s199.002\/#breadcrumb","itemListElement":[{"@type":"ListItem","position":1,"name":"Home","item":"https:\/\/www.fasep.it\/fr\/"},{"@type":"ListItem","position":2,"name":"Produits","item":"https:\/\/www.fasep.it\/fr\/shop\/"},{"@type":"ListItem","position":3,"name":"RAE.2102.22"}]},{"@type":"WebSite","@id":"https:\/\/www.fasep.it\/fr\/#website","url":"https:\/\/www.fasep.it\/fr\/","name":"Fasep 2000 srl","description":"","potentialAction":[{"@type":"SearchAction","target":{"@type":"EntryPoint","urlTemplate":"https:\/\/www.fasep.it\/fr\/?s={search_term_string}"},"query-input":{"@type":"PropertyValueSpecification","valueRequired":true,"valueName":"search_term_string"}}],"inLanguage":"fr-FR"}]}},"_links":{"self":[{"href":"https:\/\/www.fasep.it\/fr\/wp-json\/wp\/v2\/product\/7058","targetHints":{"allow":["GET"]}}],"collection":[{"href":"https:\/\/www.fasep.it\/fr\/wp-json\/wp\/v2\/product"}],"about":[{"href":"https:\/\/www.fasep.it\/fr\/wp-json\/wp\/v2\/types\/product"}],"wp:attachment":[{"href":"https:\/\/www.fasep.it\/fr\/wp-json\/wp\/v2\/media?parent=7058"}],"wp:term":[{"taxonomy":"product_brand","embeddable":true,"href":"https:\/\/www.fasep.it\/fr\/wp-json\/wp\/v2\/product_brand?post=7058"},{"taxonomy":"product_cat","embeddable":true,"href":"https:\/\/www.fasep.it\/fr\/wp-json\/wp\/v2\/product_cat?post=7058"},{"taxonomy":"product_tag","embeddable":true,"href":"https:\/\/www.fasep.it\/fr\/wp-json\/wp\/v2\/product_tag?post=7058"}],"curies":[{"name":"wp","href":"https:\/\/api.w.org\/{rel}","templated":true}]}}