{"id":7056,"date":"2025-07-16T11:43:09","date_gmt":"2025-07-16T09:43:09","guid":{"rendered":"https:\/\/www2.fasep.it\/produits\/\/fr-s207.001"},"modified":"2026-03-31T10:17:26","modified_gmt":"2026-03-31T08:17:26","slug":"fr-s207.001","status":"publish","type":"product","link":"https:\/\/www.fasep.it\/fr\/produits\/demonte-pneus\/s207.001\/","title":{"rendered":"RAE.2108"},"content":{"rendered":"<font color=\"#0055BB\"><strong>Automatique, robuste et fiable, jusqu&rsquo;\u00e0 23&Prime;.<\/strong><\/font><br>\r\nLe RAE.2108 est un d\u00e9monte-pneu automatique parfaitement adapt\u00e9 aux voitures et motos avec jantes de dimensions comprises entre 10&Prime; et 23&Prime;, \u00e9quip\u00e9 d&rsquo;une rotation pneumatique du m\u00e2t h\u00e9lico\u00efdal. Robustesse et fiabilit\u00e9 constituent les atouts majeurs de ce d\u00e9monte-pneu qui, gr\u00e2ce au mouvement sp\u00e9cifique de son m\u00e2t, garantit une rigidit\u00e9 exceptionnelle, particuli\u00e8rement pr\u00e9cieuse pour le montage de pneumatiques \u00e0 profil surbaiss\u00e9.","protected":false},"excerpt":{"rendered":"<font color=\"#0055BB\"><strong>Automatique, robuste et fiable, jusqu&rsquo;\u00e0 23&Prime;.<\/strong><\/font><br>\r\nLe RAE.2108 est un d\u00e9monte-pneu automatique parfaitement adapt\u00e9 aux voitures et motos avec jantes de dimensions comprises entre 10&Prime; et 23&Prime;, \u00e9quip\u00e9 d&rsquo;une rotation pneumatique du m\u00e2t h\u00e9lico\u00efdal. Robustesse et fiabilit\u00e9 constituent les atouts majeurs de ce d\u00e9monte-pneu qui, gr\u00e2ce au mouvement sp\u00e9cifique de son m\u00e2t, garantit une rigidit\u00e9 exceptionnelle, particuli\u00e8rement pr\u00e9cieuse pour le montage de pneumatiques \u00e0 profil surbaiss\u00e9.","protected":false},"featured_media":0,"template":"","meta":{"_acf_changed":false},"product_brand":[],"product_cat":[],"product_tag":[],"class_list":{"0":"post-7056","1":"product","2":"type-product","3":"status-publish","6":"first","7":"instock","8":"shipping-taxable","9":"product-type-simple"},"acf":[],"yoast_head":"<!-- This site is optimized with the Yoast SEO plugin v25.7 - https:\/\/yoast.com\/wordpress\/plugins\/seo\/ -->\n<title>RAE.2108<\/title>\n<meta name=\"robots\" content=\"index, follow, max-snippet:-1, max-image-preview:large, max-video-preview:-1\" \/>\n<meta property=\"og:locale\" content=\"fr_FR\" \/>\n<meta property=\"og:type\" content=\"article\" \/>\n<meta property=\"og:title\" content=\"RAE.2108\" \/>\n<meta property=\"og:description\" content=\"Automatique, robuste et fiable, jusqu&#039;\u00e0 23&quot;. Le RAE.2108 est un d\u00e9monte-pneu automatique parfaitement adapt\u00e9 aux voitures et motos avec jantes de dimensions comprises entre 10&quot; et 23&quot;, \u00e9quip\u00e9 d&#039;une rotation pneumatique du m\u00e2t h\u00e9lico\u00efdal. Robustesse et fiabilit\u00e9 constituent les atouts majeurs de ce d\u00e9monte-pneu qui, gr\u00e2ce au mouvement sp\u00e9cifique de son m\u00e2t, garantit une rigidit\u00e9 exceptionnelle, particuli\u00e8rement pr\u00e9cieuse pour le montage de pneumatiques \u00e0 profil surbaiss\u00e9.\" \/>\n<meta property=\"og:url\" content=\"https:\/\/www.fasep.it\/fr\/produits\/demonte-pneus\/s207.001\/\" \/>\n<meta property=\"og:site_name\" content=\"Fasep 2000 srl\" \/>\n<meta property=\"article:modified_time\" content=\"2026-03-31T08:17:26+00:00\" \/>\n<meta name=\"twitter:card\" content=\"summary_large_image\" \/>\n<script type=\"application\/ld+json\" class=\"yoast-schema-graph\">{\"@context\":\"https:\/\/schema.org\",\"@graph\":[{\"@type\":\"WebPage\",\"@id\":\"https:\/\/www.fasep.it\/fr\/produits\/demonte-pneus\/s207.001\/\",\"url\":\"https:\/\/www.fasep.it\/fr\/produits\/demonte-pneus\/s207.001\/\",\"name\":\"RAE.2108\",\"isPartOf\":{\"@id\":\"https:\/\/www.fasep.it\/fr\/#website\"},\"datePublished\":\"2025-07-16T09:43:09+00:00\",\"dateModified\":\"2026-03-31T08:17:26+00:00\",\"breadcrumb\":{\"@id\":\"https:\/\/www.fasep.it\/fr\/produits\/demonte-pneus\/s207.001\/#breadcrumb\"},\"inLanguage\":\"fr-FR\",\"potentialAction\":[{\"@type\":\"ReadAction\",\"target\":[\"https:\/\/www.fasep.it\/fr\/produits\/demonte-pneus\/s207.001\/\"]}]},{\"@type\":\"BreadcrumbList\",\"@id\":\"https:\/\/www.fasep.it\/fr\/produits\/demonte-pneus\/s207.001\/#breadcrumb\",\"itemListElement\":[{\"@type\":\"ListItem\",\"position\":1,\"name\":\"Home\",\"item\":\"https:\/\/www.fasep.it\/fr\/\"},{\"@type\":\"ListItem\",\"position\":2,\"name\":\"Produits\",\"item\":\"https:\/\/www.fasep.it\/fr\/shop\/\"},{\"@type\":\"ListItem\",\"position\":3,\"name\":\"RAE.2108\"}]},{\"@type\":\"WebSite\",\"@id\":\"https:\/\/www.fasep.it\/fr\/#website\",\"url\":\"https:\/\/www.fasep.it\/fr\/\",\"name\":\"Fasep 2000 srl\",\"description\":\"\",\"potentialAction\":[{\"@type\":\"SearchAction\",\"target\":{\"@type\":\"EntryPoint\",\"urlTemplate\":\"https:\/\/www.fasep.it\/fr\/?s={search_term_string}\"},\"query-input\":{\"@type\":\"PropertyValueSpecification\",\"valueRequired\":true,\"valueName\":\"search_term_string\"}}],\"inLanguage\":\"fr-FR\"}]}<\/script>\n<!-- \/ Yoast SEO plugin. -->","yoast_head_json":{"title":"RAE.2108","robots":{"index":"index","follow":"follow","max-snippet":"max-snippet:-1","max-image-preview":"max-image-preview:large","max-video-preview":"max-video-preview:-1"},"og_locale":"fr_FR","og_type":"article","og_title":"RAE.2108","og_description":"Automatique, robuste et fiable, jusqu'\u00e0 23\". Le RAE.2108 est un d\u00e9monte-pneu automatique parfaitement adapt\u00e9 aux voitures et motos avec jantes de dimensions comprises entre 10\" et 23\", \u00e9quip\u00e9 d'une rotation pneumatique du m\u00e2t h\u00e9lico\u00efdal. Robustesse et fiabilit\u00e9 constituent les atouts majeurs de ce d\u00e9monte-pneu qui, gr\u00e2ce au mouvement sp\u00e9cifique de son m\u00e2t, garantit une rigidit\u00e9 exceptionnelle, particuli\u00e8rement pr\u00e9cieuse pour le montage de pneumatiques \u00e0 profil surbaiss\u00e9.","og_url":"https:\/\/www.fasep.it\/fr\/produits\/demonte-pneus\/s207.001\/","og_site_name":"Fasep 2000 srl","article_modified_time":"2026-03-31T08:17:26+00:00","twitter_card":"summary_large_image","schema":{"@context":"https:\/\/schema.org","@graph":[{"@type":"WebPage","@id":"https:\/\/www.fasep.it\/fr\/produits\/demonte-pneus\/s207.001\/","url":"https:\/\/www.fasep.it\/fr\/produits\/demonte-pneus\/s207.001\/","name":"RAE.2108","isPartOf":{"@id":"https:\/\/www.fasep.it\/fr\/#website"},"datePublished":"2025-07-16T09:43:09+00:00","dateModified":"2026-03-31T08:17:26+00:00","breadcrumb":{"@id":"https:\/\/www.fasep.it\/fr\/produits\/demonte-pneus\/s207.001\/#breadcrumb"},"inLanguage":"fr-FR","potentialAction":[{"@type":"ReadAction","target":["https:\/\/www.fasep.it\/fr\/produits\/demonte-pneus\/s207.001\/"]}]},{"@type":"BreadcrumbList","@id":"https:\/\/www.fasep.it\/fr\/produits\/demonte-pneus\/s207.001\/#breadcrumb","itemListElement":[{"@type":"ListItem","position":1,"name":"Home","item":"https:\/\/www.fasep.it\/fr\/"},{"@type":"ListItem","position":2,"name":"Produits","item":"https:\/\/www.fasep.it\/fr\/shop\/"},{"@type":"ListItem","position":3,"name":"RAE.2108"}]},{"@type":"WebSite","@id":"https:\/\/www.fasep.it\/fr\/#website","url":"https:\/\/www.fasep.it\/fr\/","name":"Fasep 2000 srl","description":"","potentialAction":[{"@type":"SearchAction","target":{"@type":"EntryPoint","urlTemplate":"https:\/\/www.fasep.it\/fr\/?s={search_term_string}"},"query-input":{"@type":"PropertyValueSpecification","valueRequired":true,"valueName":"search_term_string"}}],"inLanguage":"fr-FR"}]}},"_links":{"self":[{"href":"https:\/\/www.fasep.it\/fr\/wp-json\/wp\/v2\/product\/7056","targetHints":{"allow":["GET"]}}],"collection":[{"href":"https:\/\/www.fasep.it\/fr\/wp-json\/wp\/v2\/product"}],"about":[{"href":"https:\/\/www.fasep.it\/fr\/wp-json\/wp\/v2\/types\/product"}],"wp:attachment":[{"href":"https:\/\/www.fasep.it\/fr\/wp-json\/wp\/v2\/media?parent=7056"}],"wp:term":[{"taxonomy":"product_brand","embeddable":true,"href":"https:\/\/www.fasep.it\/fr\/wp-json\/wp\/v2\/product_brand?post=7056"},{"taxonomy":"product_cat","embeddable":true,"href":"https:\/\/www.fasep.it\/fr\/wp-json\/wp\/v2\/product_cat?post=7056"},{"taxonomy":"product_tag","embeddable":true,"href":"https:\/\/www.fasep.it\/fr\/wp-json\/wp\/v2\/product_tag?post=7056"}],"curies":[{"name":"wp","href":"https:\/\/api.w.org\/{rel}","templated":true}]}}