{"id":7053,"date":"2025-07-16T11:43:11","date_gmt":"2025-07-16T09:43:11","guid":{"rendered":"https:\/\/www2.fasep.it\/produits\/\/fr-s222.001"},"modified":"2026-03-31T10:17:26","modified_gmt":"2026-03-31T08:17:26","slug":"fr-s222.001","status":"publish","type":"product","link":"https:\/\/www.fasep.it\/fr\/produits\/demonte-pneus\/s222.001\/","title":{"rendered":"RASE.2115\r\n\r\n&nbsp;"},"content":{"rendered":"<font color=\"#0055BB\"><strong>Demonte pneus superautomatique jusq&rsquo;\u00e0 24&Prime;<\/strong><\/font><br>\r\nPour les garages g\u00e9n\u00e9raux et les ateliers au service du pneu ayant un volume pneumaticien moyen con\u00e7u pour fonctionner sur des roues de voitures, VUS et v\u00e9hicules utilitaires l\u00e9gers de poids et taille consid\u00e9rables. <br><br>\r\n\u00c9quip\u00e9e d&rsquo;un poteau vertical de dimensions augment\u00e9es et d&rsquo;un v\u00e9rin de freinage \u00e0 double effet avec la capacit\u00e9 de serrage de 12 \u00a0\u00bb \u00e0 24. <br><br>\r\nLa machine est \u00e9galement disponible dans la version avec dispositif de gonflage des pneus tubeless (version ti), avec plaque auto-centrante \u00e0 double vitesse de rotation (version 2 vitesses) et avec mouvement du bras vertical manuel ou pneumatique (version P).","protected":false},"excerpt":{"rendered":"<font color=\"#0055BB\"><strong>Demonte pneus superautomatique jusq&rsquo;\u00e0 24&Prime;<\/strong><\/font><br>\r\nPour les garages g\u00e9n\u00e9raux et les ateliers au service du pneu ayant un volume pneumaticien moyen con\u00e7u pour fonctionner sur des roues de voitures, VUS et v\u00e9hicules utilitaires l\u00e9gers de poids et taille consid\u00e9rables. <br><br>\r\n\u00c9quip\u00e9e d&rsquo;un poteau vertical de dimensions augment\u00e9es et d&rsquo;un v\u00e9rin de freinage \u00e0 double effet avec la capacit\u00e9 de serrage de 12 \u00a0\u00bb \u00e0 24. <br><br>\r\nLa machine est \u00e9galement disponible dans la version avec dispositif de gonflage des pneus tubeless (version ti), avec plaque auto-centrante \u00e0 double vitesse de rotation (version 2 vitesses) et avec mouvement du bras vertical manuel ou pneumatique (version P).","protected":false},"featured_media":0,"template":"","meta":{"_acf_changed":false},"product_brand":[],"product_cat":[],"product_tag":[],"class_list":{"0":"post-7053","1":"product","2":"type-product","3":"status-publish","6":"first","7":"instock","8":"shipping-taxable","9":"product-type-simple"},"acf":[],"yoast_head":"<!-- This site is optimized with the Yoast SEO plugin v25.7 - https:\/\/yoast.com\/wordpress\/plugins\/seo\/ -->\n<title>RASE.2115  &nbsp;<\/title>\n<meta name=\"robots\" content=\"index, follow, max-snippet:-1, max-image-preview:large, max-video-preview:-1\" \/>\n<meta property=\"og:locale\" content=\"fr_FR\" \/>\n<meta property=\"og:type\" content=\"article\" \/>\n<meta property=\"og:title\" content=\"RASE.2115  &nbsp;\" \/>\n<meta property=\"og:description\" content=\"Demonte pneus superautomatique jusq&#039;\u00e0 24&quot; Pour les garages g\u00e9n\u00e9raux et les ateliers au service du pneu ayant un volume pneumaticien moyen con\u00e7u pour fonctionner sur des roues de voitures, VUS et v\u00e9hicules utilitaires l\u00e9gers de poids et taille consid\u00e9rables.  \u00c9quip\u00e9e d&#039;un poteau vertical de dimensions augment\u00e9es et d&#039;un v\u00e9rin de freinage \u00e0 double effet avec la capacit\u00e9 de serrage de 12 &#039;&#039; \u00e0 24.  La machine est \u00e9galement disponible dans la version avec dispositif de gonflage des pneus tubeless (version ti), avec plaque auto-centrante \u00e0 double vitesse de rotation (version 2 vitesses) et avec mouvement du bras vertical manuel ou pneumatique (version P).\" \/>\n<meta property=\"og:url\" content=\"https:\/\/www.fasep.it\/fr\/produits\/demonte-pneus\/s222.001\/\" \/>\n<meta property=\"og:site_name\" content=\"Fasep 2000 srl\" \/>\n<meta property=\"article:modified_time\" content=\"2026-03-31T08:17:26+00:00\" \/>\n<meta name=\"twitter:card\" content=\"summary_large_image\" \/>\n<meta name=\"twitter:label1\" content=\"Dur\u00e9e de lecture estim\u00e9e\" \/>\n\t<meta name=\"twitter:data1\" content=\"1 minute\" \/>\n<script type=\"application\/ld+json\" class=\"yoast-schema-graph\">{\"@context\":\"https:\/\/schema.org\",\"@graph\":[{\"@type\":\"WebPage\",\"@id\":\"https:\/\/www.fasep.it\/fr\/produits\/demonte-pneus\/s222.001\/\",\"url\":\"https:\/\/www.fasep.it\/fr\/produits\/demonte-pneus\/s222.001\/\",\"name\":\"RASE.2115 &nbsp;\",\"isPartOf\":{\"@id\":\"https:\/\/www.fasep.it\/fr\/#website\"},\"datePublished\":\"2025-07-16T09:43:11+00:00\",\"dateModified\":\"2026-03-31T08:17:26+00:00\",\"breadcrumb\":{\"@id\":\"https:\/\/www.fasep.it\/fr\/produits\/demonte-pneus\/s222.001\/#breadcrumb\"},\"inLanguage\":\"fr-FR\",\"potentialAction\":[{\"@type\":\"ReadAction\",\"target\":[\"https:\/\/www.fasep.it\/fr\/produits\/demonte-pneus\/s222.001\/\"]}]},{\"@type\":\"BreadcrumbList\",\"@id\":\"https:\/\/www.fasep.it\/fr\/produits\/demonte-pneus\/s222.001\/#breadcrumb\",\"itemListElement\":[{\"@type\":\"ListItem\",\"position\":1,\"name\":\"Home\",\"item\":\"https:\/\/www.fasep.it\/fr\/\"},{\"@type\":\"ListItem\",\"position\":2,\"name\":\"Produits\",\"item\":\"https:\/\/www.fasep.it\/fr\/shop\/\"},{\"@type\":\"ListItem\",\"position\":3,\"name\":\"RASE.2115 &nbsp;\"}]},{\"@type\":\"WebSite\",\"@id\":\"https:\/\/www.fasep.it\/fr\/#website\",\"url\":\"https:\/\/www.fasep.it\/fr\/\",\"name\":\"Fasep 2000 srl\",\"description\":\"\",\"potentialAction\":[{\"@type\":\"SearchAction\",\"target\":{\"@type\":\"EntryPoint\",\"urlTemplate\":\"https:\/\/www.fasep.it\/fr\/?s={search_term_string}\"},\"query-input\":{\"@type\":\"PropertyValueSpecification\",\"valueRequired\":true,\"valueName\":\"search_term_string\"}}],\"inLanguage\":\"fr-FR\"}]}<\/script>\n<!-- \/ Yoast SEO plugin. -->","yoast_head_json":{"title":"RASE.2115  &nbsp;","robots":{"index":"index","follow":"follow","max-snippet":"max-snippet:-1","max-image-preview":"max-image-preview:large","max-video-preview":"max-video-preview:-1"},"og_locale":"fr_FR","og_type":"article","og_title":"RASE.2115  &nbsp;","og_description":"Demonte pneus superautomatique jusq'\u00e0 24\" Pour les garages g\u00e9n\u00e9raux et les ateliers au service du pneu ayant un volume pneumaticien moyen con\u00e7u pour fonctionner sur des roues de voitures, VUS et v\u00e9hicules utilitaires l\u00e9gers de poids et taille consid\u00e9rables.  \u00c9quip\u00e9e d'un poteau vertical de dimensions augment\u00e9es et d'un v\u00e9rin de freinage \u00e0 double effet avec la capacit\u00e9 de serrage de 12 '' \u00e0 24.  La machine est \u00e9galement disponible dans la version avec dispositif de gonflage des pneus tubeless (version ti), avec plaque auto-centrante \u00e0 double vitesse de rotation (version 2 vitesses) et avec mouvement du bras vertical manuel ou pneumatique (version P).","og_url":"https:\/\/www.fasep.it\/fr\/produits\/demonte-pneus\/s222.001\/","og_site_name":"Fasep 2000 srl","article_modified_time":"2026-03-31T08:17:26+00:00","twitter_card":"summary_large_image","twitter_misc":{"Dur\u00e9e de lecture estim\u00e9e":"1 minute"},"schema":{"@context":"https:\/\/schema.org","@graph":[{"@type":"WebPage","@id":"https:\/\/www.fasep.it\/fr\/produits\/demonte-pneus\/s222.001\/","url":"https:\/\/www.fasep.it\/fr\/produits\/demonte-pneus\/s222.001\/","name":"RASE.2115 &nbsp;","isPartOf":{"@id":"https:\/\/www.fasep.it\/fr\/#website"},"datePublished":"2025-07-16T09:43:11+00:00","dateModified":"2026-03-31T08:17:26+00:00","breadcrumb":{"@id":"https:\/\/www.fasep.it\/fr\/produits\/demonte-pneus\/s222.001\/#breadcrumb"},"inLanguage":"fr-FR","potentialAction":[{"@type":"ReadAction","target":["https:\/\/www.fasep.it\/fr\/produits\/demonte-pneus\/s222.001\/"]}]},{"@type":"BreadcrumbList","@id":"https:\/\/www.fasep.it\/fr\/produits\/demonte-pneus\/s222.001\/#breadcrumb","itemListElement":[{"@type":"ListItem","position":1,"name":"Home","item":"https:\/\/www.fasep.it\/fr\/"},{"@type":"ListItem","position":2,"name":"Produits","item":"https:\/\/www.fasep.it\/fr\/shop\/"},{"@type":"ListItem","position":3,"name":"RASE.2115 &nbsp;"}]},{"@type":"WebSite","@id":"https:\/\/www.fasep.it\/fr\/#website","url":"https:\/\/www.fasep.it\/fr\/","name":"Fasep 2000 srl","description":"","potentialAction":[{"@type":"SearchAction","target":{"@type":"EntryPoint","urlTemplate":"https:\/\/www.fasep.it\/fr\/?s={search_term_string}"},"query-input":{"@type":"PropertyValueSpecification","valueRequired":true,"valueName":"search_term_string"}}],"inLanguage":"fr-FR"}]}},"_links":{"self":[{"href":"https:\/\/www.fasep.it\/fr\/wp-json\/wp\/v2\/product\/7053","targetHints":{"allow":["GET"]}}],"collection":[{"href":"https:\/\/www.fasep.it\/fr\/wp-json\/wp\/v2\/product"}],"about":[{"href":"https:\/\/www.fasep.it\/fr\/wp-json\/wp\/v2\/types\/product"}],"wp:attachment":[{"href":"https:\/\/www.fasep.it\/fr\/wp-json\/wp\/v2\/media?parent=7053"}],"wp:term":[{"taxonomy":"product_brand","embeddable":true,"href":"https:\/\/www.fasep.it\/fr\/wp-json\/wp\/v2\/product_brand?post=7053"},{"taxonomy":"product_cat","embeddable":true,"href":"https:\/\/www.fasep.it\/fr\/wp-json\/wp\/v2\/product_cat?post=7053"},{"taxonomy":"product_tag","embeddable":true,"href":"https:\/\/www.fasep.it\/fr\/wp-json\/wp\/v2\/product_tag?post=7053"}],"curies":[{"name":"wp","href":"https:\/\/api.w.org\/{rel}","templated":true}]}}