{"id":7052,"date":"2025-07-16T11:43:17","date_gmt":"2025-07-16T09:43:17","guid":{"rendered":"https:\/\/www2.fasep.it\/produits\/\/fr-s264.001"},"modified":"2026-03-31T10:17:26","modified_gmt":"2026-03-31T08:17:26","slug":"fr-s264.001","status":"publish","type":"product","link":"https:\/\/www.fasep.it\/fr\/produits\/demonte-pneus\/s264.001\/","title":{"rendered":"RASE.2134"},"content":{"rendered":"<font color=\"#0055BB\"><strong>Super Automatique jusqu&rsquo;\u00e0 26&Prime;.<\/strong><\/font><br>\r\nPour les stations-service et les garages ayant un volume de travail moyen, con\u00e7u pour fonctionner sur les roues des voitures, des SUV et des v\u00e9hicules utilitaires l\u00e9gers de poids et de taille consid\u00e9rables.<br>\r\n<br>\r\nRASE.2134 est un d\u00e9monte-pneus super automatique pour roues de voitures et de motos avec des jantes jusqu&rsquo;\u00e0 26&quot; avec des pinces de roues r\u00e9glables. Il combine fiabilit\u00e9 et solidit\u00e9 surpassant toute concurrence. Un ensemble complet d&rsquo;accessoires permet d&rsquo;op\u00e9rer sur des pneus \u00e0 profil bas avec une facilit\u00e9 absolue.","protected":false},"excerpt":{"rendered":"<font color=\"#0055BB\"><strong>Super Automatique jusqu&rsquo;\u00e0 26&Prime;.<\/strong><\/font><br>\r\nPour les stations-service et les garages ayant un volume de travail moyen, con\u00e7u pour fonctionner sur les roues des voitures, des SUV et des v\u00e9hicules utilitaires l\u00e9gers de poids et de taille consid\u00e9rables.<br>\r\n<br>\r\nRASE.2134 est un d\u00e9monte-pneus super automatique pour roues de voitures et de motos avec des jantes jusqu&rsquo;\u00e0 26&Prime; avec des pinces de roues r\u00e9glables. Il combine fiabilit\u00e9 et solidit\u00e9 surpassant toute concurrence. Un ensemble complet d&rsquo;accessoires permet d&rsquo;op\u00e9rer sur des pneus \u00e0 profil bas avec une facilit\u00e9 absolue.","protected":false},"featured_media":0,"template":"","meta":{"_acf_changed":false},"product_brand":[],"product_cat":[],"product_tag":[],"class_list":{"0":"post-7052","1":"product","2":"type-product","3":"status-publish","6":"first","7":"instock","8":"shipping-taxable","9":"product-type-simple"},"acf":[],"yoast_head":"<!-- This site is optimized with the Yoast SEO plugin v25.7 - https:\/\/yoast.com\/wordpress\/plugins\/seo\/ -->\n<title>RASE.2134<\/title>\n<meta name=\"robots\" content=\"index, follow, max-snippet:-1, max-image-preview:large, max-video-preview:-1\" \/>\n<meta property=\"og:locale\" content=\"fr_FR\" \/>\n<meta property=\"og:type\" content=\"article\" \/>\n<meta property=\"og:title\" content=\"RASE.2134\" \/>\n<meta property=\"og:description\" content=\"Super Automatique jusqu&#039;\u00e0 26&quot;. Pour les stations-service et les garages ayant un volume de travail moyen, con\u00e7u pour fonctionner sur les roues des voitures, des SUV et des v\u00e9hicules utilitaires l\u00e9gers de poids et de taille consid\u00e9rables.  RASE.2134 est un d\u00e9monte-pneus super automatique pour roues de voitures et de motos avec des jantes jusqu&#039;\u00e0 26&quot; avec des pinces de roues r\u00e9glables. Il combine fiabilit\u00e9 et solidit\u00e9 surpassant toute concurrence. Un ensemble complet d&#039;accessoires permet d&#039;op\u00e9rer sur des pneus \u00e0 profil bas avec une facilit\u00e9 absolue.\" \/>\n<meta property=\"og:url\" content=\"https:\/\/www.fasep.it\/fr\/produits\/demonte-pneus\/s264.001\/\" \/>\n<meta property=\"og:site_name\" content=\"Fasep 2000 srl\" \/>\n<meta property=\"article:modified_time\" content=\"2026-03-31T08:17:26+00:00\" \/>\n<meta name=\"twitter:card\" content=\"summary_large_image\" \/>\n<script type=\"application\/ld+json\" class=\"yoast-schema-graph\">{\"@context\":\"https:\/\/schema.org\",\"@graph\":[{\"@type\":\"WebPage\",\"@id\":\"https:\/\/www.fasep.it\/fr\/produits\/demonte-pneus\/s264.001\/\",\"url\":\"https:\/\/www.fasep.it\/fr\/produits\/demonte-pneus\/s264.001\/\",\"name\":\"RASE.2134\",\"isPartOf\":{\"@id\":\"https:\/\/www.fasep.it\/fr\/#website\"},\"datePublished\":\"2025-07-16T09:43:17+00:00\",\"dateModified\":\"2026-03-31T08:17:26+00:00\",\"breadcrumb\":{\"@id\":\"https:\/\/www.fasep.it\/fr\/produits\/demonte-pneus\/s264.001\/#breadcrumb\"},\"inLanguage\":\"fr-FR\",\"potentialAction\":[{\"@type\":\"ReadAction\",\"target\":[\"https:\/\/www.fasep.it\/fr\/produits\/demonte-pneus\/s264.001\/\"]}]},{\"@type\":\"BreadcrumbList\",\"@id\":\"https:\/\/www.fasep.it\/fr\/produits\/demonte-pneus\/s264.001\/#breadcrumb\",\"itemListElement\":[{\"@type\":\"ListItem\",\"position\":1,\"name\":\"Home\",\"item\":\"https:\/\/www.fasep.it\/fr\/\"},{\"@type\":\"ListItem\",\"position\":2,\"name\":\"Produits\",\"item\":\"https:\/\/www.fasep.it\/fr\/shop\/\"},{\"@type\":\"ListItem\",\"position\":3,\"name\":\"RASE.2134\"}]},{\"@type\":\"WebSite\",\"@id\":\"https:\/\/www.fasep.it\/fr\/#website\",\"url\":\"https:\/\/www.fasep.it\/fr\/\",\"name\":\"Fasep 2000 srl\",\"description\":\"\",\"potentialAction\":[{\"@type\":\"SearchAction\",\"target\":{\"@type\":\"EntryPoint\",\"urlTemplate\":\"https:\/\/www.fasep.it\/fr\/?s={search_term_string}\"},\"query-input\":{\"@type\":\"PropertyValueSpecification\",\"valueRequired\":true,\"valueName\":\"search_term_string\"}}],\"inLanguage\":\"fr-FR\"}]}<\/script>\n<!-- \/ Yoast SEO plugin. -->","yoast_head_json":{"title":"RASE.2134","robots":{"index":"index","follow":"follow","max-snippet":"max-snippet:-1","max-image-preview":"max-image-preview:large","max-video-preview":"max-video-preview:-1"},"og_locale":"fr_FR","og_type":"article","og_title":"RASE.2134","og_description":"Super Automatique jusqu'\u00e0 26\". Pour les stations-service et les garages ayant un volume de travail moyen, con\u00e7u pour fonctionner sur les roues des voitures, des SUV et des v\u00e9hicules utilitaires l\u00e9gers de poids et de taille consid\u00e9rables.  RASE.2134 est un d\u00e9monte-pneus super automatique pour roues de voitures et de motos avec des jantes jusqu'\u00e0 26\" avec des pinces de roues r\u00e9glables. Il combine fiabilit\u00e9 et solidit\u00e9 surpassant toute concurrence. Un ensemble complet d'accessoires permet d'op\u00e9rer sur des pneus \u00e0 profil bas avec une facilit\u00e9 absolue.","og_url":"https:\/\/www.fasep.it\/fr\/produits\/demonte-pneus\/s264.001\/","og_site_name":"Fasep 2000 srl","article_modified_time":"2026-03-31T08:17:26+00:00","twitter_card":"summary_large_image","schema":{"@context":"https:\/\/schema.org","@graph":[{"@type":"WebPage","@id":"https:\/\/www.fasep.it\/fr\/produits\/demonte-pneus\/s264.001\/","url":"https:\/\/www.fasep.it\/fr\/produits\/demonte-pneus\/s264.001\/","name":"RASE.2134","isPartOf":{"@id":"https:\/\/www.fasep.it\/fr\/#website"},"datePublished":"2025-07-16T09:43:17+00:00","dateModified":"2026-03-31T08:17:26+00:00","breadcrumb":{"@id":"https:\/\/www.fasep.it\/fr\/produits\/demonte-pneus\/s264.001\/#breadcrumb"},"inLanguage":"fr-FR","potentialAction":[{"@type":"ReadAction","target":["https:\/\/www.fasep.it\/fr\/produits\/demonte-pneus\/s264.001\/"]}]},{"@type":"BreadcrumbList","@id":"https:\/\/www.fasep.it\/fr\/produits\/demonte-pneus\/s264.001\/#breadcrumb","itemListElement":[{"@type":"ListItem","position":1,"name":"Home","item":"https:\/\/www.fasep.it\/fr\/"},{"@type":"ListItem","position":2,"name":"Produits","item":"https:\/\/www.fasep.it\/fr\/shop\/"},{"@type":"ListItem","position":3,"name":"RASE.2134"}]},{"@type":"WebSite","@id":"https:\/\/www.fasep.it\/fr\/#website","url":"https:\/\/www.fasep.it\/fr\/","name":"Fasep 2000 srl","description":"","potentialAction":[{"@type":"SearchAction","target":{"@type":"EntryPoint","urlTemplate":"https:\/\/www.fasep.it\/fr\/?s={search_term_string}"},"query-input":{"@type":"PropertyValueSpecification","valueRequired":true,"valueName":"search_term_string"}}],"inLanguage":"fr-FR"}]}},"_links":{"self":[{"href":"https:\/\/www.fasep.it\/fr\/wp-json\/wp\/v2\/product\/7052","targetHints":{"allow":["GET"]}}],"collection":[{"href":"https:\/\/www.fasep.it\/fr\/wp-json\/wp\/v2\/product"}],"about":[{"href":"https:\/\/www.fasep.it\/fr\/wp-json\/wp\/v2\/types\/product"}],"wp:attachment":[{"href":"https:\/\/www.fasep.it\/fr\/wp-json\/wp\/v2\/media?parent=7052"}],"wp:term":[{"taxonomy":"product_brand","embeddable":true,"href":"https:\/\/www.fasep.it\/fr\/wp-json\/wp\/v2\/product_brand?post=7052"},{"taxonomy":"product_cat","embeddable":true,"href":"https:\/\/www.fasep.it\/fr\/wp-json\/wp\/v2\/product_cat?post=7052"},{"taxonomy":"product_tag","embeddable":true,"href":"https:\/\/www.fasep.it\/fr\/wp-json\/wp\/v2\/product_tag?post=7052"}],"curies":[{"name":"wp","href":"https:\/\/api.w.org\/{rel}","templated":true}]}}