{"id":7051,"date":"2025-07-16T11:43:15","date_gmt":"2025-07-16T09:43:15","guid":{"rendered":"https:\/\/www2.fasep.it\/produits\/\/fr-s265.001"},"modified":"2026-03-31T10:17:25","modified_gmt":"2026-03-31T08:17:25","slug":"fr-s265.001","status":"publish","type":"product","link":"https:\/\/www.fasep.it\/fr\/produits\/demonte-pneus\/s265.001\/","title":{"rendered":"RASE.TOP.2135"},"content":{"rendered":"<font color=\"#0055BB\"><strong>Super automatique sans levier jusqu&rsquo;\u00e0 25&Prime;.<\/strong><\/font><br>\r\nRASE.TOP.2135 est un d\u00e9monte-pneu super automatique, con\u00e7u pour les sp\u00e9cialistes du pneu, n\u00e9cessaire pour les pneus surdimensionn\u00e9s et de course. Il r\u00e9unit la simplicit\u00e9 et la praticit\u00e9 des d\u00e9monte-pneus traditionnels avec la praticit\u00e9 d&rsquo;utilisation sur les pneus Run-Flat de la nouvelle machine avec Leverless, \u00e0 un co\u00fbt raisonnable.","protected":false},"excerpt":{"rendered":"<font color=\"#0055BB\"><strong>Super automatique sans levier jusqu&rsquo;\u00e0 25&Prime;.<\/strong><\/font><br>\r\nRASE.TOP.2135 est un d\u00e9monte-pneu super automatique, con\u00e7u pour les sp\u00e9cialistes du pneu, n\u00e9cessaire pour les pneus surdimensionn\u00e9s et de course. Il r\u00e9unit la simplicit\u00e9 et la praticit\u00e9 des d\u00e9monte-pneus traditionnels avec la praticit\u00e9 d&rsquo;utilisation sur les pneus Run-Flat de la nouvelle machine avec Leverless, \u00e0 un co\u00fbt raisonnable.","protected":false},"featured_media":0,"template":"","meta":{"_acf_changed":false},"product_brand":[],"product_cat":[],"product_tag":[],"class_list":{"0":"post-7051","1":"product","2":"type-product","3":"status-publish","6":"first","7":"instock","8":"shipping-taxable","9":"product-type-simple"},"acf":[],"yoast_head":"<!-- This site is optimized with the Yoast SEO plugin v25.7 - https:\/\/yoast.com\/wordpress\/plugins\/seo\/ -->\n<title>RASE.TOP.2135<\/title>\n<meta name=\"robots\" content=\"index, follow, max-snippet:-1, max-image-preview:large, max-video-preview:-1\" \/>\n<meta property=\"og:locale\" content=\"fr_FR\" \/>\n<meta property=\"og:type\" content=\"article\" \/>\n<meta property=\"og:title\" content=\"RASE.TOP.2135\" \/>\n<meta property=\"og:description\" content=\"Super automatique sans levier jusqu&#039;\u00e0 25&quot;. RASE.TOP.2135 est un d\u00e9monte-pneu super automatique, con\u00e7u pour les sp\u00e9cialistes du pneu, n\u00e9cessaire pour les pneus surdimensionn\u00e9s et de course. Il r\u00e9unit la simplicit\u00e9 et la praticit\u00e9 des d\u00e9monte-pneus traditionnels avec la praticit\u00e9 d&#039;utilisation sur les pneus Run-Flat de la nouvelle machine avec Leverless, \u00e0 un co\u00fbt raisonnable.\" \/>\n<meta property=\"og:url\" content=\"https:\/\/www.fasep.it\/fr\/produits\/demonte-pneus\/s265.001\/\" \/>\n<meta property=\"og:site_name\" content=\"Fasep 2000 srl\" \/>\n<meta property=\"article:modified_time\" content=\"2026-03-31T08:17:25+00:00\" \/>\n<meta name=\"twitter:card\" content=\"summary_large_image\" \/>\n<script type=\"application\/ld+json\" class=\"yoast-schema-graph\">{\"@context\":\"https:\/\/schema.org\",\"@graph\":[{\"@type\":\"WebPage\",\"@id\":\"https:\/\/www.fasep.it\/fr\/produits\/demonte-pneus\/s265.001\/\",\"url\":\"https:\/\/www.fasep.it\/fr\/produits\/demonte-pneus\/s265.001\/\",\"name\":\"RASE.TOP.2135\",\"isPartOf\":{\"@id\":\"https:\/\/www.fasep.it\/fr\/#website\"},\"datePublished\":\"2025-07-16T09:43:15+00:00\",\"dateModified\":\"2026-03-31T08:17:25+00:00\",\"breadcrumb\":{\"@id\":\"https:\/\/www.fasep.it\/fr\/produits\/demonte-pneus\/s265.001\/#breadcrumb\"},\"inLanguage\":\"fr-FR\",\"potentialAction\":[{\"@type\":\"ReadAction\",\"target\":[\"https:\/\/www.fasep.it\/fr\/produits\/demonte-pneus\/s265.001\/\"]}]},{\"@type\":\"BreadcrumbList\",\"@id\":\"https:\/\/www.fasep.it\/fr\/produits\/demonte-pneus\/s265.001\/#breadcrumb\",\"itemListElement\":[{\"@type\":\"ListItem\",\"position\":1,\"name\":\"Home\",\"item\":\"https:\/\/www.fasep.it\/fr\/\"},{\"@type\":\"ListItem\",\"position\":2,\"name\":\"Produits\",\"item\":\"https:\/\/www.fasep.it\/fr\/shop\/\"},{\"@type\":\"ListItem\",\"position\":3,\"name\":\"RASE.TOP.2135\"}]},{\"@type\":\"WebSite\",\"@id\":\"https:\/\/www.fasep.it\/fr\/#website\",\"url\":\"https:\/\/www.fasep.it\/fr\/\",\"name\":\"Fasep 2000 srl\",\"description\":\"\",\"potentialAction\":[{\"@type\":\"SearchAction\",\"target\":{\"@type\":\"EntryPoint\",\"urlTemplate\":\"https:\/\/www.fasep.it\/fr\/?s={search_term_string}\"},\"query-input\":{\"@type\":\"PropertyValueSpecification\",\"valueRequired\":true,\"valueName\":\"search_term_string\"}}],\"inLanguage\":\"fr-FR\"}]}<\/script>\n<!-- \/ Yoast SEO plugin. -->","yoast_head_json":{"title":"RASE.TOP.2135","robots":{"index":"index","follow":"follow","max-snippet":"max-snippet:-1","max-image-preview":"max-image-preview:large","max-video-preview":"max-video-preview:-1"},"og_locale":"fr_FR","og_type":"article","og_title":"RASE.TOP.2135","og_description":"Super automatique sans levier jusqu'\u00e0 25\". RASE.TOP.2135 est un d\u00e9monte-pneu super automatique, con\u00e7u pour les sp\u00e9cialistes du pneu, n\u00e9cessaire pour les pneus surdimensionn\u00e9s et de course. Il r\u00e9unit la simplicit\u00e9 et la praticit\u00e9 des d\u00e9monte-pneus traditionnels avec la praticit\u00e9 d'utilisation sur les pneus Run-Flat de la nouvelle machine avec Leverless, \u00e0 un co\u00fbt raisonnable.","og_url":"https:\/\/www.fasep.it\/fr\/produits\/demonte-pneus\/s265.001\/","og_site_name":"Fasep 2000 srl","article_modified_time":"2026-03-31T08:17:25+00:00","twitter_card":"summary_large_image","schema":{"@context":"https:\/\/schema.org","@graph":[{"@type":"WebPage","@id":"https:\/\/www.fasep.it\/fr\/produits\/demonte-pneus\/s265.001\/","url":"https:\/\/www.fasep.it\/fr\/produits\/demonte-pneus\/s265.001\/","name":"RASE.TOP.2135","isPartOf":{"@id":"https:\/\/www.fasep.it\/fr\/#website"},"datePublished":"2025-07-16T09:43:15+00:00","dateModified":"2026-03-31T08:17:25+00:00","breadcrumb":{"@id":"https:\/\/www.fasep.it\/fr\/produits\/demonte-pneus\/s265.001\/#breadcrumb"},"inLanguage":"fr-FR","potentialAction":[{"@type":"ReadAction","target":["https:\/\/www.fasep.it\/fr\/produits\/demonte-pneus\/s265.001\/"]}]},{"@type":"BreadcrumbList","@id":"https:\/\/www.fasep.it\/fr\/produits\/demonte-pneus\/s265.001\/#breadcrumb","itemListElement":[{"@type":"ListItem","position":1,"name":"Home","item":"https:\/\/www.fasep.it\/fr\/"},{"@type":"ListItem","position":2,"name":"Produits","item":"https:\/\/www.fasep.it\/fr\/shop\/"},{"@type":"ListItem","position":3,"name":"RASE.TOP.2135"}]},{"@type":"WebSite","@id":"https:\/\/www.fasep.it\/fr\/#website","url":"https:\/\/www.fasep.it\/fr\/","name":"Fasep 2000 srl","description":"","potentialAction":[{"@type":"SearchAction","target":{"@type":"EntryPoint","urlTemplate":"https:\/\/www.fasep.it\/fr\/?s={search_term_string}"},"query-input":{"@type":"PropertyValueSpecification","valueRequired":true,"valueName":"search_term_string"}}],"inLanguage":"fr-FR"}]}},"_links":{"self":[{"href":"https:\/\/www.fasep.it\/fr\/wp-json\/wp\/v2\/product\/7051","targetHints":{"allow":["GET"]}}],"collection":[{"href":"https:\/\/www.fasep.it\/fr\/wp-json\/wp\/v2\/product"}],"about":[{"href":"https:\/\/www.fasep.it\/fr\/wp-json\/wp\/v2\/types\/product"}],"wp:attachment":[{"href":"https:\/\/www.fasep.it\/fr\/wp-json\/wp\/v2\/media?parent=7051"}],"wp:term":[{"taxonomy":"product_brand","embeddable":true,"href":"https:\/\/www.fasep.it\/fr\/wp-json\/wp\/v2\/product_brand?post=7051"},{"taxonomy":"product_cat","embeddable":true,"href":"https:\/\/www.fasep.it\/fr\/wp-json\/wp\/v2\/product_cat?post=7051"},{"taxonomy":"product_tag","embeddable":true,"href":"https:\/\/www.fasep.it\/fr\/wp-json\/wp\/v2\/product_tag?post=7051"}],"curies":[{"name":"wp","href":"https:\/\/api.w.org\/{rel}","templated":true}]}}