{"id":7050,"date":"2025-07-16T11:43:21","date_gmt":"2025-07-16T09:43:21","guid":{"rendered":"https:\/\/www2.fasep.it\/produits\/\/fr-s204.001"},"modified":"2026-03-31T10:17:25","modified_gmt":"2026-03-31T08:17:25","slug":"fr-s204.001","status":"publish","type":"product","link":"https:\/\/www.fasep.it\/fr\/produits\/demonte-pneus\/s204.001\/","title":{"rendered":"RASE.2131.T\r\n\r\n&nbsp;"},"content":{"rendered":"<font color=\"#0055BB\"><strong>\nSuper Automatique jusqu&rsquo;\u00e0 26&Prime; \/ 28.<\/strong><\/font><br>\r\nRASE.2142.T est un d\u00e9monte-pneu super automatique con\u00e7u pour les professionnels du secteur et adapt\u00e9 aux roues d&rsquo;automobiles, SUV et v\u00e9hicules commerciaux l\u00e9gers. Sa robustesse exceptionnelle, sa fiabilit\u00e9 et l&rsquo;int\u00e9gration de nombreuses solutions techniques brevet\u00e9es font du RASE.2142.T l&rsquo;\u00e9quipement id\u00e9al pour les pneumatiques les plus exigeants et surbaiss\u00e9s, notamment les Run-Flat. La machine est livr\u00e9e en standard en version t.i. avec dispositif de gonflage tubeless et en version 2 speed avec plateau \u00e0 double vitesse (uniquement pour les mod\u00e8les triphas\u00e9s). Elle est \u00e9galement disponible en version motoinverter (version MI).","protected":false},"excerpt":{"rendered":"<font color=\"#0055BB\"><strong>\nSuper Automatique jusqu&rsquo;\u00e0 26&Prime; \/ 28.<\/strong><\/font><br>\r\nRASE.2142.T est un d\u00e9monte-pneu super automatique con\u00e7u pour les professionnels du secteur et adapt\u00e9 aux roues d&rsquo;automobiles, SUV et v\u00e9hicules commerciaux l\u00e9gers. Sa robustesse exceptionnelle, sa fiabilit\u00e9 et l&rsquo;int\u00e9gration de nombreuses solutions techniques brevet\u00e9es font du RASE.2142.T l&rsquo;\u00e9quipement id\u00e9al pour les pneumatiques les plus exigeants et surbaiss\u00e9s, notamment les Run-Flat. La machine est livr\u00e9e en standard en version t.i. avec dispositif de gonflage tubeless et en version 2 speed avec plateau \u00e0 double vitesse (uniquement pour les mod\u00e8les triphas\u00e9s). Elle est \u00e9galement disponible en version motoinverter (version MI).","protected":false},"featured_media":0,"template":"","meta":{"_acf_changed":false},"product_brand":[],"product_cat":[],"product_tag":[],"class_list":{"0":"post-7050","1":"product","2":"type-product","3":"status-publish","6":"first","7":"instock","8":"shipping-taxable","9":"product-type-simple"},"acf":[],"yoast_head":"<!-- This site is optimized with the Yoast SEO plugin v25.7 - https:\/\/yoast.com\/wordpress\/plugins\/seo\/ -->\n<title>RASE.2131.T  &nbsp;<\/title>\n<meta name=\"robots\" content=\"index, follow, max-snippet:-1, max-image-preview:large, max-video-preview:-1\" \/>\n<meta property=\"og:locale\" content=\"fr_FR\" \/>\n<meta property=\"og:type\" content=\"article\" \/>\n<meta property=\"og:title\" content=\"RASE.2131.T  &nbsp;\" \/>\n<meta property=\"og:description\" content=\"Super Automatique jusqu&#039;\u00e0 26&quot; \/ 28. RASE.2142.T est un d\u00e9monte-pneu super automatique con\u00e7u pour les professionnels du secteur et adapt\u00e9 aux roues d&#039;automobiles, SUV et v\u00e9hicules commerciaux l\u00e9gers. Sa robustesse exceptionnelle, sa fiabilit\u00e9 et l&#039;int\u00e9gration de nombreuses solutions techniques brevet\u00e9es font du RASE.2142.T l&#039;\u00e9quipement id\u00e9al pour les pneumatiques les plus exigeants et surbaiss\u00e9s, notamment les Run-Flat. La machine est livr\u00e9e en standard en version t.i. avec dispositif de gonflage tubeless et en version 2 speed avec plateau \u00e0 double vitesse (uniquement pour les mod\u00e8les triphas\u00e9s). Elle est \u00e9galement disponible en version motoinverter (version MI).\" \/>\n<meta property=\"og:url\" content=\"https:\/\/www.fasep.it\/fr\/produits\/demonte-pneus\/s204.001\/\" \/>\n<meta property=\"og:site_name\" content=\"Fasep 2000 srl\" \/>\n<meta property=\"article:modified_time\" content=\"2026-03-31T08:17:25+00:00\" \/>\n<meta name=\"twitter:card\" content=\"summary_large_image\" \/>\n<meta name=\"twitter:label1\" content=\"Dur\u00e9e de lecture estim\u00e9e\" \/>\n\t<meta name=\"twitter:data1\" content=\"1 minute\" \/>\n<script type=\"application\/ld+json\" class=\"yoast-schema-graph\">{\"@context\":\"https:\/\/schema.org\",\"@graph\":[{\"@type\":\"WebPage\",\"@id\":\"https:\/\/www.fasep.it\/fr\/produits\/demonte-pneus\/s204.001\/\",\"url\":\"https:\/\/www.fasep.it\/fr\/produits\/demonte-pneus\/s204.001\/\",\"name\":\"RASE.2131.T &nbsp;\",\"isPartOf\":{\"@id\":\"https:\/\/www.fasep.it\/fr\/#website\"},\"datePublished\":\"2025-07-16T09:43:21+00:00\",\"dateModified\":\"2026-03-31T08:17:25+00:00\",\"breadcrumb\":{\"@id\":\"https:\/\/www.fasep.it\/fr\/produits\/demonte-pneus\/s204.001\/#breadcrumb\"},\"inLanguage\":\"fr-FR\",\"potentialAction\":[{\"@type\":\"ReadAction\",\"target\":[\"https:\/\/www.fasep.it\/fr\/produits\/demonte-pneus\/s204.001\/\"]}]},{\"@type\":\"BreadcrumbList\",\"@id\":\"https:\/\/www.fasep.it\/fr\/produits\/demonte-pneus\/s204.001\/#breadcrumb\",\"itemListElement\":[{\"@type\":\"ListItem\",\"position\":1,\"name\":\"Home\",\"item\":\"https:\/\/www.fasep.it\/fr\/\"},{\"@type\":\"ListItem\",\"position\":2,\"name\":\"Produits\",\"item\":\"https:\/\/www.fasep.it\/fr\/shop\/\"},{\"@type\":\"ListItem\",\"position\":3,\"name\":\"RASE.2131.T &nbsp;\"}]},{\"@type\":\"WebSite\",\"@id\":\"https:\/\/www.fasep.it\/fr\/#website\",\"url\":\"https:\/\/www.fasep.it\/fr\/\",\"name\":\"Fasep 2000 srl\",\"description\":\"\",\"potentialAction\":[{\"@type\":\"SearchAction\",\"target\":{\"@type\":\"EntryPoint\",\"urlTemplate\":\"https:\/\/www.fasep.it\/fr\/?s={search_term_string}\"},\"query-input\":{\"@type\":\"PropertyValueSpecification\",\"valueRequired\":true,\"valueName\":\"search_term_string\"}}],\"inLanguage\":\"fr-FR\"}]}<\/script>\n<!-- \/ Yoast SEO plugin. -->","yoast_head_json":{"title":"RASE.2131.T  &nbsp;","robots":{"index":"index","follow":"follow","max-snippet":"max-snippet:-1","max-image-preview":"max-image-preview:large","max-video-preview":"max-video-preview:-1"},"og_locale":"fr_FR","og_type":"article","og_title":"RASE.2131.T  &nbsp;","og_description":"Super Automatique jusqu'\u00e0 26\" \/ 28. RASE.2142.T est un d\u00e9monte-pneu super automatique con\u00e7u pour les professionnels du secteur et adapt\u00e9 aux roues d'automobiles, SUV et v\u00e9hicules commerciaux l\u00e9gers. Sa robustesse exceptionnelle, sa fiabilit\u00e9 et l'int\u00e9gration de nombreuses solutions techniques brevet\u00e9es font du RASE.2142.T l'\u00e9quipement id\u00e9al pour les pneumatiques les plus exigeants et surbaiss\u00e9s, notamment les Run-Flat. La machine est livr\u00e9e en standard en version t.i. avec dispositif de gonflage tubeless et en version 2 speed avec plateau \u00e0 double vitesse (uniquement pour les mod\u00e8les triphas\u00e9s). Elle est \u00e9galement disponible en version motoinverter (version MI).","og_url":"https:\/\/www.fasep.it\/fr\/produits\/demonte-pneus\/s204.001\/","og_site_name":"Fasep 2000 srl","article_modified_time":"2026-03-31T08:17:25+00:00","twitter_card":"summary_large_image","twitter_misc":{"Dur\u00e9e de lecture estim\u00e9e":"1 minute"},"schema":{"@context":"https:\/\/schema.org","@graph":[{"@type":"WebPage","@id":"https:\/\/www.fasep.it\/fr\/produits\/demonte-pneus\/s204.001\/","url":"https:\/\/www.fasep.it\/fr\/produits\/demonte-pneus\/s204.001\/","name":"RASE.2131.T &nbsp;","isPartOf":{"@id":"https:\/\/www.fasep.it\/fr\/#website"},"datePublished":"2025-07-16T09:43:21+00:00","dateModified":"2026-03-31T08:17:25+00:00","breadcrumb":{"@id":"https:\/\/www.fasep.it\/fr\/produits\/demonte-pneus\/s204.001\/#breadcrumb"},"inLanguage":"fr-FR","potentialAction":[{"@type":"ReadAction","target":["https:\/\/www.fasep.it\/fr\/produits\/demonte-pneus\/s204.001\/"]}]},{"@type":"BreadcrumbList","@id":"https:\/\/www.fasep.it\/fr\/produits\/demonte-pneus\/s204.001\/#breadcrumb","itemListElement":[{"@type":"ListItem","position":1,"name":"Home","item":"https:\/\/www.fasep.it\/fr\/"},{"@type":"ListItem","position":2,"name":"Produits","item":"https:\/\/www.fasep.it\/fr\/shop\/"},{"@type":"ListItem","position":3,"name":"RASE.2131.T &nbsp;"}]},{"@type":"WebSite","@id":"https:\/\/www.fasep.it\/fr\/#website","url":"https:\/\/www.fasep.it\/fr\/","name":"Fasep 2000 srl","description":"","potentialAction":[{"@type":"SearchAction","target":{"@type":"EntryPoint","urlTemplate":"https:\/\/www.fasep.it\/fr\/?s={search_term_string}"},"query-input":{"@type":"PropertyValueSpecification","valueRequired":true,"valueName":"search_term_string"}}],"inLanguage":"fr-FR"}]}},"_links":{"self":[{"href":"https:\/\/www.fasep.it\/fr\/wp-json\/wp\/v2\/product\/7050","targetHints":{"allow":["GET"]}}],"collection":[{"href":"https:\/\/www.fasep.it\/fr\/wp-json\/wp\/v2\/product"}],"about":[{"href":"https:\/\/www.fasep.it\/fr\/wp-json\/wp\/v2\/types\/product"}],"wp:attachment":[{"href":"https:\/\/www.fasep.it\/fr\/wp-json\/wp\/v2\/media?parent=7050"}],"wp:term":[{"taxonomy":"product_brand","embeddable":true,"href":"https:\/\/www.fasep.it\/fr\/wp-json\/wp\/v2\/product_brand?post=7050"},{"taxonomy":"product_cat","embeddable":true,"href":"https:\/\/www.fasep.it\/fr\/wp-json\/wp\/v2\/product_cat?post=7050"},{"taxonomy":"product_tag","embeddable":true,"href":"https:\/\/www.fasep.it\/fr\/wp-json\/wp\/v2\/product_tag?post=7050"}],"curies":[{"name":"wp","href":"https:\/\/api.w.org\/{rel}","templated":true}]}}