{"id":7045,"date":"2025-07-16T11:43:28","date_gmt":"2025-07-16T09:43:28","guid":{"rendered":"https:\/\/www2.fasep.it\/produits\/\/fr-s228.001"},"modified":"2026-03-31T10:17:24","modified_gmt":"2026-03-31T08:17:24","slug":"fr-s228.001","status":"publish","type":"product","link":"https:\/\/www.fasep.it\/fr\/produits\/demonte-pneus\/s228.001\/","title":{"rendered":"RASE.TOP.3030 VARIANT"},"content":{"rendered":"<font color=\"#0055BB\"><strong>Super Automatique Lever-Less.<\/strong><\/font><br>\r\nRASE.TOP.3030.VR est un d\u00e9monte-pneu super automatique pour les pneumatiques RUNFLAT, SSR et tout type de pneumatiques tr\u00e8s durs. Il fonctionne sur les roues de voitures particuli\u00e8res et de transport l\u00e9ger avec des jantes de 12&Prime; \u00e0 30&Prime;, sans leviers ou autres outils pour d\u00e9monter et monter n&rsquo;importe quel pneu. RASE.TOP.3030.VR enl\u00e8ve facilement le pneu de la jante gr\u00e2ce au d\u00e9colleur de talon avec deux rouleaux pneumatiques ind\u00e9pendants et synchronis\u00e9s. RASE.TOP.3030.VR est \u00e9quip\u00e9 d&rsquo;un dispositif PRESS-PRO.","protected":false},"excerpt":{"rendered":"<font color=\"#0055BB\"><strong>Super Automatique Lever-Less.<\/strong><\/font><br>\r\nRASE.TOP.3030.VR est un d\u00e9monte-pneu super automatique pour les pneumatiques RUNFLAT, SSR et tout type de pneumatiques tr\u00e8s durs. Il fonctionne sur les roues de voitures particuli\u00e8res et de transport l\u00e9ger avec des jantes de 12&Prime; \u00e0 30&Prime;, sans leviers ou autres outils pour d\u00e9monter et monter n&rsquo;importe quel pneu. RASE.TOP.3030.VR enl\u00e8ve facilement le pneu de la jante gr\u00e2ce au d\u00e9colleur de talon avec deux rouleaux pneumatiques ind\u00e9pendants et synchronis\u00e9s. RASE.TOP.3030.VR est \u00e9quip\u00e9 d&rsquo;un dispositif PRESS-PRO.","protected":false},"featured_media":0,"template":"","meta":{"_acf_changed":false},"product_brand":[],"product_cat":[],"product_tag":[],"class_list":{"0":"post-7045","1":"product","2":"type-product","3":"status-publish","6":"first","7":"instock","8":"shipping-taxable","9":"product-type-simple"},"acf":[],"yoast_head":"<!-- This site is optimized with the Yoast SEO plugin v25.7 - https:\/\/yoast.com\/wordpress\/plugins\/seo\/ -->\n<title>RASE.TOP.3030 VARIANT<\/title>\n<meta name=\"robots\" content=\"index, follow, max-snippet:-1, max-image-preview:large, max-video-preview:-1\" \/>\n<meta property=\"og:locale\" content=\"fr_FR\" \/>\n<meta property=\"og:type\" content=\"article\" \/>\n<meta property=\"og:title\" content=\"RASE.TOP.3030 VARIANT\" \/>\n<meta property=\"og:description\" content=\"Super Automatique Lever-Less. RASE.TOP.3030.VR est un d\u00e9monte-pneu super automatique pour les pneumatiques RUNFLAT, SSR et tout type de pneumatiques tr\u00e8s durs. Il fonctionne sur les roues de voitures particuli\u00e8res et de transport l\u00e9ger avec des jantes de 12&quot; \u00e0 30&quot;, sans leviers ou autres outils pour d\u00e9monter et monter n&#039;importe quel pneu. RASE.TOP.3030.VR enl\u00e8ve facilement le pneu de la jante gr\u00e2ce au d\u00e9colleur de talon avec deux rouleaux pneumatiques ind\u00e9pendants et synchronis\u00e9s. RASE.TOP.3030.VR est \u00e9quip\u00e9 d&#039;un dispositif PRESS-PRO.\" \/>\n<meta property=\"og:url\" content=\"https:\/\/www.fasep.it\/fr\/produits\/demonte-pneus\/s228.001\/\" \/>\n<meta property=\"og:site_name\" content=\"Fasep 2000 srl\" \/>\n<meta property=\"article:modified_time\" content=\"2026-03-31T08:17:24+00:00\" \/>\n<meta name=\"twitter:card\" content=\"summary_large_image\" \/>\n<script type=\"application\/ld+json\" class=\"yoast-schema-graph\">{\"@context\":\"https:\/\/schema.org\",\"@graph\":[{\"@type\":\"WebPage\",\"@id\":\"https:\/\/www.fasep.it\/fr\/produits\/demonte-pneus\/s228.001\/\",\"url\":\"https:\/\/www.fasep.it\/fr\/produits\/demonte-pneus\/s228.001\/\",\"name\":\"RASE.TOP.3030 VARIANT\",\"isPartOf\":{\"@id\":\"https:\/\/www.fasep.it\/fr\/#website\"},\"datePublished\":\"2025-07-16T09:43:28+00:00\",\"dateModified\":\"2026-03-31T08:17:24+00:00\",\"breadcrumb\":{\"@id\":\"https:\/\/www.fasep.it\/fr\/produits\/demonte-pneus\/s228.001\/#breadcrumb\"},\"inLanguage\":\"fr-FR\",\"potentialAction\":[{\"@type\":\"ReadAction\",\"target\":[\"https:\/\/www.fasep.it\/fr\/produits\/demonte-pneus\/s228.001\/\"]}]},{\"@type\":\"BreadcrumbList\",\"@id\":\"https:\/\/www.fasep.it\/fr\/produits\/demonte-pneus\/s228.001\/#breadcrumb\",\"itemListElement\":[{\"@type\":\"ListItem\",\"position\":1,\"name\":\"Home\",\"item\":\"https:\/\/www.fasep.it\/fr\/\"},{\"@type\":\"ListItem\",\"position\":2,\"name\":\"Produits\",\"item\":\"https:\/\/www.fasep.it\/fr\/shop\/\"},{\"@type\":\"ListItem\",\"position\":3,\"name\":\"RASE.TOP.3030 VARIANT\"}]},{\"@type\":\"WebSite\",\"@id\":\"https:\/\/www.fasep.it\/fr\/#website\",\"url\":\"https:\/\/www.fasep.it\/fr\/\",\"name\":\"Fasep 2000 srl\",\"description\":\"\",\"potentialAction\":[{\"@type\":\"SearchAction\",\"target\":{\"@type\":\"EntryPoint\",\"urlTemplate\":\"https:\/\/www.fasep.it\/fr\/?s={search_term_string}\"},\"query-input\":{\"@type\":\"PropertyValueSpecification\",\"valueRequired\":true,\"valueName\":\"search_term_string\"}}],\"inLanguage\":\"fr-FR\"}]}<\/script>\n<!-- \/ Yoast SEO plugin. -->","yoast_head_json":{"title":"RASE.TOP.3030 VARIANT","robots":{"index":"index","follow":"follow","max-snippet":"max-snippet:-1","max-image-preview":"max-image-preview:large","max-video-preview":"max-video-preview:-1"},"og_locale":"fr_FR","og_type":"article","og_title":"RASE.TOP.3030 VARIANT","og_description":"Super Automatique Lever-Less. RASE.TOP.3030.VR est un d\u00e9monte-pneu super automatique pour les pneumatiques RUNFLAT, SSR et tout type de pneumatiques tr\u00e8s durs. Il fonctionne sur les roues de voitures particuli\u00e8res et de transport l\u00e9ger avec des jantes de 12\" \u00e0 30\", sans leviers ou autres outils pour d\u00e9monter et monter n'importe quel pneu. RASE.TOP.3030.VR enl\u00e8ve facilement le pneu de la jante gr\u00e2ce au d\u00e9colleur de talon avec deux rouleaux pneumatiques ind\u00e9pendants et synchronis\u00e9s. RASE.TOP.3030.VR est \u00e9quip\u00e9 d'un dispositif PRESS-PRO.","og_url":"https:\/\/www.fasep.it\/fr\/produits\/demonte-pneus\/s228.001\/","og_site_name":"Fasep 2000 srl","article_modified_time":"2026-03-31T08:17:24+00:00","twitter_card":"summary_large_image","schema":{"@context":"https:\/\/schema.org","@graph":[{"@type":"WebPage","@id":"https:\/\/www.fasep.it\/fr\/produits\/demonte-pneus\/s228.001\/","url":"https:\/\/www.fasep.it\/fr\/produits\/demonte-pneus\/s228.001\/","name":"RASE.TOP.3030 VARIANT","isPartOf":{"@id":"https:\/\/www.fasep.it\/fr\/#website"},"datePublished":"2025-07-16T09:43:28+00:00","dateModified":"2026-03-31T08:17:24+00:00","breadcrumb":{"@id":"https:\/\/www.fasep.it\/fr\/produits\/demonte-pneus\/s228.001\/#breadcrumb"},"inLanguage":"fr-FR","potentialAction":[{"@type":"ReadAction","target":["https:\/\/www.fasep.it\/fr\/produits\/demonte-pneus\/s228.001\/"]}]},{"@type":"BreadcrumbList","@id":"https:\/\/www.fasep.it\/fr\/produits\/demonte-pneus\/s228.001\/#breadcrumb","itemListElement":[{"@type":"ListItem","position":1,"name":"Home","item":"https:\/\/www.fasep.it\/fr\/"},{"@type":"ListItem","position":2,"name":"Produits","item":"https:\/\/www.fasep.it\/fr\/shop\/"},{"@type":"ListItem","position":3,"name":"RASE.TOP.3030 VARIANT"}]},{"@type":"WebSite","@id":"https:\/\/www.fasep.it\/fr\/#website","url":"https:\/\/www.fasep.it\/fr\/","name":"Fasep 2000 srl","description":"","potentialAction":[{"@type":"SearchAction","target":{"@type":"EntryPoint","urlTemplate":"https:\/\/www.fasep.it\/fr\/?s={search_term_string}"},"query-input":{"@type":"PropertyValueSpecification","valueRequired":true,"valueName":"search_term_string"}}],"inLanguage":"fr-FR"}]}},"_links":{"self":[{"href":"https:\/\/www.fasep.it\/fr\/wp-json\/wp\/v2\/product\/7045","targetHints":{"allow":["GET"]}}],"collection":[{"href":"https:\/\/www.fasep.it\/fr\/wp-json\/wp\/v2\/product"}],"about":[{"href":"https:\/\/www.fasep.it\/fr\/wp-json\/wp\/v2\/types\/product"}],"wp:attachment":[{"href":"https:\/\/www.fasep.it\/fr\/wp-json\/wp\/v2\/media?parent=7045"}],"wp:term":[{"taxonomy":"product_brand","embeddable":true,"href":"https:\/\/www.fasep.it\/fr\/wp-json\/wp\/v2\/product_brand?post=7045"},{"taxonomy":"product_cat","embeddable":true,"href":"https:\/\/www.fasep.it\/fr\/wp-json\/wp\/v2\/product_cat?post=7045"},{"taxonomy":"product_tag","embeddable":true,"href":"https:\/\/www.fasep.it\/fr\/wp-json\/wp\/v2\/product_tag?post=7045"}],"curies":[{"name":"wp","href":"https:\/\/api.w.org\/{rel}","templated":true}]}}