{"id":7044,"date":"2025-07-16T11:43:33","date_gmt":"2025-07-16T09:43:33","guid":{"rendered":"https:\/\/www2.fasep.it\/produits\/\/fr-s260.001"},"modified":"2026-03-31T10:17:24","modified_gmt":"2026-03-31T08:17:24","slug":"fr-s260.001","status":"publish","type":"product","link":"https:\/\/www.fasep.it\/fr\/produits\/demonte-pneus\/s260.001\/","title":{"rendered":"RASE.TOP.3032"},"content":{"rendered":"<font color=\"#0055BB\"><strong>D\u00e9monte-pneus super automatique sans contact.<\/strong><\/font><br>\r\nRASE.TOP.3032 est un <u>d\u00e9monte-pneu \u00e0 technologie sans contact<\/u> pour les roues de voitures de tourisme, de SUV et de v\u00e9hicules commerciaux jusqu&rsquo;\u00e0 28&Prime;, \u00e9galement adapt\u00e9 au Run Flat et \u00e0 l&rsquo;UHP. Il est \u00e9quip\u00e9 d&rsquo;un <b>nouvel outil de montage et de d\u00e9montage<\/b> \u00e0 rotation manuelle pour acc\u00e9l\u00e9rer le travail, qui <u>ne touche jamais la jante<\/u> et r\u00e9duit la tension du pneu pendant l&rsquo;op\u00e9ration.<br>\r\n<br>\r\n<i>Caract\u00e9ristiques :<\/i><ul>\r\n<li>Blocage pneumatique des roues sur le mandrin de serrage\r\n<li>Deux disques d\u00e9talonneurs sp\u00e9culaires\r\n<li>Panneau de commande avec joystick\r\n<li>Bras d&rsquo;aide lat\u00e9rale pour les roues Run Flat et UHP\r\n<li>P\u00e9dale lat\u00e9rale\r\n<\/ul>","protected":false},"excerpt":{"rendered":"<font color=\"#0055BB\"><strong>D\u00e9monte-pneus super automatique sans contact.<\/strong><\/font><br>\r\nRASE.TOP.3032 est un <u>d\u00e9monte-pneu \u00e0 technologie sans contact<\/u> pour les roues de voitures de tourisme, de SUV et de v\u00e9hicules commerciaux jusqu&rsquo;\u00e0 28&Prime;, \u00e9galement adapt\u00e9 au Run Flat et \u00e0 l&rsquo;UHP. Il est \u00e9quip\u00e9 d&rsquo;un <b>nouvel outil de montage et de d\u00e9montage<\/b> \u00e0 rotation manuelle pour acc\u00e9l\u00e9rer le travail, qui <u>ne touche jamais la jante<\/u> et r\u00e9duit la tension du pneu pendant l&rsquo;op\u00e9ration.<br>\r\n<br>\r\n<i>Caract\u00e9ristiques :<\/i><ul>\r\n<li>Blocage pneumatique des roues sur le mandrin de serrage\r\n<li>Deux disques d\u00e9talonneurs sp\u00e9culaires\r\n<li>Panneau de commande avec joystick\r\n<li>Bras d&rsquo;aide lat\u00e9rale pour les roues Run Flat et UHP\r\n<li>P\u00e9dale lat\u00e9rale\r\n<\/ul>","protected":false},"featured_media":0,"template":"","meta":{"_acf_changed":false},"product_brand":[],"product_cat":[],"product_tag":[],"class_list":{"0":"post-7044","1":"product","2":"type-product","3":"status-publish","6":"first","7":"instock","8":"shipping-taxable","9":"product-type-simple"},"acf":[],"yoast_head":"<!-- This site is optimized with the Yoast SEO plugin v25.7 - https:\/\/yoast.com\/wordpress\/plugins\/seo\/ -->\n<title>RASE.TOP.3032<\/title>\n<meta name=\"robots\" content=\"index, follow, max-snippet:-1, max-image-preview:large, max-video-preview:-1\" \/>\n<meta property=\"og:locale\" content=\"fr_FR\" \/>\n<meta property=\"og:type\" content=\"article\" \/>\n<meta property=\"og:title\" content=\"RASE.TOP.3032\" \/>\n<meta property=\"og:description\" content=\"D\u00e9monte-pneus super automatique sans contact. RASE.TOP.3032 est un d\u00e9monte-pneu \u00e0 technologie sans contact pour les roues de voitures de tourisme, de SUV et de v\u00e9hicules commerciaux jusqu&#039;\u00e0 28&quot;, \u00e9galement adapt\u00e9 au Run Flat et \u00e0 l&#039;UHP. Il est \u00e9quip\u00e9 d&#039;un nouvel outil de montage et de d\u00e9montage \u00e0 rotation manuelle pour acc\u00e9l\u00e9rer le travail, qui ne touche jamais la jante et r\u00e9duit la tension du pneu pendant l&#039;op\u00e9ration.  Caract\u00e9ristiques : Blocage pneumatique des roues sur le mandrin de serrage Deux disques d\u00e9talonneurs sp\u00e9culaires Panneau de commande avec joystick Bras d&#039;aide lat\u00e9rale pour les roues Run Flat et UHP P\u00e9dale lat\u00e9rale\" \/>\n<meta property=\"og:url\" content=\"https:\/\/www.fasep.it\/fr\/produits\/demonte-pneus\/s260.001\/\" \/>\n<meta property=\"og:site_name\" content=\"Fasep 2000 srl\" \/>\n<meta property=\"article:modified_time\" content=\"2026-03-31T08:17:24+00:00\" \/>\n<meta name=\"twitter:card\" content=\"summary_large_image\" \/>\n<meta name=\"twitter:label1\" content=\"Dur\u00e9e de lecture estim\u00e9e\" \/>\n\t<meta name=\"twitter:data1\" content=\"1 minute\" \/>\n<script type=\"application\/ld+json\" class=\"yoast-schema-graph\">{\"@context\":\"https:\/\/schema.org\",\"@graph\":[{\"@type\":\"WebPage\",\"@id\":\"https:\/\/www.fasep.it\/fr\/produits\/demonte-pneus\/s260.001\/\",\"url\":\"https:\/\/www.fasep.it\/fr\/produits\/demonte-pneus\/s260.001\/\",\"name\":\"RASE.TOP.3032\",\"isPartOf\":{\"@id\":\"https:\/\/www.fasep.it\/fr\/#website\"},\"datePublished\":\"2025-07-16T09:43:33+00:00\",\"dateModified\":\"2026-03-31T08:17:24+00:00\",\"breadcrumb\":{\"@id\":\"https:\/\/www.fasep.it\/fr\/produits\/demonte-pneus\/s260.001\/#breadcrumb\"},\"inLanguage\":\"fr-FR\",\"potentialAction\":[{\"@type\":\"ReadAction\",\"target\":[\"https:\/\/www.fasep.it\/fr\/produits\/demonte-pneus\/s260.001\/\"]}]},{\"@type\":\"BreadcrumbList\",\"@id\":\"https:\/\/www.fasep.it\/fr\/produits\/demonte-pneus\/s260.001\/#breadcrumb\",\"itemListElement\":[{\"@type\":\"ListItem\",\"position\":1,\"name\":\"Home\",\"item\":\"https:\/\/www.fasep.it\/fr\/\"},{\"@type\":\"ListItem\",\"position\":2,\"name\":\"Produits\",\"item\":\"https:\/\/www.fasep.it\/fr\/shop\/\"},{\"@type\":\"ListItem\",\"position\":3,\"name\":\"RASE.TOP.3032\"}]},{\"@type\":\"WebSite\",\"@id\":\"https:\/\/www.fasep.it\/fr\/#website\",\"url\":\"https:\/\/www.fasep.it\/fr\/\",\"name\":\"Fasep 2000 srl\",\"description\":\"\",\"potentialAction\":[{\"@type\":\"SearchAction\",\"target\":{\"@type\":\"EntryPoint\",\"urlTemplate\":\"https:\/\/www.fasep.it\/fr\/?s={search_term_string}\"},\"query-input\":{\"@type\":\"PropertyValueSpecification\",\"valueRequired\":true,\"valueName\":\"search_term_string\"}}],\"inLanguage\":\"fr-FR\"}]}<\/script>\n<!-- \/ Yoast SEO plugin. -->","yoast_head_json":{"title":"RASE.TOP.3032","robots":{"index":"index","follow":"follow","max-snippet":"max-snippet:-1","max-image-preview":"max-image-preview:large","max-video-preview":"max-video-preview:-1"},"og_locale":"fr_FR","og_type":"article","og_title":"RASE.TOP.3032","og_description":"D\u00e9monte-pneus super automatique sans contact. RASE.TOP.3032 est un d\u00e9monte-pneu \u00e0 technologie sans contact pour les roues de voitures de tourisme, de SUV et de v\u00e9hicules commerciaux jusqu'\u00e0 28\", \u00e9galement adapt\u00e9 au Run Flat et \u00e0 l'UHP. Il est \u00e9quip\u00e9 d'un nouvel outil de montage et de d\u00e9montage \u00e0 rotation manuelle pour acc\u00e9l\u00e9rer le travail, qui ne touche jamais la jante et r\u00e9duit la tension du pneu pendant l'op\u00e9ration.  Caract\u00e9ristiques : Blocage pneumatique des roues sur le mandrin de serrage Deux disques d\u00e9talonneurs sp\u00e9culaires Panneau de commande avec joystick Bras d'aide lat\u00e9rale pour les roues Run Flat et UHP P\u00e9dale lat\u00e9rale","og_url":"https:\/\/www.fasep.it\/fr\/produits\/demonte-pneus\/s260.001\/","og_site_name":"Fasep 2000 srl","article_modified_time":"2026-03-31T08:17:24+00:00","twitter_card":"summary_large_image","twitter_misc":{"Dur\u00e9e de lecture estim\u00e9e":"1 minute"},"schema":{"@context":"https:\/\/schema.org","@graph":[{"@type":"WebPage","@id":"https:\/\/www.fasep.it\/fr\/produits\/demonte-pneus\/s260.001\/","url":"https:\/\/www.fasep.it\/fr\/produits\/demonte-pneus\/s260.001\/","name":"RASE.TOP.3032","isPartOf":{"@id":"https:\/\/www.fasep.it\/fr\/#website"},"datePublished":"2025-07-16T09:43:33+00:00","dateModified":"2026-03-31T08:17:24+00:00","breadcrumb":{"@id":"https:\/\/www.fasep.it\/fr\/produits\/demonte-pneus\/s260.001\/#breadcrumb"},"inLanguage":"fr-FR","potentialAction":[{"@type":"ReadAction","target":["https:\/\/www.fasep.it\/fr\/produits\/demonte-pneus\/s260.001\/"]}]},{"@type":"BreadcrumbList","@id":"https:\/\/www.fasep.it\/fr\/produits\/demonte-pneus\/s260.001\/#breadcrumb","itemListElement":[{"@type":"ListItem","position":1,"name":"Home","item":"https:\/\/www.fasep.it\/fr\/"},{"@type":"ListItem","position":2,"name":"Produits","item":"https:\/\/www.fasep.it\/fr\/shop\/"},{"@type":"ListItem","position":3,"name":"RASE.TOP.3032"}]},{"@type":"WebSite","@id":"https:\/\/www.fasep.it\/fr\/#website","url":"https:\/\/www.fasep.it\/fr\/","name":"Fasep 2000 srl","description":"","potentialAction":[{"@type":"SearchAction","target":{"@type":"EntryPoint","urlTemplate":"https:\/\/www.fasep.it\/fr\/?s={search_term_string}"},"query-input":{"@type":"PropertyValueSpecification","valueRequired":true,"valueName":"search_term_string"}}],"inLanguage":"fr-FR"}]}},"_links":{"self":[{"href":"https:\/\/www.fasep.it\/fr\/wp-json\/wp\/v2\/product\/7044","targetHints":{"allow":["GET"]}}],"collection":[{"href":"https:\/\/www.fasep.it\/fr\/wp-json\/wp\/v2\/product"}],"about":[{"href":"https:\/\/www.fasep.it\/fr\/wp-json\/wp\/v2\/types\/product"}],"wp:attachment":[{"href":"https:\/\/www.fasep.it\/fr\/wp-json\/wp\/v2\/media?parent=7044"}],"wp:term":[{"taxonomy":"product_brand","embeddable":true,"href":"https:\/\/www.fasep.it\/fr\/wp-json\/wp\/v2\/product_brand?post=7044"},{"taxonomy":"product_cat","embeddable":true,"href":"https:\/\/www.fasep.it\/fr\/wp-json\/wp\/v2\/product_cat?post=7044"},{"taxonomy":"product_tag","embeddable":true,"href":"https:\/\/www.fasep.it\/fr\/wp-json\/wp\/v2\/product_tag?post=7044"}],"curies":[{"name":"wp","href":"https:\/\/api.w.org\/{rel}","templated":true}]}}