{"id":7043,"date":"2025-07-16T11:43:31","date_gmt":"2025-07-16T09:43:31","guid":{"rendered":"https:\/\/www2.fasep.it\/produits\/\/fr-s232.001"},"modified":"2026-03-31T10:17:24","modified_gmt":"2026-03-31T08:17:24","slug":"fr-s232.001","status":"publish","type":"product","link":"https:\/\/www.fasep.it\/fr\/produits\/demonte-pneus\/s232.001\/","title":{"rendered":"RASE.TOP.3121"},"content":{"rendered":"<font color=\"#0055BB\"><strong>Super Automatique Sans Levier.<\/strong><\/font><br>\r\nRASE.TOP.3121 est un d\u00e9monte-pneus super automatique sans levier. Il convient aux roues de voiture dont la taille de la jante est comprise entre 12 et 30&Prime;, sans qu&rsquo;il soit n\u00e9cessaire de recourir \u00e0 un levier ou \u00e0 d&rsquo;autres outils pour d\u00e9monter et monter un pneu.<br>\r\nRASE.TOP.3121 est \u00e9quip\u00e9 d&rsquo;un bras presse-talon pneumatique.\r\n<ul>\r\n<li>r\u00e9servoir d&rsquo;air pour le gonflage int\u00e9gr\u00e9 dans le support du bras presse-talon pour gagner de la place\r\n<li>une rigidit\u00e9 maximale gr\u00e2ce \u00e0 un syst\u00e8me de r\u00e9cup\u00e9ration \u00e0 jeu constant\r\n<li>panneau de contr\u00f4le avec unit\u00e9 de filtrage \/ graissage, manom\u00e8tre et tuyau de gonflage\r\n<li>le positionnement automatique du bras presse-talon en position de repos \u00e0 la fin de l&rsquo;op\u00e9ration\r\n<li>le nouveau d\u00e9talonneur \u00e0 3 positions \u00e9limine la flexion et le jeu\r\n<\/ul>","protected":false},"excerpt":{"rendered":"<font color=\"#0055BB\"><strong>Super Automatique Sans Levier.<\/strong><\/font><br>\r\nRASE.TOP.3121 est un d\u00e9monte-pneus super automatique sans levier. Il convient aux roues de voiture dont la taille de la jante est comprise entre 12 et 30&Prime;, sans qu&rsquo;il soit n\u00e9cessaire de recourir \u00e0 un levier ou \u00e0 d&rsquo;autres outils pour d\u00e9monter et monter un pneu.<br>\r\nRASE.TOP.3121 est \u00e9quip\u00e9 d&rsquo;un bras presse-talon pneumatique.\r\n<ul>\r\n<li>r\u00e9servoir d&rsquo;air pour le gonflage int\u00e9gr\u00e9 dans le support du bras presse-talon pour gagner de la place\r\n<li>une rigidit\u00e9 maximale gr\u00e2ce \u00e0 un syst\u00e8me de r\u00e9cup\u00e9ration \u00e0 jeu constant\r\n<li>panneau de contr\u00f4le avec unit\u00e9 de filtrage \/ graissage, manom\u00e8tre et tuyau de gonflage\r\n<li>le positionnement automatique du bras presse-talon en position de repos \u00e0 la fin de l&rsquo;op\u00e9ration\r\n<li>le nouveau d\u00e9talonneur \u00e0 3 positions \u00e9limine la flexion et le jeu\r\n<\/ul>","protected":false},"featured_media":0,"template":"","meta":{"_acf_changed":false},"product_brand":[],"product_cat":[],"product_tag":[],"class_list":{"0":"post-7043","1":"product","2":"type-product","3":"status-publish","6":"first","7":"instock","8":"shipping-taxable","9":"product-type-simple"},"acf":[],"yoast_head":"<!-- This site is optimized with the Yoast SEO plugin v25.7 - https:\/\/yoast.com\/wordpress\/plugins\/seo\/ -->\n<title>RASE.TOP.3121<\/title>\n<meta name=\"robots\" content=\"index, follow, max-snippet:-1, max-image-preview:large, max-video-preview:-1\" \/>\n<meta property=\"og:locale\" content=\"fr_FR\" \/>\n<meta property=\"og:type\" content=\"article\" \/>\n<meta property=\"og:title\" content=\"RASE.TOP.3121\" \/>\n<meta property=\"og:description\" content=\"Super Automatique Sans Levier. RASE.TOP.3121 est un d\u00e9monte-pneus super automatique sans levier. Il convient aux roues de voiture dont la taille de la jante est comprise entre 12 et 30&quot;, sans qu&#039;il soit n\u00e9cessaire de recourir \u00e0 un levier ou \u00e0 d&#039;autres outils pour d\u00e9monter et monter un pneu. RASE.TOP.3121 est \u00e9quip\u00e9 d&#039;un bras presse-talon pneumatique.  r\u00e9servoir d&#039;air pour le gonflage int\u00e9gr\u00e9 dans le support du bras presse-talon pour gagner de la place une rigidit\u00e9 maximale gr\u00e2ce \u00e0 un syst\u00e8me de r\u00e9cup\u00e9ration \u00e0 jeu constant panneau de contr\u00f4le avec unit\u00e9 de filtrage \/ graissage, manom\u00e8tre et tuyau de gonflage le positionnement automatique du bras presse-talon en position de repos \u00e0 la fin de l&#039;op\u00e9ration le nouveau d\u00e9talonneur \u00e0 3 positions \u00e9limine la flexion et le jeu\" \/>\n<meta property=\"og:url\" content=\"https:\/\/www.fasep.it\/fr\/produits\/demonte-pneus\/s232.001\/\" \/>\n<meta property=\"og:site_name\" content=\"Fasep 2000 srl\" \/>\n<meta property=\"article:modified_time\" content=\"2026-03-31T08:17:24+00:00\" \/>\n<meta name=\"twitter:card\" content=\"summary_large_image\" \/>\n<meta name=\"twitter:label1\" content=\"Dur\u00e9e de lecture estim\u00e9e\" \/>\n\t<meta name=\"twitter:data1\" content=\"1 minute\" \/>\n<script type=\"application\/ld+json\" class=\"yoast-schema-graph\">{\"@context\":\"https:\/\/schema.org\",\"@graph\":[{\"@type\":\"WebPage\",\"@id\":\"https:\/\/www.fasep.it\/fr\/produits\/demonte-pneus\/s232.001\/\",\"url\":\"https:\/\/www.fasep.it\/fr\/produits\/demonte-pneus\/s232.001\/\",\"name\":\"RASE.TOP.3121\",\"isPartOf\":{\"@id\":\"https:\/\/www.fasep.it\/fr\/#website\"},\"datePublished\":\"2025-07-16T09:43:31+00:00\",\"dateModified\":\"2026-03-31T08:17:24+00:00\",\"breadcrumb\":{\"@id\":\"https:\/\/www.fasep.it\/fr\/produits\/demonte-pneus\/s232.001\/#breadcrumb\"},\"inLanguage\":\"fr-FR\",\"potentialAction\":[{\"@type\":\"ReadAction\",\"target\":[\"https:\/\/www.fasep.it\/fr\/produits\/demonte-pneus\/s232.001\/\"]}]},{\"@type\":\"BreadcrumbList\",\"@id\":\"https:\/\/www.fasep.it\/fr\/produits\/demonte-pneus\/s232.001\/#breadcrumb\",\"itemListElement\":[{\"@type\":\"ListItem\",\"position\":1,\"name\":\"Home\",\"item\":\"https:\/\/www.fasep.it\/fr\/\"},{\"@type\":\"ListItem\",\"position\":2,\"name\":\"Produits\",\"item\":\"https:\/\/www.fasep.it\/fr\/shop\/\"},{\"@type\":\"ListItem\",\"position\":3,\"name\":\"RASE.TOP.3121\"}]},{\"@type\":\"WebSite\",\"@id\":\"https:\/\/www.fasep.it\/fr\/#website\",\"url\":\"https:\/\/www.fasep.it\/fr\/\",\"name\":\"Fasep 2000 srl\",\"description\":\"\",\"potentialAction\":[{\"@type\":\"SearchAction\",\"target\":{\"@type\":\"EntryPoint\",\"urlTemplate\":\"https:\/\/www.fasep.it\/fr\/?s={search_term_string}\"},\"query-input\":{\"@type\":\"PropertyValueSpecification\",\"valueRequired\":true,\"valueName\":\"search_term_string\"}}],\"inLanguage\":\"fr-FR\"}]}<\/script>\n<!-- \/ Yoast SEO plugin. -->","yoast_head_json":{"title":"RASE.TOP.3121","robots":{"index":"index","follow":"follow","max-snippet":"max-snippet:-1","max-image-preview":"max-image-preview:large","max-video-preview":"max-video-preview:-1"},"og_locale":"fr_FR","og_type":"article","og_title":"RASE.TOP.3121","og_description":"Super Automatique Sans Levier. RASE.TOP.3121 est un d\u00e9monte-pneus super automatique sans levier. Il convient aux roues de voiture dont la taille de la jante est comprise entre 12 et 30\", sans qu'il soit n\u00e9cessaire de recourir \u00e0 un levier ou \u00e0 d'autres outils pour d\u00e9monter et monter un pneu. RASE.TOP.3121 est \u00e9quip\u00e9 d'un bras presse-talon pneumatique.  r\u00e9servoir d'air pour le gonflage int\u00e9gr\u00e9 dans le support du bras presse-talon pour gagner de la place une rigidit\u00e9 maximale gr\u00e2ce \u00e0 un syst\u00e8me de r\u00e9cup\u00e9ration \u00e0 jeu constant panneau de contr\u00f4le avec unit\u00e9 de filtrage \/ graissage, manom\u00e8tre et tuyau de gonflage le positionnement automatique du bras presse-talon en position de repos \u00e0 la fin de l'op\u00e9ration le nouveau d\u00e9talonneur \u00e0 3 positions \u00e9limine la flexion et le jeu","og_url":"https:\/\/www.fasep.it\/fr\/produits\/demonte-pneus\/s232.001\/","og_site_name":"Fasep 2000 srl","article_modified_time":"2026-03-31T08:17:24+00:00","twitter_card":"summary_large_image","twitter_misc":{"Dur\u00e9e de lecture estim\u00e9e":"1 minute"},"schema":{"@context":"https:\/\/schema.org","@graph":[{"@type":"WebPage","@id":"https:\/\/www.fasep.it\/fr\/produits\/demonte-pneus\/s232.001\/","url":"https:\/\/www.fasep.it\/fr\/produits\/demonte-pneus\/s232.001\/","name":"RASE.TOP.3121","isPartOf":{"@id":"https:\/\/www.fasep.it\/fr\/#website"},"datePublished":"2025-07-16T09:43:31+00:00","dateModified":"2026-03-31T08:17:24+00:00","breadcrumb":{"@id":"https:\/\/www.fasep.it\/fr\/produits\/demonte-pneus\/s232.001\/#breadcrumb"},"inLanguage":"fr-FR","potentialAction":[{"@type":"ReadAction","target":["https:\/\/www.fasep.it\/fr\/produits\/demonte-pneus\/s232.001\/"]}]},{"@type":"BreadcrumbList","@id":"https:\/\/www.fasep.it\/fr\/produits\/demonte-pneus\/s232.001\/#breadcrumb","itemListElement":[{"@type":"ListItem","position":1,"name":"Home","item":"https:\/\/www.fasep.it\/fr\/"},{"@type":"ListItem","position":2,"name":"Produits","item":"https:\/\/www.fasep.it\/fr\/shop\/"},{"@type":"ListItem","position":3,"name":"RASE.TOP.3121"}]},{"@type":"WebSite","@id":"https:\/\/www.fasep.it\/fr\/#website","url":"https:\/\/www.fasep.it\/fr\/","name":"Fasep 2000 srl","description":"","potentialAction":[{"@type":"SearchAction","target":{"@type":"EntryPoint","urlTemplate":"https:\/\/www.fasep.it\/fr\/?s={search_term_string}"},"query-input":{"@type":"PropertyValueSpecification","valueRequired":true,"valueName":"search_term_string"}}],"inLanguage":"fr-FR"}]}},"_links":{"self":[{"href":"https:\/\/www.fasep.it\/fr\/wp-json\/wp\/v2\/product\/7043","targetHints":{"allow":["GET"]}}],"collection":[{"href":"https:\/\/www.fasep.it\/fr\/wp-json\/wp\/v2\/product"}],"about":[{"href":"https:\/\/www.fasep.it\/fr\/wp-json\/wp\/v2\/types\/product"}],"wp:attachment":[{"href":"https:\/\/www.fasep.it\/fr\/wp-json\/wp\/v2\/media?parent=7043"}],"wp:term":[{"taxonomy":"product_brand","embeddable":true,"href":"https:\/\/www.fasep.it\/fr\/wp-json\/wp\/v2\/product_brand?post=7043"},{"taxonomy":"product_cat","embeddable":true,"href":"https:\/\/www.fasep.it\/fr\/wp-json\/wp\/v2\/product_cat?post=7043"},{"taxonomy":"product_tag","embeddable":true,"href":"https:\/\/www.fasep.it\/fr\/wp-json\/wp\/v2\/product_tag?post=7043"}],"curies":[{"name":"wp","href":"https:\/\/api.w.org\/{rel}","templated":true}]}}