{"id":7042,"date":"2025-07-16T11:43:35","date_gmt":"2025-07-16T09:43:35","guid":{"rendered":"https:\/\/www2.fasep.it\/produits\/\/fr-s237.001"},"modified":"2026-03-31T10:17:24","modified_gmt":"2026-03-31T08:17:24","slug":"fr-s237.001","status":"publish","type":"product","link":"https:\/\/www.fasep.it\/fr\/produits\/demonte-pneus\/s237.001\/","title":{"rendered":"RASE.TOP.3128"},"content":{"rendered":"<font color=\"#0055BB\"><strong>Super automatique sans levier.<\/strong><\/font><br>\r\nD\u00e9monte-pneu super automatique sans levier, adapt\u00e9 aux roues de voiture avec jantes de 12&Prime; \u00e0 28&Prime;, sans aucun levier ni autre outil pour d\u00e9monter et monter des pneus. RASE.TOP.3128 enl\u00e8ve facilement le pneu de la jante gr\u00e2ce \u00e0 la tour de d\u00e9collement des talons synchronis\u00e9e avec le mandrin de serrage. RASE.TOP.3128 est \u00e9quip\u00e9 d&rsquo;un bras de pressage pneumatique.","protected":false},"excerpt":{"rendered":"<font color=\"#0055BB\"><strong>Super automatique sans levier.<\/strong><\/font><br>\r\nD\u00e9monte-pneu super automatique sans levier, adapt\u00e9 aux roues de voiture avec jantes de 12&Prime; \u00e0 28&Prime;, sans aucun levier ni autre outil pour d\u00e9monter et monter des pneus. RASE.TOP.3128 enl\u00e8ve facilement le pneu de la jante gr\u00e2ce \u00e0 la tour de d\u00e9collement des talons synchronis\u00e9e avec le mandrin de serrage. RASE.TOP.3128 est \u00e9quip\u00e9 d&rsquo;un bras de pressage pneumatique.","protected":false},"featured_media":0,"template":"","meta":{"_acf_changed":false},"product_brand":[],"product_cat":[],"product_tag":[],"class_list":{"0":"post-7042","1":"product","2":"type-product","3":"status-publish","6":"first","7":"instock","8":"shipping-taxable","9":"product-type-simple"},"acf":[],"yoast_head":"<!-- This site is optimized with the Yoast SEO plugin v25.7 - https:\/\/yoast.com\/wordpress\/plugins\/seo\/ -->\n<title>RASE.TOP.3128<\/title>\n<meta name=\"robots\" content=\"index, follow, max-snippet:-1, max-image-preview:large, max-video-preview:-1\" \/>\n<meta property=\"og:locale\" content=\"fr_FR\" \/>\n<meta property=\"og:type\" content=\"article\" \/>\n<meta property=\"og:title\" content=\"RASE.TOP.3128\" \/>\n<meta property=\"og:description\" content=\"Super automatique sans levier. D\u00e9monte-pneu super automatique sans levier, adapt\u00e9 aux roues de voiture avec jantes de 12&quot; \u00e0 28&quot;, sans aucun levier ni autre outil pour d\u00e9monter et monter des pneus. RASE.TOP.3128 enl\u00e8ve facilement le pneu de la jante gr\u00e2ce \u00e0 la tour de d\u00e9collement des talons synchronis\u00e9e avec le mandrin de serrage. RASE.TOP.3128 est \u00e9quip\u00e9 d&#039;un bras de pressage pneumatique.\" \/>\n<meta property=\"og:url\" content=\"https:\/\/www.fasep.it\/fr\/produits\/demonte-pneus\/s237.001\/\" \/>\n<meta property=\"og:site_name\" content=\"Fasep 2000 srl\" \/>\n<meta property=\"article:modified_time\" content=\"2026-03-31T08:17:24+00:00\" \/>\n<meta name=\"twitter:card\" content=\"summary_large_image\" \/>\n<script type=\"application\/ld+json\" class=\"yoast-schema-graph\">{\"@context\":\"https:\/\/schema.org\",\"@graph\":[{\"@type\":\"WebPage\",\"@id\":\"https:\/\/www.fasep.it\/fr\/produits\/demonte-pneus\/s237.001\/\",\"url\":\"https:\/\/www.fasep.it\/fr\/produits\/demonte-pneus\/s237.001\/\",\"name\":\"RASE.TOP.3128\",\"isPartOf\":{\"@id\":\"https:\/\/www.fasep.it\/fr\/#website\"},\"datePublished\":\"2025-07-16T09:43:35+00:00\",\"dateModified\":\"2026-03-31T08:17:24+00:00\",\"breadcrumb\":{\"@id\":\"https:\/\/www.fasep.it\/fr\/produits\/demonte-pneus\/s237.001\/#breadcrumb\"},\"inLanguage\":\"fr-FR\",\"potentialAction\":[{\"@type\":\"ReadAction\",\"target\":[\"https:\/\/www.fasep.it\/fr\/produits\/demonte-pneus\/s237.001\/\"]}]},{\"@type\":\"BreadcrumbList\",\"@id\":\"https:\/\/www.fasep.it\/fr\/produits\/demonte-pneus\/s237.001\/#breadcrumb\",\"itemListElement\":[{\"@type\":\"ListItem\",\"position\":1,\"name\":\"Home\",\"item\":\"https:\/\/www.fasep.it\/fr\/\"},{\"@type\":\"ListItem\",\"position\":2,\"name\":\"Produits\",\"item\":\"https:\/\/www.fasep.it\/fr\/shop\/\"},{\"@type\":\"ListItem\",\"position\":3,\"name\":\"RASE.TOP.3128\"}]},{\"@type\":\"WebSite\",\"@id\":\"https:\/\/www.fasep.it\/fr\/#website\",\"url\":\"https:\/\/www.fasep.it\/fr\/\",\"name\":\"Fasep 2000 srl\",\"description\":\"\",\"potentialAction\":[{\"@type\":\"SearchAction\",\"target\":{\"@type\":\"EntryPoint\",\"urlTemplate\":\"https:\/\/www.fasep.it\/fr\/?s={search_term_string}\"},\"query-input\":{\"@type\":\"PropertyValueSpecification\",\"valueRequired\":true,\"valueName\":\"search_term_string\"}}],\"inLanguage\":\"fr-FR\"}]}<\/script>\n<!-- \/ Yoast SEO plugin. -->","yoast_head_json":{"title":"RASE.TOP.3128","robots":{"index":"index","follow":"follow","max-snippet":"max-snippet:-1","max-image-preview":"max-image-preview:large","max-video-preview":"max-video-preview:-1"},"og_locale":"fr_FR","og_type":"article","og_title":"RASE.TOP.3128","og_description":"Super automatique sans levier. D\u00e9monte-pneu super automatique sans levier, adapt\u00e9 aux roues de voiture avec jantes de 12\" \u00e0 28\", sans aucun levier ni autre outil pour d\u00e9monter et monter des pneus. RASE.TOP.3128 enl\u00e8ve facilement le pneu de la jante gr\u00e2ce \u00e0 la tour de d\u00e9collement des talons synchronis\u00e9e avec le mandrin de serrage. RASE.TOP.3128 est \u00e9quip\u00e9 d'un bras de pressage pneumatique.","og_url":"https:\/\/www.fasep.it\/fr\/produits\/demonte-pneus\/s237.001\/","og_site_name":"Fasep 2000 srl","article_modified_time":"2026-03-31T08:17:24+00:00","twitter_card":"summary_large_image","schema":{"@context":"https:\/\/schema.org","@graph":[{"@type":"WebPage","@id":"https:\/\/www.fasep.it\/fr\/produits\/demonte-pneus\/s237.001\/","url":"https:\/\/www.fasep.it\/fr\/produits\/demonte-pneus\/s237.001\/","name":"RASE.TOP.3128","isPartOf":{"@id":"https:\/\/www.fasep.it\/fr\/#website"},"datePublished":"2025-07-16T09:43:35+00:00","dateModified":"2026-03-31T08:17:24+00:00","breadcrumb":{"@id":"https:\/\/www.fasep.it\/fr\/produits\/demonte-pneus\/s237.001\/#breadcrumb"},"inLanguage":"fr-FR","potentialAction":[{"@type":"ReadAction","target":["https:\/\/www.fasep.it\/fr\/produits\/demonte-pneus\/s237.001\/"]}]},{"@type":"BreadcrumbList","@id":"https:\/\/www.fasep.it\/fr\/produits\/demonte-pneus\/s237.001\/#breadcrumb","itemListElement":[{"@type":"ListItem","position":1,"name":"Home","item":"https:\/\/www.fasep.it\/fr\/"},{"@type":"ListItem","position":2,"name":"Produits","item":"https:\/\/www.fasep.it\/fr\/shop\/"},{"@type":"ListItem","position":3,"name":"RASE.TOP.3128"}]},{"@type":"WebSite","@id":"https:\/\/www.fasep.it\/fr\/#website","url":"https:\/\/www.fasep.it\/fr\/","name":"Fasep 2000 srl","description":"","potentialAction":[{"@type":"SearchAction","target":{"@type":"EntryPoint","urlTemplate":"https:\/\/www.fasep.it\/fr\/?s={search_term_string}"},"query-input":{"@type":"PropertyValueSpecification","valueRequired":true,"valueName":"search_term_string"}}],"inLanguage":"fr-FR"}]}},"_links":{"self":[{"href":"https:\/\/www.fasep.it\/fr\/wp-json\/wp\/v2\/product\/7042","targetHints":{"allow":["GET"]}}],"collection":[{"href":"https:\/\/www.fasep.it\/fr\/wp-json\/wp\/v2\/product"}],"about":[{"href":"https:\/\/www.fasep.it\/fr\/wp-json\/wp\/v2\/types\/product"}],"wp:attachment":[{"href":"https:\/\/www.fasep.it\/fr\/wp-json\/wp\/v2\/media?parent=7042"}],"wp:term":[{"taxonomy":"product_brand","embeddable":true,"href":"https:\/\/www.fasep.it\/fr\/wp-json\/wp\/v2\/product_brand?post=7042"},{"taxonomy":"product_cat","embeddable":true,"href":"https:\/\/www.fasep.it\/fr\/wp-json\/wp\/v2\/product_cat?post=7042"},{"taxonomy":"product_tag","embeddable":true,"href":"https:\/\/www.fasep.it\/fr\/wp-json\/wp\/v2\/product_tag?post=7042"}],"curies":[{"name":"wp","href":"https:\/\/api.w.org\/{rel}","templated":true}]}}