{"id":7041,"date":"2025-07-16T11:43:39","date_gmt":"2025-07-16T09:43:39","guid":{"rendered":"https:\/\/www2.fasep.it\/produits\/\/fr-s239.001"},"modified":"2026-03-31T10:17:23","modified_gmt":"2026-03-31T08:17:23","slug":"fr-s239.001","status":"publish","type":"product","link":"https:\/\/www.fasep.it\/fr\/produits\/demonte-pneus\/s239.001\/","title":{"rendered":"RASE.TOP.4028"},"content":{"rendered":"<font color=\"#0055BB\"><strong>D\u00e9monte-pneus super-automatique informatis\u00e9 sans levier.<\/strong><\/font><br>\r\nRASE.TOP.4028 est un <u>d\u00e9monte-pneus \u00e0 cycle automatique<\/u>, destin\u00e9 aux meilleurs sp\u00e9cialistes du pneu, pour l&rsquo;utilisation avec des roues Run Flat et UHP. Il fonctionne sur les roues des voitures et des v\u00e9hicules l\u00e9gers ayant des roues de 13&Prime; \u00e0 28&Prime;, sans aucun levier pour monter et d\u00e9monter un pneu.<br>\r\nRASE.TOP.4028 est capable de diagnostiquer le profil g\u00e9om\u00e9trique de la jante en m\u00eame temps que la rupture du talon du pneu.\r\nRASE.TOP.4028 est \u00e9quip\u00e9 d&rsquo;un dispositif anti-rayures de la jante.<br>\r\nAvec RASE.TOP.4028, la roue est plac\u00e9e directement au-dessus de la broche \u00e0 centrage automatique avec un \u00e9l\u00e9vateur \u00e0 commande pneumatique.<br>","protected":false},"excerpt":{"rendered":"<font color=\"#0055BB\"><strong>D\u00e9monte-pneus super-automatique informatis\u00e9 sans levier.<\/strong><\/font><br>\r\nRASE.TOP.4028 est un <u>d\u00e9monte-pneus \u00e0 cycle automatique<\/u>, destin\u00e9 aux meilleurs sp\u00e9cialistes du pneu, pour l&rsquo;utilisation avec des roues Run Flat et UHP. Il fonctionne sur les roues des voitures et des v\u00e9hicules l\u00e9gers ayant des roues de 13&Prime; \u00e0 28&Prime;, sans aucun levier pour monter et d\u00e9monter un pneu.<br>\r\nRASE.TOP.4028 est capable de diagnostiquer le profil g\u00e9om\u00e9trique de la jante en m\u00eame temps que la rupture du talon du pneu.\r\nRASE.TOP.4028 est \u00e9quip\u00e9 d&rsquo;un dispositif anti-rayures de la jante.<br>\r\nAvec RASE.TOP.4028, la roue est plac\u00e9e directement au-dessus de la broche \u00e0 centrage automatique avec un \u00e9l\u00e9vateur \u00e0 commande pneumatique.<br>","protected":false},"featured_media":0,"template":"","meta":{"_acf_changed":false},"product_brand":[],"product_cat":[],"product_tag":[],"class_list":{"0":"post-7041","1":"product","2":"type-product","3":"status-publish","6":"first","7":"instock","8":"shipping-taxable","9":"product-type-simple"},"acf":[],"yoast_head":"<!-- This site is optimized with the Yoast SEO plugin v25.7 - https:\/\/yoast.com\/wordpress\/plugins\/seo\/ -->\n<title>RASE.TOP.4028<\/title>\n<meta name=\"robots\" content=\"index, follow, max-snippet:-1, max-image-preview:large, max-video-preview:-1\" \/>\n<meta property=\"og:locale\" content=\"fr_FR\" \/>\n<meta property=\"og:type\" content=\"article\" \/>\n<meta property=\"og:title\" content=\"RASE.TOP.4028\" \/>\n<meta property=\"og:description\" content=\"D\u00e9monte-pneus super-automatique informatis\u00e9 sans levier. RASE.TOP.4028 est un d\u00e9monte-pneus \u00e0 cycle automatique, destin\u00e9 aux meilleurs sp\u00e9cialistes du pneu, pour l&#039;utilisation avec des roues Run Flat et UHP. Il fonctionne sur les roues des voitures et des v\u00e9hicules l\u00e9gers ayant des roues de 13&quot; \u00e0 28&quot;, sans aucun levier pour monter et d\u00e9monter un pneu. RASE.TOP.4028 est capable de diagnostiquer le profil g\u00e9om\u00e9trique de la jante en m\u00eame temps que la rupture du talon du pneu. RASE.TOP.4028 est \u00e9quip\u00e9 d&#039;un dispositif anti-rayures de la jante. Avec RASE.TOP.4028, la roue est plac\u00e9e directement au-dessus de la broche \u00e0 centrage automatique avec un \u00e9l\u00e9vateur \u00e0 commande pneumatique.\" \/>\n<meta property=\"og:url\" content=\"https:\/\/www.fasep.it\/fr\/produits\/demonte-pneus\/s239.001\/\" \/>\n<meta property=\"og:site_name\" content=\"Fasep 2000 srl\" \/>\n<meta property=\"article:modified_time\" content=\"2026-03-31T08:17:23+00:00\" \/>\n<meta name=\"twitter:card\" content=\"summary_large_image\" \/>\n<meta name=\"twitter:label1\" content=\"Dur\u00e9e de lecture estim\u00e9e\" \/>\n\t<meta name=\"twitter:data1\" content=\"1 minute\" \/>\n<script type=\"application\/ld+json\" class=\"yoast-schema-graph\">{\"@context\":\"https:\/\/schema.org\",\"@graph\":[{\"@type\":\"WebPage\",\"@id\":\"https:\/\/www.fasep.it\/fr\/produits\/demonte-pneus\/s239.001\/\",\"url\":\"https:\/\/www.fasep.it\/fr\/produits\/demonte-pneus\/s239.001\/\",\"name\":\"RASE.TOP.4028\",\"isPartOf\":{\"@id\":\"https:\/\/www.fasep.it\/fr\/#website\"},\"datePublished\":\"2025-07-16T09:43:39+00:00\",\"dateModified\":\"2026-03-31T08:17:23+00:00\",\"breadcrumb\":{\"@id\":\"https:\/\/www.fasep.it\/fr\/produits\/demonte-pneus\/s239.001\/#breadcrumb\"},\"inLanguage\":\"fr-FR\",\"potentialAction\":[{\"@type\":\"ReadAction\",\"target\":[\"https:\/\/www.fasep.it\/fr\/produits\/demonte-pneus\/s239.001\/\"]}]},{\"@type\":\"BreadcrumbList\",\"@id\":\"https:\/\/www.fasep.it\/fr\/produits\/demonte-pneus\/s239.001\/#breadcrumb\",\"itemListElement\":[{\"@type\":\"ListItem\",\"position\":1,\"name\":\"Home\",\"item\":\"https:\/\/www.fasep.it\/fr\/\"},{\"@type\":\"ListItem\",\"position\":2,\"name\":\"Produits\",\"item\":\"https:\/\/www.fasep.it\/fr\/shop\/\"},{\"@type\":\"ListItem\",\"position\":3,\"name\":\"RASE.TOP.4028\"}]},{\"@type\":\"WebSite\",\"@id\":\"https:\/\/www.fasep.it\/fr\/#website\",\"url\":\"https:\/\/www.fasep.it\/fr\/\",\"name\":\"Fasep 2000 srl\",\"description\":\"\",\"potentialAction\":[{\"@type\":\"SearchAction\",\"target\":{\"@type\":\"EntryPoint\",\"urlTemplate\":\"https:\/\/www.fasep.it\/fr\/?s={search_term_string}\"},\"query-input\":{\"@type\":\"PropertyValueSpecification\",\"valueRequired\":true,\"valueName\":\"search_term_string\"}}],\"inLanguage\":\"fr-FR\"}]}<\/script>\n<!-- \/ Yoast SEO plugin. -->","yoast_head_json":{"title":"RASE.TOP.4028","robots":{"index":"index","follow":"follow","max-snippet":"max-snippet:-1","max-image-preview":"max-image-preview:large","max-video-preview":"max-video-preview:-1"},"og_locale":"fr_FR","og_type":"article","og_title":"RASE.TOP.4028","og_description":"D\u00e9monte-pneus super-automatique informatis\u00e9 sans levier. RASE.TOP.4028 est un d\u00e9monte-pneus \u00e0 cycle automatique, destin\u00e9 aux meilleurs sp\u00e9cialistes du pneu, pour l'utilisation avec des roues Run Flat et UHP. Il fonctionne sur les roues des voitures et des v\u00e9hicules l\u00e9gers ayant des roues de 13\" \u00e0 28\", sans aucun levier pour monter et d\u00e9monter un pneu. RASE.TOP.4028 est capable de diagnostiquer le profil g\u00e9om\u00e9trique de la jante en m\u00eame temps que la rupture du talon du pneu. RASE.TOP.4028 est \u00e9quip\u00e9 d'un dispositif anti-rayures de la jante. Avec RASE.TOP.4028, la roue est plac\u00e9e directement au-dessus de la broche \u00e0 centrage automatique avec un \u00e9l\u00e9vateur \u00e0 commande pneumatique.","og_url":"https:\/\/www.fasep.it\/fr\/produits\/demonte-pneus\/s239.001\/","og_site_name":"Fasep 2000 srl","article_modified_time":"2026-03-31T08:17:23+00:00","twitter_card":"summary_large_image","twitter_misc":{"Dur\u00e9e de lecture estim\u00e9e":"1 minute"},"schema":{"@context":"https:\/\/schema.org","@graph":[{"@type":"WebPage","@id":"https:\/\/www.fasep.it\/fr\/produits\/demonte-pneus\/s239.001\/","url":"https:\/\/www.fasep.it\/fr\/produits\/demonte-pneus\/s239.001\/","name":"RASE.TOP.4028","isPartOf":{"@id":"https:\/\/www.fasep.it\/fr\/#website"},"datePublished":"2025-07-16T09:43:39+00:00","dateModified":"2026-03-31T08:17:23+00:00","breadcrumb":{"@id":"https:\/\/www.fasep.it\/fr\/produits\/demonte-pneus\/s239.001\/#breadcrumb"},"inLanguage":"fr-FR","potentialAction":[{"@type":"ReadAction","target":["https:\/\/www.fasep.it\/fr\/produits\/demonte-pneus\/s239.001\/"]}]},{"@type":"BreadcrumbList","@id":"https:\/\/www.fasep.it\/fr\/produits\/demonte-pneus\/s239.001\/#breadcrumb","itemListElement":[{"@type":"ListItem","position":1,"name":"Home","item":"https:\/\/www.fasep.it\/fr\/"},{"@type":"ListItem","position":2,"name":"Produits","item":"https:\/\/www.fasep.it\/fr\/shop\/"},{"@type":"ListItem","position":3,"name":"RASE.TOP.4028"}]},{"@type":"WebSite","@id":"https:\/\/www.fasep.it\/fr\/#website","url":"https:\/\/www.fasep.it\/fr\/","name":"Fasep 2000 srl","description":"","potentialAction":[{"@type":"SearchAction","target":{"@type":"EntryPoint","urlTemplate":"https:\/\/www.fasep.it\/fr\/?s={search_term_string}"},"query-input":{"@type":"PropertyValueSpecification","valueRequired":true,"valueName":"search_term_string"}}],"inLanguage":"fr-FR"}]}},"_links":{"self":[{"href":"https:\/\/www.fasep.it\/fr\/wp-json\/wp\/v2\/product\/7041","targetHints":{"allow":["GET"]}}],"collection":[{"href":"https:\/\/www.fasep.it\/fr\/wp-json\/wp\/v2\/product"}],"about":[{"href":"https:\/\/www.fasep.it\/fr\/wp-json\/wp\/v2\/types\/product"}],"wp:attachment":[{"href":"https:\/\/www.fasep.it\/fr\/wp-json\/wp\/v2\/media?parent=7041"}],"wp:term":[{"taxonomy":"product_brand","embeddable":true,"href":"https:\/\/www.fasep.it\/fr\/wp-json\/wp\/v2\/product_brand?post=7041"},{"taxonomy":"product_cat","embeddable":true,"href":"https:\/\/www.fasep.it\/fr\/wp-json\/wp\/v2\/product_cat?post=7041"},{"taxonomy":"product_tag","embeddable":true,"href":"https:\/\/www.fasep.it\/fr\/wp-json\/wp\/v2\/product_tag?post=7041"}],"curies":[{"name":"wp","href":"https:\/\/api.w.org\/{rel}","templated":true}]}}