{"id":7039,"date":"2025-07-16T11:43:41","date_gmt":"2025-07-16T09:43:41","guid":{"rendered":"https:\/\/www2.fasep.it\/produits\/\/fr-s240.007"},"modified":"2026-03-31T10:17:39","modified_gmt":"2026-03-31T08:17:39","slug":"fr-s240.007","status":"publish","type":"product","link":"https:\/\/www.fasep.it\/fr\/produits\/mobilite\/s240.007\/","title":{"rendered":"eCUBE G4"},"content":{"rendered":"<font color=\"#0055BB\"><strong>Syst\u00e8me int\u00e9gr\u00e9 pour service mobile des pneumatiques.<\/strong><\/font><br>\r\neCUBE est un syst\u00e8me pour service mobile de pneus adapt\u00e9 aux roues de voitures, de SUV et de camionnettes pour des roues jusqu&rsquo;\u00e0 24&Prime;.<br>\r\neCUBE combine un d\u00e9monte-pneu, une \u00e9quilibreuse (en option), un PC, un \u00e9cran tactile, un syst\u00e8me de gonflage num\u00e9rique, un compresseur et une banque d&rsquo;\u00e9nergie dans une seule machine.<br>\r\n<br>\r\n<u>eCUBE respecte ceux qui travaillent<\/u>: il ne n\u00e9cessite pas de g\u00e9n\u00e9rateur bruyant avec moteur \u00e0 combustion interne, mais est \u00e9quip\u00e9 d&rsquo;un syst\u00e8me de batteries rechargeables et d&rsquo;un compresseur silencieux qui vous permettent de travailler sans d\u00e9ranger l&rsquo;op\u00e9rateur.<br>\r\n<br>\r\nLe syst\u00e8me <u>eCUBE respecte l&rsquo;environnement<\/u> car il n&rsquo;\u00e9met aucun gaz d&rsquo;\u00e9chappement, c&rsquo;est pourquoi il peut \u00e9galement \u00eatre utilis\u00e9 dans des espaces clos (garages, parkings souterrains, etc.).<br>\r\n<br>\r\nPour plus d&rsquo;informations, consultez la <a href=\"https:\/\/www.fasep.it\/en\/news\/ecube-faq\/\" target=\"top\">FAQ eCUBE<\/a>.<br>\r\n<br>\r\n<em>eCUBE est compos\u00e9 de:<\/em>\r\n<ul>\r\n <li>D\u00e9monte-pneus automatique pour les roues jusqu&rsquo;\u00e0 24&quot;<\/li>\r\n <li>\u00c9quilibreuse FASEP B112 (en option)<\/li>\r\n <li>Syst\u00e8me PC<\/li>\r\n <li>\u00c9cran tactile<\/li>\r\n <li>Syst\u00e8me d&rsquo;inflation num\u00e9rique<\/li>\r\n <li>Compresseur silencieux<\/li>\r\n <li>Syst\u00e8me de batterie 48V <\/li>\r\n<\/ul>\r\n<br>\r\n<br>\r\n<em>Avantages:<\/em>\r\n<ul>\r\n <li>Diverses possibilit\u00e9s d&rsquo;installation &#8211; <strong>N\u00e9cessite seulement 1,1 m2 d&rsquo;espace<\/strong><\/li>\r\n <li>Pas de bruit<\/li>\r\n <li>Pas de mauvaise odeur de gaz d&rsquo;\u00e9chappement<\/li>\r\n <li>Chez votre client, le m\u00eame niveau de qualit\u00e9 que le travail effectu\u00e9 dans l&rsquo;atelier<\/li>\r\n <li>Rapide \u00e0 installer et \u00e0 d\u00e9sinstaller<\/li>\r\n <li>Climat froid? Vous pouvez travailler dans la camionnette avec la porte ferm\u00e9e<\/li>\r\n <li>Pas de moteur en marche lorsque la machine est au ralenti &#8211; <strong>D&rsquo;\u00e9normes \u00e9conomies de carburant<\/strong><\/li>\r\n <li>Surveillance \u00e0 distance, mises \u00e0 jour de logiciels et d\u00e9pannage<\/li>\r\n <li>Con\u00e7u sp\u00e9cifiquement pour le march\u00e9 des services mobiles<\/li>\r\n<\/ul>\r\n<br>\r\n<button><a href=\"https:\/\/www.fasep.it\/news\/ecube-faq\/\" target=\"top\">Cliquez ici pour voir les FAQ sur eCUBE<\/a><\/button><br>\r\n<br>\r\n<button><a href=\"https:\/\/www.instagram.com\/p\/B-b8bIPgRnC\/\" target=\"top\">Cliquez ici pour voir eCUBE en action<\/a><\/button>","protected":false},"excerpt":{"rendered":"<font color=\"#0055BB\"><strong>Syst\u00e8me int\u00e9gr\u00e9 pour service mobile des pneumatiques.<\/strong><\/font><br>\r\neCUBE est un syst\u00e8me pour service mobile de pneus adapt\u00e9 aux roues de voitures, de SUV et de camionnettes pour des roues jusqu&rsquo;\u00e0 24&Prime;.<br>\r\neCUBE combine un d\u00e9monte-pneu, une \u00e9quilibreuse (en option), un PC, un \u00e9cran tactile, un syst\u00e8me de gonflage num\u00e9rique, un compresseur et une banque d&rsquo;\u00e9nergie dans une seule machine.<br>\r\n<br>\r\n<u>eCUBE respecte ceux qui travaillent<\/u>: il ne n\u00e9cessite pas de g\u00e9n\u00e9rateur bruyant avec moteur \u00e0 combustion interne, mais est \u00e9quip\u00e9 d&rsquo;un syst\u00e8me de batteries rechargeables et d&rsquo;un compresseur silencieux qui vous permettent de travailler sans d\u00e9ranger l&rsquo;op\u00e9rateur.<br>\r\n<br>\r\nLe syst\u00e8me <u>eCUBE respecte l&rsquo;environnement<\/u> car il n&rsquo;\u00e9met aucun gaz d&rsquo;\u00e9chappement, c&rsquo;est pourquoi il peut \u00e9galement \u00eatre utilis\u00e9 dans des espaces clos (garages, parkings souterrains, etc.).<br>\r\n<br>\r\nPour plus d&rsquo;informations, consultez la <a href=\"https:\/\/www.fasep.it\/en\/news\/ecube-faq\/\" target=\"top\">FAQ eCUBE<\/a>.<br>\r\n<br>\r\n<em>eCUBE est compos\u00e9 de:<\/em>\r\n<ul>\r\n <li>D\u00e9monte-pneus automatique pour les roues jusqu&rsquo;\u00e0 24&Prime;<\/li>\r\n <li>\u00c9quilibreuse FASEP B112 (en option)<\/li>\r\n <li>Syst\u00e8me PC<\/li>\r\n <li>\u00c9cran tactile<\/li>\r\n <li>Syst\u00e8me d&rsquo;inflation num\u00e9rique<\/li>\r\n <li>Compresseur silencieux<\/li>\r\n <li>Syst\u00e8me de batterie 48V <\/li>\r\n<\/ul>\r\n<br>\r\n<br>\r\n<em>Avantages:<\/em>\r\n<ul>\r\n <li>Diverses possibilit\u00e9s d&rsquo;installation &#8211; <strong>N\u00e9cessite seulement 1,1 m2 d&rsquo;espace<\/strong><\/li>\r\n <li>Pas de bruit<\/li>\r\n <li>Pas de mauvaise odeur de gaz d&rsquo;\u00e9chappement<\/li>\r\n <li>Chez votre client, le m\u00eame niveau de qualit\u00e9 que le travail effectu\u00e9 dans l&rsquo;atelier<\/li>\r\n <li>Rapide \u00e0 installer et \u00e0 d\u00e9sinstaller<\/li>\r\n <li>Climat froid? Vous pouvez travailler dans la camionnette avec la porte ferm\u00e9e<\/li>\r\n <li>Pas de moteur en marche lorsque la machine est au ralenti &#8211; <strong>D&rsquo;\u00e9normes \u00e9conomies de carburant<\/strong><\/li>\r\n <li>Surveillance \u00e0 distance, mises \u00e0 jour de logiciels et d\u00e9pannage<\/li>\r\n <li>Con\u00e7u sp\u00e9cifiquement pour le march\u00e9 des services mobiles<\/li>\r\n<\/ul>\r\n<br>\r\n<button><a href=\"https:\/\/www.fasep.it\/news\/ecube-faq\/\" target=\"top\">Cliquez ici pour voir les FAQ sur eCUBE<\/a><\/button><br>\r\n<br>\r\n<button><a href=\"https:\/\/www.instagram.com\/p\/B-b8bIPgRnC\/\" target=\"top\">Cliquez ici pour voir eCUBE en action<\/a><\/button>","protected":false},"featured_media":0,"template":"","meta":{"_acf_changed":false},"product_brand":[],"product_cat":[],"product_tag":[],"class_list":{"0":"post-7039","1":"product","2":"type-product","3":"status-publish","6":"first","7":"instock","8":"shipping-taxable","9":"product-type-simple"},"acf":[],"yoast_head":"<!-- This site is optimized with the Yoast SEO plugin v25.7 - https:\/\/yoast.com\/wordpress\/plugins\/seo\/ -->\n<title>eCUBE G4<\/title>\n<meta name=\"robots\" content=\"index, follow, max-snippet:-1, max-image-preview:large, max-video-preview:-1\" \/>\n<meta property=\"og:locale\" content=\"fr_FR\" \/>\n<meta property=\"og:type\" content=\"article\" \/>\n<meta property=\"og:title\" content=\"eCUBE G4\" \/>\n<meta property=\"og:description\" content=\"Syst\u00e8me int\u00e9gr\u00e9 pour service mobile des pneumatiques. eCUBE est un syst\u00e8me pour service mobile de pneus adapt\u00e9 aux roues de voitures, de SUV et de camionnettes pour des roues jusqu&#039;\u00e0 24&quot;. eCUBE combine un d\u00e9monte-pneu, une \u00e9quilibreuse (en option), un PC, un \u00e9cran tactile, un syst\u00e8me de gonflage num\u00e9rique, un compresseur et une banque d&#039;\u00e9nergie dans une seule machine.  eCUBE respecte ceux qui travaillent: il ne n\u00e9cessite pas de g\u00e9n\u00e9rateur bruyant avec moteur \u00e0 combustion interne, mais est \u00e9quip\u00e9 d&#039;un syst\u00e8me de batteries rechargeables et d&#039;un compresseur silencieux qui vous permettent de travailler sans d\u00e9ranger l&#039;op\u00e9rateur.  Le syst\u00e8me eCUBE respecte l&#039;environnement car il n&#039;\u00e9met aucun gaz d&#039;\u00e9chappement, c&#039;est pourquoi il peut \u00e9galement \u00eatre utilis\u00e9 dans des espaces clos (garages, parkings souterrains, etc.).  Pour plus d&#039;informations, consultez la FAQ eCUBE.  eCUBE est compos\u00e9 de:   D\u00e9monte-pneus automatique pour les roues jusqu&#039;\u00e0 24&quot;  \u00c9quilibreuse FASEP B112 (en option)  Syst\u00e8me PC  \u00c9cran tactile  Syst\u00e8me d&#039;inflation num\u00e9rique  Compresseur silencieux  Syst\u00e8me de batterie 48V     Avantages:   Diverses possibilit\u00e9s d&#039;installation - N\u00e9cessite seulement 1,1 m2 d&#039;espace  Pas de bruit  Pas de mauvaise odeur de gaz d&#039;\u00e9chappement  Chez votre client, le m\u00eame niveau de qualit\u00e9 que le travail effectu\u00e9 dans l&#039;atelier  Rapide \u00e0 installer et \u00e0 d\u00e9sinstaller  Climat froid? Vous pouvez travailler dans la camionnette avec la porte ferm\u00e9e  Pas de moteur en marche lorsque la machine est au ralenti - D&#039;\u00e9normes \u00e9conomies de carburant  Surveillance \u00e0 distance, mises \u00e0 jour de logiciels et d\u00e9pannage  Con\u00e7u sp\u00e9cifiquement pour le march\u00e9 des services mobiles   Cliquez ici pour voir les FAQ sur eCUBE  Cliquez ici pour voir eCUBE en action\" \/>\n<meta property=\"og:url\" content=\"https:\/\/www.fasep.it\/fr\/produits\/mobilite\/s240.007\/\" \/>\n<meta property=\"og:site_name\" content=\"Fasep 2000 srl\" \/>\n<meta property=\"article:modified_time\" content=\"2026-03-31T08:17:39+00:00\" \/>\n<meta name=\"twitter:card\" content=\"summary_large_image\" \/>\n<meta name=\"twitter:label1\" content=\"Dur\u00e9e de lecture estim\u00e9e\" \/>\n\t<meta name=\"twitter:data1\" content=\"1 minute\" \/>\n<script type=\"application\/ld+json\" class=\"yoast-schema-graph\">{\"@context\":\"https:\/\/schema.org\",\"@graph\":[{\"@type\":\"WebPage\",\"@id\":\"https:\/\/www.fasep.it\/fr\/produits\/mobilite\/s240.007\/\",\"url\":\"https:\/\/www.fasep.it\/fr\/produits\/mobilite\/s240.007\/\",\"name\":\"eCUBE G4\",\"isPartOf\":{\"@id\":\"https:\/\/www.fasep.it\/fr\/#website\"},\"datePublished\":\"2025-07-16T09:43:41+00:00\",\"dateModified\":\"2026-03-31T08:17:39+00:00\",\"breadcrumb\":{\"@id\":\"https:\/\/www.fasep.it\/fr\/produits\/mobilite\/s240.007\/#breadcrumb\"},\"inLanguage\":\"fr-FR\",\"potentialAction\":[{\"@type\":\"ReadAction\",\"target\":[\"https:\/\/www.fasep.it\/fr\/produits\/mobilite\/s240.007\/\"]}]},{\"@type\":\"BreadcrumbList\",\"@id\":\"https:\/\/www.fasep.it\/fr\/produits\/mobilite\/s240.007\/#breadcrumb\",\"itemListElement\":[{\"@type\":\"ListItem\",\"position\":1,\"name\":\"Home\",\"item\":\"https:\/\/www.fasep.it\/fr\/\"},{\"@type\":\"ListItem\",\"position\":2,\"name\":\"Produits\",\"item\":\"https:\/\/www.fasep.it\/fr\/shop\/\"},{\"@type\":\"ListItem\",\"position\":3,\"name\":\"eCUBE G4\"}]},{\"@type\":\"WebSite\",\"@id\":\"https:\/\/www.fasep.it\/fr\/#website\",\"url\":\"https:\/\/www.fasep.it\/fr\/\",\"name\":\"Fasep 2000 srl\",\"description\":\"\",\"potentialAction\":[{\"@type\":\"SearchAction\",\"target\":{\"@type\":\"EntryPoint\",\"urlTemplate\":\"https:\/\/www.fasep.it\/fr\/?s={search_term_string}\"},\"query-input\":{\"@type\":\"PropertyValueSpecification\",\"valueRequired\":true,\"valueName\":\"search_term_string\"}}],\"inLanguage\":\"fr-FR\"}]}<\/script>\n<!-- \/ Yoast SEO plugin. -->","yoast_head_json":{"title":"eCUBE G4","robots":{"index":"index","follow":"follow","max-snippet":"max-snippet:-1","max-image-preview":"max-image-preview:large","max-video-preview":"max-video-preview:-1"},"og_locale":"fr_FR","og_type":"article","og_title":"eCUBE G4","og_description":"Syst\u00e8me int\u00e9gr\u00e9 pour service mobile des pneumatiques. eCUBE est un syst\u00e8me pour service mobile de pneus adapt\u00e9 aux roues de voitures, de SUV et de camionnettes pour des roues jusqu'\u00e0 24\". eCUBE combine un d\u00e9monte-pneu, une \u00e9quilibreuse (en option), un PC, un \u00e9cran tactile, un syst\u00e8me de gonflage num\u00e9rique, un compresseur et une banque d'\u00e9nergie dans une seule machine.  eCUBE respecte ceux qui travaillent: il ne n\u00e9cessite pas de g\u00e9n\u00e9rateur bruyant avec moteur \u00e0 combustion interne, mais est \u00e9quip\u00e9 d'un syst\u00e8me de batteries rechargeables et d'un compresseur silencieux qui vous permettent de travailler sans d\u00e9ranger l'op\u00e9rateur.  Le syst\u00e8me eCUBE respecte l'environnement car il n'\u00e9met aucun gaz d'\u00e9chappement, c'est pourquoi il peut \u00e9galement \u00eatre utilis\u00e9 dans des espaces clos (garages, parkings souterrains, etc.).  Pour plus d'informations, consultez la FAQ eCUBE.  eCUBE est compos\u00e9 de:   D\u00e9monte-pneus automatique pour les roues jusqu'\u00e0 24\"  \u00c9quilibreuse FASEP B112 (en option)  Syst\u00e8me PC  \u00c9cran tactile  Syst\u00e8me d'inflation num\u00e9rique  Compresseur silencieux  Syst\u00e8me de batterie 48V     Avantages:   Diverses possibilit\u00e9s d'installation - N\u00e9cessite seulement 1,1 m2 d'espace  Pas de bruit  Pas de mauvaise odeur de gaz d'\u00e9chappement  Chez votre client, le m\u00eame niveau de qualit\u00e9 que le travail effectu\u00e9 dans l'atelier  Rapide \u00e0 installer et \u00e0 d\u00e9sinstaller  Climat froid? Vous pouvez travailler dans la camionnette avec la porte ferm\u00e9e  Pas de moteur en marche lorsque la machine est au ralenti - D'\u00e9normes \u00e9conomies de carburant  Surveillance \u00e0 distance, mises \u00e0 jour de logiciels et d\u00e9pannage  Con\u00e7u sp\u00e9cifiquement pour le march\u00e9 des services mobiles   Cliquez ici pour voir les FAQ sur eCUBE  Cliquez ici pour voir eCUBE en action","og_url":"https:\/\/www.fasep.it\/fr\/produits\/mobilite\/s240.007\/","og_site_name":"Fasep 2000 srl","article_modified_time":"2026-03-31T08:17:39+00:00","twitter_card":"summary_large_image","twitter_misc":{"Dur\u00e9e de lecture estim\u00e9e":"1 minute"},"schema":{"@context":"https:\/\/schema.org","@graph":[{"@type":"WebPage","@id":"https:\/\/www.fasep.it\/fr\/produits\/mobilite\/s240.007\/","url":"https:\/\/www.fasep.it\/fr\/produits\/mobilite\/s240.007\/","name":"eCUBE G4","isPartOf":{"@id":"https:\/\/www.fasep.it\/fr\/#website"},"datePublished":"2025-07-16T09:43:41+00:00","dateModified":"2026-03-31T08:17:39+00:00","breadcrumb":{"@id":"https:\/\/www.fasep.it\/fr\/produits\/mobilite\/s240.007\/#breadcrumb"},"inLanguage":"fr-FR","potentialAction":[{"@type":"ReadAction","target":["https:\/\/www.fasep.it\/fr\/produits\/mobilite\/s240.007\/"]}]},{"@type":"BreadcrumbList","@id":"https:\/\/www.fasep.it\/fr\/produits\/mobilite\/s240.007\/#breadcrumb","itemListElement":[{"@type":"ListItem","position":1,"name":"Home","item":"https:\/\/www.fasep.it\/fr\/"},{"@type":"ListItem","position":2,"name":"Produits","item":"https:\/\/www.fasep.it\/fr\/shop\/"},{"@type":"ListItem","position":3,"name":"eCUBE G4"}]},{"@type":"WebSite","@id":"https:\/\/www.fasep.it\/fr\/#website","url":"https:\/\/www.fasep.it\/fr\/","name":"Fasep 2000 srl","description":"","potentialAction":[{"@type":"SearchAction","target":{"@type":"EntryPoint","urlTemplate":"https:\/\/www.fasep.it\/fr\/?s={search_term_string}"},"query-input":{"@type":"PropertyValueSpecification","valueRequired":true,"valueName":"search_term_string"}}],"inLanguage":"fr-FR"}]}},"_links":{"self":[{"href":"https:\/\/www.fasep.it\/fr\/wp-json\/wp\/v2\/product\/7039","targetHints":{"allow":["GET"]}}],"collection":[{"href":"https:\/\/www.fasep.it\/fr\/wp-json\/wp\/v2\/product"}],"about":[{"href":"https:\/\/www.fasep.it\/fr\/wp-json\/wp\/v2\/types\/product"}],"wp:attachment":[{"href":"https:\/\/www.fasep.it\/fr\/wp-json\/wp\/v2\/media?parent=7039"}],"wp:term":[{"taxonomy":"product_brand","embeddable":true,"href":"https:\/\/www.fasep.it\/fr\/wp-json\/wp\/v2\/product_brand?post=7039"},{"taxonomy":"product_cat","embeddable":true,"href":"https:\/\/www.fasep.it\/fr\/wp-json\/wp\/v2\/product_cat?post=7039"},{"taxonomy":"product_tag","embeddable":true,"href":"https:\/\/www.fasep.it\/fr\/wp-json\/wp\/v2\/product_tag?post=7039"}],"curies":[{"name":"wp","href":"https:\/\/api.w.org\/{rel}","templated":true}]}}