{"id":7038,"date":"2025-07-16T11:43:45","date_gmt":"2025-07-16T09:43:45","guid":{"rendered":"https:\/\/www2.fasep.it\/produits\/\/fr-e638.003"},"modified":"2026-03-31T10:17:40","modified_gmt":"2026-03-31T08:17:40","slug":"fr-e638.003","status":"publish","type":"product","link":"https:\/\/www.fasep.it\/fr\/produits\/mobilite\/e638.003\/","title":{"rendered":"B160 Hopl\u00e0"},"content":{"rendered":"<font color=\"#0055BB\"><strong>Compl\u00e9tez votre service de camion mobile.<\/font><\/strong><br>\r\nUltra-compact pour des camions, pour travailler n&rsquo;importe o\u00f9.<br>\r\nB160 a une conception compacte et robuste et la technologie 16 bits \u00e0 rotation manuelle, avec m\u00e9canique de pr\u00e9cision pour \u00e9quilibrer les roues des camions.<br>\r\nB160 peut \u00eatre install\u00e9 sur le D\u00e9monte-pneu de Service Mobile existant pour camions.<br>\r\nL&rsquo;unit\u00e9 est aliment\u00e9e par batterie pour fonctionner n&rsquo;importe o\u00f9, m\u00eame sur le service mobile, sans besoin d&rsquo;alimentation \u00e9lectrique ou de connexion d&rsquo;air.","protected":false},"excerpt":{"rendered":"<font color=\"#0055BB\"><strong>Compl\u00e9tez votre service de camion mobile.<\/font><\/strong><br>\r\nUltra-compact pour des camions, pour travailler n&rsquo;importe o\u00f9.<br>\r\nB160 a une conception compacte et robuste et la technologie 16 bits \u00e0 rotation manuelle, avec m\u00e9canique de pr\u00e9cision pour \u00e9quilibrer les roues des camions.<br>\r\nB160 peut \u00eatre install\u00e9 sur le D\u00e9monte-pneu de Service Mobile existant pour camions.<br>\r\nL&rsquo;unit\u00e9 est aliment\u00e9e par batterie pour fonctionner n&rsquo;importe o\u00f9, m\u00eame sur le service mobile, sans besoin d&rsquo;alimentation \u00e9lectrique ou de connexion d&rsquo;air.","protected":false},"featured_media":0,"template":"","meta":{"_acf_changed":false},"product_brand":[],"product_cat":[],"product_tag":[],"class_list":{"0":"post-7038","1":"product","2":"type-product","3":"status-publish","6":"first","7":"instock","8":"shipping-taxable","9":"product-type-simple"},"acf":[],"yoast_head":"<!-- This site is optimized with the Yoast SEO plugin v25.7 - https:\/\/yoast.com\/wordpress\/plugins\/seo\/ -->\n<title>B160 Hopl\u00e0<\/title>\n<meta name=\"robots\" content=\"index, follow, max-snippet:-1, max-image-preview:large, max-video-preview:-1\" \/>\n<meta property=\"og:locale\" content=\"fr_FR\" \/>\n<meta property=\"og:type\" content=\"article\" \/>\n<meta property=\"og:title\" content=\"B160 Hopl\u00e0\" \/>\n<meta property=\"og:description\" content=\"Compl\u00e9tez votre service de camion mobile. Ultra-compact pour des camions, pour travailler n&#039;importe o\u00f9. B160 a une conception compacte et robuste et la technologie 16 bits \u00e0 rotation manuelle, avec m\u00e9canique de pr\u00e9cision pour \u00e9quilibrer les roues des camions. B160 peut \u00eatre install\u00e9 sur le D\u00e9monte-pneu de Service Mobile existant pour camions. L&#039;unit\u00e9 est aliment\u00e9e par batterie pour fonctionner n&#039;importe o\u00f9, m\u00eame sur le service mobile, sans besoin d&#039;alimentation \u00e9lectrique ou de connexion d&#039;air.\" \/>\n<meta property=\"og:url\" content=\"https:\/\/www.fasep.it\/fr\/produits\/mobilite\/e638.003\/\" \/>\n<meta property=\"og:site_name\" content=\"Fasep 2000 srl\" \/>\n<meta property=\"article:modified_time\" content=\"2026-03-31T08:17:40+00:00\" \/>\n<meta name=\"twitter:card\" content=\"summary_large_image\" \/>\n<script type=\"application\/ld+json\" class=\"yoast-schema-graph\">{\"@context\":\"https:\/\/schema.org\",\"@graph\":[{\"@type\":\"WebPage\",\"@id\":\"https:\/\/www.fasep.it\/fr\/produits\/mobilite\/e638.003\/\",\"url\":\"https:\/\/www.fasep.it\/fr\/produits\/mobilite\/e638.003\/\",\"name\":\"B160 Hopl\u00e0\",\"isPartOf\":{\"@id\":\"https:\/\/www.fasep.it\/fr\/#website\"},\"datePublished\":\"2025-07-16T09:43:45+00:00\",\"dateModified\":\"2026-03-31T08:17:40+00:00\",\"breadcrumb\":{\"@id\":\"https:\/\/www.fasep.it\/fr\/produits\/mobilite\/e638.003\/#breadcrumb\"},\"inLanguage\":\"fr-FR\",\"potentialAction\":[{\"@type\":\"ReadAction\",\"target\":[\"https:\/\/www.fasep.it\/fr\/produits\/mobilite\/e638.003\/\"]}]},{\"@type\":\"BreadcrumbList\",\"@id\":\"https:\/\/www.fasep.it\/fr\/produits\/mobilite\/e638.003\/#breadcrumb\",\"itemListElement\":[{\"@type\":\"ListItem\",\"position\":1,\"name\":\"Home\",\"item\":\"https:\/\/www.fasep.it\/fr\/\"},{\"@type\":\"ListItem\",\"position\":2,\"name\":\"Produits\",\"item\":\"https:\/\/www.fasep.it\/fr\/shop\/\"},{\"@type\":\"ListItem\",\"position\":3,\"name\":\"B160 Hopl\u00e0\"}]},{\"@type\":\"WebSite\",\"@id\":\"https:\/\/www.fasep.it\/fr\/#website\",\"url\":\"https:\/\/www.fasep.it\/fr\/\",\"name\":\"Fasep 2000 srl\",\"description\":\"\",\"potentialAction\":[{\"@type\":\"SearchAction\",\"target\":{\"@type\":\"EntryPoint\",\"urlTemplate\":\"https:\/\/www.fasep.it\/fr\/?s={search_term_string}\"},\"query-input\":{\"@type\":\"PropertyValueSpecification\",\"valueRequired\":true,\"valueName\":\"search_term_string\"}}],\"inLanguage\":\"fr-FR\"}]}<\/script>\n<!-- \/ Yoast SEO plugin. -->","yoast_head_json":{"title":"B160 Hopl\u00e0","robots":{"index":"index","follow":"follow","max-snippet":"max-snippet:-1","max-image-preview":"max-image-preview:large","max-video-preview":"max-video-preview:-1"},"og_locale":"fr_FR","og_type":"article","og_title":"B160 Hopl\u00e0","og_description":"Compl\u00e9tez votre service de camion mobile. Ultra-compact pour des camions, pour travailler n'importe o\u00f9. B160 a une conception compacte et robuste et la technologie 16 bits \u00e0 rotation manuelle, avec m\u00e9canique de pr\u00e9cision pour \u00e9quilibrer les roues des camions. B160 peut \u00eatre install\u00e9 sur le D\u00e9monte-pneu de Service Mobile existant pour camions. L'unit\u00e9 est aliment\u00e9e par batterie pour fonctionner n'importe o\u00f9, m\u00eame sur le service mobile, sans besoin d'alimentation \u00e9lectrique ou de connexion d'air.","og_url":"https:\/\/www.fasep.it\/fr\/produits\/mobilite\/e638.003\/","og_site_name":"Fasep 2000 srl","article_modified_time":"2026-03-31T08:17:40+00:00","twitter_card":"summary_large_image","schema":{"@context":"https:\/\/schema.org","@graph":[{"@type":"WebPage","@id":"https:\/\/www.fasep.it\/fr\/produits\/mobilite\/e638.003\/","url":"https:\/\/www.fasep.it\/fr\/produits\/mobilite\/e638.003\/","name":"B160 Hopl\u00e0","isPartOf":{"@id":"https:\/\/www.fasep.it\/fr\/#website"},"datePublished":"2025-07-16T09:43:45+00:00","dateModified":"2026-03-31T08:17:40+00:00","breadcrumb":{"@id":"https:\/\/www.fasep.it\/fr\/produits\/mobilite\/e638.003\/#breadcrumb"},"inLanguage":"fr-FR","potentialAction":[{"@type":"ReadAction","target":["https:\/\/www.fasep.it\/fr\/produits\/mobilite\/e638.003\/"]}]},{"@type":"BreadcrumbList","@id":"https:\/\/www.fasep.it\/fr\/produits\/mobilite\/e638.003\/#breadcrumb","itemListElement":[{"@type":"ListItem","position":1,"name":"Home","item":"https:\/\/www.fasep.it\/fr\/"},{"@type":"ListItem","position":2,"name":"Produits","item":"https:\/\/www.fasep.it\/fr\/shop\/"},{"@type":"ListItem","position":3,"name":"B160 Hopl\u00e0"}]},{"@type":"WebSite","@id":"https:\/\/www.fasep.it\/fr\/#website","url":"https:\/\/www.fasep.it\/fr\/","name":"Fasep 2000 srl","description":"","potentialAction":[{"@type":"SearchAction","target":{"@type":"EntryPoint","urlTemplate":"https:\/\/www.fasep.it\/fr\/?s={search_term_string}"},"query-input":{"@type":"PropertyValueSpecification","valueRequired":true,"valueName":"search_term_string"}}],"inLanguage":"fr-FR"}]}},"_links":{"self":[{"href":"https:\/\/www.fasep.it\/fr\/wp-json\/wp\/v2\/product\/7038","targetHints":{"allow":["GET"]}}],"collection":[{"href":"https:\/\/www.fasep.it\/fr\/wp-json\/wp\/v2\/product"}],"about":[{"href":"https:\/\/www.fasep.it\/fr\/wp-json\/wp\/v2\/types\/product"}],"wp:attachment":[{"href":"https:\/\/www.fasep.it\/fr\/wp-json\/wp\/v2\/media?parent=7038"}],"wp:term":[{"taxonomy":"product_brand","embeddable":true,"href":"https:\/\/www.fasep.it\/fr\/wp-json\/wp\/v2\/product_brand?post=7038"},{"taxonomy":"product_cat","embeddable":true,"href":"https:\/\/www.fasep.it\/fr\/wp-json\/wp\/v2\/product_cat?post=7038"},{"taxonomy":"product_tag","embeddable":true,"href":"https:\/\/www.fasep.it\/fr\/wp-json\/wp\/v2\/product_tag?post=7038"}],"curies":[{"name":"wp","href":"https:\/\/api.w.org\/{rel}","templated":true}]}}