{"id":7037,"date":"2025-07-16T11:43:43","date_gmt":"2025-07-16T09:43:43","guid":{"rendered":"https:\/\/www2.fasep.it\/produits\/\/fr-e582.013"},"modified":"2026-03-31T10:17:19","modified_gmt":"2026-03-31T08:17:19","slug":"fr-e582.013","status":"publish","type":"product","link":"https:\/\/www.fasep.it\/fr\/produits\/equilibreuse\/e582.013\/","title":{"rendered":"B141 Flip"},"content":{"rendered":"<font color=\"#0055BB\"><strong>L&rsquo;ultra compacte qui travaille o\u00f9 vous voulez.<\/font><\/strong><br>\r\nL&rsquo;ultra compacte pour camions qui fonctionne o\u00f9 vous voulez.\nAvec un design ultra compact et la technologie de lancement manuel, la B141 offre les fonctions de base pour un \u00e9quilibrage pr\u00e9cis et s\u00fbr. La B141 est compl\u00e8te avec le levage int\u00e9gr\u00e9 manuel. L&rsquo;alimentation par batterie permet l&rsquo;utilisation de l&rsquo;\u00e9quilibreuse partout, y compris sur un parking \u00e0 c\u00f4t\u00e9 du camion.","protected":false},"excerpt":{"rendered":"<font color=\"#0055BB\"><strong>L&rsquo;ultra compacte qui travaille o\u00f9 vous voulez.<\/font><\/strong><br>\r\nL&rsquo;ultra compacte pour camions qui fonctionne o\u00f9 vous voulez.\nAvec un design ultra compact et la technologie de lancement manuel, la B141 offre les fonctions de base pour un \u00e9quilibrage pr\u00e9cis et s\u00fbr. La B141 est compl\u00e8te avec le levage int\u00e9gr\u00e9 manuel. L&rsquo;alimentation par batterie permet l&rsquo;utilisation de l&rsquo;\u00e9quilibreuse partout, y compris sur un parking \u00e0 c\u00f4t\u00e9 du camion.","protected":false},"featured_media":0,"template":"","meta":{"_acf_changed":false},"product_brand":[],"product_cat":[],"product_tag":[],"class_list":{"0":"post-7037","1":"product","2":"type-product","3":"status-publish","6":"first","7":"instock","8":"shipping-taxable","9":"product-type-simple"},"acf":[],"yoast_head":"<!-- This site is optimized with the Yoast SEO plugin v25.7 - https:\/\/yoast.com\/wordpress\/plugins\/seo\/ -->\n<title>B141 Flip<\/title>\n<meta name=\"robots\" content=\"index, follow, max-snippet:-1, max-image-preview:large, max-video-preview:-1\" \/>\n<meta property=\"og:locale\" content=\"fr_FR\" \/>\n<meta property=\"og:type\" content=\"article\" \/>\n<meta property=\"og:title\" content=\"B141 Flip\" \/>\n<meta property=\"og:description\" content=\"L&#039;ultra compacte qui travaille o\u00f9 vous voulez. L&#039;ultra compacte pour camions qui fonctionne o\u00f9 vous voulez. Avec un design ultra compact et la technologie de lancement manuel, la B141 offre les fonctions de base pour un \u00e9quilibrage pr\u00e9cis et s\u00fbr. La B141 est compl\u00e8te avec le levage int\u00e9gr\u00e9 manuel. L&#039;alimentation par batterie permet l&#039;utilisation de l&#039;\u00e9quilibreuse partout, y compris sur un parking \u00e0 c\u00f4t\u00e9 du camion.\" \/>\n<meta property=\"og:url\" content=\"https:\/\/www.fasep.it\/fr\/produits\/equilibreuse\/e582.013\/\" \/>\n<meta property=\"og:site_name\" content=\"Fasep 2000 srl\" \/>\n<meta property=\"article:modified_time\" content=\"2026-03-31T08:17:19+00:00\" \/>\n<meta name=\"twitter:card\" content=\"summary_large_image\" \/>\n<script type=\"application\/ld+json\" class=\"yoast-schema-graph\">{\"@context\":\"https:\/\/schema.org\",\"@graph\":[{\"@type\":\"WebPage\",\"@id\":\"https:\/\/www.fasep.it\/fr\/produits\/equilibreuse\/e582.013\/\",\"url\":\"https:\/\/www.fasep.it\/fr\/produits\/equilibreuse\/e582.013\/\",\"name\":\"B141 Flip\",\"isPartOf\":{\"@id\":\"https:\/\/www.fasep.it\/fr\/#website\"},\"datePublished\":\"2025-07-16T09:43:43+00:00\",\"dateModified\":\"2026-03-31T08:17:19+00:00\",\"breadcrumb\":{\"@id\":\"https:\/\/www.fasep.it\/fr\/produits\/equilibreuse\/e582.013\/#breadcrumb\"},\"inLanguage\":\"fr-FR\",\"potentialAction\":[{\"@type\":\"ReadAction\",\"target\":[\"https:\/\/www.fasep.it\/fr\/produits\/equilibreuse\/e582.013\/\"]}]},{\"@type\":\"BreadcrumbList\",\"@id\":\"https:\/\/www.fasep.it\/fr\/produits\/equilibreuse\/e582.013\/#breadcrumb\",\"itemListElement\":[{\"@type\":\"ListItem\",\"position\":1,\"name\":\"Home\",\"item\":\"https:\/\/www.fasep.it\/fr\/\"},{\"@type\":\"ListItem\",\"position\":2,\"name\":\"Produits\",\"item\":\"https:\/\/www.fasep.it\/fr\/shop\/\"},{\"@type\":\"ListItem\",\"position\":3,\"name\":\"B141 Flip\"}]},{\"@type\":\"WebSite\",\"@id\":\"https:\/\/www.fasep.it\/fr\/#website\",\"url\":\"https:\/\/www.fasep.it\/fr\/\",\"name\":\"Fasep 2000 srl\",\"description\":\"\",\"potentialAction\":[{\"@type\":\"SearchAction\",\"target\":{\"@type\":\"EntryPoint\",\"urlTemplate\":\"https:\/\/www.fasep.it\/fr\/?s={search_term_string}\"},\"query-input\":{\"@type\":\"PropertyValueSpecification\",\"valueRequired\":true,\"valueName\":\"search_term_string\"}}],\"inLanguage\":\"fr-FR\"}]}<\/script>\n<!-- \/ Yoast SEO plugin. -->","yoast_head_json":{"title":"B141 Flip","robots":{"index":"index","follow":"follow","max-snippet":"max-snippet:-1","max-image-preview":"max-image-preview:large","max-video-preview":"max-video-preview:-1"},"og_locale":"fr_FR","og_type":"article","og_title":"B141 Flip","og_description":"L'ultra compacte qui travaille o\u00f9 vous voulez. L'ultra compacte pour camions qui fonctionne o\u00f9 vous voulez. Avec un design ultra compact et la technologie de lancement manuel, la B141 offre les fonctions de base pour un \u00e9quilibrage pr\u00e9cis et s\u00fbr. La B141 est compl\u00e8te avec le levage int\u00e9gr\u00e9 manuel. L'alimentation par batterie permet l'utilisation de l'\u00e9quilibreuse partout, y compris sur un parking \u00e0 c\u00f4t\u00e9 du camion.","og_url":"https:\/\/www.fasep.it\/fr\/produits\/equilibreuse\/e582.013\/","og_site_name":"Fasep 2000 srl","article_modified_time":"2026-03-31T08:17:19+00:00","twitter_card":"summary_large_image","schema":{"@context":"https:\/\/schema.org","@graph":[{"@type":"WebPage","@id":"https:\/\/www.fasep.it\/fr\/produits\/equilibreuse\/e582.013\/","url":"https:\/\/www.fasep.it\/fr\/produits\/equilibreuse\/e582.013\/","name":"B141 Flip","isPartOf":{"@id":"https:\/\/www.fasep.it\/fr\/#website"},"datePublished":"2025-07-16T09:43:43+00:00","dateModified":"2026-03-31T08:17:19+00:00","breadcrumb":{"@id":"https:\/\/www.fasep.it\/fr\/produits\/equilibreuse\/e582.013\/#breadcrumb"},"inLanguage":"fr-FR","potentialAction":[{"@type":"ReadAction","target":["https:\/\/www.fasep.it\/fr\/produits\/equilibreuse\/e582.013\/"]}]},{"@type":"BreadcrumbList","@id":"https:\/\/www.fasep.it\/fr\/produits\/equilibreuse\/e582.013\/#breadcrumb","itemListElement":[{"@type":"ListItem","position":1,"name":"Home","item":"https:\/\/www.fasep.it\/fr\/"},{"@type":"ListItem","position":2,"name":"Produits","item":"https:\/\/www.fasep.it\/fr\/shop\/"},{"@type":"ListItem","position":3,"name":"B141 Flip"}]},{"@type":"WebSite","@id":"https:\/\/www.fasep.it\/fr\/#website","url":"https:\/\/www.fasep.it\/fr\/","name":"Fasep 2000 srl","description":"","potentialAction":[{"@type":"SearchAction","target":{"@type":"EntryPoint","urlTemplate":"https:\/\/www.fasep.it\/fr\/?s={search_term_string}"},"query-input":{"@type":"PropertyValueSpecification","valueRequired":true,"valueName":"search_term_string"}}],"inLanguage":"fr-FR"}]}},"_links":{"self":[{"href":"https:\/\/www.fasep.it\/fr\/wp-json\/wp\/v2\/product\/7037","targetHints":{"allow":["GET"]}}],"collection":[{"href":"https:\/\/www.fasep.it\/fr\/wp-json\/wp\/v2\/product"}],"about":[{"href":"https:\/\/www.fasep.it\/fr\/wp-json\/wp\/v2\/types\/product"}],"wp:attachment":[{"href":"https:\/\/www.fasep.it\/fr\/wp-json\/wp\/v2\/media?parent=7037"}],"wp:term":[{"taxonomy":"product_brand","embeddable":true,"href":"https:\/\/www.fasep.it\/fr\/wp-json\/wp\/v2\/product_brand?post=7037"},{"taxonomy":"product_cat","embeddable":true,"href":"https:\/\/www.fasep.it\/fr\/wp-json\/wp\/v2\/product_cat?post=7037"},{"taxonomy":"product_tag","embeddable":true,"href":"https:\/\/www.fasep.it\/fr\/wp-json\/wp\/v2\/product_tag?post=7037"}],"curies":[{"name":"wp","href":"https:\/\/api.w.org\/{rel}","templated":true}]}}