{"id":7035,"date":"2025-07-16T11:43:50","date_gmt":"2025-07-16T09:43:50","guid":{"rendered":"https:\/\/www2.fasep.it\/produits\/\/fr-e623.005"},"modified":"2026-03-31T10:17:19","modified_gmt":"2026-03-31T08:17:19","slug":"fr-e623.005","status":"publish","type":"product","link":"https:\/\/www.fasep.it\/fr\/produits\/equilibreuse\/e623.005\/","title":{"rendered":"V590 Truck"},"content":{"rendered":"<font color=\"#0055BB\"><strong>Equilibreuse vid\u00e9o pour camions.<\/strong><\/font><br>\r\nLe V590 a un design compact et robuste, avec une m\u00e9canique de pr\u00e9cision pour l&rsquo;\u00e9quilibrage des roues de camions et de v\u00e9hicules (version TC). Le V590 dispose d&rsquo;un \u00e9l\u00e9vateur pneumatique int\u00e9gr\u00e9 qui permet un montage facile et pr\u00e9cis de la roue occupant un minimum d&rsquo;espace (seulement 1.5m sont n\u00e9cessaires!)","protected":false},"excerpt":{"rendered":"<font color=\"#0055BB\"><strong>Equilibreuse vid\u00e9o pour camions.<\/strong><\/font><br>\r\nLe V590 a un design compact et robuste, avec une m\u00e9canique de pr\u00e9cision pour l&rsquo;\u00e9quilibrage des roues de camions et de v\u00e9hicules (version TC). Le V590 dispose d&rsquo;un \u00e9l\u00e9vateur pneumatique int\u00e9gr\u00e9 qui permet un montage facile et pr\u00e9cis de la roue occupant un minimum d&rsquo;espace (seulement 1.5m sont n\u00e9cessaires!)","protected":false},"featured_media":0,"template":"","meta":{"_acf_changed":false},"product_brand":[],"product_cat":[],"product_tag":[],"class_list":{"0":"post-7035","1":"product","2":"type-product","3":"status-publish","6":"first","7":"instock","8":"shipping-taxable","9":"product-type-simple"},"acf":[],"yoast_head":"<!-- This site is optimized with the Yoast SEO plugin v25.7 - https:\/\/yoast.com\/wordpress\/plugins\/seo\/ -->\n<title>V590 Truck<\/title>\n<meta name=\"robots\" content=\"index, follow, max-snippet:-1, max-image-preview:large, max-video-preview:-1\" \/>\n<meta property=\"og:locale\" content=\"fr_FR\" \/>\n<meta property=\"og:type\" content=\"article\" \/>\n<meta property=\"og:title\" content=\"V590 Truck\" \/>\n<meta property=\"og:description\" content=\"Equilibreuse vid\u00e9o pour camions. Le V590 a un design compact et robuste, avec une m\u00e9canique de pr\u00e9cision pour l&#039;\u00e9quilibrage des roues de camions et de v\u00e9hicules (version TC). Le V590 dispose d&#039;un \u00e9l\u00e9vateur pneumatique int\u00e9gr\u00e9 qui permet un montage facile et pr\u00e9cis de la roue occupant un minimum d&#039;espace (seulement 1.5m sont n\u00e9cessaires!)\" \/>\n<meta property=\"og:url\" content=\"https:\/\/www.fasep.it\/fr\/produits\/equilibreuse\/e623.005\/\" \/>\n<meta property=\"og:site_name\" content=\"Fasep 2000 srl\" \/>\n<meta property=\"article:modified_time\" content=\"2026-03-31T08:17:19+00:00\" \/>\n<meta name=\"twitter:card\" content=\"summary_large_image\" \/>\n<script type=\"application\/ld+json\" class=\"yoast-schema-graph\">{\"@context\":\"https:\/\/schema.org\",\"@graph\":[{\"@type\":\"WebPage\",\"@id\":\"https:\/\/www.fasep.it\/fr\/produits\/equilibreuse\/e623.005\/\",\"url\":\"https:\/\/www.fasep.it\/fr\/produits\/equilibreuse\/e623.005\/\",\"name\":\"V590 Truck\",\"isPartOf\":{\"@id\":\"https:\/\/www.fasep.it\/fr\/#website\"},\"datePublished\":\"2025-07-16T09:43:50+00:00\",\"dateModified\":\"2026-03-31T08:17:19+00:00\",\"breadcrumb\":{\"@id\":\"https:\/\/www.fasep.it\/fr\/produits\/equilibreuse\/e623.005\/#breadcrumb\"},\"inLanguage\":\"fr-FR\",\"potentialAction\":[{\"@type\":\"ReadAction\",\"target\":[\"https:\/\/www.fasep.it\/fr\/produits\/equilibreuse\/e623.005\/\"]}]},{\"@type\":\"BreadcrumbList\",\"@id\":\"https:\/\/www.fasep.it\/fr\/produits\/equilibreuse\/e623.005\/#breadcrumb\",\"itemListElement\":[{\"@type\":\"ListItem\",\"position\":1,\"name\":\"Home\",\"item\":\"https:\/\/www.fasep.it\/fr\/\"},{\"@type\":\"ListItem\",\"position\":2,\"name\":\"Produits\",\"item\":\"https:\/\/www.fasep.it\/fr\/shop\/\"},{\"@type\":\"ListItem\",\"position\":3,\"name\":\"V590 Truck\"}]},{\"@type\":\"WebSite\",\"@id\":\"https:\/\/www.fasep.it\/fr\/#website\",\"url\":\"https:\/\/www.fasep.it\/fr\/\",\"name\":\"Fasep 2000 srl\",\"description\":\"\",\"potentialAction\":[{\"@type\":\"SearchAction\",\"target\":{\"@type\":\"EntryPoint\",\"urlTemplate\":\"https:\/\/www.fasep.it\/fr\/?s={search_term_string}\"},\"query-input\":{\"@type\":\"PropertyValueSpecification\",\"valueRequired\":true,\"valueName\":\"search_term_string\"}}],\"inLanguage\":\"fr-FR\"}]}<\/script>\n<!-- \/ Yoast SEO plugin. -->","yoast_head_json":{"title":"V590 Truck","robots":{"index":"index","follow":"follow","max-snippet":"max-snippet:-1","max-image-preview":"max-image-preview:large","max-video-preview":"max-video-preview:-1"},"og_locale":"fr_FR","og_type":"article","og_title":"V590 Truck","og_description":"Equilibreuse vid\u00e9o pour camions. Le V590 a un design compact et robuste, avec une m\u00e9canique de pr\u00e9cision pour l'\u00e9quilibrage des roues de camions et de v\u00e9hicules (version TC). Le V590 dispose d'un \u00e9l\u00e9vateur pneumatique int\u00e9gr\u00e9 qui permet un montage facile et pr\u00e9cis de la roue occupant un minimum d'espace (seulement 1.5m sont n\u00e9cessaires!)","og_url":"https:\/\/www.fasep.it\/fr\/produits\/equilibreuse\/e623.005\/","og_site_name":"Fasep 2000 srl","article_modified_time":"2026-03-31T08:17:19+00:00","twitter_card":"summary_large_image","schema":{"@context":"https:\/\/schema.org","@graph":[{"@type":"WebPage","@id":"https:\/\/www.fasep.it\/fr\/produits\/equilibreuse\/e623.005\/","url":"https:\/\/www.fasep.it\/fr\/produits\/equilibreuse\/e623.005\/","name":"V590 Truck","isPartOf":{"@id":"https:\/\/www.fasep.it\/fr\/#website"},"datePublished":"2025-07-16T09:43:50+00:00","dateModified":"2026-03-31T08:17:19+00:00","breadcrumb":{"@id":"https:\/\/www.fasep.it\/fr\/produits\/equilibreuse\/e623.005\/#breadcrumb"},"inLanguage":"fr-FR","potentialAction":[{"@type":"ReadAction","target":["https:\/\/www.fasep.it\/fr\/produits\/equilibreuse\/e623.005\/"]}]},{"@type":"BreadcrumbList","@id":"https:\/\/www.fasep.it\/fr\/produits\/equilibreuse\/e623.005\/#breadcrumb","itemListElement":[{"@type":"ListItem","position":1,"name":"Home","item":"https:\/\/www.fasep.it\/fr\/"},{"@type":"ListItem","position":2,"name":"Produits","item":"https:\/\/www.fasep.it\/fr\/shop\/"},{"@type":"ListItem","position":3,"name":"V590 Truck"}]},{"@type":"WebSite","@id":"https:\/\/www.fasep.it\/fr\/#website","url":"https:\/\/www.fasep.it\/fr\/","name":"Fasep 2000 srl","description":"","potentialAction":[{"@type":"SearchAction","target":{"@type":"EntryPoint","urlTemplate":"https:\/\/www.fasep.it\/fr\/?s={search_term_string}"},"query-input":{"@type":"PropertyValueSpecification","valueRequired":true,"valueName":"search_term_string"}}],"inLanguage":"fr-FR"}]}},"_links":{"self":[{"href":"https:\/\/www.fasep.it\/fr\/wp-json\/wp\/v2\/product\/7035","targetHints":{"allow":["GET"]}}],"collection":[{"href":"https:\/\/www.fasep.it\/fr\/wp-json\/wp\/v2\/product"}],"about":[{"href":"https:\/\/www.fasep.it\/fr\/wp-json\/wp\/v2\/types\/product"}],"wp:attachment":[{"href":"https:\/\/www.fasep.it\/fr\/wp-json\/wp\/v2\/media?parent=7035"}],"wp:term":[{"taxonomy":"product_brand","embeddable":true,"href":"https:\/\/www.fasep.it\/fr\/wp-json\/wp\/v2\/product_brand?post=7035"},{"taxonomy":"product_cat","embeddable":true,"href":"https:\/\/www.fasep.it\/fr\/wp-json\/wp\/v2\/product_cat?post=7035"},{"taxonomy":"product_tag","embeddable":true,"href":"https:\/\/www.fasep.it\/fr\/wp-json\/wp\/v2\/product_tag?post=7035"}],"curies":[{"name":"wp","href":"https:\/\/api.w.org\/{rel}","templated":true}]}}