{"id":7034,"date":"2025-07-16T11:43:57","date_gmt":"2025-07-16T09:43:57","guid":{"rendered":"https:\/\/www2.fasep.it\/produits\/\/fr-e539.007"},"modified":"2026-03-31T10:17:19","modified_gmt":"2026-03-31T08:17:19","slug":"fr-e539.007","status":"publish","type":"product","link":"https:\/\/www.fasep.it\/fr\/produits\/equilibreuse\/e539.007\/","title":{"rendered":"B202 Moto"},"content":{"rendered":"<font color=\"#0055BB\"><strong>Enfin l&rsquo;\u00e9quilibrage dynamique des roues de moto est pris au s\u00e9rieux.<\/strong><\/font><br>\r\nSi vous \u00eates un sp\u00e9cialiste de la moto, si votre temps c&rsquo;est de l&rsquo;argent, si votre travail doit \u00eatre fait bien et rapidement, le B202 est l&rsquo;\u00e9quilibreuse parfait pour vous.<br>\r\nPlus de perte de temps avec des outils obsol\u00e8tes (supports \u00e0 rouleaux) ou de montage\/d\u00e9montage d&rsquo;accessoires d&rsquo;\u00e9quilibreuses pour voiture sans jamais obtenir un bon r\u00e9sultat.<br>\r\n\u00c9quilibreuse de roues \u00e0 arbre fixe, sp\u00e9cialement con\u00e7ue pour les roues de motos, B202 est la solution pour gagner du temps et obtenir une pr\u00e9cision maximale.<br>\r\n<br>\r\nNos B202 sont utilis\u00e9s dans toute l&rsquo;Europe dans les grands centres de motocyclisme tels que <u>Harley Davidson, BMW, Triumph, Honda.<\/u><br>\r\n<br>\r\n<b>LE MOMENT EST VENU DE PENSER AUX MOTOS<\/b>\r\n<ul>\r\n<li>La mobilit\u00e9 en ville se fait de plus en plus \u00e0 moto, pour \u00e9viter les restrictions li\u00e9es aux transports publics et \u00e0 la voiture\r\n<li>\tLe client moto est un client passionn\u00e9 de son v\u00e9hicule et particuli\u00e8rement attentif \u00e0 son entretien\r\n<li>Finies les pertes de temps et les mauvais r\u00e9sultats: attrapez vos clients avec un travail de qualit\u00e9\r\n<\/ul>\r\nCliquez ici pour d\u00e9couvrir tous les <a href=\"https:\/\/www.fasep.it\/en\/news\/the-advantages-of-a-fasep-motorcycle-wheel-balancer\/\" target=\"top\"><b>avantages de l&rsquo;\u00e9quilibreuse pour motos de FASEP<\/b><\/a> par rapport aux b\u00e9quilles et adaptateurs pour motos.","protected":false},"excerpt":{"rendered":"<font color=\"#0055BB\"><strong>Enfin l&rsquo;\u00e9quilibrage dynamique des roues de moto est pris au s\u00e9rieux.<\/strong><\/font><br>\r\nSi vous \u00eates un sp\u00e9cialiste de la moto, si votre temps c&rsquo;est de l&rsquo;argent, si votre travail doit \u00eatre fait bien et rapidement, le B202 est l&rsquo;\u00e9quilibreuse parfait pour vous.<br>\r\nPlus de perte de temps avec des outils obsol\u00e8tes (supports \u00e0 rouleaux) ou de montage\/d\u00e9montage d&rsquo;accessoires d&rsquo;\u00e9quilibreuses pour voiture sans jamais obtenir un bon r\u00e9sultat.<br>\r\n\u00c9quilibreuse de roues \u00e0 arbre fixe, sp\u00e9cialement con\u00e7ue pour les roues de motos, B202 est la solution pour gagner du temps et obtenir une pr\u00e9cision maximale.<br>\r\n<br>\r\nNos B202 sont utilis\u00e9s dans toute l&rsquo;Europe dans les grands centres de motocyclisme tels que <u>Harley Davidson, BMW, Triumph, Honda.<\/u><br>\r\n<br>\r\n<b>LE MOMENT EST VENU DE PENSER AUX MOTOS<\/b>\r\n<ul>\r\n<li>La mobilit\u00e9 en ville se fait de plus en plus \u00e0 moto, pour \u00e9viter les restrictions li\u00e9es aux transports publics et \u00e0 la voiture\r\n<li>\tLe client moto est un client passionn\u00e9 de son v\u00e9hicule et particuli\u00e8rement attentif \u00e0 son entretien\r\n<li>Finies les pertes de temps et les mauvais r\u00e9sultats: attrapez vos clients avec un travail de qualit\u00e9\r\n<\/ul>\r\nCliquez ici pour d\u00e9couvrir tous les <a href=\"https:\/\/www.fasep.it\/en\/news\/the-advantages-of-a-fasep-motorcycle-wheel-balancer\/\" target=\"top\"><b>avantages de l&rsquo;\u00e9quilibreuse pour motos de FASEP<\/b><\/a> par rapport aux b\u00e9quilles et adaptateurs pour motos.","protected":false},"featured_media":0,"template":"","meta":{"_acf_changed":false},"product_brand":[],"product_cat":[],"product_tag":[],"class_list":{"0":"post-7034","1":"product","2":"type-product","3":"status-publish","6":"first","7":"instock","8":"shipping-taxable","9":"product-type-simple"},"acf":[],"yoast_head":"<!-- This site is optimized with the Yoast SEO plugin v25.7 - https:\/\/yoast.com\/wordpress\/plugins\/seo\/ -->\n<title>B202 Moto<\/title>\n<meta name=\"robots\" content=\"index, follow, max-snippet:-1, max-image-preview:large, max-video-preview:-1\" \/>\n<meta property=\"og:locale\" content=\"fr_FR\" \/>\n<meta property=\"og:type\" content=\"article\" \/>\n<meta property=\"og:title\" content=\"B202 Moto\" \/>\n<meta property=\"og:description\" content=\"Enfin l&#039;\u00e9quilibrage dynamique des roues de moto est pris au s\u00e9rieux. Si vous \u00eates un sp\u00e9cialiste de la moto, si votre temps c&#039;est de l&#039;argent, si votre travail doit \u00eatre fait bien et rapidement, le B202 est l&#039;\u00e9quilibreuse parfait pour vous. Plus de perte de temps avec des outils obsol\u00e8tes (supports \u00e0 rouleaux) ou de montage\/d\u00e9montage d&#039;accessoires d&#039;\u00e9quilibreuses pour voiture sans jamais obtenir un bon r\u00e9sultat. \u00c9quilibreuse de roues \u00e0 arbre fixe, sp\u00e9cialement con\u00e7ue pour les roues de motos, B202 est la solution pour gagner du temps et obtenir une pr\u00e9cision maximale.  Nos B202 sont utilis\u00e9s dans toute l&#039;Europe dans les grands centres de motocyclisme tels que Harley Davidson, BMW, Triumph, Honda.  LE MOMENT EST VENU DE PENSER AUX MOTOS  La mobilit\u00e9 en ville se fait de plus en plus \u00e0 moto, pour \u00e9viter les restrictions li\u00e9es aux transports publics et \u00e0 la voiture  Le client moto est un client passionn\u00e9 de son v\u00e9hicule et particuli\u00e8rement attentif \u00e0 son entretien Finies les pertes de temps et les mauvais r\u00e9sultats: attrapez vos clients avec un travail de qualit\u00e9  Cliquez ici pour d\u00e9couvrir tous les avantages de l&#039;\u00e9quilibreuse pour motos de FASEP par rapport aux b\u00e9quilles et adaptateurs pour motos.\" \/>\n<meta property=\"og:url\" content=\"https:\/\/www.fasep.it\/fr\/produits\/equilibreuse\/e539.007\/\" \/>\n<meta property=\"og:site_name\" content=\"Fasep 2000 srl\" \/>\n<meta property=\"article:modified_time\" content=\"2026-03-31T08:17:19+00:00\" \/>\n<meta name=\"twitter:card\" content=\"summary_large_image\" \/>\n<meta name=\"twitter:label1\" content=\"Dur\u00e9e de lecture estim\u00e9e\" \/>\n\t<meta name=\"twitter:data1\" content=\"1 minute\" \/>\n<script type=\"application\/ld+json\" class=\"yoast-schema-graph\">{\"@context\":\"https:\/\/schema.org\",\"@graph\":[{\"@type\":\"WebPage\",\"@id\":\"https:\/\/www.fasep.it\/fr\/produits\/equilibreuse\/e539.007\/\",\"url\":\"https:\/\/www.fasep.it\/fr\/produits\/equilibreuse\/e539.007\/\",\"name\":\"B202 Moto\",\"isPartOf\":{\"@id\":\"https:\/\/www.fasep.it\/fr\/#website\"},\"datePublished\":\"2025-07-16T09:43:57+00:00\",\"dateModified\":\"2026-03-31T08:17:19+00:00\",\"breadcrumb\":{\"@id\":\"https:\/\/www.fasep.it\/fr\/produits\/equilibreuse\/e539.007\/#breadcrumb\"},\"inLanguage\":\"fr-FR\",\"potentialAction\":[{\"@type\":\"ReadAction\",\"target\":[\"https:\/\/www.fasep.it\/fr\/produits\/equilibreuse\/e539.007\/\"]}]},{\"@type\":\"BreadcrumbList\",\"@id\":\"https:\/\/www.fasep.it\/fr\/produits\/equilibreuse\/e539.007\/#breadcrumb\",\"itemListElement\":[{\"@type\":\"ListItem\",\"position\":1,\"name\":\"Home\",\"item\":\"https:\/\/www.fasep.it\/fr\/\"},{\"@type\":\"ListItem\",\"position\":2,\"name\":\"Produits\",\"item\":\"https:\/\/www.fasep.it\/fr\/shop\/\"},{\"@type\":\"ListItem\",\"position\":3,\"name\":\"B202 Moto\"}]},{\"@type\":\"WebSite\",\"@id\":\"https:\/\/www.fasep.it\/fr\/#website\",\"url\":\"https:\/\/www.fasep.it\/fr\/\",\"name\":\"Fasep 2000 srl\",\"description\":\"\",\"potentialAction\":[{\"@type\":\"SearchAction\",\"target\":{\"@type\":\"EntryPoint\",\"urlTemplate\":\"https:\/\/www.fasep.it\/fr\/?s={search_term_string}\"},\"query-input\":{\"@type\":\"PropertyValueSpecification\",\"valueRequired\":true,\"valueName\":\"search_term_string\"}}],\"inLanguage\":\"fr-FR\"}]}<\/script>\n<!-- \/ Yoast SEO plugin. -->","yoast_head_json":{"title":"B202 Moto","robots":{"index":"index","follow":"follow","max-snippet":"max-snippet:-1","max-image-preview":"max-image-preview:large","max-video-preview":"max-video-preview:-1"},"og_locale":"fr_FR","og_type":"article","og_title":"B202 Moto","og_description":"Enfin l'\u00e9quilibrage dynamique des roues de moto est pris au s\u00e9rieux. Si vous \u00eates un sp\u00e9cialiste de la moto, si votre temps c'est de l'argent, si votre travail doit \u00eatre fait bien et rapidement, le B202 est l'\u00e9quilibreuse parfait pour vous. Plus de perte de temps avec des outils obsol\u00e8tes (supports \u00e0 rouleaux) ou de montage\/d\u00e9montage d'accessoires d'\u00e9quilibreuses pour voiture sans jamais obtenir un bon r\u00e9sultat. \u00c9quilibreuse de roues \u00e0 arbre fixe, sp\u00e9cialement con\u00e7ue pour les roues de motos, B202 est la solution pour gagner du temps et obtenir une pr\u00e9cision maximale.  Nos B202 sont utilis\u00e9s dans toute l'Europe dans les grands centres de motocyclisme tels que Harley Davidson, BMW, Triumph, Honda.  LE MOMENT EST VENU DE PENSER AUX MOTOS  La mobilit\u00e9 en ville se fait de plus en plus \u00e0 moto, pour \u00e9viter les restrictions li\u00e9es aux transports publics et \u00e0 la voiture  Le client moto est un client passionn\u00e9 de son v\u00e9hicule et particuli\u00e8rement attentif \u00e0 son entretien Finies les pertes de temps et les mauvais r\u00e9sultats: attrapez vos clients avec un travail de qualit\u00e9  Cliquez ici pour d\u00e9couvrir tous les avantages de l'\u00e9quilibreuse pour motos de FASEP par rapport aux b\u00e9quilles et adaptateurs pour motos.","og_url":"https:\/\/www.fasep.it\/fr\/produits\/equilibreuse\/e539.007\/","og_site_name":"Fasep 2000 srl","article_modified_time":"2026-03-31T08:17:19+00:00","twitter_card":"summary_large_image","twitter_misc":{"Dur\u00e9e de lecture estim\u00e9e":"1 minute"},"schema":{"@context":"https:\/\/schema.org","@graph":[{"@type":"WebPage","@id":"https:\/\/www.fasep.it\/fr\/produits\/equilibreuse\/e539.007\/","url":"https:\/\/www.fasep.it\/fr\/produits\/equilibreuse\/e539.007\/","name":"B202 Moto","isPartOf":{"@id":"https:\/\/www.fasep.it\/fr\/#website"},"datePublished":"2025-07-16T09:43:57+00:00","dateModified":"2026-03-31T08:17:19+00:00","breadcrumb":{"@id":"https:\/\/www.fasep.it\/fr\/produits\/equilibreuse\/e539.007\/#breadcrumb"},"inLanguage":"fr-FR","potentialAction":[{"@type":"ReadAction","target":["https:\/\/www.fasep.it\/fr\/produits\/equilibreuse\/e539.007\/"]}]},{"@type":"BreadcrumbList","@id":"https:\/\/www.fasep.it\/fr\/produits\/equilibreuse\/e539.007\/#breadcrumb","itemListElement":[{"@type":"ListItem","position":1,"name":"Home","item":"https:\/\/www.fasep.it\/fr\/"},{"@type":"ListItem","position":2,"name":"Produits","item":"https:\/\/www.fasep.it\/fr\/shop\/"},{"@type":"ListItem","position":3,"name":"B202 Moto"}]},{"@type":"WebSite","@id":"https:\/\/www.fasep.it\/fr\/#website","url":"https:\/\/www.fasep.it\/fr\/","name":"Fasep 2000 srl","description":"","potentialAction":[{"@type":"SearchAction","target":{"@type":"EntryPoint","urlTemplate":"https:\/\/www.fasep.it\/fr\/?s={search_term_string}"},"query-input":{"@type":"PropertyValueSpecification","valueRequired":true,"valueName":"search_term_string"}}],"inLanguage":"fr-FR"}]}},"_links":{"self":[{"href":"https:\/\/www.fasep.it\/fr\/wp-json\/wp\/v2\/product\/7034","targetHints":{"allow":["GET"]}}],"collection":[{"href":"https:\/\/www.fasep.it\/fr\/wp-json\/wp\/v2\/product"}],"about":[{"href":"https:\/\/www.fasep.it\/fr\/wp-json\/wp\/v2\/types\/product"}],"wp:attachment":[{"href":"https:\/\/www.fasep.it\/fr\/wp-json\/wp\/v2\/media?parent=7034"}],"wp:term":[{"taxonomy":"product_brand","embeddable":true,"href":"https:\/\/www.fasep.it\/fr\/wp-json\/wp\/v2\/product_brand?post=7034"},{"taxonomy":"product_cat","embeddable":true,"href":"https:\/\/www.fasep.it\/fr\/wp-json\/wp\/v2\/product_cat?post=7034"},{"taxonomy":"product_tag","embeddable":true,"href":"https:\/\/www.fasep.it\/fr\/wp-json\/wp\/v2\/product_tag?post=7034"}],"curies":[{"name":"wp","href":"https:\/\/api.w.org\/{rel}","templated":true}]}}