{"id":7031,"date":"2025-07-16T11:44:00","date_gmt":"2025-07-16T09:44:00","guid":{"rendered":"https:\/\/www2.fasep.it\/produits\/\/fr-e618.016"},"modified":"2026-03-31T10:17:18","modified_gmt":"2026-03-31T08:17:18","slug":"fr-e618.016","status":"publish","type":"product","link":"https:\/\/www.fasep.it\/fr\/produits\/equilibreuse\/e618.016\/","title":{"rendered":"B222 Genius"},"content":{"rendered":"<font color=\"#0055BB\"><strong>Simplement extraordinaire!<\/strong><\/font><br>\r\nGr\u00e2ce \u00e0 son design innovant et peu encombrant, la B222 offre la pr\u00e9cision et les capacit\u00e9s de machines de qualit\u00e9 sup\u00e9rieure avec une occupation minimale d&rsquo;espace, pour \u00e9quilibrer les voitures, les motos et les camions l\u00e9gers avec une grande facilit\u00e9. La B222 est \u00e9quip\u00e9e du syst\u00e8me m\u00e9canique TriSensor de d\u00e9tection des d\u00e9s\u00e9quilibres et du syst\u00e8me IFS (Integrated-Flange Shaft) pour une pr\u00e9cision de centrage maximale.","protected":false},"excerpt":{"rendered":"<font color=\"#0055BB\"><strong>Simplement extraordinaire!<\/strong><\/font><br>\r\nGr\u00e2ce \u00e0 son design innovant et peu encombrant, la B222 offre la pr\u00e9cision et les capacit\u00e9s de machines de qualit\u00e9 sup\u00e9rieure avec une occupation minimale d&rsquo;espace, pour \u00e9quilibrer les voitures, les motos et les camions l\u00e9gers avec une grande facilit\u00e9. La B222 est \u00e9quip\u00e9e du syst\u00e8me m\u00e9canique TriSensor de d\u00e9tection des d\u00e9s\u00e9quilibres et du syst\u00e8me IFS (Integrated-Flange Shaft) pour une pr\u00e9cision de centrage maximale.","protected":false},"featured_media":0,"template":"","meta":{"_acf_changed":false},"product_brand":[],"product_cat":[],"product_tag":[],"class_list":{"0":"post-7031","1":"product","2":"type-product","3":"status-publish","6":"first","7":"instock","8":"shipping-taxable","9":"product-type-simple"},"acf":[],"yoast_head":"<!-- This site is optimized with the Yoast SEO plugin v25.7 - https:\/\/yoast.com\/wordpress\/plugins\/seo\/ -->\n<title>B222 Genius<\/title>\n<meta name=\"robots\" content=\"index, follow, max-snippet:-1, max-image-preview:large, max-video-preview:-1\" \/>\n<meta property=\"og:locale\" content=\"fr_FR\" \/>\n<meta property=\"og:type\" content=\"article\" \/>\n<meta property=\"og:title\" content=\"B222 Genius\" \/>\n<meta property=\"og:description\" content=\"Simplement extraordinaire! Gr\u00e2ce \u00e0 son design innovant et peu encombrant, la B222 offre la pr\u00e9cision et les capacit\u00e9s de machines de qualit\u00e9 sup\u00e9rieure avec une occupation minimale d&#039;espace, pour \u00e9quilibrer les voitures, les motos et les camions l\u00e9gers avec une grande facilit\u00e9. La B222 est \u00e9quip\u00e9e du syst\u00e8me m\u00e9canique TriSensor de d\u00e9tection des d\u00e9s\u00e9quilibres et du syst\u00e8me IFS (Integrated-Flange Shaft) pour une pr\u00e9cision de centrage maximale.\" \/>\n<meta property=\"og:url\" content=\"https:\/\/www.fasep.it\/fr\/produits\/equilibreuse\/e618.016\/\" \/>\n<meta property=\"og:site_name\" content=\"Fasep 2000 srl\" \/>\n<meta property=\"article:modified_time\" content=\"2026-03-31T08:17:18+00:00\" \/>\n<meta name=\"twitter:card\" content=\"summary_large_image\" \/>\n<script type=\"application\/ld+json\" class=\"yoast-schema-graph\">{\"@context\":\"https:\/\/schema.org\",\"@graph\":[{\"@type\":\"WebPage\",\"@id\":\"https:\/\/www.fasep.it\/fr\/produits\/equilibreuse\/e618.016\/\",\"url\":\"https:\/\/www.fasep.it\/fr\/produits\/equilibreuse\/e618.016\/\",\"name\":\"B222 Genius\",\"isPartOf\":{\"@id\":\"https:\/\/www.fasep.it\/fr\/#website\"},\"datePublished\":\"2025-07-16T09:44:00+00:00\",\"dateModified\":\"2026-03-31T08:17:18+00:00\",\"breadcrumb\":{\"@id\":\"https:\/\/www.fasep.it\/fr\/produits\/equilibreuse\/e618.016\/#breadcrumb\"},\"inLanguage\":\"fr-FR\",\"potentialAction\":[{\"@type\":\"ReadAction\",\"target\":[\"https:\/\/www.fasep.it\/fr\/produits\/equilibreuse\/e618.016\/\"]}]},{\"@type\":\"BreadcrumbList\",\"@id\":\"https:\/\/www.fasep.it\/fr\/produits\/equilibreuse\/e618.016\/#breadcrumb\",\"itemListElement\":[{\"@type\":\"ListItem\",\"position\":1,\"name\":\"Home\",\"item\":\"https:\/\/www.fasep.it\/fr\/\"},{\"@type\":\"ListItem\",\"position\":2,\"name\":\"Produits\",\"item\":\"https:\/\/www.fasep.it\/fr\/shop\/\"},{\"@type\":\"ListItem\",\"position\":3,\"name\":\"B222 Genius\"}]},{\"@type\":\"WebSite\",\"@id\":\"https:\/\/www.fasep.it\/fr\/#website\",\"url\":\"https:\/\/www.fasep.it\/fr\/\",\"name\":\"Fasep 2000 srl\",\"description\":\"\",\"potentialAction\":[{\"@type\":\"SearchAction\",\"target\":{\"@type\":\"EntryPoint\",\"urlTemplate\":\"https:\/\/www.fasep.it\/fr\/?s={search_term_string}\"},\"query-input\":{\"@type\":\"PropertyValueSpecification\",\"valueRequired\":true,\"valueName\":\"search_term_string\"}}],\"inLanguage\":\"fr-FR\"}]}<\/script>\n<!-- \/ Yoast SEO plugin. -->","yoast_head_json":{"title":"B222 Genius","robots":{"index":"index","follow":"follow","max-snippet":"max-snippet:-1","max-image-preview":"max-image-preview:large","max-video-preview":"max-video-preview:-1"},"og_locale":"fr_FR","og_type":"article","og_title":"B222 Genius","og_description":"Simplement extraordinaire! Gr\u00e2ce \u00e0 son design innovant et peu encombrant, la B222 offre la pr\u00e9cision et les capacit\u00e9s de machines de qualit\u00e9 sup\u00e9rieure avec une occupation minimale d'espace, pour \u00e9quilibrer les voitures, les motos et les camions l\u00e9gers avec une grande facilit\u00e9. La B222 est \u00e9quip\u00e9e du syst\u00e8me m\u00e9canique TriSensor de d\u00e9tection des d\u00e9s\u00e9quilibres et du syst\u00e8me IFS (Integrated-Flange Shaft) pour une pr\u00e9cision de centrage maximale.","og_url":"https:\/\/www.fasep.it\/fr\/produits\/equilibreuse\/e618.016\/","og_site_name":"Fasep 2000 srl","article_modified_time":"2026-03-31T08:17:18+00:00","twitter_card":"summary_large_image","schema":{"@context":"https:\/\/schema.org","@graph":[{"@type":"WebPage","@id":"https:\/\/www.fasep.it\/fr\/produits\/equilibreuse\/e618.016\/","url":"https:\/\/www.fasep.it\/fr\/produits\/equilibreuse\/e618.016\/","name":"B222 Genius","isPartOf":{"@id":"https:\/\/www.fasep.it\/fr\/#website"},"datePublished":"2025-07-16T09:44:00+00:00","dateModified":"2026-03-31T08:17:18+00:00","breadcrumb":{"@id":"https:\/\/www.fasep.it\/fr\/produits\/equilibreuse\/e618.016\/#breadcrumb"},"inLanguage":"fr-FR","potentialAction":[{"@type":"ReadAction","target":["https:\/\/www.fasep.it\/fr\/produits\/equilibreuse\/e618.016\/"]}]},{"@type":"BreadcrumbList","@id":"https:\/\/www.fasep.it\/fr\/produits\/equilibreuse\/e618.016\/#breadcrumb","itemListElement":[{"@type":"ListItem","position":1,"name":"Home","item":"https:\/\/www.fasep.it\/fr\/"},{"@type":"ListItem","position":2,"name":"Produits","item":"https:\/\/www.fasep.it\/fr\/shop\/"},{"@type":"ListItem","position":3,"name":"B222 Genius"}]},{"@type":"WebSite","@id":"https:\/\/www.fasep.it\/fr\/#website","url":"https:\/\/www.fasep.it\/fr\/","name":"Fasep 2000 srl","description":"","potentialAction":[{"@type":"SearchAction","target":{"@type":"EntryPoint","urlTemplate":"https:\/\/www.fasep.it\/fr\/?s={search_term_string}"},"query-input":{"@type":"PropertyValueSpecification","valueRequired":true,"valueName":"search_term_string"}}],"inLanguage":"fr-FR"}]}},"_links":{"self":[{"href":"https:\/\/www.fasep.it\/fr\/wp-json\/wp\/v2\/product\/7031","targetHints":{"allow":["GET"]}}],"collection":[{"href":"https:\/\/www.fasep.it\/fr\/wp-json\/wp\/v2\/product"}],"about":[{"href":"https:\/\/www.fasep.it\/fr\/wp-json\/wp\/v2\/types\/product"}],"wp:attachment":[{"href":"https:\/\/www.fasep.it\/fr\/wp-json\/wp\/v2\/media?parent=7031"}],"wp:term":[{"taxonomy":"product_brand","embeddable":true,"href":"https:\/\/www.fasep.it\/fr\/wp-json\/wp\/v2\/product_brand?post=7031"},{"taxonomy":"product_cat","embeddable":true,"href":"https:\/\/www.fasep.it\/fr\/wp-json\/wp\/v2\/product_cat?post=7031"},{"taxonomy":"product_tag","embeddable":true,"href":"https:\/\/www.fasep.it\/fr\/wp-json\/wp\/v2\/product_tag?post=7031"}],"curies":[{"name":"wp","href":"https:\/\/api.w.org\/{rel}","templated":true}]}}