{"id":7027,"date":"2025-07-16T11:44:09","date_gmt":"2025-07-16T09:44:09","guid":{"rendered":"https:\/\/www2.fasep.it\/produits\/\/fr-e666.011"},"modified":"2026-03-31T10:17:17","modified_gmt":"2026-03-31T08:17:17","slug":"fr-e666.011","status":"publish","type":"product","link":"https:\/\/www.fasep.it\/fr\/produits\/equilibreuse\/e666.011\/","title":{"rendered":"V558 Crossfire"},"content":{"rendered":"<font color=\"#0055BB\"><strong>Tout ce dont tu as besoin.<\/strong><\/font><br>\r\nV558 est la machine d&rsquo;\u00e9quilibrage vid\u00e9o o\u00f9 vous pouvez trouver tout ce dont vous avez besoin \u00e0 un prix avantageux. Comme les mod\u00e8les sup\u00e9rieurs, le V558 int\u00e8gre la nouvelle \u00e9lectronique 16 bits pour l&rsquo;\u00e9quilibrage \u00e0 basse vitesse. Support Easy ALU pyramidal.","protected":false},"excerpt":{"rendered":"<font color=\"#0055BB\"><strong>Tout ce dont tu as besoin.<\/strong><\/font><br>\r\nV558 est la machine d&rsquo;\u00e9quilibrage vid\u00e9o o\u00f9 vous pouvez trouver tout ce dont vous avez besoin \u00e0 un prix avantageux. Comme les mod\u00e8les sup\u00e9rieurs, le V558 int\u00e8gre la nouvelle \u00e9lectronique 16 bits pour l&rsquo;\u00e9quilibrage \u00e0 basse vitesse. Support Easy ALU pyramidal.","protected":false},"featured_media":0,"template":"","meta":{"_acf_changed":false},"product_brand":[],"product_cat":[],"product_tag":[],"class_list":{"0":"post-7027","1":"product","2":"type-product","3":"status-publish","6":"first","7":"instock","8":"shipping-taxable","9":"product-type-simple"},"acf":[],"yoast_head":"<!-- This site is optimized with the Yoast SEO plugin v25.7 - https:\/\/yoast.com\/wordpress\/plugins\/seo\/ -->\n<title>V558 Crossfire<\/title>\n<meta name=\"robots\" content=\"index, follow, max-snippet:-1, max-image-preview:large, max-video-preview:-1\" \/>\n<meta property=\"og:locale\" content=\"fr_FR\" \/>\n<meta property=\"og:type\" content=\"article\" \/>\n<meta property=\"og:title\" content=\"V558 Crossfire\" \/>\n<meta property=\"og:description\" content=\"Tout ce dont tu as besoin. V558 est la machine d&#039;\u00e9quilibrage vid\u00e9o o\u00f9 vous pouvez trouver tout ce dont vous avez besoin \u00e0 un prix avantageux. Comme les mod\u00e8les sup\u00e9rieurs, le V558 int\u00e8gre la nouvelle \u00e9lectronique 16 bits pour l&#039;\u00e9quilibrage \u00e0 basse vitesse. Support Easy ALU pyramidal.\" \/>\n<meta property=\"og:url\" content=\"https:\/\/www.fasep.it\/fr\/produits\/equilibreuse\/e666.011\/\" \/>\n<meta property=\"og:site_name\" content=\"Fasep 2000 srl\" \/>\n<meta property=\"article:modified_time\" content=\"2026-03-31T08:17:17+00:00\" \/>\n<meta name=\"twitter:card\" content=\"summary_large_image\" \/>\n<script type=\"application\/ld+json\" class=\"yoast-schema-graph\">{\"@context\":\"https:\/\/schema.org\",\"@graph\":[{\"@type\":\"WebPage\",\"@id\":\"https:\/\/www.fasep.it\/fr\/produits\/equilibreuse\/e666.011\/\",\"url\":\"https:\/\/www.fasep.it\/fr\/produits\/equilibreuse\/e666.011\/\",\"name\":\"V558 Crossfire\",\"isPartOf\":{\"@id\":\"https:\/\/www.fasep.it\/fr\/#website\"},\"datePublished\":\"2025-07-16T09:44:09+00:00\",\"dateModified\":\"2026-03-31T08:17:17+00:00\",\"breadcrumb\":{\"@id\":\"https:\/\/www.fasep.it\/fr\/produits\/equilibreuse\/e666.011\/#breadcrumb\"},\"inLanguage\":\"fr-FR\",\"potentialAction\":[{\"@type\":\"ReadAction\",\"target\":[\"https:\/\/www.fasep.it\/fr\/produits\/equilibreuse\/e666.011\/\"]}]},{\"@type\":\"BreadcrumbList\",\"@id\":\"https:\/\/www.fasep.it\/fr\/produits\/equilibreuse\/e666.011\/#breadcrumb\",\"itemListElement\":[{\"@type\":\"ListItem\",\"position\":1,\"name\":\"Home\",\"item\":\"https:\/\/www.fasep.it\/fr\/\"},{\"@type\":\"ListItem\",\"position\":2,\"name\":\"Produits\",\"item\":\"https:\/\/www.fasep.it\/fr\/shop\/\"},{\"@type\":\"ListItem\",\"position\":3,\"name\":\"V558 Crossfire\"}]},{\"@type\":\"WebSite\",\"@id\":\"https:\/\/www.fasep.it\/fr\/#website\",\"url\":\"https:\/\/www.fasep.it\/fr\/\",\"name\":\"Fasep 2000 srl\",\"description\":\"\",\"potentialAction\":[{\"@type\":\"SearchAction\",\"target\":{\"@type\":\"EntryPoint\",\"urlTemplate\":\"https:\/\/www.fasep.it\/fr\/?s={search_term_string}\"},\"query-input\":{\"@type\":\"PropertyValueSpecification\",\"valueRequired\":true,\"valueName\":\"search_term_string\"}}],\"inLanguage\":\"fr-FR\"}]}<\/script>\n<!-- \/ Yoast SEO plugin. -->","yoast_head_json":{"title":"V558 Crossfire","robots":{"index":"index","follow":"follow","max-snippet":"max-snippet:-1","max-image-preview":"max-image-preview:large","max-video-preview":"max-video-preview:-1"},"og_locale":"fr_FR","og_type":"article","og_title":"V558 Crossfire","og_description":"Tout ce dont tu as besoin. V558 est la machine d'\u00e9quilibrage vid\u00e9o o\u00f9 vous pouvez trouver tout ce dont vous avez besoin \u00e0 un prix avantageux. Comme les mod\u00e8les sup\u00e9rieurs, le V558 int\u00e8gre la nouvelle \u00e9lectronique 16 bits pour l'\u00e9quilibrage \u00e0 basse vitesse. Support Easy ALU pyramidal.","og_url":"https:\/\/www.fasep.it\/fr\/produits\/equilibreuse\/e666.011\/","og_site_name":"Fasep 2000 srl","article_modified_time":"2026-03-31T08:17:17+00:00","twitter_card":"summary_large_image","schema":{"@context":"https:\/\/schema.org","@graph":[{"@type":"WebPage","@id":"https:\/\/www.fasep.it\/fr\/produits\/equilibreuse\/e666.011\/","url":"https:\/\/www.fasep.it\/fr\/produits\/equilibreuse\/e666.011\/","name":"V558 Crossfire","isPartOf":{"@id":"https:\/\/www.fasep.it\/fr\/#website"},"datePublished":"2025-07-16T09:44:09+00:00","dateModified":"2026-03-31T08:17:17+00:00","breadcrumb":{"@id":"https:\/\/www.fasep.it\/fr\/produits\/equilibreuse\/e666.011\/#breadcrumb"},"inLanguage":"fr-FR","potentialAction":[{"@type":"ReadAction","target":["https:\/\/www.fasep.it\/fr\/produits\/equilibreuse\/e666.011\/"]}]},{"@type":"BreadcrumbList","@id":"https:\/\/www.fasep.it\/fr\/produits\/equilibreuse\/e666.011\/#breadcrumb","itemListElement":[{"@type":"ListItem","position":1,"name":"Home","item":"https:\/\/www.fasep.it\/fr\/"},{"@type":"ListItem","position":2,"name":"Produits","item":"https:\/\/www.fasep.it\/fr\/shop\/"},{"@type":"ListItem","position":3,"name":"V558 Crossfire"}]},{"@type":"WebSite","@id":"https:\/\/www.fasep.it\/fr\/#website","url":"https:\/\/www.fasep.it\/fr\/","name":"Fasep 2000 srl","description":"","potentialAction":[{"@type":"SearchAction","target":{"@type":"EntryPoint","urlTemplate":"https:\/\/www.fasep.it\/fr\/?s={search_term_string}"},"query-input":{"@type":"PropertyValueSpecification","valueRequired":true,"valueName":"search_term_string"}}],"inLanguage":"fr-FR"}]}},"_links":{"self":[{"href":"https:\/\/www.fasep.it\/fr\/wp-json\/wp\/v2\/product\/7027","targetHints":{"allow":["GET"]}}],"collection":[{"href":"https:\/\/www.fasep.it\/fr\/wp-json\/wp\/v2\/product"}],"about":[{"href":"https:\/\/www.fasep.it\/fr\/wp-json\/wp\/v2\/types\/product"}],"wp:attachment":[{"href":"https:\/\/www.fasep.it\/fr\/wp-json\/wp\/v2\/media?parent=7027"}],"wp:term":[{"taxonomy":"product_brand","embeddable":true,"href":"https:\/\/www.fasep.it\/fr\/wp-json\/wp\/v2\/product_brand?post=7027"},{"taxonomy":"product_cat","embeddable":true,"href":"https:\/\/www.fasep.it\/fr\/wp-json\/wp\/v2\/product_cat?post=7027"},{"taxonomy":"product_tag","embeddable":true,"href":"https:\/\/www.fasep.it\/fr\/wp-json\/wp\/v2\/product_tag?post=7027"}],"curies":[{"name":"wp","href":"https:\/\/api.w.org\/{rel}","templated":true}]}}