{"id":7026,"date":"2025-07-16T11:44:11","date_gmt":"2025-07-16T09:44:11","guid":{"rendered":"https:\/\/www2.fasep.it\/produits\/\/fr-e605.026"},"modified":"2026-03-31T10:17:17","modified_gmt":"2026-03-31T08:17:17","slug":"fr-e605.026","status":"publish","type":"product","link":"https:\/\/www.fasep.it\/fr\/produits\/equilibreuse\/e605.026\/","title":{"rendered":"V585.2 Premium &nbsp;&nbsp;"},"content":{"rendered":"<font color=\"#0055BB\"><strong>La combinaison parfaite.<\/strong><\/font><br>\r\nCon\u00e7ue pour les sp\u00e9cialistes du pneumatique, la V585.2 repr\u00e9sente la combinaison parfaite co\u00fbts\/performances. La V585.2 est contr\u00f4l\u00e9e par un microprocesseur 16 bits ultra-moderne (technologie FLASH). De plus, la V585.2 offre la possibilit\u00e9 de mise \u00e0 jour du programme. Un investissement s\u00fbr dans le temps. Une \u00e9quilibreuse robuste et fiable : 90 kg est le poids maximal de roue admis, un record in\u00e9gal\u00e9. La V585.2 est \u00e9quip\u00e9e du syst\u00e8me m\u00e9canique de d\u00e9tection des d\u00e9s\u00e9quilibres TriSensor et du syst\u00e8me IFS (Integrated-Flange Shaft) pour une pr\u00e9cision de centrage maximale. Possibilit\u00e9 de versions personnalis\u00e9es.","protected":false},"excerpt":{"rendered":"<font color=\"#0055BB\"><strong>La combinaison parfaite.<\/strong><\/font><br>\r\nCon\u00e7ue pour les sp\u00e9cialistes du pneumatique, la V585.2 repr\u00e9sente la combinaison parfaite co\u00fbts\/performances. La V585.2 est contr\u00f4l\u00e9e par un microprocesseur 16 bits ultra-moderne (technologie FLASH). De plus, la V585.2 offre la possibilit\u00e9 de mise \u00e0 jour du programme. Un investissement s\u00fbr dans le temps. Une \u00e9quilibreuse robuste et fiable : 90 kg est le poids maximal de roue admis, un record in\u00e9gal\u00e9. La V585.2 est \u00e9quip\u00e9e du syst\u00e8me m\u00e9canique de d\u00e9tection des d\u00e9s\u00e9quilibres TriSensor et du syst\u00e8me IFS (Integrated-Flange Shaft) pour une pr\u00e9cision de centrage maximale. Possibilit\u00e9 de versions personnalis\u00e9es.","protected":false},"featured_media":0,"template":"","meta":{"_acf_changed":false},"product_brand":[],"product_cat":[],"product_tag":[],"class_list":{"0":"post-7026","1":"product","2":"type-product","3":"status-publish","6":"first","7":"instock","8":"shipping-taxable","9":"product-type-simple"},"acf":[],"yoast_head":"<!-- This site is optimized with the Yoast SEO plugin v25.7 - https:\/\/yoast.com\/wordpress\/plugins\/seo\/ -->\n<title>V585.2 Premium &nbsp;&nbsp;<\/title>\n<meta name=\"robots\" content=\"index, follow, max-snippet:-1, max-image-preview:large, max-video-preview:-1\" \/>\n<meta property=\"og:locale\" content=\"fr_FR\" \/>\n<meta property=\"og:type\" content=\"article\" \/>\n<meta property=\"og:title\" content=\"V585.2 Premium &nbsp;&nbsp;\" \/>\n<meta property=\"og:description\" content=\"La combinaison parfaite. Con\u00e7ue pour les sp\u00e9cialistes du pneumatique, la V585.2 repr\u00e9sente la combinaison parfaite co\u00fbts\/performances. La V585.2 est contr\u00f4l\u00e9e par un microprocesseur 16 bits ultra-moderne (technologie FLASH). De plus, la V585.2 offre la possibilit\u00e9 de mise \u00e0 jour du programme. Un investissement s\u00fbr dans le temps. Une \u00e9quilibreuse robuste et fiable : 90 kg est le poids maximal de roue admis, un record in\u00e9gal\u00e9. La V585.2 est \u00e9quip\u00e9e du syst\u00e8me m\u00e9canique de d\u00e9tection des d\u00e9s\u00e9quilibres TriSensor et du syst\u00e8me IFS (Integrated-Flange Shaft) pour une pr\u00e9cision de centrage maximale. Possibilit\u00e9 de versions personnalis\u00e9es.\" \/>\n<meta property=\"og:url\" content=\"https:\/\/www.fasep.it\/fr\/produits\/equilibreuse\/e605.026\/\" \/>\n<meta property=\"og:site_name\" content=\"Fasep 2000 srl\" \/>\n<meta property=\"article:modified_time\" content=\"2026-03-31T08:17:17+00:00\" \/>\n<meta name=\"twitter:card\" content=\"summary_large_image\" \/>\n<meta name=\"twitter:label1\" content=\"Dur\u00e9e de lecture estim\u00e9e\" \/>\n\t<meta name=\"twitter:data1\" content=\"1 minute\" \/>\n<script type=\"application\/ld+json\" class=\"yoast-schema-graph\">{\"@context\":\"https:\/\/schema.org\",\"@graph\":[{\"@type\":\"WebPage\",\"@id\":\"https:\/\/www.fasep.it\/fr\/produits\/equilibreuse\/e605.026\/\",\"url\":\"https:\/\/www.fasep.it\/fr\/produits\/equilibreuse\/e605.026\/\",\"name\":\"V585.2 Premium &nbsp;&nbsp;\",\"isPartOf\":{\"@id\":\"https:\/\/www.fasep.it\/fr\/#website\"},\"datePublished\":\"2025-07-16T09:44:11+00:00\",\"dateModified\":\"2026-03-31T08:17:17+00:00\",\"breadcrumb\":{\"@id\":\"https:\/\/www.fasep.it\/fr\/produits\/equilibreuse\/e605.026\/#breadcrumb\"},\"inLanguage\":\"fr-FR\",\"potentialAction\":[{\"@type\":\"ReadAction\",\"target\":[\"https:\/\/www.fasep.it\/fr\/produits\/equilibreuse\/e605.026\/\"]}]},{\"@type\":\"BreadcrumbList\",\"@id\":\"https:\/\/www.fasep.it\/fr\/produits\/equilibreuse\/e605.026\/#breadcrumb\",\"itemListElement\":[{\"@type\":\"ListItem\",\"position\":1,\"name\":\"Home\",\"item\":\"https:\/\/www.fasep.it\/fr\/\"},{\"@type\":\"ListItem\",\"position\":2,\"name\":\"Produits\",\"item\":\"https:\/\/www.fasep.it\/fr\/shop\/\"},{\"@type\":\"ListItem\",\"position\":3,\"name\":\"V585.2 Premium &nbsp;&nbsp;\"}]},{\"@type\":\"WebSite\",\"@id\":\"https:\/\/www.fasep.it\/fr\/#website\",\"url\":\"https:\/\/www.fasep.it\/fr\/\",\"name\":\"Fasep 2000 srl\",\"description\":\"\",\"potentialAction\":[{\"@type\":\"SearchAction\",\"target\":{\"@type\":\"EntryPoint\",\"urlTemplate\":\"https:\/\/www.fasep.it\/fr\/?s={search_term_string}\"},\"query-input\":{\"@type\":\"PropertyValueSpecification\",\"valueRequired\":true,\"valueName\":\"search_term_string\"}}],\"inLanguage\":\"fr-FR\"}]}<\/script>\n<!-- \/ Yoast SEO plugin. -->","yoast_head_json":{"title":"V585.2 Premium &nbsp;&nbsp;","robots":{"index":"index","follow":"follow","max-snippet":"max-snippet:-1","max-image-preview":"max-image-preview:large","max-video-preview":"max-video-preview:-1"},"og_locale":"fr_FR","og_type":"article","og_title":"V585.2 Premium &nbsp;&nbsp;","og_description":"La combinaison parfaite. Con\u00e7ue pour les sp\u00e9cialistes du pneumatique, la V585.2 repr\u00e9sente la combinaison parfaite co\u00fbts\/performances. La V585.2 est contr\u00f4l\u00e9e par un microprocesseur 16 bits ultra-moderne (technologie FLASH). De plus, la V585.2 offre la possibilit\u00e9 de mise \u00e0 jour du programme. Un investissement s\u00fbr dans le temps. Une \u00e9quilibreuse robuste et fiable : 90 kg est le poids maximal de roue admis, un record in\u00e9gal\u00e9. La V585.2 est \u00e9quip\u00e9e du syst\u00e8me m\u00e9canique de d\u00e9tection des d\u00e9s\u00e9quilibres TriSensor et du syst\u00e8me IFS (Integrated-Flange Shaft) pour une pr\u00e9cision de centrage maximale. Possibilit\u00e9 de versions personnalis\u00e9es.","og_url":"https:\/\/www.fasep.it\/fr\/produits\/equilibreuse\/e605.026\/","og_site_name":"Fasep 2000 srl","article_modified_time":"2026-03-31T08:17:17+00:00","twitter_card":"summary_large_image","twitter_misc":{"Dur\u00e9e de lecture estim\u00e9e":"1 minute"},"schema":{"@context":"https:\/\/schema.org","@graph":[{"@type":"WebPage","@id":"https:\/\/www.fasep.it\/fr\/produits\/equilibreuse\/e605.026\/","url":"https:\/\/www.fasep.it\/fr\/produits\/equilibreuse\/e605.026\/","name":"V585.2 Premium &nbsp;&nbsp;","isPartOf":{"@id":"https:\/\/www.fasep.it\/fr\/#website"},"datePublished":"2025-07-16T09:44:11+00:00","dateModified":"2026-03-31T08:17:17+00:00","breadcrumb":{"@id":"https:\/\/www.fasep.it\/fr\/produits\/equilibreuse\/e605.026\/#breadcrumb"},"inLanguage":"fr-FR","potentialAction":[{"@type":"ReadAction","target":["https:\/\/www.fasep.it\/fr\/produits\/equilibreuse\/e605.026\/"]}]},{"@type":"BreadcrumbList","@id":"https:\/\/www.fasep.it\/fr\/produits\/equilibreuse\/e605.026\/#breadcrumb","itemListElement":[{"@type":"ListItem","position":1,"name":"Home","item":"https:\/\/www.fasep.it\/fr\/"},{"@type":"ListItem","position":2,"name":"Produits","item":"https:\/\/www.fasep.it\/fr\/shop\/"},{"@type":"ListItem","position":3,"name":"V585.2 Premium &nbsp;&nbsp;"}]},{"@type":"WebSite","@id":"https:\/\/www.fasep.it\/fr\/#website","url":"https:\/\/www.fasep.it\/fr\/","name":"Fasep 2000 srl","description":"","potentialAction":[{"@type":"SearchAction","target":{"@type":"EntryPoint","urlTemplate":"https:\/\/www.fasep.it\/fr\/?s={search_term_string}"},"query-input":{"@type":"PropertyValueSpecification","valueRequired":true,"valueName":"search_term_string"}}],"inLanguage":"fr-FR"}]}},"_links":{"self":[{"href":"https:\/\/www.fasep.it\/fr\/wp-json\/wp\/v2\/product\/7026","targetHints":{"allow":["GET"]}}],"collection":[{"href":"https:\/\/www.fasep.it\/fr\/wp-json\/wp\/v2\/product"}],"about":[{"href":"https:\/\/www.fasep.it\/fr\/wp-json\/wp\/v2\/types\/product"}],"wp:attachment":[{"href":"https:\/\/www.fasep.it\/fr\/wp-json\/wp\/v2\/media?parent=7026"}],"wp:term":[{"taxonomy":"product_brand","embeddable":true,"href":"https:\/\/www.fasep.it\/fr\/wp-json\/wp\/v2\/product_brand?post=7026"},{"taxonomy":"product_cat","embeddable":true,"href":"https:\/\/www.fasep.it\/fr\/wp-json\/wp\/v2\/product_cat?post=7026"},{"taxonomy":"product_tag","embeddable":true,"href":"https:\/\/www.fasep.it\/fr\/wp-json\/wp\/v2\/product_tag?post=7026"}],"curies":[{"name":"wp","href":"https:\/\/api.w.org\/{rel}","templated":true}]}}