{"id":7022,"date":"2025-07-16T11:44:17","date_gmt":"2025-07-16T09:44:17","guid":{"rendered":"https:\/\/www2.fasep.it\/produits\/\/fr-e668.002"},"modified":"2026-03-31T10:17:16","modified_gmt":"2026-03-31T08:17:16","slug":"fr-e668.002","status":"publish","type":"product","link":"https:\/\/www.fasep.it\/fr\/produits\/equilibreuse\/e668.002\/","title":{"rendered":"V684 Ninja"},"content":{"rendered":"<font color=\"#0055Bb\"><strong>Top Light ! Allumez vos roues !<\/strong><\/font><br>\r\nV684 offre tout ce qu&rsquo;il y a de plus complet. \u00c9cran tactile pour faciliter le travail, trois lasers pour l&rsquo;application de chaque type de poids avec une pr\u00e9cision maximale, 3D.Scan pour le contr\u00f4le automatique de la g\u00e9om\u00e9trie du pneu et de la jante, \u00e9lectronique G3 Extreme pour une vitesse de travail maximale. Le TOP-LIGHT au-dessus de la machine, avec deux points lumineux pour am\u00e9liorer la luminosit\u00e9 dans la zone de travail et deux lasers pour indiquer avec une grande pr\u00e9cision la position du poids \u00e0 appliquer sur la pince \u00e0 linge.<br> Les commandes de blocage et de freinage pneumatique sont d\u00e9sormais dispos\u00e9es de mani\u00e8re plus ergonomique, avec deux nouvelles p\u00e9dales pour une utilisation plus facile. Le c\u0153ur de l&rsquo;\u00e9quilibreuse est construit autour du syst\u00e8me TriSensor, une exclusivit\u00e9 FASEP, et du syst\u00e8me IFS (Integrated Flange Shaft) pour une pr\u00e9cision de centrage maximale.","protected":false},"excerpt":{"rendered":"<font color=\"#0055Bb\"><strong>Top Light ! Allumez vos roues !<\/strong><\/font><br>\r\nV684 offre tout ce qu&rsquo;il y a de plus complet. \u00c9cran tactile pour faciliter le travail, trois lasers pour l&rsquo;application de chaque type de poids avec une pr\u00e9cision maximale, 3D.Scan pour le contr\u00f4le automatique de la g\u00e9om\u00e9trie du pneu et de la jante, \u00e9lectronique G3 Extreme pour une vitesse de travail maximale. Le TOP-LIGHT au-dessus de la machine, avec deux points lumineux pour am\u00e9liorer la luminosit\u00e9 dans la zone de travail et deux lasers pour indiquer avec une grande pr\u00e9cision la position du poids \u00e0 appliquer sur la pince \u00e0 linge.<br> Les commandes de blocage et de freinage pneumatique sont d\u00e9sormais dispos\u00e9es de mani\u00e8re plus ergonomique, avec deux nouvelles p\u00e9dales pour une utilisation plus facile. Le c\u0153ur de l&rsquo;\u00e9quilibreuse est construit autour du syst\u00e8me TriSensor, une exclusivit\u00e9 FASEP, et du syst\u00e8me IFS (Integrated Flange Shaft) pour une pr\u00e9cision de centrage maximale.","protected":false},"featured_media":0,"template":"","meta":{"_acf_changed":false},"product_brand":[],"product_cat":[],"product_tag":[],"class_list":{"0":"post-7022","1":"product","2":"type-product","3":"status-publish","6":"first","7":"instock","8":"shipping-taxable","9":"product-type-simple"},"acf":[],"yoast_head":"<!-- This site is optimized with the Yoast SEO plugin v25.7 - https:\/\/yoast.com\/wordpress\/plugins\/seo\/ -->\n<title>V684 Ninja<\/title>\n<meta name=\"robots\" content=\"index, follow, max-snippet:-1, max-image-preview:large, max-video-preview:-1\" \/>\n<meta property=\"og:locale\" content=\"fr_FR\" \/>\n<meta property=\"og:type\" content=\"article\" \/>\n<meta property=\"og:title\" content=\"V684 Ninja\" \/>\n<meta property=\"og:description\" content=\"Top Light ! Allumez vos roues ! V684 offre tout ce qu&#039;il y a de plus complet. \u00c9cran tactile pour faciliter le travail, trois lasers pour l&#039;application de chaque type de poids avec une pr\u00e9cision maximale, 3D.Scan pour le contr\u00f4le automatique de la g\u00e9om\u00e9trie du pneu et de la jante, \u00e9lectronique G3 Extreme pour une vitesse de travail maximale. Le TOP-LIGHT au-dessus de la machine, avec deux points lumineux pour am\u00e9liorer la luminosit\u00e9 dans la zone de travail et deux lasers pour indiquer avec une grande pr\u00e9cision la position du poids \u00e0 appliquer sur la pince \u00e0 linge. Les commandes de blocage et de freinage pneumatique sont d\u00e9sormais dispos\u00e9es de mani\u00e8re plus ergonomique, avec deux nouvelles p\u00e9dales pour une utilisation plus facile. Le c\u0153ur de l&#039;\u00e9quilibreuse est construit autour du syst\u00e8me TriSensor, une exclusivit\u00e9 FASEP, et du syst\u00e8me IFS (Integrated Flange Shaft) pour une pr\u00e9cision de centrage maximale.\" \/>\n<meta property=\"og:url\" content=\"https:\/\/www.fasep.it\/fr\/produits\/equilibreuse\/e668.002\/\" \/>\n<meta property=\"og:site_name\" content=\"Fasep 2000 srl\" \/>\n<meta property=\"article:modified_time\" content=\"2026-03-31T08:17:16+00:00\" \/>\n<meta name=\"twitter:card\" content=\"summary_large_image\" \/>\n<meta name=\"twitter:label1\" content=\"Dur\u00e9e de lecture estim\u00e9e\" \/>\n\t<meta name=\"twitter:data1\" content=\"1 minute\" \/>\n<script type=\"application\/ld+json\" class=\"yoast-schema-graph\">{\"@context\":\"https:\/\/schema.org\",\"@graph\":[{\"@type\":\"WebPage\",\"@id\":\"https:\/\/www.fasep.it\/fr\/produits\/equilibreuse\/e668.002\/\",\"url\":\"https:\/\/www.fasep.it\/fr\/produits\/equilibreuse\/e668.002\/\",\"name\":\"V684 Ninja\",\"isPartOf\":{\"@id\":\"https:\/\/www.fasep.it\/fr\/#website\"},\"datePublished\":\"2025-07-16T09:44:17+00:00\",\"dateModified\":\"2026-03-31T08:17:16+00:00\",\"breadcrumb\":{\"@id\":\"https:\/\/www.fasep.it\/fr\/produits\/equilibreuse\/e668.002\/#breadcrumb\"},\"inLanguage\":\"fr-FR\",\"potentialAction\":[{\"@type\":\"ReadAction\",\"target\":[\"https:\/\/www.fasep.it\/fr\/produits\/equilibreuse\/e668.002\/\"]}]},{\"@type\":\"BreadcrumbList\",\"@id\":\"https:\/\/www.fasep.it\/fr\/produits\/equilibreuse\/e668.002\/#breadcrumb\",\"itemListElement\":[{\"@type\":\"ListItem\",\"position\":1,\"name\":\"Home\",\"item\":\"https:\/\/www.fasep.it\/fr\/\"},{\"@type\":\"ListItem\",\"position\":2,\"name\":\"Produits\",\"item\":\"https:\/\/www.fasep.it\/fr\/shop\/\"},{\"@type\":\"ListItem\",\"position\":3,\"name\":\"V684 Ninja\"}]},{\"@type\":\"WebSite\",\"@id\":\"https:\/\/www.fasep.it\/fr\/#website\",\"url\":\"https:\/\/www.fasep.it\/fr\/\",\"name\":\"Fasep 2000 srl\",\"description\":\"\",\"potentialAction\":[{\"@type\":\"SearchAction\",\"target\":{\"@type\":\"EntryPoint\",\"urlTemplate\":\"https:\/\/www.fasep.it\/fr\/?s={search_term_string}\"},\"query-input\":{\"@type\":\"PropertyValueSpecification\",\"valueRequired\":true,\"valueName\":\"search_term_string\"}}],\"inLanguage\":\"fr-FR\"}]}<\/script>\n<!-- \/ Yoast SEO plugin. -->","yoast_head_json":{"title":"V684 Ninja","robots":{"index":"index","follow":"follow","max-snippet":"max-snippet:-1","max-image-preview":"max-image-preview:large","max-video-preview":"max-video-preview:-1"},"og_locale":"fr_FR","og_type":"article","og_title":"V684 Ninja","og_description":"Top Light ! Allumez vos roues ! V684 offre tout ce qu'il y a de plus complet. \u00c9cran tactile pour faciliter le travail, trois lasers pour l'application de chaque type de poids avec une pr\u00e9cision maximale, 3D.Scan pour le contr\u00f4le automatique de la g\u00e9om\u00e9trie du pneu et de la jante, \u00e9lectronique G3 Extreme pour une vitesse de travail maximale. Le TOP-LIGHT au-dessus de la machine, avec deux points lumineux pour am\u00e9liorer la luminosit\u00e9 dans la zone de travail et deux lasers pour indiquer avec une grande pr\u00e9cision la position du poids \u00e0 appliquer sur la pince \u00e0 linge. Les commandes de blocage et de freinage pneumatique sont d\u00e9sormais dispos\u00e9es de mani\u00e8re plus ergonomique, avec deux nouvelles p\u00e9dales pour une utilisation plus facile. Le c\u0153ur de l'\u00e9quilibreuse est construit autour du syst\u00e8me TriSensor, une exclusivit\u00e9 FASEP, et du syst\u00e8me IFS (Integrated Flange Shaft) pour une pr\u00e9cision de centrage maximale.","og_url":"https:\/\/www.fasep.it\/fr\/produits\/equilibreuse\/e668.002\/","og_site_name":"Fasep 2000 srl","article_modified_time":"2026-03-31T08:17:16+00:00","twitter_card":"summary_large_image","twitter_misc":{"Dur\u00e9e de lecture estim\u00e9e":"1 minute"},"schema":{"@context":"https:\/\/schema.org","@graph":[{"@type":"WebPage","@id":"https:\/\/www.fasep.it\/fr\/produits\/equilibreuse\/e668.002\/","url":"https:\/\/www.fasep.it\/fr\/produits\/equilibreuse\/e668.002\/","name":"V684 Ninja","isPartOf":{"@id":"https:\/\/www.fasep.it\/fr\/#website"},"datePublished":"2025-07-16T09:44:17+00:00","dateModified":"2026-03-31T08:17:16+00:00","breadcrumb":{"@id":"https:\/\/www.fasep.it\/fr\/produits\/equilibreuse\/e668.002\/#breadcrumb"},"inLanguage":"fr-FR","potentialAction":[{"@type":"ReadAction","target":["https:\/\/www.fasep.it\/fr\/produits\/equilibreuse\/e668.002\/"]}]},{"@type":"BreadcrumbList","@id":"https:\/\/www.fasep.it\/fr\/produits\/equilibreuse\/e668.002\/#breadcrumb","itemListElement":[{"@type":"ListItem","position":1,"name":"Home","item":"https:\/\/www.fasep.it\/fr\/"},{"@type":"ListItem","position":2,"name":"Produits","item":"https:\/\/www.fasep.it\/fr\/shop\/"},{"@type":"ListItem","position":3,"name":"V684 Ninja"}]},{"@type":"WebSite","@id":"https:\/\/www.fasep.it\/fr\/#website","url":"https:\/\/www.fasep.it\/fr\/","name":"Fasep 2000 srl","description":"","potentialAction":[{"@type":"SearchAction","target":{"@type":"EntryPoint","urlTemplate":"https:\/\/www.fasep.it\/fr\/?s={search_term_string}"},"query-input":{"@type":"PropertyValueSpecification","valueRequired":true,"valueName":"search_term_string"}}],"inLanguage":"fr-FR"}]}},"_links":{"self":[{"href":"https:\/\/www.fasep.it\/fr\/wp-json\/wp\/v2\/product\/7022","targetHints":{"allow":["GET"]}}],"collection":[{"href":"https:\/\/www.fasep.it\/fr\/wp-json\/wp\/v2\/product"}],"about":[{"href":"https:\/\/www.fasep.it\/fr\/wp-json\/wp\/v2\/types\/product"}],"wp:attachment":[{"href":"https:\/\/www.fasep.it\/fr\/wp-json\/wp\/v2\/media?parent=7022"}],"wp:term":[{"taxonomy":"product_brand","embeddable":true,"href":"https:\/\/www.fasep.it\/fr\/wp-json\/wp\/v2\/product_brand?post=7022"},{"taxonomy":"product_cat","embeddable":true,"href":"https:\/\/www.fasep.it\/fr\/wp-json\/wp\/v2\/product_cat?post=7022"},{"taxonomy":"product_tag","embeddable":true,"href":"https:\/\/www.fasep.it\/fr\/wp-json\/wp\/v2\/product_tag?post=7022"}],"curies":[{"name":"wp","href":"https:\/\/api.w.org\/{rel}","templated":true}]}}