{"id":7021,"date":"2025-07-16T11:44:23","date_gmt":"2025-07-16T09:44:23","guid":{"rendered":"https:\/\/www2.fasep.it\/produits\/\/fr-e664.001"},"modified":"2026-03-31T10:17:16","modified_gmt":"2026-03-31T08:17:16","slug":"fr-e664.001","status":"publish","type":"product","link":"https:\/\/www.fasep.it\/fr\/produits\/equilibreuse\/e664.001\/","title":{"rendered":"V688 Stark"},"content":{"rendered":"<font color=\"#0055BB\"><strong>Le meilleur \u00e0 votre port\u00e9e.<\/font><\/strong><br>\r\nV688 est une \u00e9quilibreuse haut de gamme qui offre toutes les caract\u00e9ristiques n\u00e9cessaires pour obtenir un \u00e9quilibrage parfait.<br>\r\nSon design moderne et ses d\u00e9tails \u00e0 effet carbone en font une attraction sans pr\u00e9c\u00e9dent, tout en \u00e9tant facile et pratique \u00e0 utiliser.<br>\r\n<br>\r\n<u>V688 permet aux op\u00e9rateurs d&rsquo;effectuer un \u00e9quilibrage rapide et pr\u00e9cis.<\/u> Il est \u00e9quip\u00e9 du syst\u00e8me 3D Touchless pour la saisie automatique des donn\u00e9es de la roue, combin\u00e9 aux avantages de 3 lasers pour l&rsquo;application de masses autocollants et \u00e0 frapper. Les syst\u00e8mes TOP LIGHT et LED LIGHT fournissent un \u00e9clairage suffisant pour garantir la pr\u00e9cision de votre travail. <a href=\"https:\/\/fasep.it\/fr\/news\/le-systeme-fasep-a-3-capteurs-pour-lequilibrage\">Le syst\u00e8me de mesure FASEP 3-piezo est l\u00e9gendaire<\/a> et offre de nombreux avantages.<br>\r\n<br>\r\nLe syst\u00e8me <a href=\"https:\/\/fasep.it\/fr\/news\/systemes-de-controle-run-out-pour-les-equilibreuses-fasep\">3D.Scan system<\/a> permet de mesurer le devoilage des pneus et des jantes, ainsi que le ripage des pneus. Le syst\u00e8me logiciel recommande \u00e0 l&rsquo;op\u00e9rateur la position optimale de la roue sur la voiture pour compenser toute devoilage.<br>\r\n<br>\r\n<br>\r\n<font color=\"#0055BB\"><i>Caract\u00e9ristiques<\/font><\/i>:\r\n<ul>\r\n<li>saisie automatique des donn\u00e9es 3D des roues par laser<\/li>\r\n<li>point laser pour l&rsquo;application de masses autocollantes<\/li>\r\n<li>syst\u00e8me TOP LIGHT pour l&rsquo;\u00e9clairage de la zone de travail et ligne laser pour l&rsquo;application des masses \u00e0 frapper<\/li>\r\n<li>verrouillage \u00e9lectropneumatique de la roue<\/li>\r\n<li>syst\u00e8me 3D.Scan pour mesurer le devoilage du pneu et de la jante<\/li>\r\n<li>syst\u00e8me d&rsquo;\u00e9quilibrage FASEP TriSensor 3-pi\u00e9zo\u00e9lectrique<\/li>\r\n<li>IFS (Integrated Flange Shaft &#8211; Arbre \u00e0 Bride Int\u00e9gr\u00e9)<\/li>\r\n<li>\u00c9lectronique 16 bits<\/li>\r\n<li>moteur \u00e0 faible vitesse 98 tr\/min<\/li>\r\n<li>moniteur de deuxi\u00e8me G\u00e9n\u00e9ration LCD Touch 22&Prime; 16:9<\/li>\r\n<\/ul>","protected":false},"excerpt":{"rendered":"<font color=\"#0055BB\"><strong>Le meilleur \u00e0 votre port\u00e9e.<\/font><\/strong><br>\r\nV688 est une \u00e9quilibreuse haut de gamme qui offre toutes les caract\u00e9ristiques n\u00e9cessaires pour obtenir un \u00e9quilibrage parfait.<br>\r\nSon design moderne et ses d\u00e9tails \u00e0 effet carbone en font une attraction sans pr\u00e9c\u00e9dent, tout en \u00e9tant facile et pratique \u00e0 utiliser.<br>\r\n<br>\r\n<u>V688 permet aux op\u00e9rateurs d&rsquo;effectuer un \u00e9quilibrage rapide et pr\u00e9cis.<\/u> Il est \u00e9quip\u00e9 du syst\u00e8me 3D Touchless pour la saisie automatique des donn\u00e9es de la roue, combin\u00e9 aux avantages de 3 lasers pour l&rsquo;application de masses autocollants et \u00e0 frapper. Les syst\u00e8mes TOP LIGHT et LED LIGHT fournissent un \u00e9clairage suffisant pour garantir la pr\u00e9cision de votre travail. <a href=\"https:\/\/fasep.it\/fr\/news\/le-systeme-fasep-a-3-capteurs-pour-lequilibrage\">Le syst\u00e8me de mesure FASEP 3-piezo est l\u00e9gendaire<\/a> et offre de nombreux avantages.<br>\r\n<br>\r\nLe syst\u00e8me <a href=\"https:\/\/fasep.it\/fr\/news\/systemes-de-controle-run-out-pour-les-equilibreuses-fasep\">3D.Scan system<\/a> permet de mesurer le devoilage des pneus et des jantes, ainsi que le ripage des pneus. Le syst\u00e8me logiciel recommande \u00e0 l&rsquo;op\u00e9rateur la position optimale de la roue sur la voiture pour compenser toute devoilage.<br>\r\n<br>\r\n<br>\r\n<font color=\"#0055BB\"><i>Caract\u00e9ristiques<\/font><\/i>:\r\n<ul>\r\n<li>saisie automatique des donn\u00e9es 3D des roues par laser<\/li>\r\n<li>point laser pour l&rsquo;application de masses autocollantes<\/li>\r\n<li>syst\u00e8me TOP LIGHT pour l&rsquo;\u00e9clairage de la zone de travail et ligne laser pour l&rsquo;application des masses \u00e0 frapper<\/li>\r\n<li>verrouillage \u00e9lectropneumatique de la roue<\/li>\r\n<li>syst\u00e8me 3D.Scan pour mesurer le devoilage du pneu et de la jante<\/li>\r\n<li>syst\u00e8me d&rsquo;\u00e9quilibrage FASEP TriSensor 3-pi\u00e9zo\u00e9lectrique<\/li>\r\n<li>IFS (Integrated Flange Shaft &#8211; Arbre \u00e0 Bride Int\u00e9gr\u00e9)<\/li>\r\n<li>\u00c9lectronique 16 bits<\/li>\r\n<li>moteur \u00e0 faible vitesse 98 tr\/min<\/li>\r\n<li>moniteur de deuxi\u00e8me G\u00e9n\u00e9ration LCD Touch 22&Prime; 16:9<\/li>\r\n<\/ul>","protected":false},"featured_media":0,"template":"","meta":{"_acf_changed":false},"product_brand":[],"product_cat":[],"product_tag":[],"class_list":{"0":"post-7021","1":"product","2":"type-product","3":"status-publish","6":"first","7":"instock","8":"shipping-taxable","9":"product-type-simple"},"acf":[],"yoast_head":"<!-- This site is optimized with the Yoast SEO plugin v25.7 - https:\/\/yoast.com\/wordpress\/plugins\/seo\/ -->\n<title>V688 Stark<\/title>\n<meta name=\"robots\" content=\"index, follow, max-snippet:-1, max-image-preview:large, max-video-preview:-1\" \/>\n<meta property=\"og:locale\" content=\"fr_FR\" \/>\n<meta property=\"og:type\" content=\"article\" \/>\n<meta property=\"og:title\" content=\"V688 Stark\" \/>\n<meta property=\"og:description\" content=\"Le meilleur \u00e0 votre port\u00e9e. V688 est une \u00e9quilibreuse haut de gamme qui offre toutes les caract\u00e9ristiques n\u00e9cessaires pour obtenir un \u00e9quilibrage parfait. Son design moderne et ses d\u00e9tails \u00e0 effet carbone en font une attraction sans pr\u00e9c\u00e9dent, tout en \u00e9tant facile et pratique \u00e0 utiliser.  V688 permet aux op\u00e9rateurs d&#039;effectuer un \u00e9quilibrage rapide et pr\u00e9cis. Il est \u00e9quip\u00e9 du syst\u00e8me 3D Touchless pour la saisie automatique des donn\u00e9es de la roue, combin\u00e9 aux avantages de 3 lasers pour l&#039;application de masses autocollants et \u00e0 frapper. Les syst\u00e8mes TOP LIGHT et LED LIGHT fournissent un \u00e9clairage suffisant pour garantir la pr\u00e9cision de votre travail. Le syst\u00e8me de mesure FASEP 3-piezo est l\u00e9gendaire et offre de nombreux avantages.  Le syst\u00e8me 3D.Scan system permet de mesurer le devoilage des pneus et des jantes, ainsi que le ripage des pneus. Le syst\u00e8me logiciel recommande \u00e0 l&#039;op\u00e9rateur la position optimale de la roue sur la voiture pour compenser toute devoilage.   Caract\u00e9ristiques:  saisie automatique des donn\u00e9es 3D des roues par laser point laser pour l&#039;application de masses autocollantes syst\u00e8me TOP LIGHT pour l&#039;\u00e9clairage de la zone de travail et ligne laser pour l&#039;application des masses \u00e0 frapper verrouillage \u00e9lectropneumatique de la roue syst\u00e8me 3D.Scan pour mesurer le devoilage du pneu et de la jante syst\u00e8me d&#039;\u00e9quilibrage FASEP TriSensor 3-pi\u00e9zo\u00e9lectrique IFS (Integrated Flange Shaft - Arbre \u00e0 Bride Int\u00e9gr\u00e9) \u00c9lectronique 16 bits moteur \u00e0 faible vitesse 98 tr\/min moniteur de deuxi\u00e8me G\u00e9n\u00e9ration LCD Touch 22&quot; 16:9\" \/>\n<meta property=\"og:url\" content=\"https:\/\/www.fasep.it\/fr\/produits\/equilibreuse\/e664.001\/\" \/>\n<meta property=\"og:site_name\" content=\"Fasep 2000 srl\" \/>\n<meta property=\"article:modified_time\" content=\"2026-03-31T08:17:16+00:00\" \/>\n<meta name=\"twitter:card\" content=\"summary_large_image\" \/>\n<meta name=\"twitter:label1\" content=\"Dur\u00e9e de lecture estim\u00e9e\" \/>\n\t<meta name=\"twitter:data1\" content=\"1 minute\" \/>\n<script type=\"application\/ld+json\" class=\"yoast-schema-graph\">{\"@context\":\"https:\/\/schema.org\",\"@graph\":[{\"@type\":\"WebPage\",\"@id\":\"https:\/\/www.fasep.it\/fr\/produits\/equilibreuse\/e664.001\/\",\"url\":\"https:\/\/www.fasep.it\/fr\/produits\/equilibreuse\/e664.001\/\",\"name\":\"V688 Stark\",\"isPartOf\":{\"@id\":\"https:\/\/www.fasep.it\/fr\/#website\"},\"datePublished\":\"2025-07-16T09:44:23+00:00\",\"dateModified\":\"2026-03-31T08:17:16+00:00\",\"breadcrumb\":{\"@id\":\"https:\/\/www.fasep.it\/fr\/produits\/equilibreuse\/e664.001\/#breadcrumb\"},\"inLanguage\":\"fr-FR\",\"potentialAction\":[{\"@type\":\"ReadAction\",\"target\":[\"https:\/\/www.fasep.it\/fr\/produits\/equilibreuse\/e664.001\/\"]}]},{\"@type\":\"BreadcrumbList\",\"@id\":\"https:\/\/www.fasep.it\/fr\/produits\/equilibreuse\/e664.001\/#breadcrumb\",\"itemListElement\":[{\"@type\":\"ListItem\",\"position\":1,\"name\":\"Home\",\"item\":\"https:\/\/www.fasep.it\/fr\/\"},{\"@type\":\"ListItem\",\"position\":2,\"name\":\"Produits\",\"item\":\"https:\/\/www.fasep.it\/fr\/shop\/\"},{\"@type\":\"ListItem\",\"position\":3,\"name\":\"V688 Stark\"}]},{\"@type\":\"WebSite\",\"@id\":\"https:\/\/www.fasep.it\/fr\/#website\",\"url\":\"https:\/\/www.fasep.it\/fr\/\",\"name\":\"Fasep 2000 srl\",\"description\":\"\",\"potentialAction\":[{\"@type\":\"SearchAction\",\"target\":{\"@type\":\"EntryPoint\",\"urlTemplate\":\"https:\/\/www.fasep.it\/fr\/?s={search_term_string}\"},\"query-input\":{\"@type\":\"PropertyValueSpecification\",\"valueRequired\":true,\"valueName\":\"search_term_string\"}}],\"inLanguage\":\"fr-FR\"}]}<\/script>\n<!-- \/ Yoast SEO plugin. -->","yoast_head_json":{"title":"V688 Stark","robots":{"index":"index","follow":"follow","max-snippet":"max-snippet:-1","max-image-preview":"max-image-preview:large","max-video-preview":"max-video-preview:-1"},"og_locale":"fr_FR","og_type":"article","og_title":"V688 Stark","og_description":"Le meilleur \u00e0 votre port\u00e9e. V688 est une \u00e9quilibreuse haut de gamme qui offre toutes les caract\u00e9ristiques n\u00e9cessaires pour obtenir un \u00e9quilibrage parfait. Son design moderne et ses d\u00e9tails \u00e0 effet carbone en font une attraction sans pr\u00e9c\u00e9dent, tout en \u00e9tant facile et pratique \u00e0 utiliser.  V688 permet aux op\u00e9rateurs d'effectuer un \u00e9quilibrage rapide et pr\u00e9cis. Il est \u00e9quip\u00e9 du syst\u00e8me 3D Touchless pour la saisie automatique des donn\u00e9es de la roue, combin\u00e9 aux avantages de 3 lasers pour l'application de masses autocollants et \u00e0 frapper. Les syst\u00e8mes TOP LIGHT et LED LIGHT fournissent un \u00e9clairage suffisant pour garantir la pr\u00e9cision de votre travail. Le syst\u00e8me de mesure FASEP 3-piezo est l\u00e9gendaire et offre de nombreux avantages.  Le syst\u00e8me 3D.Scan system permet de mesurer le devoilage des pneus et des jantes, ainsi que le ripage des pneus. Le syst\u00e8me logiciel recommande \u00e0 l'op\u00e9rateur la position optimale de la roue sur la voiture pour compenser toute devoilage.   Caract\u00e9ristiques:  saisie automatique des donn\u00e9es 3D des roues par laser point laser pour l'application de masses autocollantes syst\u00e8me TOP LIGHT pour l'\u00e9clairage de la zone de travail et ligne laser pour l'application des masses \u00e0 frapper verrouillage \u00e9lectropneumatique de la roue syst\u00e8me 3D.Scan pour mesurer le devoilage du pneu et de la jante syst\u00e8me d'\u00e9quilibrage FASEP TriSensor 3-pi\u00e9zo\u00e9lectrique IFS (Integrated Flange Shaft - Arbre \u00e0 Bride Int\u00e9gr\u00e9) \u00c9lectronique 16 bits moteur \u00e0 faible vitesse 98 tr\/min moniteur de deuxi\u00e8me G\u00e9n\u00e9ration LCD Touch 22\" 16:9","og_url":"https:\/\/www.fasep.it\/fr\/produits\/equilibreuse\/e664.001\/","og_site_name":"Fasep 2000 srl","article_modified_time":"2026-03-31T08:17:16+00:00","twitter_card":"summary_large_image","twitter_misc":{"Dur\u00e9e de lecture estim\u00e9e":"1 minute"},"schema":{"@context":"https:\/\/schema.org","@graph":[{"@type":"WebPage","@id":"https:\/\/www.fasep.it\/fr\/produits\/equilibreuse\/e664.001\/","url":"https:\/\/www.fasep.it\/fr\/produits\/equilibreuse\/e664.001\/","name":"V688 Stark","isPartOf":{"@id":"https:\/\/www.fasep.it\/fr\/#website"},"datePublished":"2025-07-16T09:44:23+00:00","dateModified":"2026-03-31T08:17:16+00:00","breadcrumb":{"@id":"https:\/\/www.fasep.it\/fr\/produits\/equilibreuse\/e664.001\/#breadcrumb"},"inLanguage":"fr-FR","potentialAction":[{"@type":"ReadAction","target":["https:\/\/www.fasep.it\/fr\/produits\/equilibreuse\/e664.001\/"]}]},{"@type":"BreadcrumbList","@id":"https:\/\/www.fasep.it\/fr\/produits\/equilibreuse\/e664.001\/#breadcrumb","itemListElement":[{"@type":"ListItem","position":1,"name":"Home","item":"https:\/\/www.fasep.it\/fr\/"},{"@type":"ListItem","position":2,"name":"Produits","item":"https:\/\/www.fasep.it\/fr\/shop\/"},{"@type":"ListItem","position":3,"name":"V688 Stark"}]},{"@type":"WebSite","@id":"https:\/\/www.fasep.it\/fr\/#website","url":"https:\/\/www.fasep.it\/fr\/","name":"Fasep 2000 srl","description":"","potentialAction":[{"@type":"SearchAction","target":{"@type":"EntryPoint","urlTemplate":"https:\/\/www.fasep.it\/fr\/?s={search_term_string}"},"query-input":{"@type":"PropertyValueSpecification","valueRequired":true,"valueName":"search_term_string"}}],"inLanguage":"fr-FR"}]}},"_links":{"self":[{"href":"https:\/\/www.fasep.it\/fr\/wp-json\/wp\/v2\/product\/7021","targetHints":{"allow":["GET"]}}],"collection":[{"href":"https:\/\/www.fasep.it\/fr\/wp-json\/wp\/v2\/product"}],"about":[{"href":"https:\/\/www.fasep.it\/fr\/wp-json\/wp\/v2\/types\/product"}],"wp:attachment":[{"href":"https:\/\/www.fasep.it\/fr\/wp-json\/wp\/v2\/media?parent=7021"}],"wp:term":[{"taxonomy":"product_brand","embeddable":true,"href":"https:\/\/www.fasep.it\/fr\/wp-json\/wp\/v2\/product_brand?post=7021"},{"taxonomy":"product_cat","embeddable":true,"href":"https:\/\/www.fasep.it\/fr\/wp-json\/wp\/v2\/product_cat?post=7021"},{"taxonomy":"product_tag","embeddable":true,"href":"https:\/\/www.fasep.it\/fr\/wp-json\/wp\/v2\/product_tag?post=7021"}],"curies":[{"name":"wp","href":"https:\/\/api.w.org\/{rel}","templated":true}]}}