{"id":7020,"date":"2025-07-16T11:44:21","date_gmt":"2025-07-16T09:44:21","guid":{"rendered":"https:\/\/www2.fasep.it\/produits\/\/fr-e634.005"},"modified":"2026-03-31T10:17:16","modified_gmt":"2026-03-31T08:17:16","slug":"fr-e634.005","status":"publish","type":"product","link":"https:\/\/www.fasep.it\/fr\/produits\/equilibreuse\/e634.005\/","title":{"rendered":"V788 Cayman"},"content":{"rendered":"<font color=\"#0055BB\"><strong>La nouvelle g\u00e9n\u00e9ration.<\/font><\/strong><br>\r\nV788 est l&rsquo;\u00e9quilibreuse qui r\u00e9unit tous les avantages du syst\u00e8me d&rsquo;\u00e9quilibrage FASEP en une seule machine.<br>\r\nIl se distingue des autres \u00e9quilibreuses de roues par son design moderne et \u00e9l\u00e9gant, avec l&rsquo;ajout de <b>TOP LIGHT<\/b> qui le rend inimitable.<br>\r\n<br>\r\n<u>V788 permet \u00e0 l&rsquo;op\u00e9rateur d&rsquo;effectuer un \u00e9quilibrage rapide avec une pr\u00e9cision maximale<\/u>: il comprend le syst\u00e8me 3D Touchless pour la saisie automatique des donn\u00e9es des roues, combin\u00e9 aux avantages de 3 lasers pour l&rsquo;application de masses adh\u00e9sifs et pinces \u00e0 linge. Les syst\u00e8mes TOP LIGHT et LED LIGHT sont une aide absolue pour fournir une zone de travail bien \u00e9clair\u00e9e afin d&rsquo;\u00e9viter toute impr\u00e9cision. Tous ces avantages sont, bien s\u00fbr, accompagn\u00e9s du l\u00e9gendaire <a href=\"https:\/\/www.fasep.it\/fr\/news\/le-systeme-fasep-a-3-capteurs-pour-lequilibrage\/\">syst\u00e8me de mesure FASEP avec 3-piezo<\/a>.<br>\r\n<br>\r\nLe <a href=\"https:\/\/www.fasep.it\/en\/news\/different-run-out-check-systems-for-fasep-wheel-balancers\/\">syst\u00e8me 3D.Wall<\/a> permet de mesurer le profil du pneu et le ripage du pneu et de la jante, ainsi que le glissement lat\u00e9ral du pneu. Le logiciel du syst\u00e8me sugg\u00e8re \u00e0 l&rsquo;op\u00e9rateur la meilleure position de roue sur la voiture pour compenser le ripage.<br>\r\n<br>\r\n<br>\r\n<font color=\"#0055BB\"><i>Caract\u00e9ristiques<\/font><\/i>:\r\n<ul>\r\n<li>saisie automatique des donn\u00e9es 3D de la roue par laser<\/li>\r\n<li>point laser pour l&rsquo;application de masses adh\u00e9sifs<\/li>\r\n<li>syst\u00e8me TOP LIGHT pour l&rsquo;\u00e9clairage de la zone de travail et ligne laser pour l&rsquo;application de masses pince<\/li>\r\n<li>serrure \u00e9lectro-pneumatique de la roue<\/li>\r\n<li>syst\u00e8me 3D.Wall pour mesurer le profil du pneu et le ripage du pneu et de la jante<\/li>\r\n<li>Syst\u00e8me d&rsquo;\u00e9quilibrage FASEP TriSensor 3 Piezo<\/li>\r\n<li>IFS (Arbre \u00e0 bride int\u00e9gr\u00e9)<\/li>\r\n<li>\u00e9lectronique 16 bits<\/li>\r\n<li>moteur \u00e0 faible vitesse 98 rpm<\/li>\r\n<li>moniteur LCD Touch 22&Prime; 16:9 de Deuxi\u00e8me G\u00e9n\u00e9ration<\/li>\r\n<\/ul>","protected":false},"excerpt":{"rendered":"<font color=\"#0055BB\"><strong>La nouvelle g\u00e9n\u00e9ration.<\/font><\/strong><br>\r\nV788 est l&rsquo;\u00e9quilibreuse qui r\u00e9unit tous les avantages du syst\u00e8me d&rsquo;\u00e9quilibrage FASEP en une seule machine.<br>\r\nIl se distingue des autres \u00e9quilibreuses de roues par son design moderne et \u00e9l\u00e9gant, avec l&rsquo;ajout de <b>TOP LIGHT<\/b> qui le rend inimitable.<br>\r\n<br>\r\n<u>V788 permet \u00e0 l&rsquo;op\u00e9rateur d&rsquo;effectuer un \u00e9quilibrage rapide avec une pr\u00e9cision maximale<\/u>: il comprend le syst\u00e8me 3D Touchless pour la saisie automatique des donn\u00e9es des roues, combin\u00e9 aux avantages de 3 lasers pour l&rsquo;application de masses adh\u00e9sifs et pinces \u00e0 linge. Les syst\u00e8mes TOP LIGHT et LED LIGHT sont une aide absolue pour fournir une zone de travail bien \u00e9clair\u00e9e afin d&rsquo;\u00e9viter toute impr\u00e9cision. Tous ces avantages sont, bien s\u00fbr, accompagn\u00e9s du l\u00e9gendaire <a href=\"https:\/\/www.fasep.it\/fr\/news\/le-systeme-fasep-a-3-capteurs-pour-lequilibrage\/\">syst\u00e8me de mesure FASEP avec 3-piezo<\/a>.<br>\r\n<br>\r\nLe <a href=\"https:\/\/www.fasep.it\/en\/news\/different-run-out-check-systems-for-fasep-wheel-balancers\/\">syst\u00e8me 3D.Wall<\/a> permet de mesurer le profil du pneu et le ripage du pneu et de la jante, ainsi que le glissement lat\u00e9ral du pneu. Le logiciel du syst\u00e8me sugg\u00e8re \u00e0 l&rsquo;op\u00e9rateur la meilleure position de roue sur la voiture pour compenser le ripage.<br>\r\n<br>\r\n<br>\r\n<font color=\"#0055BB\"><i>Caract\u00e9ristiques<\/font><\/i>:\r\n<ul>\r\n<li>saisie automatique des donn\u00e9es 3D de la roue par laser<\/li>\r\n<li>point laser pour l&rsquo;application de masses adh\u00e9sifs<\/li>\r\n<li>syst\u00e8me TOP LIGHT pour l&rsquo;\u00e9clairage de la zone de travail et ligne laser pour l&rsquo;application de masses pince<\/li>\r\n<li>serrure \u00e9lectro-pneumatique de la roue<\/li>\r\n<li>syst\u00e8me 3D.Wall pour mesurer le profil du pneu et le ripage du pneu et de la jante<\/li>\r\n<li>Syst\u00e8me d&rsquo;\u00e9quilibrage FASEP TriSensor 3 Piezo<\/li>\r\n<li>IFS (Arbre \u00e0 bride int\u00e9gr\u00e9)<\/li>\r\n<li>\u00e9lectronique 16 bits<\/li>\r\n<li>moteur \u00e0 faible vitesse 98 rpm<\/li>\r\n<li>moniteur LCD Touch 22&Prime; 16:9 de Deuxi\u00e8me G\u00e9n\u00e9ration<\/li>\r\n<\/ul>","protected":false},"featured_media":0,"template":"","meta":{"_acf_changed":false},"product_brand":[],"product_cat":[],"product_tag":[],"class_list":{"0":"post-7020","1":"product","2":"type-product","3":"status-publish","6":"first","7":"instock","8":"shipping-taxable","9":"product-type-simple"},"acf":[],"yoast_head":"<!-- This site is optimized with the Yoast SEO plugin v25.7 - https:\/\/yoast.com\/wordpress\/plugins\/seo\/ -->\n<title>V788 Cayman<\/title>\n<meta name=\"robots\" content=\"index, follow, max-snippet:-1, max-image-preview:large, max-video-preview:-1\" \/>\n<meta property=\"og:locale\" content=\"fr_FR\" \/>\n<meta property=\"og:type\" content=\"article\" \/>\n<meta property=\"og:title\" content=\"V788 Cayman\" \/>\n<meta property=\"og:description\" content=\"La nouvelle g\u00e9n\u00e9ration. V788 est l&#039;\u00e9quilibreuse qui r\u00e9unit tous les avantages du syst\u00e8me d&#039;\u00e9quilibrage FASEP en une seule machine. Il se distingue des autres \u00e9quilibreuses de roues par son design moderne et \u00e9l\u00e9gant, avec l&#039;ajout de TOP LIGHT qui le rend inimitable.  V788 permet \u00e0 l&#039;op\u00e9rateur d&#039;effectuer un \u00e9quilibrage rapide avec une pr\u00e9cision maximale: il comprend le syst\u00e8me 3D Touchless pour la saisie automatique des donn\u00e9es des roues, combin\u00e9 aux avantages de 3 lasers pour l&#039;application de masses adh\u00e9sifs et pinces \u00e0 linge. Les syst\u00e8mes TOP LIGHT et LED LIGHT sont une aide absolue pour fournir une zone de travail bien \u00e9clair\u00e9e afin d&#039;\u00e9viter toute impr\u00e9cision. Tous ces avantages sont, bien s\u00fbr, accompagn\u00e9s du l\u00e9gendaire syst\u00e8me de mesure FASEP avec 3-piezo.  Le syst\u00e8me 3D.Wall permet de mesurer le profil du pneu et le ripage du pneu et de la jante, ainsi que le glissement lat\u00e9ral du pneu. Le logiciel du syst\u00e8me sugg\u00e8re \u00e0 l&#039;op\u00e9rateur la meilleure position de roue sur la voiture pour compenser le ripage.   Caract\u00e9ristiques:  saisie automatique des donn\u00e9es 3D de la roue par laser point laser pour l&#039;application de masses adh\u00e9sifs syst\u00e8me TOP LIGHT pour l&#039;\u00e9clairage de la zone de travail et ligne laser pour l&#039;application de masses pince serrure \u00e9lectro-pneumatique de la roue syst\u00e8me 3D.Wall pour mesurer le profil du pneu et le ripage du pneu et de la jante Syst\u00e8me d&#039;\u00e9quilibrage FASEP TriSensor 3 Piezo IFS (Arbre \u00e0 bride int\u00e9gr\u00e9) \u00e9lectronique 16 bits moteur \u00e0 faible vitesse 98 rpm moniteur LCD Touch 22&quot; 16:9 de Deuxi\u00e8me G\u00e9n\u00e9ration\" \/>\n<meta property=\"og:url\" content=\"https:\/\/www.fasep.it\/fr\/produits\/equilibreuse\/e634.005\/\" \/>\n<meta property=\"og:site_name\" content=\"Fasep 2000 srl\" \/>\n<meta property=\"article:modified_time\" content=\"2026-03-31T08:17:16+00:00\" \/>\n<meta name=\"twitter:card\" content=\"summary_large_image\" \/>\n<meta name=\"twitter:label1\" content=\"Dur\u00e9e de lecture estim\u00e9e\" \/>\n\t<meta name=\"twitter:data1\" content=\"1 minute\" \/>\n<script type=\"application\/ld+json\" class=\"yoast-schema-graph\">{\"@context\":\"https:\/\/schema.org\",\"@graph\":[{\"@type\":\"WebPage\",\"@id\":\"https:\/\/www.fasep.it\/fr\/produits\/equilibreuse\/e634.005\/\",\"url\":\"https:\/\/www.fasep.it\/fr\/produits\/equilibreuse\/e634.005\/\",\"name\":\"V788 Cayman\",\"isPartOf\":{\"@id\":\"https:\/\/www.fasep.it\/fr\/#website\"},\"datePublished\":\"2025-07-16T09:44:21+00:00\",\"dateModified\":\"2026-03-31T08:17:16+00:00\",\"breadcrumb\":{\"@id\":\"https:\/\/www.fasep.it\/fr\/produits\/equilibreuse\/e634.005\/#breadcrumb\"},\"inLanguage\":\"fr-FR\",\"potentialAction\":[{\"@type\":\"ReadAction\",\"target\":[\"https:\/\/www.fasep.it\/fr\/produits\/equilibreuse\/e634.005\/\"]}]},{\"@type\":\"BreadcrumbList\",\"@id\":\"https:\/\/www.fasep.it\/fr\/produits\/equilibreuse\/e634.005\/#breadcrumb\",\"itemListElement\":[{\"@type\":\"ListItem\",\"position\":1,\"name\":\"Home\",\"item\":\"https:\/\/www.fasep.it\/fr\/\"},{\"@type\":\"ListItem\",\"position\":2,\"name\":\"Produits\",\"item\":\"https:\/\/www.fasep.it\/fr\/shop\/\"},{\"@type\":\"ListItem\",\"position\":3,\"name\":\"V788 Cayman\"}]},{\"@type\":\"WebSite\",\"@id\":\"https:\/\/www.fasep.it\/fr\/#website\",\"url\":\"https:\/\/www.fasep.it\/fr\/\",\"name\":\"Fasep 2000 srl\",\"description\":\"\",\"potentialAction\":[{\"@type\":\"SearchAction\",\"target\":{\"@type\":\"EntryPoint\",\"urlTemplate\":\"https:\/\/www.fasep.it\/fr\/?s={search_term_string}\"},\"query-input\":{\"@type\":\"PropertyValueSpecification\",\"valueRequired\":true,\"valueName\":\"search_term_string\"}}],\"inLanguage\":\"fr-FR\"}]}<\/script>\n<!-- \/ Yoast SEO plugin. -->","yoast_head_json":{"title":"V788 Cayman","robots":{"index":"index","follow":"follow","max-snippet":"max-snippet:-1","max-image-preview":"max-image-preview:large","max-video-preview":"max-video-preview:-1"},"og_locale":"fr_FR","og_type":"article","og_title":"V788 Cayman","og_description":"La nouvelle g\u00e9n\u00e9ration. V788 est l'\u00e9quilibreuse qui r\u00e9unit tous les avantages du syst\u00e8me d'\u00e9quilibrage FASEP en une seule machine. Il se distingue des autres \u00e9quilibreuses de roues par son design moderne et \u00e9l\u00e9gant, avec l'ajout de TOP LIGHT qui le rend inimitable.  V788 permet \u00e0 l'op\u00e9rateur d'effectuer un \u00e9quilibrage rapide avec une pr\u00e9cision maximale: il comprend le syst\u00e8me 3D Touchless pour la saisie automatique des donn\u00e9es des roues, combin\u00e9 aux avantages de 3 lasers pour l'application de masses adh\u00e9sifs et pinces \u00e0 linge. Les syst\u00e8mes TOP LIGHT et LED LIGHT sont une aide absolue pour fournir une zone de travail bien \u00e9clair\u00e9e afin d'\u00e9viter toute impr\u00e9cision. Tous ces avantages sont, bien s\u00fbr, accompagn\u00e9s du l\u00e9gendaire syst\u00e8me de mesure FASEP avec 3-piezo.  Le syst\u00e8me 3D.Wall permet de mesurer le profil du pneu et le ripage du pneu et de la jante, ainsi que le glissement lat\u00e9ral du pneu. Le logiciel du syst\u00e8me sugg\u00e8re \u00e0 l'op\u00e9rateur la meilleure position de roue sur la voiture pour compenser le ripage.   Caract\u00e9ristiques:  saisie automatique des donn\u00e9es 3D de la roue par laser point laser pour l'application de masses adh\u00e9sifs syst\u00e8me TOP LIGHT pour l'\u00e9clairage de la zone de travail et ligne laser pour l'application de masses pince serrure \u00e9lectro-pneumatique de la roue syst\u00e8me 3D.Wall pour mesurer le profil du pneu et le ripage du pneu et de la jante Syst\u00e8me d'\u00e9quilibrage FASEP TriSensor 3 Piezo IFS (Arbre \u00e0 bride int\u00e9gr\u00e9) \u00e9lectronique 16 bits moteur \u00e0 faible vitesse 98 rpm moniteur LCD Touch 22\" 16:9 de Deuxi\u00e8me G\u00e9n\u00e9ration","og_url":"https:\/\/www.fasep.it\/fr\/produits\/equilibreuse\/e634.005\/","og_site_name":"Fasep 2000 srl","article_modified_time":"2026-03-31T08:17:16+00:00","twitter_card":"summary_large_image","twitter_misc":{"Dur\u00e9e de lecture estim\u00e9e":"1 minute"},"schema":{"@context":"https:\/\/schema.org","@graph":[{"@type":"WebPage","@id":"https:\/\/www.fasep.it\/fr\/produits\/equilibreuse\/e634.005\/","url":"https:\/\/www.fasep.it\/fr\/produits\/equilibreuse\/e634.005\/","name":"V788 Cayman","isPartOf":{"@id":"https:\/\/www.fasep.it\/fr\/#website"},"datePublished":"2025-07-16T09:44:21+00:00","dateModified":"2026-03-31T08:17:16+00:00","breadcrumb":{"@id":"https:\/\/www.fasep.it\/fr\/produits\/equilibreuse\/e634.005\/#breadcrumb"},"inLanguage":"fr-FR","potentialAction":[{"@type":"ReadAction","target":["https:\/\/www.fasep.it\/fr\/produits\/equilibreuse\/e634.005\/"]}]},{"@type":"BreadcrumbList","@id":"https:\/\/www.fasep.it\/fr\/produits\/equilibreuse\/e634.005\/#breadcrumb","itemListElement":[{"@type":"ListItem","position":1,"name":"Home","item":"https:\/\/www.fasep.it\/fr\/"},{"@type":"ListItem","position":2,"name":"Produits","item":"https:\/\/www.fasep.it\/fr\/shop\/"},{"@type":"ListItem","position":3,"name":"V788 Cayman"}]},{"@type":"WebSite","@id":"https:\/\/www.fasep.it\/fr\/#website","url":"https:\/\/www.fasep.it\/fr\/","name":"Fasep 2000 srl","description":"","potentialAction":[{"@type":"SearchAction","target":{"@type":"EntryPoint","urlTemplate":"https:\/\/www.fasep.it\/fr\/?s={search_term_string}"},"query-input":{"@type":"PropertyValueSpecification","valueRequired":true,"valueName":"search_term_string"}}],"inLanguage":"fr-FR"}]}},"_links":{"self":[{"href":"https:\/\/www.fasep.it\/fr\/wp-json\/wp\/v2\/product\/7020","targetHints":{"allow":["GET"]}}],"collection":[{"href":"https:\/\/www.fasep.it\/fr\/wp-json\/wp\/v2\/product"}],"about":[{"href":"https:\/\/www.fasep.it\/fr\/wp-json\/wp\/v2\/types\/product"}],"wp:attachment":[{"href":"https:\/\/www.fasep.it\/fr\/wp-json\/wp\/v2\/media?parent=7020"}],"wp:term":[{"taxonomy":"product_brand","embeddable":true,"href":"https:\/\/www.fasep.it\/fr\/wp-json\/wp\/v2\/product_brand?post=7020"},{"taxonomy":"product_cat","embeddable":true,"href":"https:\/\/www.fasep.it\/fr\/wp-json\/wp\/v2\/product_cat?post=7020"},{"taxonomy":"product_tag","embeddable":true,"href":"https:\/\/www.fasep.it\/fr\/wp-json\/wp\/v2\/product_tag?post=7020"}],"curies":[{"name":"wp","href":"https:\/\/api.w.org\/{rel}","templated":true}]}}