{"id":7017,"date":"2025-07-16T11:44:25","date_gmt":"2025-07-16T09:44:25","guid":{"rendered":"https:\/\/www2.fasep.it\/produits\/\/fr-a651.003"},"modified":"2026-03-31T10:17:13","modified_gmt":"2026-03-31T08:17:13","slug":"fr-a651.003","status":"publish","type":"product","link":"https:\/\/www.fasep.it\/fr\/produits\/achsmessgerate\/a651.003\/","title":{"rendered":"VCO-K.Eco.AV6"},"content":{"rendered":"<font color=\"#0055BB\"><strong>La g\u00e9om\u00e9trie de roues pour les poids lourds.<\/strong><\/font><br>\r\nVCO-K.Eco.AV6, version haut de gamme. La transmission Bluetooth permet une utilisation ais\u00e9e sur plusieurs postes de travail.<br>\r\nAvec cet appareil, il est possible de mesurer deux essieux \u00e0 la fois sur tous les camions et autobus gr\u00e2ce \u00e0 un syst\u00e8me CCD \u00e0 6 capteurs.","protected":false},"excerpt":{"rendered":"<font color=\"#0055BB\"><strong>La g\u00e9om\u00e9trie de roues pour les poids lourds.<\/strong><\/font><br>\r\nVCO-K.Eco.AV6, version haut de gamme. La transmission Bluetooth permet une utilisation ais\u00e9e sur plusieurs postes de travail.<br>\r\nAvec cet appareil, il est possible de mesurer deux essieux \u00e0 la fois sur tous les camions et autobus gr\u00e2ce \u00e0 un syst\u00e8me CCD \u00e0 6 capteurs.","protected":false},"featured_media":0,"template":"","meta":{"_acf_changed":false},"product_brand":[],"product_cat":[],"product_tag":[],"class_list":{"0":"post-7017","1":"product","2":"type-product","3":"status-publish","6":"first","7":"instock","8":"shipping-taxable","9":"product-type-simple"},"acf":[],"yoast_head":"<!-- This site is optimized with the Yoast SEO plugin v25.7 - https:\/\/yoast.com\/wordpress\/plugins\/seo\/ -->\n<title>VCO-K.Eco.AV6<\/title>\n<meta name=\"robots\" content=\"index, follow, max-snippet:-1, max-image-preview:large, max-video-preview:-1\" \/>\n<meta property=\"og:locale\" content=\"fr_FR\" \/>\n<meta property=\"og:type\" content=\"article\" \/>\n<meta property=\"og:title\" content=\"VCO-K.Eco.AV6\" \/>\n<meta property=\"og:description\" content=\"La g\u00e9om\u00e9trie de roues pour les poids lourds. VCO-K.Eco.AV6, version haut de gamme. La transmission Bluetooth permet une utilisation ais\u00e9e sur plusieurs postes de travail. Avec cet appareil, il est possible de mesurer deux essieux \u00e0 la fois sur tous les camions et autobus gr\u00e2ce \u00e0 un syst\u00e8me CCD \u00e0 6 capteurs.\" \/>\n<meta property=\"og:url\" content=\"https:\/\/www.fasep.it\/fr\/produits\/achsmessgerate\/a651.003\/\" \/>\n<meta property=\"og:site_name\" content=\"Fasep 2000 srl\" \/>\n<meta property=\"article:modified_time\" content=\"2026-03-31T08:17:13+00:00\" \/>\n<meta name=\"twitter:card\" content=\"summary_large_image\" \/>\n<script type=\"application\/ld+json\" class=\"yoast-schema-graph\">{\"@context\":\"https:\/\/schema.org\",\"@graph\":[{\"@type\":\"WebPage\",\"@id\":\"https:\/\/www.fasep.it\/fr\/produits\/achsmessgerate\/a651.003\/\",\"url\":\"https:\/\/www.fasep.it\/fr\/produits\/achsmessgerate\/a651.003\/\",\"name\":\"VCO-K.Eco.AV6\",\"isPartOf\":{\"@id\":\"https:\/\/www.fasep.it\/fr\/#website\"},\"datePublished\":\"2025-07-16T09:44:25+00:00\",\"dateModified\":\"2026-03-31T08:17:13+00:00\",\"breadcrumb\":{\"@id\":\"https:\/\/www.fasep.it\/fr\/produits\/achsmessgerate\/a651.003\/#breadcrumb\"},\"inLanguage\":\"fr-FR\",\"potentialAction\":[{\"@type\":\"ReadAction\",\"target\":[\"https:\/\/www.fasep.it\/fr\/produits\/achsmessgerate\/a651.003\/\"]}]},{\"@type\":\"BreadcrumbList\",\"@id\":\"https:\/\/www.fasep.it\/fr\/produits\/achsmessgerate\/a651.003\/#breadcrumb\",\"itemListElement\":[{\"@type\":\"ListItem\",\"position\":1,\"name\":\"Home\",\"item\":\"https:\/\/www.fasep.it\/fr\/\"},{\"@type\":\"ListItem\",\"position\":2,\"name\":\"Produits\",\"item\":\"https:\/\/www.fasep.it\/fr\/shop\/\"},{\"@type\":\"ListItem\",\"position\":3,\"name\":\"VCO-K.Eco.AV6\"}]},{\"@type\":\"WebSite\",\"@id\":\"https:\/\/www.fasep.it\/fr\/#website\",\"url\":\"https:\/\/www.fasep.it\/fr\/\",\"name\":\"Fasep 2000 srl\",\"description\":\"\",\"potentialAction\":[{\"@type\":\"SearchAction\",\"target\":{\"@type\":\"EntryPoint\",\"urlTemplate\":\"https:\/\/www.fasep.it\/fr\/?s={search_term_string}\"},\"query-input\":{\"@type\":\"PropertyValueSpecification\",\"valueRequired\":true,\"valueName\":\"search_term_string\"}}],\"inLanguage\":\"fr-FR\"}]}<\/script>\n<!-- \/ Yoast SEO plugin. -->","yoast_head_json":{"title":"VCO-K.Eco.AV6","robots":{"index":"index","follow":"follow","max-snippet":"max-snippet:-1","max-image-preview":"max-image-preview:large","max-video-preview":"max-video-preview:-1"},"og_locale":"fr_FR","og_type":"article","og_title":"VCO-K.Eco.AV6","og_description":"La g\u00e9om\u00e9trie de roues pour les poids lourds. VCO-K.Eco.AV6, version haut de gamme. La transmission Bluetooth permet une utilisation ais\u00e9e sur plusieurs postes de travail. Avec cet appareil, il est possible de mesurer deux essieux \u00e0 la fois sur tous les camions et autobus gr\u00e2ce \u00e0 un syst\u00e8me CCD \u00e0 6 capteurs.","og_url":"https:\/\/www.fasep.it\/fr\/produits\/achsmessgerate\/a651.003\/","og_site_name":"Fasep 2000 srl","article_modified_time":"2026-03-31T08:17:13+00:00","twitter_card":"summary_large_image","schema":{"@context":"https:\/\/schema.org","@graph":[{"@type":"WebPage","@id":"https:\/\/www.fasep.it\/fr\/produits\/achsmessgerate\/a651.003\/","url":"https:\/\/www.fasep.it\/fr\/produits\/achsmessgerate\/a651.003\/","name":"VCO-K.Eco.AV6","isPartOf":{"@id":"https:\/\/www.fasep.it\/fr\/#website"},"datePublished":"2025-07-16T09:44:25+00:00","dateModified":"2026-03-31T08:17:13+00:00","breadcrumb":{"@id":"https:\/\/www.fasep.it\/fr\/produits\/achsmessgerate\/a651.003\/#breadcrumb"},"inLanguage":"fr-FR","potentialAction":[{"@type":"ReadAction","target":["https:\/\/www.fasep.it\/fr\/produits\/achsmessgerate\/a651.003\/"]}]},{"@type":"BreadcrumbList","@id":"https:\/\/www.fasep.it\/fr\/produits\/achsmessgerate\/a651.003\/#breadcrumb","itemListElement":[{"@type":"ListItem","position":1,"name":"Home","item":"https:\/\/www.fasep.it\/fr\/"},{"@type":"ListItem","position":2,"name":"Produits","item":"https:\/\/www.fasep.it\/fr\/shop\/"},{"@type":"ListItem","position":3,"name":"VCO-K.Eco.AV6"}]},{"@type":"WebSite","@id":"https:\/\/www.fasep.it\/fr\/#website","url":"https:\/\/www.fasep.it\/fr\/","name":"Fasep 2000 srl","description":"","potentialAction":[{"@type":"SearchAction","target":{"@type":"EntryPoint","urlTemplate":"https:\/\/www.fasep.it\/fr\/?s={search_term_string}"},"query-input":{"@type":"PropertyValueSpecification","valueRequired":true,"valueName":"search_term_string"}}],"inLanguage":"fr-FR"}]}},"_links":{"self":[{"href":"https:\/\/www.fasep.it\/fr\/wp-json\/wp\/v2\/product\/7017","targetHints":{"allow":["GET"]}}],"collection":[{"href":"https:\/\/www.fasep.it\/fr\/wp-json\/wp\/v2\/product"}],"about":[{"href":"https:\/\/www.fasep.it\/fr\/wp-json\/wp\/v2\/types\/product"}],"wp:attachment":[{"href":"https:\/\/www.fasep.it\/fr\/wp-json\/wp\/v2\/media?parent=7017"}],"wp:term":[{"taxonomy":"product_brand","embeddable":true,"href":"https:\/\/www.fasep.it\/fr\/wp-json\/wp\/v2\/product_brand?post=7017"},{"taxonomy":"product_cat","embeddable":true,"href":"https:\/\/www.fasep.it\/fr\/wp-json\/wp\/v2\/product_cat?post=7017"},{"taxonomy":"product_tag","embeddable":true,"href":"https:\/\/www.fasep.it\/fr\/wp-json\/wp\/v2\/product_tag?post=7017"}],"curies":[{"name":"wp","href":"https:\/\/api.w.org\/{rel}","templated":true}]}}