{"id":7015,"date":"2025-07-16T11:44:32","date_gmt":"2025-07-16T09:44:32","guid":{"rendered":"https:\/\/www2.fasep.it\/produits\/\/fr-a610.010"},"modified":"2026-03-31T10:17:12","modified_gmt":"2026-03-31T08:17:12","slug":"fr-a610.010","status":"publish","type":"product","link":"https:\/\/www.fasep.it\/fr\/produits\/achsmessgerate\/a610.010\/","title":{"rendered":"VDP-K Win10"},"content":{"rendered":"<font color=\"#0055Bb\"><strong>Petit est beau.<\/strong><\/font><br>\r\nVDP-K int\u00e8gre la nouvelle technologie bas\u00e9e sur Windows 7 avec possibilit\u00e9 de connexion sans fil entre capteurs et PC. Un PC puissant, avec moniteur LCD, Windows et une interface graphique simple et intuitive. Le syst\u00e8me de mesure FASEP fonctionne sur toutes les suspensions modernes. Les capteurs, de petites dimensions, maximisent praticit\u00e9 et rapidit\u00e9 d&rsquo;ex\u00e9cution et permettent de travailler ais\u00e9ment sur tout type de v\u00e9hicule automobile en garantissant toujours la pr\u00e9cision maximale de mesure. Le programme de g\u00e9om\u00e9trie est facilement actualisable via internet sans qu&rsquo;il soit n\u00e9cessaire l&rsquo;intervention d&rsquo;un technicien.","protected":false},"excerpt":{"rendered":"<font color=\"#0055Bb\"><strong>Petit est beau.<\/strong><\/font><br>\r\nVDP-K int\u00e8gre la nouvelle technologie bas\u00e9e sur Windows 7 avec possibilit\u00e9 de connexion sans fil entre capteurs et PC. Un PC puissant, avec moniteur LCD, Windows et une interface graphique simple et intuitive. Le syst\u00e8me de mesure FASEP fonctionne sur toutes les suspensions modernes. Les capteurs, de petites dimensions, maximisent praticit\u00e9 et rapidit\u00e9 d&rsquo;ex\u00e9cution et permettent de travailler ais\u00e9ment sur tout type de v\u00e9hicule automobile en garantissant toujours la pr\u00e9cision maximale de mesure. Le programme de g\u00e9om\u00e9trie est facilement actualisable via internet sans qu&rsquo;il soit n\u00e9cessaire l&rsquo;intervention d&rsquo;un technicien.","protected":false},"featured_media":0,"template":"","meta":{"_acf_changed":false},"product_brand":[],"product_cat":[],"product_tag":[],"class_list":{"0":"post-7015","1":"product","2":"type-product","3":"status-publish","6":"first","7":"instock","8":"shipping-taxable","9":"product-type-simple"},"acf":[],"yoast_head":"<!-- This site is optimized with the Yoast SEO plugin v25.7 - https:\/\/yoast.com\/wordpress\/plugins\/seo\/ -->\n<title>VDP-K Win10<\/title>\n<meta name=\"robots\" content=\"index, follow, max-snippet:-1, max-image-preview:large, max-video-preview:-1\" \/>\n<meta property=\"og:locale\" content=\"fr_FR\" \/>\n<meta property=\"og:type\" content=\"article\" \/>\n<meta property=\"og:title\" content=\"VDP-K Win10\" \/>\n<meta property=\"og:description\" content=\"Petit est beau. VDP-K int\u00e8gre la nouvelle technologie bas\u00e9e sur Windows 7 avec possibilit\u00e9 de connexion sans fil entre capteurs et PC. Un PC puissant, avec moniteur LCD, Windows et une interface graphique simple et intuitive. Le syst\u00e8me de mesure FASEP fonctionne sur toutes les suspensions modernes. Les capteurs, de petites dimensions, maximisent praticit\u00e9 et rapidit\u00e9 d&#039;ex\u00e9cution et permettent de travailler ais\u00e9ment sur tout type de v\u00e9hicule automobile en garantissant toujours la pr\u00e9cision maximale de mesure. Le programme de g\u00e9om\u00e9trie est facilement actualisable via internet sans qu&#039;il soit n\u00e9cessaire l&#039;intervention d&#039;un technicien.\" \/>\n<meta property=\"og:url\" content=\"https:\/\/www.fasep.it\/fr\/produits\/achsmessgerate\/a610.010\/\" \/>\n<meta property=\"og:site_name\" content=\"Fasep 2000 srl\" \/>\n<meta property=\"article:modified_time\" content=\"2026-03-31T08:17:12+00:00\" \/>\n<meta name=\"twitter:card\" content=\"summary_large_image\" \/>\n<meta name=\"twitter:label1\" content=\"Dur\u00e9e de lecture estim\u00e9e\" \/>\n\t<meta name=\"twitter:data1\" content=\"1 minute\" \/>\n<script type=\"application\/ld+json\" class=\"yoast-schema-graph\">{\"@context\":\"https:\/\/schema.org\",\"@graph\":[{\"@type\":\"WebPage\",\"@id\":\"https:\/\/www.fasep.it\/fr\/produits\/achsmessgerate\/a610.010\/\",\"url\":\"https:\/\/www.fasep.it\/fr\/produits\/achsmessgerate\/a610.010\/\",\"name\":\"VDP-K Win10\",\"isPartOf\":{\"@id\":\"https:\/\/www.fasep.it\/fr\/#website\"},\"datePublished\":\"2025-07-16T09:44:32+00:00\",\"dateModified\":\"2026-03-31T08:17:12+00:00\",\"breadcrumb\":{\"@id\":\"https:\/\/www.fasep.it\/fr\/produits\/achsmessgerate\/a610.010\/#breadcrumb\"},\"inLanguage\":\"fr-FR\",\"potentialAction\":[{\"@type\":\"ReadAction\",\"target\":[\"https:\/\/www.fasep.it\/fr\/produits\/achsmessgerate\/a610.010\/\"]}]},{\"@type\":\"BreadcrumbList\",\"@id\":\"https:\/\/www.fasep.it\/fr\/produits\/achsmessgerate\/a610.010\/#breadcrumb\",\"itemListElement\":[{\"@type\":\"ListItem\",\"position\":1,\"name\":\"Home\",\"item\":\"https:\/\/www.fasep.it\/fr\/\"},{\"@type\":\"ListItem\",\"position\":2,\"name\":\"Produits\",\"item\":\"https:\/\/www.fasep.it\/fr\/shop\/\"},{\"@type\":\"ListItem\",\"position\":3,\"name\":\"VDP-K Win10\"}]},{\"@type\":\"WebSite\",\"@id\":\"https:\/\/www.fasep.it\/fr\/#website\",\"url\":\"https:\/\/www.fasep.it\/fr\/\",\"name\":\"Fasep 2000 srl\",\"description\":\"\",\"potentialAction\":[{\"@type\":\"SearchAction\",\"target\":{\"@type\":\"EntryPoint\",\"urlTemplate\":\"https:\/\/www.fasep.it\/fr\/?s={search_term_string}\"},\"query-input\":{\"@type\":\"PropertyValueSpecification\",\"valueRequired\":true,\"valueName\":\"search_term_string\"}}],\"inLanguage\":\"fr-FR\"}]}<\/script>\n<!-- \/ Yoast SEO plugin. -->","yoast_head_json":{"title":"VDP-K Win10","robots":{"index":"index","follow":"follow","max-snippet":"max-snippet:-1","max-image-preview":"max-image-preview:large","max-video-preview":"max-video-preview:-1"},"og_locale":"fr_FR","og_type":"article","og_title":"VDP-K Win10","og_description":"Petit est beau. VDP-K int\u00e8gre la nouvelle technologie bas\u00e9e sur Windows 7 avec possibilit\u00e9 de connexion sans fil entre capteurs et PC. Un PC puissant, avec moniteur LCD, Windows et une interface graphique simple et intuitive. Le syst\u00e8me de mesure FASEP fonctionne sur toutes les suspensions modernes. Les capteurs, de petites dimensions, maximisent praticit\u00e9 et rapidit\u00e9 d'ex\u00e9cution et permettent de travailler ais\u00e9ment sur tout type de v\u00e9hicule automobile en garantissant toujours la pr\u00e9cision maximale de mesure. Le programme de g\u00e9om\u00e9trie est facilement actualisable via internet sans qu'il soit n\u00e9cessaire l'intervention d'un technicien.","og_url":"https:\/\/www.fasep.it\/fr\/produits\/achsmessgerate\/a610.010\/","og_site_name":"Fasep 2000 srl","article_modified_time":"2026-03-31T08:17:12+00:00","twitter_card":"summary_large_image","twitter_misc":{"Dur\u00e9e de lecture estim\u00e9e":"1 minute"},"schema":{"@context":"https:\/\/schema.org","@graph":[{"@type":"WebPage","@id":"https:\/\/www.fasep.it\/fr\/produits\/achsmessgerate\/a610.010\/","url":"https:\/\/www.fasep.it\/fr\/produits\/achsmessgerate\/a610.010\/","name":"VDP-K Win10","isPartOf":{"@id":"https:\/\/www.fasep.it\/fr\/#website"},"datePublished":"2025-07-16T09:44:32+00:00","dateModified":"2026-03-31T08:17:12+00:00","breadcrumb":{"@id":"https:\/\/www.fasep.it\/fr\/produits\/achsmessgerate\/a610.010\/#breadcrumb"},"inLanguage":"fr-FR","potentialAction":[{"@type":"ReadAction","target":["https:\/\/www.fasep.it\/fr\/produits\/achsmessgerate\/a610.010\/"]}]},{"@type":"BreadcrumbList","@id":"https:\/\/www.fasep.it\/fr\/produits\/achsmessgerate\/a610.010\/#breadcrumb","itemListElement":[{"@type":"ListItem","position":1,"name":"Home","item":"https:\/\/www.fasep.it\/fr\/"},{"@type":"ListItem","position":2,"name":"Produits","item":"https:\/\/www.fasep.it\/fr\/shop\/"},{"@type":"ListItem","position":3,"name":"VDP-K Win10"}]},{"@type":"WebSite","@id":"https:\/\/www.fasep.it\/fr\/#website","url":"https:\/\/www.fasep.it\/fr\/","name":"Fasep 2000 srl","description":"","potentialAction":[{"@type":"SearchAction","target":{"@type":"EntryPoint","urlTemplate":"https:\/\/www.fasep.it\/fr\/?s={search_term_string}"},"query-input":{"@type":"PropertyValueSpecification","valueRequired":true,"valueName":"search_term_string"}}],"inLanguage":"fr-FR"}]}},"_links":{"self":[{"href":"https:\/\/www.fasep.it\/fr\/wp-json\/wp\/v2\/product\/7015","targetHints":{"allow":["GET"]}}],"collection":[{"href":"https:\/\/www.fasep.it\/fr\/wp-json\/wp\/v2\/product"}],"about":[{"href":"https:\/\/www.fasep.it\/fr\/wp-json\/wp\/v2\/types\/product"}],"wp:attachment":[{"href":"https:\/\/www.fasep.it\/fr\/wp-json\/wp\/v2\/media?parent=7015"}],"wp:term":[{"taxonomy":"product_brand","embeddable":true,"href":"https:\/\/www.fasep.it\/fr\/wp-json\/wp\/v2\/product_brand?post=7015"},{"taxonomy":"product_cat","embeddable":true,"href":"https:\/\/www.fasep.it\/fr\/wp-json\/wp\/v2\/product_cat?post=7015"},{"taxonomy":"product_tag","embeddable":true,"href":"https:\/\/www.fasep.it\/fr\/wp-json\/wp\/v2\/product_tag?post=7015"}],"curies":[{"name":"wp","href":"https:\/\/api.w.org\/{rel}","templated":true}]}}