{"id":7009,"date":"2025-07-16T11:44:45","date_gmt":"2025-07-16T09:44:45","guid":{"rendered":"https:\/\/www2.fasep.it\/produits\/\/fr-a632.007"},"modified":"2026-03-31T10:17:11","modified_gmt":"2026-03-31T08:17:11","slug":"fr-a632.007","status":"publish","type":"product","link":"https:\/\/www.fasep.it\/fr\/produits\/achsmessgerate\/a632.007\/","title":{"rendered":"NoContact"},"content":{"rendered":"<font color=\"#0055BB\"><strong>NoContact &#8211; Robot pur Contr\u00f4le de g\u00e9om\u00e9trie sans contact<\/strong><\/font>\r\n<br>\r\nAvec NoContact, vous pouvez r\u00e9volutionner votre fa\u00e7on de travailler.\r\n<br>\r\n<ul>\r\n <li>Pas besoin de griffes sur les roues<\/li>\r\n <li>Pas besoin de d\u00e9placer le v\u00e9hicule d&rsquo;avant en arri\u00e8re pour compenser les mesures<\/li>\r\n <li>Pr\u00e9cision des mesures comparable \u00e0 la technologie infrarouge (bien meilleure que la pr\u00e9cision 3D traditionnelle)<\/li>\r\n <li>Positionnement automatique des cam\u00e9ras<\/li>\r\n <li>Les cam\u00e9ras suivent en automatique le v\u00e9hicule lors de la mont\u00e9e et la descente, suivant la hauteur du elevateur.<\/li> \r\n<\/ul>\r\n<br>\r\nCertains clients qui ont d\u00e9j\u00e0 choisi la g\u00e9om\u00e9trie de roue NoContact:\r\n<ul>\r\n<li><a href=\"https:\/\/www.fasep.it\/en\/news\/zancolli-pneumatici-new-installation-of-nocontact\" target=\"_blank\" rel=\"noopener\">Zancolli Pneumatici<\/a><\/li>\r\n<\/ul>","protected":false},"excerpt":{"rendered":"<font color=\"#0055BB\"><strong>NoContact &#8211; Robot pur Contr\u00f4le de g\u00e9om\u00e9trie sans contact<\/strong><\/font>\r\n<br>\r\nAvec NoContact, vous pouvez r\u00e9volutionner votre fa\u00e7on de travailler.\r\n<br>\r\n<ul>\r\n <li>Pas besoin de griffes sur les roues<\/li>\r\n <li>Pas besoin de d\u00e9placer le v\u00e9hicule d&rsquo;avant en arri\u00e8re pour compenser les mesures<\/li>\r\n <li>Pr\u00e9cision des mesures comparable \u00e0 la technologie infrarouge (bien meilleure que la pr\u00e9cision 3D traditionnelle)<\/li>\r\n <li>Positionnement automatique des cam\u00e9ras<\/li>\r\n <li>Les cam\u00e9ras suivent en automatique le v\u00e9hicule lors de la mont\u00e9e et la descente, suivant la hauteur du elevateur.<\/li> \r\n<\/ul>\r\n<br>\r\nCertains clients qui ont d\u00e9j\u00e0 choisi la g\u00e9om\u00e9trie de roue NoContact:\r\n<ul>\r\n<li><a href=\"https:\/\/www.fasep.it\/en\/news\/zancolli-pneumatici-new-installation-of-nocontact\" target=\"_blank\" rel=\"noopener\">Zancolli Pneumatici<\/a><\/li>\r\n<\/ul>","protected":false},"featured_media":0,"template":"","meta":{"_acf_changed":false},"product_brand":[],"product_cat":[],"product_tag":[],"class_list":{"0":"post-7009","1":"product","2":"type-product","3":"status-publish","6":"first","7":"instock","8":"shipping-taxable","9":"product-type-simple"},"acf":[],"yoast_head":"<!-- This site is optimized with the Yoast SEO plugin v25.7 - https:\/\/yoast.com\/wordpress\/plugins\/seo\/ -->\n<title>NoContact<\/title>\n<meta name=\"robots\" content=\"index, follow, max-snippet:-1, max-image-preview:large, max-video-preview:-1\" \/>\n<meta property=\"og:locale\" content=\"fr_FR\" \/>\n<meta property=\"og:type\" content=\"article\" \/>\n<meta property=\"og:title\" content=\"NoContact\" \/>\n<meta property=\"og:description\" content=\"NoContact - Robot pur Contr\u00f4le de g\u00e9om\u00e9trie sans contact  Avec NoContact, vous pouvez r\u00e9volutionner votre fa\u00e7on de travailler.    Pas besoin de griffes sur les roues  Pas besoin de d\u00e9placer le v\u00e9hicule d&#039;avant en arri\u00e8re pour compenser les mesures  Pr\u00e9cision des mesures comparable \u00e0 la technologie infrarouge (bien meilleure que la pr\u00e9cision 3D traditionnelle)  Positionnement automatique des cam\u00e9ras  Les cam\u00e9ras suivent en automatique le v\u00e9hicule lors de la mont\u00e9e et la descente, suivant la hauteur du elevateur.    Certains clients qui ont d\u00e9j\u00e0 choisi la g\u00e9om\u00e9trie de roue NoContact:  Zancolli Pneumatici\" \/>\n<meta property=\"og:url\" content=\"https:\/\/www.fasep.it\/fr\/produits\/achsmessgerate\/a632.007\/\" \/>\n<meta property=\"og:site_name\" content=\"Fasep 2000 srl\" \/>\n<meta property=\"article:modified_time\" content=\"2026-03-31T08:17:11+00:00\" \/>\n<meta name=\"twitter:card\" content=\"summary_large_image\" \/>\n<meta name=\"twitter:label1\" content=\"Dur\u00e9e de lecture estim\u00e9e\" \/>\n\t<meta name=\"twitter:data1\" content=\"1 minute\" \/>\n<script type=\"application\/ld+json\" class=\"yoast-schema-graph\">{\"@context\":\"https:\/\/schema.org\",\"@graph\":[{\"@type\":\"WebPage\",\"@id\":\"https:\/\/www.fasep.it\/fr\/produits\/achsmessgerate\/a632.007\/\",\"url\":\"https:\/\/www.fasep.it\/fr\/produits\/achsmessgerate\/a632.007\/\",\"name\":\"NoContact\",\"isPartOf\":{\"@id\":\"https:\/\/www.fasep.it\/fr\/#website\"},\"datePublished\":\"2025-07-16T09:44:45+00:00\",\"dateModified\":\"2026-03-31T08:17:11+00:00\",\"breadcrumb\":{\"@id\":\"https:\/\/www.fasep.it\/fr\/produits\/achsmessgerate\/a632.007\/#breadcrumb\"},\"inLanguage\":\"fr-FR\",\"potentialAction\":[{\"@type\":\"ReadAction\",\"target\":[\"https:\/\/www.fasep.it\/fr\/produits\/achsmessgerate\/a632.007\/\"]}]},{\"@type\":\"BreadcrumbList\",\"@id\":\"https:\/\/www.fasep.it\/fr\/produits\/achsmessgerate\/a632.007\/#breadcrumb\",\"itemListElement\":[{\"@type\":\"ListItem\",\"position\":1,\"name\":\"Home\",\"item\":\"https:\/\/www.fasep.it\/fr\/\"},{\"@type\":\"ListItem\",\"position\":2,\"name\":\"Produits\",\"item\":\"https:\/\/www.fasep.it\/fr\/shop\/\"},{\"@type\":\"ListItem\",\"position\":3,\"name\":\"NoContact\"}]},{\"@type\":\"WebSite\",\"@id\":\"https:\/\/www.fasep.it\/fr\/#website\",\"url\":\"https:\/\/www.fasep.it\/fr\/\",\"name\":\"Fasep 2000 srl\",\"description\":\"\",\"potentialAction\":[{\"@type\":\"SearchAction\",\"target\":{\"@type\":\"EntryPoint\",\"urlTemplate\":\"https:\/\/www.fasep.it\/fr\/?s={search_term_string}\"},\"query-input\":{\"@type\":\"PropertyValueSpecification\",\"valueRequired\":true,\"valueName\":\"search_term_string\"}}],\"inLanguage\":\"fr-FR\"}]}<\/script>\n<!-- \/ Yoast SEO plugin. -->","yoast_head_json":{"title":"NoContact","robots":{"index":"index","follow":"follow","max-snippet":"max-snippet:-1","max-image-preview":"max-image-preview:large","max-video-preview":"max-video-preview:-1"},"og_locale":"fr_FR","og_type":"article","og_title":"NoContact","og_description":"NoContact - Robot pur Contr\u00f4le de g\u00e9om\u00e9trie sans contact  Avec NoContact, vous pouvez r\u00e9volutionner votre fa\u00e7on de travailler.    Pas besoin de griffes sur les roues  Pas besoin de d\u00e9placer le v\u00e9hicule d'avant en arri\u00e8re pour compenser les mesures  Pr\u00e9cision des mesures comparable \u00e0 la technologie infrarouge (bien meilleure que la pr\u00e9cision 3D traditionnelle)  Positionnement automatique des cam\u00e9ras  Les cam\u00e9ras suivent en automatique le v\u00e9hicule lors de la mont\u00e9e et la descente, suivant la hauteur du elevateur.    Certains clients qui ont d\u00e9j\u00e0 choisi la g\u00e9om\u00e9trie de roue NoContact:  Zancolli Pneumatici","og_url":"https:\/\/www.fasep.it\/fr\/produits\/achsmessgerate\/a632.007\/","og_site_name":"Fasep 2000 srl","article_modified_time":"2026-03-31T08:17:11+00:00","twitter_card":"summary_large_image","twitter_misc":{"Dur\u00e9e de lecture estim\u00e9e":"1 minute"},"schema":{"@context":"https:\/\/schema.org","@graph":[{"@type":"WebPage","@id":"https:\/\/www.fasep.it\/fr\/produits\/achsmessgerate\/a632.007\/","url":"https:\/\/www.fasep.it\/fr\/produits\/achsmessgerate\/a632.007\/","name":"NoContact","isPartOf":{"@id":"https:\/\/www.fasep.it\/fr\/#website"},"datePublished":"2025-07-16T09:44:45+00:00","dateModified":"2026-03-31T08:17:11+00:00","breadcrumb":{"@id":"https:\/\/www.fasep.it\/fr\/produits\/achsmessgerate\/a632.007\/#breadcrumb"},"inLanguage":"fr-FR","potentialAction":[{"@type":"ReadAction","target":["https:\/\/www.fasep.it\/fr\/produits\/achsmessgerate\/a632.007\/"]}]},{"@type":"BreadcrumbList","@id":"https:\/\/www.fasep.it\/fr\/produits\/achsmessgerate\/a632.007\/#breadcrumb","itemListElement":[{"@type":"ListItem","position":1,"name":"Home","item":"https:\/\/www.fasep.it\/fr\/"},{"@type":"ListItem","position":2,"name":"Produits","item":"https:\/\/www.fasep.it\/fr\/shop\/"},{"@type":"ListItem","position":3,"name":"NoContact"}]},{"@type":"WebSite","@id":"https:\/\/www.fasep.it\/fr\/#website","url":"https:\/\/www.fasep.it\/fr\/","name":"Fasep 2000 srl","description":"","potentialAction":[{"@type":"SearchAction","target":{"@type":"EntryPoint","urlTemplate":"https:\/\/www.fasep.it\/fr\/?s={search_term_string}"},"query-input":{"@type":"PropertyValueSpecification","valueRequired":true,"valueName":"search_term_string"}}],"inLanguage":"fr-FR"}]}},"_links":{"self":[{"href":"https:\/\/www.fasep.it\/fr\/wp-json\/wp\/v2\/product\/7009","targetHints":{"allow":["GET"]}}],"collection":[{"href":"https:\/\/www.fasep.it\/fr\/wp-json\/wp\/v2\/product"}],"about":[{"href":"https:\/\/www.fasep.it\/fr\/wp-json\/wp\/v2\/types\/product"}],"wp:attachment":[{"href":"https:\/\/www.fasep.it\/fr\/wp-json\/wp\/v2\/media?parent=7009"}],"wp:term":[{"taxonomy":"product_brand","embeddable":true,"href":"https:\/\/www.fasep.it\/fr\/wp-json\/wp\/v2\/product_brand?post=7009"},{"taxonomy":"product_cat","embeddable":true,"href":"https:\/\/www.fasep.it\/fr\/wp-json\/wp\/v2\/product_cat?post=7009"},{"taxonomy":"product_tag","embeddable":true,"href":"https:\/\/www.fasep.it\/fr\/wp-json\/wp\/v2\/product_tag?post=7009"}],"curies":[{"name":"wp","href":"https:\/\/api.w.org\/{rel}","templated":true}]}}