{"id":11173,"date":"2026-03-30T10:19:44","date_gmt":"2026-03-30T08:19:44","guid":{"rendered":"https:\/\/www.fasep.it\/produits\/\/sa302\/"},"modified":"2026-03-31T10:17:37","modified_gmt":"2026-03-31T08:17:37","slug":"fr-sa302","status":"publish","type":"product","link":"https:\/\/www.fasep.it\/fr\/produits\/divers\/sa302\/","title":{"rendered":"Gonfleur \u00e9lectronique portable"},"content":{"rendered":"Le gonfleur de pneus SA302 est le premier gonfleur automatique v\u00e9ritablement portable offrant toutes les fonctionnalit\u00e9s d&rsquo;un appareil mural plus volumineux, raccord\u00e9 \u00e0 une source d&rsquo;air. Il vous suffit de pr\u00e9r\u00e9gler la pression souhait\u00e9e, de placer l&#8217;embout sur la valve du pneu, et le syst\u00e8me de d\u00e9marrage automatique int\u00e9gr\u00e9 se charge de gonfler ou de d\u00e9gonfler le pneu jusqu&rsquo;\u00e0 la pression sp\u00e9cifi\u00e9e.","protected":false},"excerpt":{"rendered":"Le gonfleur de pneus SA302 est le premier gonfleur automatique v\u00e9ritablement portable offrant toutes les fonctionnalit\u00e9s d&rsquo;un appareil mural plus volumineux, raccord\u00e9 \u00e0 une source d&rsquo;air. Il vous suffit de pr\u00e9r\u00e9gler la pression souhait\u00e9e, de placer l&#8217;embout sur la valve du pneu, et le syst\u00e8me de d\u00e9marrage automatique int\u00e9gr\u00e9 se charge de gonfler ou de d\u00e9gonfler le pneu jusqu&rsquo;\u00e0 la pression sp\u00e9cifi\u00e9e.","protected":false},"featured_media":0,"template":"","meta":{"_acf_changed":false},"product_brand":[],"product_cat":[],"product_tag":[],"class_list":{"0":"post-11173","1":"product","2":"type-product","3":"status-publish","6":"first","7":"instock","8":"shipping-taxable","9":"product-type-simple"},"acf":[],"yoast_head":"<!-- This site is optimized with the Yoast SEO plugin v25.7 - https:\/\/yoast.com\/wordpress\/plugins\/seo\/ -->\n<title>Gonfleur \u00e9lectronique portable<\/title>\n<meta name=\"robots\" content=\"index, follow, max-snippet:-1, max-image-preview:large, max-video-preview:-1\" \/>\n<meta property=\"og:locale\" content=\"fr_FR\" \/>\n<meta property=\"og:type\" content=\"article\" \/>\n<meta property=\"og:title\" content=\"Gonfleur \u00e9lectronique portable\" \/>\n<meta property=\"og:description\" content=\"Le gonfleur de pneus SA302 est le premier gonfleur automatique v\u00e9ritablement portable offrant toutes les fonctionnalit\u00e9s d&#039;un appareil mural plus volumineux, raccord\u00e9 \u00e0 une source d&#039;air. Il vous suffit de pr\u00e9r\u00e9gler la pression souhait\u00e9e, de placer l&#039;embout sur la valve du pneu, et le syst\u00e8me de d\u00e9marrage automatique int\u00e9gr\u00e9 se charge de gonfler ou de d\u00e9gonfler le pneu jusqu&#039;\u00e0 la pression sp\u00e9cifi\u00e9e.\" \/>\n<meta property=\"og:url\" content=\"https:\/\/www.fasep.it\/fr\/produits\/divers\/sa302\/\" \/>\n<meta property=\"og:site_name\" content=\"Fasep 2000 srl\" \/>\n<meta property=\"article:modified_time\" content=\"2026-03-31T08:17:37+00:00\" \/>\n<meta name=\"twitter:card\" content=\"summary_large_image\" \/>\n<script type=\"application\/ld+json\" class=\"yoast-schema-graph\">{\"@context\":\"https:\/\/schema.org\",\"@graph\":[{\"@type\":\"WebPage\",\"@id\":\"https:\/\/www.fasep.it\/fr\/produits\/divers\/sa302\/\",\"url\":\"https:\/\/www.fasep.it\/fr\/produits\/divers\/sa302\/\",\"name\":\"Gonfleur \u00e9lectronique portable\",\"isPartOf\":{\"@id\":\"https:\/\/www.fasep.it\/fr\/#website\"},\"datePublished\":\"2026-03-30T08:19:44+00:00\",\"dateModified\":\"2026-03-31T08:17:37+00:00\",\"breadcrumb\":{\"@id\":\"https:\/\/www.fasep.it\/fr\/produits\/divers\/sa302\/#breadcrumb\"},\"inLanguage\":\"fr-FR\",\"potentialAction\":[{\"@type\":\"ReadAction\",\"target\":[\"https:\/\/www.fasep.it\/fr\/produits\/divers\/sa302\/\"]}]},{\"@type\":\"BreadcrumbList\",\"@id\":\"https:\/\/www.fasep.it\/fr\/produits\/divers\/sa302\/#breadcrumb\",\"itemListElement\":[{\"@type\":\"ListItem\",\"position\":1,\"name\":\"Home\",\"item\":\"https:\/\/www.fasep.it\/fr\/\"},{\"@type\":\"ListItem\",\"position\":2,\"name\":\"Produits\",\"item\":\"https:\/\/www.fasep.it\/fr\/shop\/\"},{\"@type\":\"ListItem\",\"position\":3,\"name\":\"Gonfleur \u00e9lectronique portable\"}]},{\"@type\":\"WebSite\",\"@id\":\"https:\/\/www.fasep.it\/fr\/#website\",\"url\":\"https:\/\/www.fasep.it\/fr\/\",\"name\":\"Fasep 2000 srl\",\"description\":\"\",\"potentialAction\":[{\"@type\":\"SearchAction\",\"target\":{\"@type\":\"EntryPoint\",\"urlTemplate\":\"https:\/\/www.fasep.it\/fr\/?s={search_term_string}\"},\"query-input\":{\"@type\":\"PropertyValueSpecification\",\"valueRequired\":true,\"valueName\":\"search_term_string\"}}],\"inLanguage\":\"fr-FR\"}]}<\/script>\n<!-- \/ Yoast SEO plugin. -->","yoast_head_json":{"title":"Gonfleur \u00e9lectronique portable","robots":{"index":"index","follow":"follow","max-snippet":"max-snippet:-1","max-image-preview":"max-image-preview:large","max-video-preview":"max-video-preview:-1"},"og_locale":"fr_FR","og_type":"article","og_title":"Gonfleur \u00e9lectronique portable","og_description":"Le gonfleur de pneus SA302 est le premier gonfleur automatique v\u00e9ritablement portable offrant toutes les fonctionnalit\u00e9s d'un appareil mural plus volumineux, raccord\u00e9 \u00e0 une source d'air. Il vous suffit de pr\u00e9r\u00e9gler la pression souhait\u00e9e, de placer l'embout sur la valve du pneu, et le syst\u00e8me de d\u00e9marrage automatique int\u00e9gr\u00e9 se charge de gonfler ou de d\u00e9gonfler le pneu jusqu'\u00e0 la pression sp\u00e9cifi\u00e9e.","og_url":"https:\/\/www.fasep.it\/fr\/produits\/divers\/sa302\/","og_site_name":"Fasep 2000 srl","article_modified_time":"2026-03-31T08:17:37+00:00","twitter_card":"summary_large_image","schema":{"@context":"https:\/\/schema.org","@graph":[{"@type":"WebPage","@id":"https:\/\/www.fasep.it\/fr\/produits\/divers\/sa302\/","url":"https:\/\/www.fasep.it\/fr\/produits\/divers\/sa302\/","name":"Gonfleur \u00e9lectronique portable","isPartOf":{"@id":"https:\/\/www.fasep.it\/fr\/#website"},"datePublished":"2026-03-30T08:19:44+00:00","dateModified":"2026-03-31T08:17:37+00:00","breadcrumb":{"@id":"https:\/\/www.fasep.it\/fr\/produits\/divers\/sa302\/#breadcrumb"},"inLanguage":"fr-FR","potentialAction":[{"@type":"ReadAction","target":["https:\/\/www.fasep.it\/fr\/produits\/divers\/sa302\/"]}]},{"@type":"BreadcrumbList","@id":"https:\/\/www.fasep.it\/fr\/produits\/divers\/sa302\/#breadcrumb","itemListElement":[{"@type":"ListItem","position":1,"name":"Home","item":"https:\/\/www.fasep.it\/fr\/"},{"@type":"ListItem","position":2,"name":"Produits","item":"https:\/\/www.fasep.it\/fr\/shop\/"},{"@type":"ListItem","position":3,"name":"Gonfleur \u00e9lectronique portable"}]},{"@type":"WebSite","@id":"https:\/\/www.fasep.it\/fr\/#website","url":"https:\/\/www.fasep.it\/fr\/","name":"Fasep 2000 srl","description":"","potentialAction":[{"@type":"SearchAction","target":{"@type":"EntryPoint","urlTemplate":"https:\/\/www.fasep.it\/fr\/?s={search_term_string}"},"query-input":{"@type":"PropertyValueSpecification","valueRequired":true,"valueName":"search_term_string"}}],"inLanguage":"fr-FR"}]}},"_links":{"self":[{"href":"https:\/\/www.fasep.it\/fr\/wp-json\/wp\/v2\/product\/11173","targetHints":{"allow":["GET"]}}],"collection":[{"href":"https:\/\/www.fasep.it\/fr\/wp-json\/wp\/v2\/product"}],"about":[{"href":"https:\/\/www.fasep.it\/fr\/wp-json\/wp\/v2\/types\/product"}],"wp:attachment":[{"href":"https:\/\/www.fasep.it\/fr\/wp-json\/wp\/v2\/media?parent=11173"}],"wp:term":[{"taxonomy":"product_brand","embeddable":true,"href":"https:\/\/www.fasep.it\/fr\/wp-json\/wp\/v2\/product_brand?post=11173"},{"taxonomy":"product_cat","embeddable":true,"href":"https:\/\/www.fasep.it\/fr\/wp-json\/wp\/v2\/product_cat?post=11173"},{"taxonomy":"product_tag","embeddable":true,"href":"https:\/\/www.fasep.it\/fr\/wp-json\/wp\/v2\/product_tag?post=11173"}],"curies":[{"name":"wp","href":"https:\/\/api.w.org\/{rel}","templated":true}]}}