{"id":10563,"date":"2025-08-06T08:08:57","date_gmt":"2025-08-06T06:08:57","guid":{"rendered":"https:\/\/www.fasep.it\/produits\/\/e591.013"},"modified":"2026-03-31T10:17:16","modified_gmt":"2026-03-31T08:17:16","slug":"fr-e591.013","status":"publish","type":"product","link":"https:\/\/www.fasep.it\/fr\/produits\/equilibreuse\/e591.013\/","title":{"rendered":"V654 Revolution"},"content":{"rendered":"<font color=\"#0055BB\"><strong>La r\u00e9volution d&rsquo;\u00e9quilibrage.<\/font><\/strong><br>\r\nCon\u00e7u pour les sp\u00e9cialistes du pneu ayant un volume de travail \u00e9lev\u00e9, V654 offre une performance maximale.<br>\r\nLe c\u0153ur de V654 est le <b>syst\u00e8me d&rsquo;inclinaison automatique<\/b>, con\u00e7u pour assurer un <b>centrage parfait sans effort<\/b>.<br>\r\nV654 offre en standard toutes les fonctions automatiques qui permettent un \u00e9quilibrage pr\u00e9cis et rapide. Bas\u00e9e sur la technologie Videotronic, la machine est contr\u00f4l\u00e9e par un PC avec le syst\u00e8me d&rsquo;exploitation Windows CE.<br>\r\n<br>\r\nV654 est \u00e9quip\u00e9 du l\u00e9gendaire syst\u00e8me de d\u00e9tection de d\u00e9s\u00e9quilibre <a href=\"https:\/\/images.fasep.it\/trisensor-ing.pdf\">TriSensor avec 3 Piezo<\/a> et avec le syst\u00e8me IFS-Tilt (Integrated-Flange Shaft) pour une pr\u00e9cision de centrage maximale. L&rsquo;arbre d&rsquo;\u00e9quilibrage HD (Heavy Duty) permet d&rsquo;\u00e9quilibrer des roues jusqu&rsquo;\u00e0 90kg.<br>\r\n<br>\r\nV654 est utilis\u00e9 par les clients qui ont besoin d&rsquo;obtenir un \u00e9quilibrage parfait et qui comptent donc sur le centrage impeccable de cette machine; il n&rsquo;est pas surprenant que certaines entreprises utilisant le V654 le fassent:\r\n<ul>\r\n<li><b>Centre de formation Bridgestone au Danemark<\/b>\r\n<li><b>Centre d&rsquo;essai Goodyear au Luxembourg<\/b>\r\n<\/ul>","protected":false},"excerpt":{"rendered":"<font color=\"#0055BB\"><strong>La r\u00e9volution d&rsquo;\u00e9quilibrage.<\/font><\/strong><br>\r\nCon\u00e7u pour les sp\u00e9cialistes du pneu ayant un volume de travail \u00e9lev\u00e9, V654 offre une performance maximale.<br>\r\nLe c\u0153ur de V654 est le <b>syst\u00e8me d&rsquo;inclinaison automatique<\/b>, con\u00e7u pour assurer un <b>centrage parfait sans effort<\/b>.<br>\r\nV654 offre en standard toutes les fonctions automatiques qui permettent un \u00e9quilibrage pr\u00e9cis et rapide. Bas\u00e9e sur la technologie Videotronic, la machine est contr\u00f4l\u00e9e par un PC avec le syst\u00e8me d&rsquo;exploitation Windows CE.<br>\r\n<br>\r\nV654 est \u00e9quip\u00e9 du l\u00e9gendaire syst\u00e8me de d\u00e9tection de d\u00e9s\u00e9quilibre <a href=\"https:\/\/images.fasep.it\/trisensor-ing.pdf\">TriSensor avec 3 Piezo<\/a> et avec le syst\u00e8me IFS-Tilt (Integrated-Flange Shaft) pour une pr\u00e9cision de centrage maximale. L&rsquo;arbre d&rsquo;\u00e9quilibrage HD (Heavy Duty) permet d&rsquo;\u00e9quilibrer des roues jusqu&rsquo;\u00e0 90kg.<br>\r\n<br>\r\nV654 est utilis\u00e9 par les clients qui ont besoin d&rsquo;obtenir un \u00e9quilibrage parfait et qui comptent donc sur le centrage impeccable de cette machine; il n&rsquo;est pas surprenant que certaines entreprises utilisant le V654 le fassent:\r\n<ul>\r\n<li><b>Centre de formation Bridgestone au Danemark<\/b>\r\n<li><b>Centre d&rsquo;essai Goodyear au Luxembourg<\/b>\r\n<\/ul>","protected":false},"featured_media":0,"template":"","meta":{"_acf_changed":false},"product_brand":[],"product_cat":[],"product_tag":[],"class_list":{"0":"post-10563","1":"product","2":"type-product","3":"status-publish","6":"first","7":"instock","8":"shipping-taxable","9":"product-type-simple"},"acf":[],"yoast_head":"<!-- This site is optimized with the Yoast SEO plugin v25.7 - https:\/\/yoast.com\/wordpress\/plugins\/seo\/ -->\n<title>V654 Revolution<\/title>\n<meta name=\"robots\" content=\"index, follow, max-snippet:-1, max-image-preview:large, max-video-preview:-1\" \/>\n<meta property=\"og:locale\" content=\"fr_FR\" \/>\n<meta property=\"og:type\" content=\"article\" \/>\n<meta property=\"og:title\" content=\"V654 Revolution\" \/>\n<meta property=\"og:description\" content=\"La r\u00e9volution d&#039;\u00e9quilibrage. Con\u00e7u pour les sp\u00e9cialistes du pneu ayant un volume de travail \u00e9lev\u00e9, V654 offre une performance maximale. Le c\u0153ur de V654 est le syst\u00e8me d&#039;inclinaison automatique, con\u00e7u pour assurer un centrage parfait sans effort. V654 offre en standard toutes les fonctions automatiques qui permettent un \u00e9quilibrage pr\u00e9cis et rapide. Bas\u00e9e sur la technologie Videotronic, la machine est contr\u00f4l\u00e9e par un PC avec le syst\u00e8me d&#039;exploitation Windows CE.  V654 est \u00e9quip\u00e9 du l\u00e9gendaire syst\u00e8me de d\u00e9tection de d\u00e9s\u00e9quilibre TriSensor avec 3 Piezo et avec le syst\u00e8me IFS-Tilt (Integrated-Flange Shaft) pour une pr\u00e9cision de centrage maximale. L&#039;arbre d&#039;\u00e9quilibrage HD (Heavy Duty) permet d&#039;\u00e9quilibrer des roues jusqu&#039;\u00e0 90kg.  V654 est utilis\u00e9 par les clients qui ont besoin d&#039;obtenir un \u00e9quilibrage parfait et qui comptent donc sur le centrage impeccable de cette machine; il n&#039;est pas surprenant que certaines entreprises utilisant le V654 le fassent:  Centre de formation Bridgestone au Danemark Centre d&#039;essai Goodyear au Luxembourg\" \/>\n<meta property=\"og:url\" content=\"https:\/\/www.fasep.it\/fr\/produits\/equilibreuse\/e591.013\/\" \/>\n<meta property=\"og:site_name\" content=\"Fasep 2000 srl\" \/>\n<meta property=\"article:modified_time\" content=\"2026-03-31T08:17:16+00:00\" \/>\n<meta name=\"twitter:card\" content=\"summary_large_image\" \/>\n<meta name=\"twitter:label1\" content=\"Dur\u00e9e de lecture estim\u00e9e\" \/>\n\t<meta name=\"twitter:data1\" content=\"1 minute\" \/>\n<script type=\"application\/ld+json\" class=\"yoast-schema-graph\">{\"@context\":\"https:\/\/schema.org\",\"@graph\":[{\"@type\":\"WebPage\",\"@id\":\"https:\/\/www.fasep.it\/fr\/produits\/equilibreuse\/e591.013\/\",\"url\":\"https:\/\/www.fasep.it\/fr\/produits\/equilibreuse\/e591.013\/\",\"name\":\"V654 Revolution\",\"isPartOf\":{\"@id\":\"https:\/\/www.fasep.it\/fr\/#website\"},\"datePublished\":\"2025-08-06T06:08:57+00:00\",\"dateModified\":\"2026-03-31T08:17:16+00:00\",\"breadcrumb\":{\"@id\":\"https:\/\/www.fasep.it\/fr\/produits\/equilibreuse\/e591.013\/#breadcrumb\"},\"inLanguage\":\"fr-FR\",\"potentialAction\":[{\"@type\":\"ReadAction\",\"target\":[\"https:\/\/www.fasep.it\/fr\/produits\/equilibreuse\/e591.013\/\"]}]},{\"@type\":\"BreadcrumbList\",\"@id\":\"https:\/\/www.fasep.it\/fr\/produits\/equilibreuse\/e591.013\/#breadcrumb\",\"itemListElement\":[{\"@type\":\"ListItem\",\"position\":1,\"name\":\"Home\",\"item\":\"https:\/\/www.fasep.it\/fr\/\"},{\"@type\":\"ListItem\",\"position\":2,\"name\":\"Produits\",\"item\":\"https:\/\/www.fasep.it\/fr\/shop\/\"},{\"@type\":\"ListItem\",\"position\":3,\"name\":\"V654 Revolution\"}]},{\"@type\":\"WebSite\",\"@id\":\"https:\/\/www.fasep.it\/fr\/#website\",\"url\":\"https:\/\/www.fasep.it\/fr\/\",\"name\":\"Fasep 2000 srl\",\"description\":\"\",\"potentialAction\":[{\"@type\":\"SearchAction\",\"target\":{\"@type\":\"EntryPoint\",\"urlTemplate\":\"https:\/\/www.fasep.it\/fr\/?s={search_term_string}\"},\"query-input\":{\"@type\":\"PropertyValueSpecification\",\"valueRequired\":true,\"valueName\":\"search_term_string\"}}],\"inLanguage\":\"fr-FR\"}]}<\/script>\n<!-- \/ Yoast SEO plugin. -->","yoast_head_json":{"title":"V654 Revolution","robots":{"index":"index","follow":"follow","max-snippet":"max-snippet:-1","max-image-preview":"max-image-preview:large","max-video-preview":"max-video-preview:-1"},"og_locale":"fr_FR","og_type":"article","og_title":"V654 Revolution","og_description":"La r\u00e9volution d'\u00e9quilibrage. Con\u00e7u pour les sp\u00e9cialistes du pneu ayant un volume de travail \u00e9lev\u00e9, V654 offre une performance maximale. Le c\u0153ur de V654 est le syst\u00e8me d'inclinaison automatique, con\u00e7u pour assurer un centrage parfait sans effort. V654 offre en standard toutes les fonctions automatiques qui permettent un \u00e9quilibrage pr\u00e9cis et rapide. Bas\u00e9e sur la technologie Videotronic, la machine est contr\u00f4l\u00e9e par un PC avec le syst\u00e8me d'exploitation Windows CE.  V654 est \u00e9quip\u00e9 du l\u00e9gendaire syst\u00e8me de d\u00e9tection de d\u00e9s\u00e9quilibre TriSensor avec 3 Piezo et avec le syst\u00e8me IFS-Tilt (Integrated-Flange Shaft) pour une pr\u00e9cision de centrage maximale. L'arbre d'\u00e9quilibrage HD (Heavy Duty) permet d'\u00e9quilibrer des roues jusqu'\u00e0 90kg.  V654 est utilis\u00e9 par les clients qui ont besoin d'obtenir un \u00e9quilibrage parfait et qui comptent donc sur le centrage impeccable de cette machine; il n'est pas surprenant que certaines entreprises utilisant le V654 le fassent:  Centre de formation Bridgestone au Danemark Centre d'essai Goodyear au Luxembourg","og_url":"https:\/\/www.fasep.it\/fr\/produits\/equilibreuse\/e591.013\/","og_site_name":"Fasep 2000 srl","article_modified_time":"2026-03-31T08:17:16+00:00","twitter_card":"summary_large_image","twitter_misc":{"Dur\u00e9e de lecture estim\u00e9e":"1 minute"},"schema":{"@context":"https:\/\/schema.org","@graph":[{"@type":"WebPage","@id":"https:\/\/www.fasep.it\/fr\/produits\/equilibreuse\/e591.013\/","url":"https:\/\/www.fasep.it\/fr\/produits\/equilibreuse\/e591.013\/","name":"V654 Revolution","isPartOf":{"@id":"https:\/\/www.fasep.it\/fr\/#website"},"datePublished":"2025-08-06T06:08:57+00:00","dateModified":"2026-03-31T08:17:16+00:00","breadcrumb":{"@id":"https:\/\/www.fasep.it\/fr\/produits\/equilibreuse\/e591.013\/#breadcrumb"},"inLanguage":"fr-FR","potentialAction":[{"@type":"ReadAction","target":["https:\/\/www.fasep.it\/fr\/produits\/equilibreuse\/e591.013\/"]}]},{"@type":"BreadcrumbList","@id":"https:\/\/www.fasep.it\/fr\/produits\/equilibreuse\/e591.013\/#breadcrumb","itemListElement":[{"@type":"ListItem","position":1,"name":"Home","item":"https:\/\/www.fasep.it\/fr\/"},{"@type":"ListItem","position":2,"name":"Produits","item":"https:\/\/www.fasep.it\/fr\/shop\/"},{"@type":"ListItem","position":3,"name":"V654 Revolution"}]},{"@type":"WebSite","@id":"https:\/\/www.fasep.it\/fr\/#website","url":"https:\/\/www.fasep.it\/fr\/","name":"Fasep 2000 srl","description":"","potentialAction":[{"@type":"SearchAction","target":{"@type":"EntryPoint","urlTemplate":"https:\/\/www.fasep.it\/fr\/?s={search_term_string}"},"query-input":{"@type":"PropertyValueSpecification","valueRequired":true,"valueName":"search_term_string"}}],"inLanguage":"fr-FR"}]}},"_links":{"self":[{"href":"https:\/\/www.fasep.it\/fr\/wp-json\/wp\/v2\/product\/10563","targetHints":{"allow":["GET"]}}],"collection":[{"href":"https:\/\/www.fasep.it\/fr\/wp-json\/wp\/v2\/product"}],"about":[{"href":"https:\/\/www.fasep.it\/fr\/wp-json\/wp\/v2\/types\/product"}],"wp:attachment":[{"href":"https:\/\/www.fasep.it\/fr\/wp-json\/wp\/v2\/media?parent=10563"}],"wp:term":[{"taxonomy":"product_brand","embeddable":true,"href":"https:\/\/www.fasep.it\/fr\/wp-json\/wp\/v2\/product_brand?post=10563"},{"taxonomy":"product_cat","embeddable":true,"href":"https:\/\/www.fasep.it\/fr\/wp-json\/wp\/v2\/product_cat?post=10563"},{"taxonomy":"product_tag","embeddable":true,"href":"https:\/\/www.fasep.it\/fr\/wp-json\/wp\/v2\/product_tag?post=10563"}],"curies":[{"name":"wp","href":"https:\/\/api.w.org\/{rel}","templated":true}]}}