{"id":10412,"date":"2025-07-16T11:41:49","date_gmt":"2025-07-16T09:41:49","guid":{"rendered":"https:\/\/www.fasep.it\/produits\/\/e689.002"},"modified":"2026-03-31T10:17:18","modified_gmt":"2026-03-31T08:17:18","slug":"fr-e689.002","status":"publish","type":"product","link":"https:\/\/www.fasep.it\/fr\/produits\/equilibreuse\/e689.002\/","title":{"rendered":"B449 Tilt"},"content":{"rendered":"<font color=\"#0055BB\"><strong>Changez votre point de vue!<\/font><\/strong><br>\r\nCon\u00e7ue pour les sp\u00e9cialistes du pneu, qui ont des pics de travail fr\u00e9quents, la B448 offre le maximum de performances gr\u00e2ce \u00e0 sa technologie innovante. Le c\u0153ur de la B448 est le syst\u00e8me de basculement, mais la B448 offre \u00e9galement de s\u00e9rie de nombreuses autres fonctions qui permettent un \u00e9quilibrage pr\u00e9cis et rapide. La B448 est \u00e9quip\u00e9e du syst\u00e8me m\u00e9canique de d\u00e9tection des d\u00e9s\u00e9quilibres TriSensor et du syst\u00e8me IFS (Integrated-Flange Shaft) pour une pr\u00e9cision de centrage maximale.","protected":false},"excerpt":{"rendered":"<font color=\"#0055BB\"><strong>Changez votre point de vue!<\/font><\/strong><br>\r\nCon\u00e7ue pour les sp\u00e9cialistes du pneu, qui ont des pics de travail fr\u00e9quents, la B448 offre le maximum de performances gr\u00e2ce \u00e0 sa technologie innovante. Le c\u0153ur de la B448 est le syst\u00e8me de basculement, mais la B448 offre \u00e9galement de s\u00e9rie de nombreuses autres fonctions qui permettent un \u00e9quilibrage pr\u00e9cis et rapide. La B448 est \u00e9quip\u00e9e du syst\u00e8me m\u00e9canique de d\u00e9tection des d\u00e9s\u00e9quilibres TriSensor et du syst\u00e8me IFS (Integrated-Flange Shaft) pour une pr\u00e9cision de centrage maximale.","protected":false},"featured_media":0,"template":"","meta":{"_acf_changed":false},"product_brand":[],"product_cat":[],"product_tag":[],"class_list":{"0":"post-10412","1":"product","2":"type-product","3":"status-publish","6":"first","7":"instock","8":"shipping-taxable","9":"product-type-simple"},"acf":[],"yoast_head":"<!-- This site is optimized with the Yoast SEO plugin v25.7 - https:\/\/yoast.com\/wordpress\/plugins\/seo\/ -->\n<title>B449 Tilt<\/title>\n<meta name=\"robots\" content=\"index, follow, max-snippet:-1, max-image-preview:large, max-video-preview:-1\" \/>\n<meta property=\"og:locale\" content=\"fr_FR\" \/>\n<meta property=\"og:type\" content=\"article\" \/>\n<meta property=\"og:title\" content=\"B449 Tilt\" \/>\n<meta property=\"og:description\" content=\"Changez votre point de vue! Con\u00e7ue pour les sp\u00e9cialistes du pneu, qui ont des pics de travail fr\u00e9quents, la B448 offre le maximum de performances gr\u00e2ce \u00e0 sa technologie innovante. Le c\u0153ur de la B448 est le syst\u00e8me de basculement, mais la B448 offre \u00e9galement de s\u00e9rie de nombreuses autres fonctions qui permettent un \u00e9quilibrage pr\u00e9cis et rapide. La B448 est \u00e9quip\u00e9e du syst\u00e8me m\u00e9canique de d\u00e9tection des d\u00e9s\u00e9quilibres TriSensor et du syst\u00e8me IFS (Integrated-Flange Shaft) pour une pr\u00e9cision de centrage maximale.\" \/>\n<meta property=\"og:url\" content=\"https:\/\/www.fasep.it\/fr\/produits\/equilibreuse\/e689.002\/\" \/>\n<meta property=\"og:site_name\" content=\"Fasep 2000 srl\" \/>\n<meta property=\"article:modified_time\" content=\"2026-03-31T08:17:18+00:00\" \/>\n<meta name=\"twitter:card\" content=\"summary_large_image\" \/>\n<script type=\"application\/ld+json\" class=\"yoast-schema-graph\">{\"@context\":\"https:\/\/schema.org\",\"@graph\":[{\"@type\":\"WebPage\",\"@id\":\"https:\/\/www.fasep.it\/fr\/produits\/equilibreuse\/e689.002\/\",\"url\":\"https:\/\/www.fasep.it\/fr\/produits\/equilibreuse\/e689.002\/\",\"name\":\"B449 Tilt\",\"isPartOf\":{\"@id\":\"https:\/\/www.fasep.it\/fr\/#website\"},\"datePublished\":\"2025-07-16T09:41:49+00:00\",\"dateModified\":\"2026-03-31T08:17:18+00:00\",\"breadcrumb\":{\"@id\":\"https:\/\/www.fasep.it\/fr\/produits\/equilibreuse\/e689.002\/#breadcrumb\"},\"inLanguage\":\"fr-FR\",\"potentialAction\":[{\"@type\":\"ReadAction\",\"target\":[\"https:\/\/www.fasep.it\/fr\/produits\/equilibreuse\/e689.002\/\"]}]},{\"@type\":\"BreadcrumbList\",\"@id\":\"https:\/\/www.fasep.it\/fr\/produits\/equilibreuse\/e689.002\/#breadcrumb\",\"itemListElement\":[{\"@type\":\"ListItem\",\"position\":1,\"name\":\"Home\",\"item\":\"https:\/\/www.fasep.it\/fr\/\"},{\"@type\":\"ListItem\",\"position\":2,\"name\":\"Produits\",\"item\":\"https:\/\/www.fasep.it\/fr\/shop\/\"},{\"@type\":\"ListItem\",\"position\":3,\"name\":\"B449 Tilt\"}]},{\"@type\":\"WebSite\",\"@id\":\"https:\/\/www.fasep.it\/fr\/#website\",\"url\":\"https:\/\/www.fasep.it\/fr\/\",\"name\":\"Fasep 2000 srl\",\"description\":\"\",\"potentialAction\":[{\"@type\":\"SearchAction\",\"target\":{\"@type\":\"EntryPoint\",\"urlTemplate\":\"https:\/\/www.fasep.it\/fr\/?s={search_term_string}\"},\"query-input\":{\"@type\":\"PropertyValueSpecification\",\"valueRequired\":true,\"valueName\":\"search_term_string\"}}],\"inLanguage\":\"fr-FR\"}]}<\/script>\n<!-- \/ Yoast SEO plugin. -->","yoast_head_json":{"title":"B449 Tilt","robots":{"index":"index","follow":"follow","max-snippet":"max-snippet:-1","max-image-preview":"max-image-preview:large","max-video-preview":"max-video-preview:-1"},"og_locale":"fr_FR","og_type":"article","og_title":"B449 Tilt","og_description":"Changez votre point de vue! Con\u00e7ue pour les sp\u00e9cialistes du pneu, qui ont des pics de travail fr\u00e9quents, la B448 offre le maximum de performances gr\u00e2ce \u00e0 sa technologie innovante. Le c\u0153ur de la B448 est le syst\u00e8me de basculement, mais la B448 offre \u00e9galement de s\u00e9rie de nombreuses autres fonctions qui permettent un \u00e9quilibrage pr\u00e9cis et rapide. La B448 est \u00e9quip\u00e9e du syst\u00e8me m\u00e9canique de d\u00e9tection des d\u00e9s\u00e9quilibres TriSensor et du syst\u00e8me IFS (Integrated-Flange Shaft) pour une pr\u00e9cision de centrage maximale.","og_url":"https:\/\/www.fasep.it\/fr\/produits\/equilibreuse\/e689.002\/","og_site_name":"Fasep 2000 srl","article_modified_time":"2026-03-31T08:17:18+00:00","twitter_card":"summary_large_image","schema":{"@context":"https:\/\/schema.org","@graph":[{"@type":"WebPage","@id":"https:\/\/www.fasep.it\/fr\/produits\/equilibreuse\/e689.002\/","url":"https:\/\/www.fasep.it\/fr\/produits\/equilibreuse\/e689.002\/","name":"B449 Tilt","isPartOf":{"@id":"https:\/\/www.fasep.it\/fr\/#website"},"datePublished":"2025-07-16T09:41:49+00:00","dateModified":"2026-03-31T08:17:18+00:00","breadcrumb":{"@id":"https:\/\/www.fasep.it\/fr\/produits\/equilibreuse\/e689.002\/#breadcrumb"},"inLanguage":"fr-FR","potentialAction":[{"@type":"ReadAction","target":["https:\/\/www.fasep.it\/fr\/produits\/equilibreuse\/e689.002\/"]}]},{"@type":"BreadcrumbList","@id":"https:\/\/www.fasep.it\/fr\/produits\/equilibreuse\/e689.002\/#breadcrumb","itemListElement":[{"@type":"ListItem","position":1,"name":"Home","item":"https:\/\/www.fasep.it\/fr\/"},{"@type":"ListItem","position":2,"name":"Produits","item":"https:\/\/www.fasep.it\/fr\/shop\/"},{"@type":"ListItem","position":3,"name":"B449 Tilt"}]},{"@type":"WebSite","@id":"https:\/\/www.fasep.it\/fr\/#website","url":"https:\/\/www.fasep.it\/fr\/","name":"Fasep 2000 srl","description":"","potentialAction":[{"@type":"SearchAction","target":{"@type":"EntryPoint","urlTemplate":"https:\/\/www.fasep.it\/fr\/?s={search_term_string}"},"query-input":{"@type":"PropertyValueSpecification","valueRequired":true,"valueName":"search_term_string"}}],"inLanguage":"fr-FR"}]}},"_links":{"self":[{"href":"https:\/\/www.fasep.it\/fr\/wp-json\/wp\/v2\/product\/10412","targetHints":{"allow":["GET"]}}],"collection":[{"href":"https:\/\/www.fasep.it\/fr\/wp-json\/wp\/v2\/product"}],"about":[{"href":"https:\/\/www.fasep.it\/fr\/wp-json\/wp\/v2\/types\/product"}],"wp:attachment":[{"href":"https:\/\/www.fasep.it\/fr\/wp-json\/wp\/v2\/media?parent=10412"}],"wp:term":[{"taxonomy":"product_brand","embeddable":true,"href":"https:\/\/www.fasep.it\/fr\/wp-json\/wp\/v2\/product_brand?post=10412"},{"taxonomy":"product_cat","embeddable":true,"href":"https:\/\/www.fasep.it\/fr\/wp-json\/wp\/v2\/product_cat?post=10412"},{"taxonomy":"product_tag","embeddable":true,"href":"https:\/\/www.fasep.it\/fr\/wp-json\/wp\/v2\/product_tag?post=10412"}],"curies":[{"name":"wp","href":"https:\/\/api.w.org\/{rel}","templated":true}]}}