{"id":2949,"date":"2023-12-27T12:15:08","date_gmt":"2023-12-27T11:15:08","guid":{"rendered":"https:\/\/www2.fasep.it\/contatti\/"},"modified":"2025-04-08T15:35:35","modified_gmt":"2025-04-08T13:35:35","slug":"contactez-nous","status":"publish","type":"page","link":"https:\/\/www.fasep.it\/fr\/contactez-nous\/","title":{"rendered":"Contactez-nous"},"content":{"rendered":"<div id='av_section_1'  class='avia-section av-1pqs7-87b633649bdc0a2f54f554aa25743592 main_color avia-section-default avia-no-border-styling  avia-builder-el-0  avia-builder-el-no-sibling  avia-bg-style-scroll container_wrap sidebar_right'  ><div class='container av-section-cont-open' ><main  role=\"main\" itemprop=\"mainContentOfPage\"  class='template-page content  av-content-small alpha units'><div class='post-entry post-entry-type-page post-entry-2949'><div class='entry-content-wrapper clearfix'>\n\n\n<style type=\"text\/css\" data-created_by=\"avia_inline_auto\" id=\"style-css-av-lx4cr7hd-68de451090a04d723df60e8521ad162b\">\n#top .av-special-heading.av-lx4cr7hd-68de451090a04d723df60e8521ad162b{\npadding-bottom:10px;\n}\nbody .av-special-heading.av-lx4cr7hd-68de451090a04d723df60e8521ad162b .av-special-heading-tag .heading-char{\nfont-size:25px;\n}\n.av-special-heading.av-lx4cr7hd-68de451090a04d723df60e8521ad162b .av-subheading{\nfont-size:15px;\n}\n<\/style>\n<div  class='av-special-heading av-lx4cr7hd-68de451090a04d723df60e8521ad162b av-special-heading-h1 blockquote modern-quote  avia-builder-el-1  el_before_av_hr  avia-builder-el-first '><h1 class='av-special-heading-tag '  itemprop=\"headline\"  >Contactez-nous<\/h1><div class=\"special-heading-border\"><div class=\"special-heading-inner-border\"><\/div><\/div><\/div>\n\n\n<style type=\"text\/css\" data-created_by=\"avia_inline_auto\" id=\"style-css-av-lx4crdd2-a41a1481b52739421bce55d92f1aa8f1\">\n#top .hr.hr-invisible.av-lx4crdd2-a41a1481b52739421bce55d92f1aa8f1{\nheight:50px;\n}\n<\/style>\n<div  class='hr av-lx4crdd2-a41a1481b52739421bce55d92f1aa8f1 hr-invisible  avia-builder-el-2  el_after_av_heading  el_before_av_two_third '><span class='hr-inner '><span class=\"hr-inner-style\"><\/span><\/span><\/div>\n\n<div  class='flex_column av-2y9r-e627a8425d18611b93b6108f2598e233 av_two_third  avia-builder-el-3  el_after_av_hr  el_before_av_one_third  first flex_column_div  '     ><section  class='av_textblock_section av-m5i0dr35-d05cc1d1662e84027cf720df11a9550a '   itemscope=\"itemscope\" itemtype=\"https:\/\/schema.org\/CreativeWork\" ><div class='avia_textblock'  itemprop=\"text\" ><h2>Comment nous joindre<\/h2>\n<p>La meilleure fa\u00e7on de nous rendre visite est de prendre votre voiture. Il existe plusieurs autres possibilit\u00e9s, mais elles ne sont pas toutes confortables. En tout cas, vous trouverez toujours quelqu&rsquo;un qui vous aidera \u00e0 trouver la bonne voie.<\/p>\n<ul>\n<li><strong>Arriv\u00e9e \u00e0 l&rsquo;a\u00e9roport de Florence:<\/strong><br \/>\nvous pouvez louer une voiture \u00e0 l&rsquo;a\u00e9roport. En quittant l&rsquo;a\u00e9roport, tournez \u00e0 droite et prenez l&rsquo;autoroute A1. Suivez la direction de Bologne.<br \/>\nUne fois sur l&rsquo;autoroute, suivez les indications du point 4.<\/li>\n<li><strong>Arriv\u00e9e \u00e0 l&rsquo;a\u00e9roport de Bologne:<\/strong><br \/>\nnous pouvons vous accueillir directement \u00e0 l&rsquo;a\u00e9roport ou vous pouvez louer une voiture \u00e0 l&rsquo;a\u00e9roport et suivre les indications pour l&rsquo;autoroute A1 juste \u00e0 la sortie du parking de l&rsquo;a\u00e9roport, en suivant la direction de Florence. Une fois sur l&rsquo;autoroute, suivez les indications du point 4.<\/li>\n<li><strong>Arriv\u00e9e \u00e0 l&rsquo;a\u00e9roport de Pise:<\/strong><br \/>\nVous pouvez louer une voiture \u00e0 l&rsquo;a\u00e9roport. En quittant l&rsquo;a\u00e9roport, continuez tout droit vers l&rsquo;autoroute SGC FI.PI.LI juste devant l&rsquo;a\u00e9roport (direction Florence). Sortez de l&rsquo;autoroute \u00e0 la sortie Scandicci &#8211; Signa et suivez les indications pour l&rsquo;autoroute A1 Bologne-Rome. Entrez sur l&rsquo;autoroute A1 et suivez les indications pour Bologne. Une fois sur l&rsquo;autoroute, suivez les indications du point 4.<\/li>\n<li><strong>Arriv\u00e9e \u00e0 Florence en train:<\/strong><br \/>\nsur avis pr\u00e9alable, nous pouvons vous accueillir directement \u00e0 l&rsquo;a\u00e9roport ou vous pouvez louer une voiture \u00e0 la gare et quitter Florence en direction de San Piero a Sieve &#8211; Via Bolognese. De la gare Santa Maria Novella, continuez vers la Piazza della Libert\u00e0, puis Via Don Minzoni vers la Via Bolognese. De l\u00e0, continuez sur environ 20 km pour arriver directement \u00e0 San Piero a Sieve. Continuez \u00e0 suivre la carte.<\/li>\n<li><strong>En venant de l&rsquo;autoroute A1:<br \/>\n<\/strong>sortez de l&rsquo;autoroute \u00e0 la sortie Barberino di Mugello > continuez en direction de San Piero a Sieve (environ 15Km) > Borgo San Lorenzo (environ 5Km) > \u00e0 l&rsquo;entr\u00e9e de Borgo San Lorenzo vous trouverez un rond-point (en face de vous le Park Hotel Ripaverde) > continuez \u00e0 gauche (en laissant l&rsquo;h\u00f4tel sur la droite) (apr\u00e8s quelques m\u00e8tres vous trouverez l&rsquo;h\u00f4pital sur votre gauche) > au deuxi\u00e8me feu tournez \u00e0 gauche (direction Ronta, Faenza) > apr\u00e8s 7 km. vous arriverez \u00e0 Ronta > l&rsquo;\u00e9tablissement de la FASEP est situ\u00e9 au centre du village, sur la route principale, en face de la station des Carabiniers.<\/li>\n<li><strong>Alternative en provenance du Sud (Florence\/Rome) :<\/strong><br \/>\nuniquement comme alternative \u00e0 la sortie de Barberino di Mugello (la seule possibilit\u00e9 en provenance du Nord), il peut \u00eatre pratique, afin d&rsquo;\u00e9viter le trafic autoroutier autour de Florence, de sortir de l&rsquo;A1 \u00e0 Incisa en continuant vers Pontassieve, Dicomano, Vicchio, Borgo S. Lorenzo. A l&rsquo;entr\u00e9e sud du Borgo S. Lorenzo, il y a un rond-point (\u00e0 gauche l&rsquo;\u00e9glise du Santissimo Crocifisso) ; continuez \u00e0 droite (c&rsquo;est la seule possibilit\u00e9) et au premier feu, tournez \u00e0 droite (direction Ronta, Faenza).<\/li>\n<\/ul>\n<p>Apr\u00e8s 7 km, vous atteindrez Ronta. Une fois que vous avez atteint le village de Ronta, sur la route principale, entrez dans le village et continuez jusqu&rsquo;\u00e0 ce que vous rencontriez la station des Carabiniers sur votre gauche et l&rsquo;usine du FASEP sur votre droite<\/p>\n<\/div><\/section><\/div><div  class='flex_column av-w3hz-6e65a4a9ca0fd12846afba21fa0accf9 av_one_third  avia-builder-el-5  el_after_av_two_third  el_before_av_heading  flex_column_div  '     ><section  class='av_textblock_section av-lx4ct0wr-acc9ba83d452bbdf2738f5f8d298e31d '   itemscope=\"itemscope\" itemtype=\"https:\/\/schema.org\/CreativeWork\" ><div class='avia_textblock'  itemprop=\"text\" ><h2>FASEP 2000 Srl<\/h2>\n<p>Via Faentina, 96<br \/>\n50032 Ronta (FI) ITALIE<\/p>\n<p><strong>Si\u00e8ge op\u00e9rationnel:<\/strong><br \/>\nPiazza d&rsquo;Azeglio, 39 &#8211; 50121 Florence<\/p>\n<p><strong>T\u00e9l:<\/strong> +39 055 8403126<br \/>\n<strong>WhatsApp<\/strong>: <a target=\"new\">+39 055 8403126<\/a><br \/>\n<strong>Fax:<\/strong> +39 055 8403354<br \/>\n<strong>Courriel:<\/strong> <a href=\"mailto:info@fasep.it\">info@fasep.it<\/a><br \/>\n<strong>Skype:<\/strong> fasep2000<br \/>\n<strong>Heures de bureau:<\/strong> 8h-12h, 13h-17h (GMT+1)<\/p>\n<p>TVA = 04037770486<br \/>\nCap. Soc. int. versato 73.000,00 euro<br \/>\nn. r.e.a. 411125 &#8211; mi fi 008453 &#8211; reg. trib. fi. 520025<br \/>\nn. iscr. reg.imp. di Firenze 04037770486<\/p>\n<\/div><\/section>\n<div  class='av_gmaps_sc_main_wrap av_gmaps_main_wrap '><div id='av_gmap_0' class='avia-google-map-container avia-google-map-sc av_gmaps_show_unconditionally av-no-fallback-img ' data-mapid='av_gmap_0'  style='height: 400px;'><a class=\"av_gmaps_browser_disabled av_text_confirm_link av_text_confirm_link_visible\" href=\"https:\/\/www.google.com\/maps\/search\/?api=1&#038;query=Via%20Faentina,%2096%2050032%20Borgo%20San%20Lorenzo%20FI%20Italia\" target=\"_blank\">Les cartes ont \u00e9t\u00e9 d\u00e9sactiv\u00e9es par le visiteur sur ce site. Cliquer pour ouvrir la carte dans une nouvelle fen\u00eatre.<\/a><\/div><\/div><\/div>\n<style type=\"text\/css\" data-created_by=\"avia_inline_auto\" id=\"style-css-av-m5i0fj4b-3b7cbe7723464cc46d31bd169e347fae\">\n#top .av-special-heading.av-m5i0fj4b-3b7cbe7723464cc46d31bd169e347fae{\npadding-bottom:10px;\n}\nbody .av-special-heading.av-m5i0fj4b-3b7cbe7723464cc46d31bd169e347fae .av-special-heading-tag .heading-char{\nfont-size:25px;\n}\n.av-special-heading.av-m5i0fj4b-3b7cbe7723464cc46d31bd169e347fae .av-subheading{\nfont-size:15px;\n}\n<\/style>\n<div  class='av-special-heading av-m5i0fj4b-3b7cbe7723464cc46d31bd169e347fae av-special-heading-h1 blockquote modern-quote  avia-builder-el-8  el_after_av_one_third  el_before_av_textblock '><h1 class='av-special-heading-tag '  itemprop=\"headline\"  >Pour envoyer un paiement<\/h1><div class=\"special-heading-border\"><div class=\"special-heading-inner-border\"><\/div><\/div><\/div>\n\n<section  class='av_textblock_section av-m5i0fctz-eaf8acf1eac06baf70f62c1c37c487be '   itemscope=\"itemscope\" itemtype=\"https:\/\/schema.org\/CreativeWork\" ><div class='avia_textblock'  itemprop=\"text\" ><p>Pour envoyer un paiement<br \/>\nNos coordonn\u00e9es bancaires pour d&rsquo;\u00e9ventuels paiements :<\/p>\n<\/div><\/section>\n\n<div  class='flex_column av-63xf-098215a747fde57caaf62459f7cd67f1 av_one_half  avia-builder-el-10  el_after_av_textblock  el_before_av_one_half  first flex_column_div  column-top-margin'     ><section  class='av_textblock_section av-m5i0xi07-6ff4d48169362c0eb4c82b86f6684743 '   itemscope=\"itemscope\" itemtype=\"https:\/\/schema.org\/CreativeWork\" ><div class='avia_textblock'  itemprop=\"text\" ><p><strong>Paiements SWIFT \/ TT<\/strong><br \/>\nBanque : BANCA INTESA SANPAOLO<br \/>\nBIC-SWIFT : BCITITMM<br \/>\nBranche : Borgo San Lorenzo<br \/>\nN\u00b0 de compte : 100000005158<br \/>\nB\u00e9n\u00e9ficiaire : FASEP 2000 srl<br \/>\nCode IBAN : IT 69 H 03069 37751 10000 0005158<\/p>\n<\/div><\/section><\/div><div  class='flex_column av-16lfj-3706f8232c843f7b2138f8ed06cee301 av_one_half  avia-builder-el-12  el_after_av_one_half  el_before_av_textblock  flex_column_div  column-top-margin'     ><section  class='av_textblock_section av-m5i0wsco-75a5c741e2cdccb1c9d6d59ea63efd4d '   itemscope=\"itemscope\" itemtype=\"https:\/\/schema.org\/CreativeWork\" ><div class='avia_textblock'  itemprop=\"text\" ><p><strong>Letter of Credit \/ LC \/ documentary credit or guarantee<\/strong><br \/>\nBanque : UNCRITMM &#8211; UniCredit S.P.A.<br \/>\nBIC \/ SWIFT : UNCRITM1F93<br \/>\nBranche : 00516 &#8211; BORGO SAN LORENZO<br \/>\nN\u00b0 de compte : 000104322404<br \/>\nB\u00e9n\u00e9ficiaire : FASEP 2000 srl<br \/>\nCode IBAN : IT83R0200837751000104322404<\/p>\n<\/div><\/section><\/div><section  class='av_textblock_section av-m5i0yp7c-0e9ec13f2332230f45eee75ada60c71a '   itemscope=\"itemscope\" itemtype=\"https:\/\/schema.org\/CreativeWork\" ><div class='avia_textblock'  itemprop=\"text\" ><p>Per piccoli importi potete usare la vostra carta di credito con:<a href=\"https:\/\/www.paypal.me\/fasep2000\" target=\"_blank\" rel=\"noopener\"><br \/>\n<img decoding=\"async\" src=\"\/wp-content\/plugins\/fasep-plugin\/images\/logo_paypal_sicuro.png\" \/><br \/>\n<\/a><\/p>\n<p>    <a target=\"_blank\" href=\"https:\/\/buy.stripe.com\/28o7tmd9F1SB4la5kk\"><br \/>\n        <img decoding=\"async\" src=\"https:\/\/www.fasep.it\/wp-content\/uploads\/2025\/03\/stripe-logo.jpg\" alt=\"\" width=\"160\" class=\"alignnone size-full wp-image-7858\" \/><br \/>\n    <\/a><\/p>\n<\/div><\/section>\n\n<\/div><\/div><\/main><!-- close content main element --><\/div><\/div><div id='after_section_1'  class='main_color av_default_container_wrap container_wrap sidebar_right'  ><div class='container av-section-cont-open' ><div class='template-page content  av-content-small alpha units'><div class='post-entry post-entry-type-page post-entry-2949'><div class='entry-content-wrapper clearfix'>","protected":false},"excerpt":{"rendered":"","protected":false},"author":1,"featured_media":0,"parent":0,"menu_order":5,"comment_status":"closed","ping_status":"closed","template":"","meta":{"_acf_changed":false,"footnotes":""},"class_list":["post-2949","page","type-page","status-publish","hentry"],"acf":[],"yoast_head":"<!-- This site is optimized with the Yoast SEO plugin v25.7 - https:\/\/yoast.com\/wordpress\/plugins\/seo\/ -->\n<title>Contactez-nous - Fasep 2000 srl<\/title>\n<meta name=\"robots\" content=\"index, follow, max-snippet:-1, max-image-preview:large, max-video-preview:-1\" \/>\n<meta property=\"og:locale\" content=\"fr_FR\" \/>\n<meta property=\"og:type\" content=\"article\" \/>\n<meta property=\"og:title\" content=\"Contactez-nous - Fasep 2000 srl\" \/>\n<meta property=\"og:url\" content=\"https:\/\/www.fasep.it\/fr\/contactez-nous\/\" \/>\n<meta property=\"og:site_name\" content=\"Fasep 2000 srl\" \/>\n<meta property=\"article:modified_time\" content=\"2025-04-08T13:35:35+00:00\" \/>\n<meta property=\"og:image\" content=\"https:\/\/www.fasep.it\/wp-content\/uploads\/2025\/03\/stripe-logo.jpg\" \/>\n<meta name=\"twitter:card\" content=\"summary_large_image\" \/>\n<meta name=\"twitter:label1\" content=\"Dur\u00e9e de lecture estim\u00e9e\" \/>\n\t<meta name=\"twitter:data1\" content=\"20 minutes\" \/>\n<script type=\"application\/ld+json\" class=\"yoast-schema-graph\">{\"@context\":\"https:\/\/schema.org\",\"@graph\":[{\"@type\":\"WebPage\",\"@id\":\"https:\/\/www.fasep.it\/fr\/contactez-nous\/\",\"url\":\"https:\/\/www.fasep.it\/fr\/contactez-nous\/\",\"name\":\"Contactez-nous - Fasep 2000 srl\",\"isPartOf\":{\"@id\":\"https:\/\/www.fasep.it\/fr\/#website\"},\"primaryImageOfPage\":{\"@id\":\"https:\/\/www.fasep.it\/fr\/contactez-nous\/#primaryimage\"},\"image\":{\"@id\":\"https:\/\/www.fasep.it\/fr\/contactez-nous\/#primaryimage\"},\"thumbnailUrl\":\"https:\/\/www.fasep.it\/wp-content\/uploads\/2025\/03\/stripe-logo.jpg\",\"datePublished\":\"2023-12-27T11:15:08+00:00\",\"dateModified\":\"2025-04-08T13:35:35+00:00\",\"breadcrumb\":{\"@id\":\"https:\/\/www.fasep.it\/fr\/contactez-nous\/#breadcrumb\"},\"inLanguage\":\"fr-FR\",\"potentialAction\":[{\"@type\":\"ReadAction\",\"target\":[\"https:\/\/www.fasep.it\/fr\/contactez-nous\/\"]}]},{\"@type\":\"ImageObject\",\"inLanguage\":\"fr-FR\",\"@id\":\"https:\/\/www.fasep.it\/fr\/contactez-nous\/#primaryimage\",\"url\":\"https:\/\/www.fasep.it\/wp-content\/uploads\/2025\/03\/stripe-logo.jpg\",\"contentUrl\":\"https:\/\/www.fasep.it\/wp-content\/uploads\/2025\/03\/stripe-logo.jpg\"},{\"@type\":\"BreadcrumbList\",\"@id\":\"https:\/\/www.fasep.it\/fr\/contactez-nous\/#breadcrumb\",\"itemListElement\":[{\"@type\":\"ListItem\",\"position\":1,\"name\":\"Home\",\"item\":\"https:\/\/www.fasep.it\/fr\/\"},{\"@type\":\"ListItem\",\"position\":2,\"name\":\"Contactez-nous\"}]},{\"@type\":\"WebSite\",\"@id\":\"https:\/\/www.fasep.it\/fr\/#website\",\"url\":\"https:\/\/www.fasep.it\/fr\/\",\"name\":\"Fasep 2000 srl\",\"description\":\"\",\"potentialAction\":[{\"@type\":\"SearchAction\",\"target\":{\"@type\":\"EntryPoint\",\"urlTemplate\":\"https:\/\/www.fasep.it\/fr\/?s={search_term_string}\"},\"query-input\":{\"@type\":\"PropertyValueSpecification\",\"valueRequired\":true,\"valueName\":\"search_term_string\"}}],\"inLanguage\":\"fr-FR\"}]}<\/script>\n<!-- \/ Yoast SEO plugin. -->","yoast_head_json":{"title":"Contactez-nous - Fasep 2000 srl","robots":{"index":"index","follow":"follow","max-snippet":"max-snippet:-1","max-image-preview":"max-image-preview:large","max-video-preview":"max-video-preview:-1"},"og_locale":"fr_FR","og_type":"article","og_title":"Contactez-nous - Fasep 2000 srl","og_url":"https:\/\/www.fasep.it\/fr\/contactez-nous\/","og_site_name":"Fasep 2000 srl","article_modified_time":"2025-04-08T13:35:35+00:00","og_image":[{"url":"https:\/\/www.fasep.it\/wp-content\/uploads\/2025\/03\/stripe-logo.jpg","type":"","width":"","height":""}],"twitter_card":"summary_large_image","twitter_misc":{"Dur\u00e9e de lecture estim\u00e9e":"20 minutes"},"schema":{"@context":"https:\/\/schema.org","@graph":[{"@type":"WebPage","@id":"https:\/\/www.fasep.it\/fr\/contactez-nous\/","url":"https:\/\/www.fasep.it\/fr\/contactez-nous\/","name":"Contactez-nous - Fasep 2000 srl","isPartOf":{"@id":"https:\/\/www.fasep.it\/fr\/#website"},"primaryImageOfPage":{"@id":"https:\/\/www.fasep.it\/fr\/contactez-nous\/#primaryimage"},"image":{"@id":"https:\/\/www.fasep.it\/fr\/contactez-nous\/#primaryimage"},"thumbnailUrl":"https:\/\/www.fasep.it\/wp-content\/uploads\/2025\/03\/stripe-logo.jpg","datePublished":"2023-12-27T11:15:08+00:00","dateModified":"2025-04-08T13:35:35+00:00","breadcrumb":{"@id":"https:\/\/www.fasep.it\/fr\/contactez-nous\/#breadcrumb"},"inLanguage":"fr-FR","potentialAction":[{"@type":"ReadAction","target":["https:\/\/www.fasep.it\/fr\/contactez-nous\/"]}]},{"@type":"ImageObject","inLanguage":"fr-FR","@id":"https:\/\/www.fasep.it\/fr\/contactez-nous\/#primaryimage","url":"https:\/\/www.fasep.it\/wp-content\/uploads\/2025\/03\/stripe-logo.jpg","contentUrl":"https:\/\/www.fasep.it\/wp-content\/uploads\/2025\/03\/stripe-logo.jpg"},{"@type":"BreadcrumbList","@id":"https:\/\/www.fasep.it\/fr\/contactez-nous\/#breadcrumb","itemListElement":[{"@type":"ListItem","position":1,"name":"Home","item":"https:\/\/www.fasep.it\/fr\/"},{"@type":"ListItem","position":2,"name":"Contactez-nous"}]},{"@type":"WebSite","@id":"https:\/\/www.fasep.it\/fr\/#website","url":"https:\/\/www.fasep.it\/fr\/","name":"Fasep 2000 srl","description":"","potentialAction":[{"@type":"SearchAction","target":{"@type":"EntryPoint","urlTemplate":"https:\/\/www.fasep.it\/fr\/?s={search_term_string}"},"query-input":{"@type":"PropertyValueSpecification","valueRequired":true,"valueName":"search_term_string"}}],"inLanguage":"fr-FR"}]}},"_links":{"self":[{"href":"https:\/\/www.fasep.it\/fr\/wp-json\/wp\/v2\/pages\/2949","targetHints":{"allow":["GET"]}}],"collection":[{"href":"https:\/\/www.fasep.it\/fr\/wp-json\/wp\/v2\/pages"}],"about":[{"href":"https:\/\/www.fasep.it\/fr\/wp-json\/wp\/v2\/types\/page"}],"author":[{"embeddable":true,"href":"https:\/\/www.fasep.it\/fr\/wp-json\/wp\/v2\/users\/1"}],"replies":[{"embeddable":true,"href":"https:\/\/www.fasep.it\/fr\/wp-json\/wp\/v2\/comments?post=2949"}],"version-history":[{"count":20,"href":"https:\/\/www.fasep.it\/fr\/wp-json\/wp\/v2\/pages\/2949\/revisions"}],"predecessor-version":[{"id":8424,"href":"https:\/\/www.fasep.it\/fr\/wp-json\/wp\/v2\/pages\/2949\/revisions\/8424"}],"wp:attachment":[{"href":"https:\/\/www.fasep.it\/fr\/wp-json\/wp\/v2\/media?parent=2949"}],"curies":[{"name":"wp","href":"https:\/\/api.w.org\/{rel}","templated":true}]}}