{"id":2910,"date":"2023-12-27T12:14:29","date_gmt":"2023-12-27T11:14:29","guid":{"rendered":"https:\/\/www2.fasep.it\/chi-siamo\/"},"modified":"2025-08-04T16:36:24","modified_gmt":"2025-08-04T14:36:24","slug":"a-propos-de-nous","status":"publish","type":"page","link":"https:\/\/www.fasep.it\/fr\/a-propos-de-nous\/","title":{"rendered":"\u00c0 propos de nous"},"content":{"rendered":"<div id='full_slider_1'  class='avia-fullwidth-slider main_color avia-shadow   avia-builder-el-0  el_before_av_section  avia-builder-el-first   container_wrap sidebar_right'  >\n<style type=\"text\/css\" data-created_by=\"avia_inline_auto\" id=\"style-css-av-m5i15slx-f826c3d5ce4ca2879cc1b19be5753fbd\">\n#top #wrap_all .avia-slideshow .av-slideshow-caption.av-m5i15slx-f826c3d5ce4ca2879cc1b19be5753fbd__0 .avia-caption-title{\nfont-size:40px;\ncolor:#ffffff;\n}\n#top .avia-slideshow .av-slideshow-caption.av-m5i15slx-f826c3d5ce4ca2879cc1b19be5753fbd__0 .avia-caption-content{\nfont-size:22px;\ncolor:#ffffff;\n}\n#top .avia-slideshow .av-slideshow-caption.av-m5i15slx-f826c3d5ce4ca2879cc1b19be5753fbd__0 .avia-caption-content p{\nfont-size:22px;\n}\n<\/style>\n<div  class='avia-slideshow av-m5i15slx-f826c3d5ce4ca2879cc1b19be5753fbd avia-slideshow-featured av_slideshow_full avia-slide-slider av-slideshow-ui av-control-default av-slideshow-manual av-loop-once av-loop-manual-endless av-default-height-applied   avia-slideshow-1' data-slideshow-options=\"{&quot;animation&quot;:&quot;slide&quot;,&quot;autoplay&quot;:false,&quot;loop_autoplay&quot;:&quot;once&quot;,&quot;interval&quot;:5,&quot;loop_manual&quot;:&quot;manual-endless&quot;,&quot;autoplay_stopper&quot;:false,&quot;noNavigation&quot;:false,&quot;bg_slider&quot;:false,&quot;keep_padding&quot;:false,&quot;hoverpause&quot;:false,&quot;show_slide_delay&quot;:0}\"  itemprop=\"image\" itemscope=\"itemscope\" itemtype=\"https:\/\/schema.org\/ImageObject\" ><ul class='avia-slideshow-inner ' style='padding-bottom: 28.666666666667%;'><li  class='avia-slideshow-slide av-m5i15slx-f826c3d5ce4ca2879cc1b19be5753fbd__0  av-single-slide slide-1 slide-odd'><div data-rel='slideshow-1' class='avia-slide-wrap '   ><div class='av-slideshow-caption av-m5i15slx-f826c3d5ce4ca2879cc1b19be5753fbd__0 caption_fullwidth caption_left'><div class=\"container caption_container\"><div class=\"slideshow_caption\"><div class=\"slideshow_inner_caption\"><div class=\"slideshow_align_caption\"><h2 class='avia-caption-title '  itemprop=\"name\" >\u00c0 propos de nous<\/h2><div class='avia-caption-content av_inherit_color'  itemprop=\"description\" ><p>Notre esprit, notre mission&#8230;<\/p>\n<\/div><\/div><\/div><\/div><\/div><\/div><img decoding=\"async\" fetchpriority=\"high\" class=\"wp-image-3995 avia-img-lazy-loading-not-3995\"  src=\"https:\/\/www.fasep.it\/wp-content\/uploads\/2025\/01\/chi-siamo-1500x430.jpg\" width=\"1500\" height=\"430\" title='chi-siamo' alt=''  itemprop=\"thumbnailUrl\"   \/><\/div><\/li><\/ul><\/div><\/div>\n\n<div id='av_section_1'  class='avia-section av-13xld-6d595901470ae0fde955ee446591686a main_color avia-section-default avia-no-border-styling  avia-builder-el-1  el_after_av_slideshow_full  el_before_av_section  chi-siamo avia-bg-style-scroll container_wrap sidebar_right'  ><div class='container av-section-cont-open' ><div class='template-page content  av-content-small alpha units'><div class='post-entry post-entry-type-page post-entry-2910'><div class='entry-content-wrapper clearfix'>\n\n\n<style type=\"text\/css\" data-created_by=\"avia_inline_auto\" id=\"style-css-av-lx4clwul-ea5ae843a0bfe46883dba14dd73c16c3\">\n#top .hr.hr-invisible.av-lx4clwul-ea5ae843a0bfe46883dba14dd73c16c3{\nheight:50px;\n}\n<\/style>\n<div  class='hr av-lx4clwul-ea5ae843a0bfe46883dba14dd73c16c3 hr-invisible  avia-builder-el-2  el_before_av_textblock  avia-builder-el-first '><span class='hr-inner '><span class=\"hr-inner-style\"><\/span><\/span><\/div>\n\n<section  class='av_textblock_section av-lx4ci6g0-943587a6af9fecf15dc01885ba3fefe6 '   itemscope=\"itemscope\" itemtype=\"https:\/\/schema.org\/CreativeWork\" ><div class='avia_textblock chi-siamo_title'  itemprop=\"text\" ><h2 style=\"text-align: center;\"><strong>Depuis 1969, le FASEP est<br \/>\nPASSION<br \/>\nCOMP\u00c9TENCE<br \/>\nENGAGE<\/strong><\/h2>\n<\/div><\/section>\n\n\n<style type=\"text\/css\" data-created_by=\"avia_inline_auto\" id=\"style-css-av-m5i128ga-b7455abcd36f63d991a9c15168f25165\">\n#top .av-special-heading.av-m5i128ga-b7455abcd36f63d991a9c15168f25165{\npadding-bottom:10px;\n}\nbody .av-special-heading.av-m5i128ga-b7455abcd36f63d991a9c15168f25165 .av-special-heading-tag .heading-char{\nfont-size:25px;\n}\n.av-special-heading.av-m5i128ga-b7455abcd36f63d991a9c15168f25165 .av-subheading{\nfont-size:15px;\n}\n<\/style>\n<div  class='av-special-heading av-m5i128ga-b7455abcd36f63d991a9c15168f25165 av-special-heading-h3 blockquote modern-quote modern-centered  avia-builder-el-4  el_after_av_textblock  el_before_av_heading  chi-siamo_subtitle'><h3 class='av-special-heading-tag '  itemprop=\"headline\"  >NOUS CONCEVONS et PRODUISONS des aligneurs de roues, des \u00e9quilibreurs et des d\u00e9monte-pneus en ITALIE, export\u00e9s dans plus de 50 pays \u00e0 travers le monde.<\/h3><div class=\"special-heading-border\"><div class=\"special-heading-inner-border\"><\/div><\/div><\/div>\n\n\n<style type=\"text\/css\" data-created_by=\"avia_inline_auto\" id=\"style-css-av-m5i12gnq-ab956ef593bd539ab3197fa4f1168e58\">\n#top .av-special-heading.av-m5i12gnq-ab956ef593bd539ab3197fa4f1168e58{\npadding-bottom:10px;\n}\nbody .av-special-heading.av-m5i12gnq-ab956ef593bd539ab3197fa4f1168e58 .av-special-heading-tag .heading-char{\nfont-size:25px;\n}\n.av-special-heading.av-m5i12gnq-ab956ef593bd539ab3197fa4f1168e58 .av-subheading{\nfont-size:15px;\n}\n<\/style>\n<div  class='av-special-heading av-m5i12gnq-ab956ef593bd539ab3197fa4f1168e58 av-special-heading-h4 blockquote modern-quote modern-centered  avia-builder-el-5  el_after_av_heading  el_before_av_hr  chi-siamo_subtitle'><h4 class='av-special-heading-tag '  itemprop=\"headline\"  >Nous croyons aux id\u00e9es, \u00e0 l\u2019innovation mais surtout aux personnes.<\/h4><div class=\"special-heading-border\"><div class=\"special-heading-inner-border\"><\/div><\/div><\/div>\n\n\n<style type=\"text\/css\" data-created_by=\"avia_inline_auto\" id=\"style-css-av-m5i1u6zz-75ce7ce2eac536d245845beb5f47fb52\">\n#top .hr.hr-invisible.av-m5i1u6zz-75ce7ce2eac536d245845beb5f47fb52{\nheight:50px;\n}\n<\/style>\n<div  class='hr av-m5i1u6zz-75ce7ce2eac536d245845beb5f47fb52 hr-invisible  avia-builder-el-6  el_after_av_heading  el_before_av_one_third '><span class='hr-inner '><span class=\"hr-inner-style\"><\/span><\/span><\/div>\n\n<div  class='flex_column av-8syfl-fadb98b5fc12a0e6147d29b3d1e0388a av_one_third  avia-builder-el-7  el_after_av_hr  el_before_av_one_third  chi-siamo_column first flex_column_div  '     ><style type=\"text\/css\" data-created_by=\"avia_inline_auto\" id=\"style-css-av-m5i1310q-9363a9fd3c52e7d82d1b2367c8c6e2f5\">\n#top .av-special-heading.av-m5i1310q-9363a9fd3c52e7d82d1b2367c8c6e2f5{\npadding-bottom:10px;\n}\nbody .av-special-heading.av-m5i1310q-9363a9fd3c52e7d82d1b2367c8c6e2f5 .av-special-heading-tag .heading-char{\nfont-size:25px;\n}\n.av-special-heading.av-m5i1310q-9363a9fd3c52e7d82d1b2367c8c6e2f5 .av-subheading{\nfont-size:15px;\n}\n<\/style>\n<div  class='av-special-heading av-m5i1310q-9363a9fd3c52e7d82d1b2367c8c6e2f5 av-special-heading-h3 blockquote modern-quote  avia-builder-el-8  el_before_av_textblock  avia-builder-el-first '><h3 class='av-special-heading-tag '  itemprop=\"headline\"  >INNOVATION<\/h3><div class=\"special-heading-border\"><div class=\"special-heading-inner-border\"><\/div><\/div><\/div>\n<section  class='av_textblock_section av-m5i13c3h-321e7161a7e61a5585c8f13f41b447a3 '   itemscope=\"itemscope\" itemtype=\"https:\/\/schema.org\/CreativeWork\" ><div class='avia_textblock'  itemprop=\"text\" ><h4>CHANGER POUR GRANDIR<\/h4>\n<p>Depuis que nous avons cr\u00e9\u00e9 le premier aligneur \u00e9lectronique de roues en Italie en 1974, gr\u00e2ce aux innovations en mati\u00e8re d&rsquo;\u00e9lectronique num\u00e9rique des ann\u00e9es 90, nous n&rsquo;avons jamais cess\u00e9 d&rsquo;innover.<\/p>\n<\/div><\/section><\/div><div  class='flex_column av-3s4mt-37cc25e3243c37401b5efb859f02c7e4 av_one_third  avia-builder-el-10  el_after_av_one_third  el_before_av_one_third  chi-siamo_column flex_column_div  '     ><style type=\"text\/css\" data-created_by=\"avia_inline_auto\" id=\"style-css-av-3f319-34d40f1ffdd15c4b320cc33508343c72\">\n#top .av-special-heading.av-3f319-34d40f1ffdd15c4b320cc33508343c72{\npadding-bottom:10px;\n}\nbody .av-special-heading.av-3f319-34d40f1ffdd15c4b320cc33508343c72 .av-special-heading-tag .heading-char{\nfont-size:25px;\n}\n.av-special-heading.av-3f319-34d40f1ffdd15c4b320cc33508343c72 .av-subheading{\nfont-size:15px;\n}\n<\/style>\n<div  class='av-special-heading av-3f319-34d40f1ffdd15c4b320cc33508343c72 av-special-heading-h3 blockquote modern-quote  avia-builder-el-11  el_before_av_textblock  avia-builder-el-first '><h3 class='av-special-heading-tag '  itemprop=\"headline\"  >PASSION<\/h3><div class=\"special-heading-border\"><div class=\"special-heading-inner-border\"><\/div><\/div><\/div>\n<section  class='av_textblock_section av-2w309-0623a2feb98a6c8d98046401b8798943 '   itemscope=\"itemscope\" itemtype=\"https:\/\/schema.org\/CreativeWork\" ><div class='avia_textblock'  itemprop=\"text\" ><h4>DES PARTENAIRES, PAS SEULEMENT DES FOURNISSEURS<\/h4>\n<p>Dans un monde de voix enregistr\u00e9es et de centres d\u2019appels, nos clients savent qu\u2019ils peuvent compter sur un personnel qui leur consacre temps, attention et professionnalisme. La confiance de ceux qui nous choisissent est notre r\u00e9ussite.<\/p>\n<\/div><\/section><\/div><div  class='flex_column av-1zrqh-7715b082eb89fd9e37496d17e937cbfd av_one_third  avia-builder-el-13  el_after_av_one_third  avia-builder-el-last  chi-siamo_column flex_column_div  '     ><style type=\"text\/css\" data-created_by=\"avia_inline_auto\" id=\"style-css-av-1bv35-2b26dfbf454b461c99fc012c19bc9ea6\">\n#top .av-special-heading.av-1bv35-2b26dfbf454b461c99fc012c19bc9ea6{\npadding-bottom:10px;\n}\nbody .av-special-heading.av-1bv35-2b26dfbf454b461c99fc012c19bc9ea6 .av-special-heading-tag .heading-char{\nfont-size:25px;\n}\n.av-special-heading.av-1bv35-2b26dfbf454b461c99fc012c19bc9ea6 .av-subheading{\nfont-size:15px;\n}\n<\/style>\n<div  class='av-special-heading av-1bv35-2b26dfbf454b461c99fc012c19bc9ea6 av-special-heading-h3 blockquote modern-quote  avia-builder-el-14  el_before_av_textblock  avia-builder-el-first '><h3 class='av-special-heading-tag '  itemprop=\"headline\"  >QUALIT\u00c9\u2019<\/h3><div class=\"special-heading-border\"><div class=\"special-heading-inner-border\"><\/div><\/div><\/div>\n<section  class='av_textblock_section av-oqzl-22511af9404e20eed3bf508f441038eb '   itemscope=\"itemscope\" itemtype=\"https:\/\/schema.org\/CreativeWork\" ><div class='avia_textblock'  itemprop=\"text\" ><h4>SERVICES ET PRODUITS PERSONNALIS\u00c9S<\/h4>\n<p>Nous vendons dans le monde entier des \u00e9quipements qui garantissent au client final des voitures s\u00fbres et performantes : nous le faisons gr\u00e2ce \u00e0 un contr\u00f4le qualit\u00e9 minutieux et un service client personnalis\u00e9.<\/p>\n<\/div><\/section><\/div><\/div><\/div><\/div><!-- close content main div --><\/div><\/div>\n<style type=\"text\/css\" data-created_by=\"avia_inline_auto\" id=\"style-css-av-4qbq9-7b4aeb0d5b51c3d1601aa479455e3dc8\">\n.avia-section.av-4qbq9-7b4aeb0d5b51c3d1601aa479455e3dc8{\nbackground-color:#f9f9f9;\nbackground-image:unset;\n}\n<\/style>\n<div id='av_section_2'  class='avia-section av-4qbq9-7b4aeb0d5b51c3d1601aa479455e3dc8 main_color avia-section-default avia-no-border-styling  avia-builder-el-16  el_after_av_section  el_before_av_section  chi-siamo avia-bg-style-scroll container_wrap sidebar_right'  ><div class='container av-section-cont-open' ><div class='template-page content  av-content-small alpha units'><div class='post-entry post-entry-type-page post-entry-2910'><div class='entry-content-wrapper clearfix'>\n<section  class='av_textblock_section av-m5i1485o-1c4c192d80906352e1dc8e9f281d63fd '   itemscope=\"itemscope\" itemtype=\"https:\/\/schema.org\/CreativeWork\" ><div class='avia_textblock chi-siamo_title'  itemprop=\"text\" ><h2 style=\"text-align: center;\">PASSION<\/h2>\n<\/div><\/section>\n\n<section  class='av_textblock_section av-m5i14kzk-0571f983a33973457c3d1dc3bf32dc4e '   itemscope=\"itemscope\" itemtype=\"https:\/\/schema.org\/CreativeWork\" ><div class='avia_textblock chi-siamo_content'  itemprop=\"text\" ><p style=\"text-align: center;\">Mario Boni, le p\u00e8re de Fulvio, a ouvert apr\u00e8s la guerre un petit atelier m\u00e9canique de r\u00e9paration de motos et de m\u00e9canisation de m\u00e9tiers \u00e0 textile.<br \/>\nLe <strong>FASEP<\/strong> est alors n\u00e9 dans cet atelier.<br \/>\nLe <strong>FASEP<\/strong> a \u00e9t\u00e9 fond\u00e9 par Fulvio Boni en 1969, avec un capital constitu\u00e9 uniquement d&rsquo;id\u00e9es hors du commun et une volont\u00e9 obstin\u00e9e de les r\u00e9aliser, m\u00eame si parfois contraire aux convictions techniques de ces ann\u00e9es-l\u00e0.<br \/>\nGr\u00e2ce \u00e0 cela, d\u00e8s le d\u00e9but, les produits <strong>FASEP<\/strong> se caract\u00e9risent par un contenu, une technologie et un design fortement innovants.<\/p>\n<\/div><\/section>\n\n\n<\/div><\/div><\/div><!-- close content main div --><\/div><\/div><div id='av_section_3'  class='avia-section av-noep-bd9532e0737c40edf9d5bc8f3ec519bf main_color avia-section-default avia-no-border-styling  avia-builder-el-19  el_after_av_section  el_before_av_section  chi-siamo avia-bg-style-scroll container_wrap sidebar_right'  ><div class='container av-section-cont-open' ><div class='template-page content  av-content-small alpha units'><div class='post-entry post-entry-type-page post-entry-2910'><div class='entry-content-wrapper clearfix'>\n\n<section  class='av_textblock_section av-m5i265hb-4d27c12de1c80df681b99ab1fbb9cb39 '   itemscope=\"itemscope\" itemtype=\"https:\/\/schema.org\/CreativeWork\" ><div class='avia_textblock chi-siamo_title'  itemprop=\"text\" ><h2 style=\"text-align: center;\"> COMP\u00c9TENCE <\/h2>\n<\/div><\/section>\n\n<section  class='av_textblock_section av-m5i26eo8-23244976f8da91a6f57c3b55e79db597 '   itemscope=\"itemscope\" itemtype=\"https:\/\/schema.org\/CreativeWork\" ><div class='avia_textblock chi-siamo_content'  itemprop=\"text\" ><p style=\"text-align: center;\">Depuis plus de 50 ans, la force de notre entreprise repose sur la <strong>conception, conception et production de m\u00e9canique et d&rsquo;\u00e9lectronique<\/strong> appliqu\u00e9es aux \u00e9quilibreuses de roues et aux aligneurs de roues, enti\u00e8rement r\u00e9alis\u00e9es dans notre usine de Ronta (Florence).<br \/>\nCette forte sp\u00e9cialisation nous a permis au fil des ann\u00e9es d&rsquo;accumuler un savoir-faire, des connaissances sp\u00e9cifiques et de pouvoir proposer des produits, des nouveaut\u00e9s et des solutions <strong>uniques et innovantes<\/strong>, \u00e0 tel point que nous produisons \u00e9galement nos machines pour le compte d&rsquo;autres marques connues du secteur<\/p>\n<\/div><\/section>\n\n<\/div><\/div><\/div><!-- close content main div --><\/div><\/div>\n<style type=\"text\/css\" data-created_by=\"avia_inline_auto\" id=\"style-css-av-m5i27qvz-810c796d9eca3942c2f8801514e57b10\">\n.avia-section.av-m5i27qvz-810c796d9eca3942c2f8801514e57b10{\nbackground-color:#f9f9f9;\nbackground-image:unset;\n}\n<\/style>\n<div id='av_section_4'  class='avia-section av-m5i27qvz-810c796d9eca3942c2f8801514e57b10 main_color avia-section-default avia-no-border-styling  avia-builder-el-22  el_after_av_section  avia-builder-el-last  chi-siamo avia-bg-style-scroll container_wrap sidebar_right'  ><div class='container av-section-cont-open' ><div class='template-page content  av-content-small alpha units'><div class='post-entry post-entry-type-page post-entry-2910'><div class='entry-content-wrapper clearfix'>\n\n<section  class='av_textblock_section av-m5i26qa3-48b2d753ceb2ca4a22be894c2dd99405 '   itemscope=\"itemscope\" itemtype=\"https:\/\/schema.org\/CreativeWork\" ><div class='avia_textblock chi-siamo_title'  itemprop=\"text\" ><h2 style=\"text-align: center;\">ENGAGE<\/h2>\n<\/div><\/section>\n\n<section  class='av_textblock_section av-m5i26vjb-382497b35cd901b193efc066821b5dbd '   itemscope=\"itemscope\" itemtype=\"https:\/\/schema.org\/CreativeWork\" ><div class='avia_textblock chi-siamo_content'  itemprop=\"text\" ><p style=\"text-align: center;\">Notre conception, \u00e0 partir de la <strong>conception m\u00e9canique<\/strong>, est enti\u00e8rement r\u00e9alis\u00e9e au sein de notre entreprise avec les instruments et logiciels les plus modernes.<br \/>\nM\u00eame la <strong>conception \u00e9lectronique<\/strong> a toujours \u00e9t\u00e9 un atout interne du <strong>FASEP<\/strong>, confi\u00e9 \u00e0 des professionnels poss\u00e9dant une exp\u00e9rience et une capacit\u00e9 av\u00e9r\u00e9es.<br \/>\n<strong>Le logiciel de nos \u00e9quipements<\/strong> est enti\u00e8rement d\u00e9velopp\u00e9 en interne et constitue le c\u0153ur des produits <strong>FASEP<\/strong> et se distingue par leur qualit\u00e9 et leurs contenus innovants.<\/p>\n<\/div><\/section>\n\n<\/div><\/div><\/div><!-- close content main div --><\/div><\/div><div id='after_section_4'  class='main_color av_default_container_wrap container_wrap sidebar_right'  ><div class='container av-section-cont-open' ><div class='template-page content  av-content-small alpha units'><div class='post-entry post-entry-type-page post-entry-2910'><div class='entry-content-wrapper clearfix'>","protected":false},"excerpt":{"rendered":"","protected":false},"author":1,"featured_media":0,"parent":0,"menu_order":2,"comment_status":"closed","ping_status":"closed","template":"","meta":{"_acf_changed":false,"footnotes":""},"class_list":["post-2910","page","type-page","status-publish","hentry"],"acf":[],"yoast_head":"<!-- This site is optimized with the Yoast SEO plugin v25.7 - https:\/\/yoast.com\/wordpress\/plugins\/seo\/ -->\n<title>\u00c0 propos de FASEP \u2013 Fabricant italien d&#039;appareils de g\u00e9om\u00e9trie et d&#039;\u00e9quilibreuses<\/title>\n<meta name=\"description\" content=\"D\u00e9couvrez comment FASEP est pass\u00e9e d\u2019un petit atelier en 1969 \u00e0 un fournisseur mondial d\u2019appareils de g\u00e9om\u00e9trie, \u00e9quilibreuses et d\u00e9monte-pneus. Explorez notre passion, notre innovation et notre savoir-faire italien.\" \/>\n<meta name=\"robots\" content=\"index, follow, max-snippet:-1, max-image-preview:large, max-video-preview:-1\" \/>\n<meta property=\"og:locale\" content=\"fr_FR\" \/>\n<meta property=\"og:type\" content=\"article\" \/>\n<meta property=\"og:title\" content=\"\u00c0 propos de FASEP \u2013 Fabricant italien d&#039;appareils de g\u00e9om\u00e9trie et d&#039;\u00e9quilibreuses\" \/>\n<meta property=\"og:description\" content=\"D\u00e9couvrez comment FASEP est pass\u00e9e d\u2019un petit atelier en 1969 \u00e0 un fournisseur mondial d\u2019appareils de g\u00e9om\u00e9trie, \u00e9quilibreuses et d\u00e9monte-pneus. Explorez notre passion, notre innovation et notre savoir-faire italien.\" \/>\n<meta property=\"og:url\" content=\"https:\/\/www.fasep.it\/fr\/a-propos-de-nous\/\" \/>\n<meta property=\"og:site_name\" content=\"Fasep 2000 srl\" \/>\n<meta property=\"article:modified_time\" content=\"2025-08-04T14:36:24+00:00\" \/>\n<meta name=\"twitter:card\" content=\"summary_large_image\" \/>\n<meta name=\"twitter:label1\" content=\"Dur\u00e9e de lecture estim\u00e9e\" \/>\n\t<meta name=\"twitter:data1\" content=\"28 minutes\" \/>\n<script type=\"application\/ld+json\" class=\"yoast-schema-graph\">{\"@context\":\"https:\/\/schema.org\",\"@graph\":[{\"@type\":\"WebPage\",\"@id\":\"https:\/\/www.fasep.it\/fr\/a-propos-de-nous\/\",\"url\":\"https:\/\/www.fasep.it\/fr\/a-propos-de-nous\/\",\"name\":\"\u00c0 propos de FASEP \u2013 Fabricant italien d'appareils de g\u00e9om\u00e9trie et d'\u00e9quilibreuses\",\"isPartOf\":{\"@id\":\"https:\/\/www.fasep.it\/fr\/#website\"},\"datePublished\":\"2023-12-27T11:14:29+00:00\",\"dateModified\":\"2025-08-04T14:36:24+00:00\",\"description\":\"D\u00e9couvrez comment FASEP est pass\u00e9e d\u2019un petit atelier en 1969 \u00e0 un fournisseur mondial d\u2019appareils de g\u00e9om\u00e9trie, \u00e9quilibreuses et d\u00e9monte-pneus. Explorez notre passion, notre innovation et notre savoir-faire italien.\",\"breadcrumb\":{\"@id\":\"https:\/\/www.fasep.it\/fr\/a-propos-de-nous\/#breadcrumb\"},\"inLanguage\":\"fr-FR\",\"potentialAction\":[{\"@type\":\"ReadAction\",\"target\":[\"https:\/\/www.fasep.it\/fr\/a-propos-de-nous\/\"]}]},{\"@type\":\"BreadcrumbList\",\"@id\":\"https:\/\/www.fasep.it\/fr\/a-propos-de-nous\/#breadcrumb\",\"itemListElement\":[{\"@type\":\"ListItem\",\"position\":1,\"name\":\"Home\",\"item\":\"https:\/\/www.fasep.it\/fr\/\"},{\"@type\":\"ListItem\",\"position\":2,\"name\":\"\u00c0 propos de nous\"}]},{\"@type\":\"WebSite\",\"@id\":\"https:\/\/www.fasep.it\/fr\/#website\",\"url\":\"https:\/\/www.fasep.it\/fr\/\",\"name\":\"Fasep 2000 srl\",\"description\":\"\",\"potentialAction\":[{\"@type\":\"SearchAction\",\"target\":{\"@type\":\"EntryPoint\",\"urlTemplate\":\"https:\/\/www.fasep.it\/fr\/?s={search_term_string}\"},\"query-input\":{\"@type\":\"PropertyValueSpecification\",\"valueRequired\":true,\"valueName\":\"search_term_string\"}}],\"inLanguage\":\"fr-FR\"}]}<\/script>\n<!-- \/ Yoast SEO plugin. -->","yoast_head_json":{"title":"\u00c0 propos de FASEP \u2013 Fabricant italien d'appareils de g\u00e9om\u00e9trie et d'\u00e9quilibreuses","description":"D\u00e9couvrez comment FASEP est pass\u00e9e d\u2019un petit atelier en 1969 \u00e0 un fournisseur mondial d\u2019appareils de g\u00e9om\u00e9trie, \u00e9quilibreuses et d\u00e9monte-pneus. Explorez notre passion, notre innovation et notre savoir-faire italien.","robots":{"index":"index","follow":"follow","max-snippet":"max-snippet:-1","max-image-preview":"max-image-preview:large","max-video-preview":"max-video-preview:-1"},"og_locale":"fr_FR","og_type":"article","og_title":"\u00c0 propos de FASEP \u2013 Fabricant italien d'appareils de g\u00e9om\u00e9trie et d'\u00e9quilibreuses","og_description":"D\u00e9couvrez comment FASEP est pass\u00e9e d\u2019un petit atelier en 1969 \u00e0 un fournisseur mondial d\u2019appareils de g\u00e9om\u00e9trie, \u00e9quilibreuses et d\u00e9monte-pneus. Explorez notre passion, notre innovation et notre savoir-faire italien.","og_url":"https:\/\/www.fasep.it\/fr\/a-propos-de-nous\/","og_site_name":"Fasep 2000 srl","article_modified_time":"2025-08-04T14:36:24+00:00","twitter_card":"summary_large_image","twitter_misc":{"Dur\u00e9e de lecture estim\u00e9e":"28 minutes"},"schema":{"@context":"https:\/\/schema.org","@graph":[{"@type":"WebPage","@id":"https:\/\/www.fasep.it\/fr\/a-propos-de-nous\/","url":"https:\/\/www.fasep.it\/fr\/a-propos-de-nous\/","name":"\u00c0 propos de FASEP \u2013 Fabricant italien d'appareils de g\u00e9om\u00e9trie et d'\u00e9quilibreuses","isPartOf":{"@id":"https:\/\/www.fasep.it\/fr\/#website"},"datePublished":"2023-12-27T11:14:29+00:00","dateModified":"2025-08-04T14:36:24+00:00","description":"D\u00e9couvrez comment FASEP est pass\u00e9e d\u2019un petit atelier en 1969 \u00e0 un fournisseur mondial d\u2019appareils de g\u00e9om\u00e9trie, \u00e9quilibreuses et d\u00e9monte-pneus. Explorez notre passion, notre innovation et notre savoir-faire italien.","breadcrumb":{"@id":"https:\/\/www.fasep.it\/fr\/a-propos-de-nous\/#breadcrumb"},"inLanguage":"fr-FR","potentialAction":[{"@type":"ReadAction","target":["https:\/\/www.fasep.it\/fr\/a-propos-de-nous\/"]}]},{"@type":"BreadcrumbList","@id":"https:\/\/www.fasep.it\/fr\/a-propos-de-nous\/#breadcrumb","itemListElement":[{"@type":"ListItem","position":1,"name":"Home","item":"https:\/\/www.fasep.it\/fr\/"},{"@type":"ListItem","position":2,"name":"\u00c0 propos de nous"}]},{"@type":"WebSite","@id":"https:\/\/www.fasep.it\/fr\/#website","url":"https:\/\/www.fasep.it\/fr\/","name":"Fasep 2000 srl","description":"","potentialAction":[{"@type":"SearchAction","target":{"@type":"EntryPoint","urlTemplate":"https:\/\/www.fasep.it\/fr\/?s={search_term_string}"},"query-input":{"@type":"PropertyValueSpecification","valueRequired":true,"valueName":"search_term_string"}}],"inLanguage":"fr-FR"}]}},"_links":{"self":[{"href":"https:\/\/www.fasep.it\/fr\/wp-json\/wp\/v2\/pages\/2910","targetHints":{"allow":["GET"]}}],"collection":[{"href":"https:\/\/www.fasep.it\/fr\/wp-json\/wp\/v2\/pages"}],"about":[{"href":"https:\/\/www.fasep.it\/fr\/wp-json\/wp\/v2\/types\/page"}],"author":[{"embeddable":true,"href":"https:\/\/www.fasep.it\/fr\/wp-json\/wp\/v2\/users\/1"}],"replies":[{"embeddable":true,"href":"https:\/\/www.fasep.it\/fr\/wp-json\/wp\/v2\/comments?post=2910"}],"version-history":[{"count":14,"href":"https:\/\/www.fasep.it\/fr\/wp-json\/wp\/v2\/pages\/2910\/revisions"}],"predecessor-version":[{"id":10524,"href":"https:\/\/www.fasep.it\/fr\/wp-json\/wp\/v2\/pages\/2910\/revisions\/10524"}],"wp:attachment":[{"href":"https:\/\/www.fasep.it\/fr\/wp-json\/wp\/v2\/media?parent=2910"}],"curies":[{"name":"wp","href":"https:\/\/api.w.org\/{rel}","templated":true}]}}