{"id":9504,"date":"2025-07-16T11:41:49","date_gmt":"2025-07-16T09:41:49","guid":{"rendered":"https:\/\/www.fasep.it\/productos\/\/r006.003"},"modified":"2026-03-31T10:18:39","modified_gmt":"2026-03-31T08:18:39","slug":"es-r006.003","status":"publish","type":"product","link":"https:\/\/www.fasep.it\/es\/productos\/enderezadoras-de-llantas\/r006.003\/","title":{"rendered":"ELEGANCE"},"content":{"rendered":"<font color=\"#0055BB\"><strong>Toda rueda tiene derecho a ser renovada<\/font><\/strong><br>\r\nHemos desarrollado para usted la mejor soluci\u00f3n para las ruedas que no s\u00f3lo est\u00e1n rayadas, sino que tambi\u00e9n necesitan modificaciones y merecen ser renovadas. Experto en llantas m\u00e1s brillantes y lisas, Elegance le ofrece llantas que parecer\u00e1n reci\u00e9n salidas de f\u00e1brica.<br>\r\n<br>\r\nFuerte, duradero, \u00e1gil y r\u00edgido. As\u00ed es como definimos el dise\u00f1o de Elegance. Es una aut\u00e9ntica maravilla del dise\u00f1o, con dise\u00f1os de cristal panor\u00e1mico, iluminaci\u00f3n interior brillante, panel de control plegable, sistema de puertas combinadas y mucho m\u00e1s.<br>\r\n<br>\r\nSabemos que no hay espacio para nada innecesario.<br>\r\nPor eso hemos preparado un s\u00f3lido dise\u00f1o de armario que almacenar\u00e1 todas las prestaciones en 2,14 m2.<br>\r\nVeamos lo que hemos hecho por ti.<br>\r\n<br>\r\n<i>Caracter\u00edsticas:<ul>\r\n<li>Sistema de control de circuito cerrado\r\n<li>Motor del eje X de 1,1 kW\r\n<li>Motor del eje Z de 1,1 kW con freno\r\n<li>Motor husillo 380V 5,5 kW (1250 rpm)\r\n<li>Corte horizontal de 28&#8243;\r\n<li>Corte vertical de 22&#8243;\r\n<li>Altura m\u00e1xima de corte de 15&#8243; (381 mm)\r\n<li>Mandril de 12&#8243; con garras reforzadas\r\n<\/ul>","protected":false},"excerpt":{"rendered":"<font color=\"#0055BB\"><strong>Toda rueda tiene derecho a ser renovada<\/font><\/strong><br>\r\nHemos desarrollado para usted la mejor soluci\u00f3n para las ruedas que no s\u00f3lo est\u00e1n rayadas, sino que tambi\u00e9n necesitan modificaciones y merecen ser renovadas. Experto en llantas m\u00e1s brillantes y lisas, Elegance le ofrece llantas que parecer\u00e1n reci\u00e9n salidas de f\u00e1brica.<br>\r\n<br>\r\nFuerte, duradero, \u00e1gil y r\u00edgido. As\u00ed es como definimos el dise\u00f1o de Elegance. Es una aut\u00e9ntica maravilla del dise\u00f1o, con dise\u00f1os de cristal panor\u00e1mico, iluminaci\u00f3n interior brillante, panel de control plegable, sistema de puertas combinadas y mucho m\u00e1s.<br>\r\n<br>\r\nSabemos que no hay espacio para nada innecesario.<br>\r\nPor eso hemos preparado un s\u00f3lido dise\u00f1o de armario que almacenar\u00e1 todas las prestaciones en 2,14 m2.<br>\r\nVeamos lo que hemos hecho por ti.<br>\r\n<br>\r\n<i>Caracter\u00edsticas:<ul>\r\n<li>Sistema de control de circuito cerrado\r\n<li>Motor del eje X de 1,1 kW\r\n<li>Motor del eje Z de 1,1 kW con freno\r\n<li>Motor husillo 380V 5,5 kW (1250 rpm)\r\n<li>Corte horizontal de 28&#8243;\r\n<li>Corte vertical de 22&#8243;\r\n<li>Altura m\u00e1xima de corte de 15&#8243; (381 mm)\r\n<li>Mandril de 12&#8243; con garras reforzadas\r\n<\/ul>","protected":false},"featured_media":0,"template":"","meta":{"_acf_changed":false},"product_brand":[],"product_cat":[],"product_tag":[],"class_list":{"0":"post-9504","1":"product","2":"type-product","3":"status-publish","6":"first","7":"instock","8":"shipping-taxable","9":"product-type-simple"},"acf":[],"yoast_head":"<!-- This site is optimized with the Yoast SEO plugin v25.7 - https:\/\/yoast.com\/wordpress\/plugins\/seo\/ -->\n<title>ELEGANCE<\/title>\n<meta name=\"robots\" content=\"index, follow, max-snippet:-1, max-image-preview:large, max-video-preview:-1\" \/>\n<meta property=\"og:locale\" content=\"es_ES\" \/>\n<meta property=\"og:type\" content=\"article\" \/>\n<meta property=\"og:title\" content=\"ELEGANCE\" \/>\n<meta property=\"og:description\" content=\"Toda rueda tiene derecho a ser renovada Hemos desarrollado para usted la mejor soluci\u00f3n para las ruedas que no s\u00f3lo est\u00e1n rayadas, sino que tambi\u00e9n necesitan modificaciones y merecen ser renovadas. Experto en llantas m\u00e1s brillantes y lisas, Elegance le ofrece llantas que parecer\u00e1n reci\u00e9n salidas de f\u00e1brica.  Fuerte, duradero, \u00e1gil y r\u00edgido. As\u00ed es como definimos el dise\u00f1o de Elegance. Es una aut\u00e9ntica maravilla del dise\u00f1o, con dise\u00f1os de cristal panor\u00e1mico, iluminaci\u00f3n interior brillante, panel de control plegable, sistema de puertas combinadas y mucho m\u00e1s.  Sabemos que no hay espacio para nada innecesario. Por eso hemos preparado un s\u00f3lido dise\u00f1o de armario que almacenar\u00e1 todas las prestaciones en 2,14 m2. Veamos lo que hemos hecho por ti.  Caracter\u00edsticas: Sistema de control de circuito cerrado Motor del eje X de 1,1 kW Motor del eje Z de 1,1 kW con freno Motor husillo 380V 5,5 kW (1250 rpm) Corte horizontal de 28&quot; Corte vertical de 22&quot; Altura m\u00e1xima de corte de 15&quot; (381 mm) Mandril de 12&quot; con garras reforzadas\" \/>\n<meta property=\"og:url\" content=\"https:\/\/www.fasep.it\/es\/productos\/enderezadoras-de-llantas\/r006.003\/\" \/>\n<meta property=\"og:site_name\" content=\"Fasep 2000 srl\" \/>\n<meta property=\"article:modified_time\" content=\"2026-03-31T08:18:39+00:00\" \/>\n<meta name=\"twitter:card\" content=\"summary_large_image\" \/>\n<meta name=\"twitter:label1\" content=\"Tiempo de lectura\" \/>\n\t<meta name=\"twitter:data1\" content=\"1 minuto\" \/>\n<script type=\"application\/ld+json\" class=\"yoast-schema-graph\">{\"@context\":\"https:\/\/schema.org\",\"@graph\":[{\"@type\":\"WebPage\",\"@id\":\"https:\/\/www.fasep.it\/es\/productos\/enderezadoras-de-llantas\/r006.003\/\",\"url\":\"https:\/\/www.fasep.it\/es\/productos\/enderezadoras-de-llantas\/r006.003\/\",\"name\":\"ELEGANCE\",\"isPartOf\":{\"@id\":\"https:\/\/www.fasep.it\/es\/#website\"},\"datePublished\":\"2025-07-16T09:41:49+00:00\",\"dateModified\":\"2026-03-31T08:18:39+00:00\",\"breadcrumb\":{\"@id\":\"https:\/\/www.fasep.it\/es\/productos\/enderezadoras-de-llantas\/r006.003\/#breadcrumb\"},\"inLanguage\":\"es\",\"potentialAction\":[{\"@type\":\"ReadAction\",\"target\":[\"https:\/\/www.fasep.it\/es\/productos\/enderezadoras-de-llantas\/r006.003\/\"]}]},{\"@type\":\"BreadcrumbList\",\"@id\":\"https:\/\/www.fasep.it\/es\/productos\/enderezadoras-de-llantas\/r006.003\/#breadcrumb\",\"itemListElement\":[{\"@type\":\"ListItem\",\"position\":1,\"name\":\"Home\",\"item\":\"https:\/\/www.fasep.it\/es\/\"},{\"@type\":\"ListItem\",\"position\":2,\"name\":\"Productos\",\"item\":\"https:\/\/www.fasep.it\/es\/shop\/\"},{\"@type\":\"ListItem\",\"position\":3,\"name\":\"ELEGANCE\"}]},{\"@type\":\"WebSite\",\"@id\":\"https:\/\/www.fasep.it\/es\/#website\",\"url\":\"https:\/\/www.fasep.it\/es\/\",\"name\":\"Fasep 2000 srl\",\"description\":\"\",\"potentialAction\":[{\"@type\":\"SearchAction\",\"target\":{\"@type\":\"EntryPoint\",\"urlTemplate\":\"https:\/\/www.fasep.it\/es\/?s={search_term_string}\"},\"query-input\":{\"@type\":\"PropertyValueSpecification\",\"valueRequired\":true,\"valueName\":\"search_term_string\"}}],\"inLanguage\":\"es\"}]}<\/script>\n<!-- \/ Yoast SEO plugin. -->","yoast_head_json":{"title":"ELEGANCE","robots":{"index":"index","follow":"follow","max-snippet":"max-snippet:-1","max-image-preview":"max-image-preview:large","max-video-preview":"max-video-preview:-1"},"og_locale":"es_ES","og_type":"article","og_title":"ELEGANCE","og_description":"Toda rueda tiene derecho a ser renovada Hemos desarrollado para usted la mejor soluci\u00f3n para las ruedas que no s\u00f3lo est\u00e1n rayadas, sino que tambi\u00e9n necesitan modificaciones y merecen ser renovadas. Experto en llantas m\u00e1s brillantes y lisas, Elegance le ofrece llantas que parecer\u00e1n reci\u00e9n salidas de f\u00e1brica.  Fuerte, duradero, \u00e1gil y r\u00edgido. As\u00ed es como definimos el dise\u00f1o de Elegance. Es una aut\u00e9ntica maravilla del dise\u00f1o, con dise\u00f1os de cristal panor\u00e1mico, iluminaci\u00f3n interior brillante, panel de control plegable, sistema de puertas combinadas y mucho m\u00e1s.  Sabemos que no hay espacio para nada innecesario. Por eso hemos preparado un s\u00f3lido dise\u00f1o de armario que almacenar\u00e1 todas las prestaciones en 2,14 m2. Veamos lo que hemos hecho por ti.  Caracter\u00edsticas: Sistema de control de circuito cerrado Motor del eje X de 1,1 kW Motor del eje Z de 1,1 kW con freno Motor husillo 380V 5,5 kW (1250 rpm) Corte horizontal de 28\" Corte vertical de 22\" Altura m\u00e1xima de corte de 15\" (381 mm) Mandril de 12\" con garras reforzadas","og_url":"https:\/\/www.fasep.it\/es\/productos\/enderezadoras-de-llantas\/r006.003\/","og_site_name":"Fasep 2000 srl","article_modified_time":"2026-03-31T08:18:39+00:00","twitter_card":"summary_large_image","twitter_misc":{"Tiempo de lectura":"1 minuto"},"schema":{"@context":"https:\/\/schema.org","@graph":[{"@type":"WebPage","@id":"https:\/\/www.fasep.it\/es\/productos\/enderezadoras-de-llantas\/r006.003\/","url":"https:\/\/www.fasep.it\/es\/productos\/enderezadoras-de-llantas\/r006.003\/","name":"ELEGANCE","isPartOf":{"@id":"https:\/\/www.fasep.it\/es\/#website"},"datePublished":"2025-07-16T09:41:49+00:00","dateModified":"2026-03-31T08:18:39+00:00","breadcrumb":{"@id":"https:\/\/www.fasep.it\/es\/productos\/enderezadoras-de-llantas\/r006.003\/#breadcrumb"},"inLanguage":"es","potentialAction":[{"@type":"ReadAction","target":["https:\/\/www.fasep.it\/es\/productos\/enderezadoras-de-llantas\/r006.003\/"]}]},{"@type":"BreadcrumbList","@id":"https:\/\/www.fasep.it\/es\/productos\/enderezadoras-de-llantas\/r006.003\/#breadcrumb","itemListElement":[{"@type":"ListItem","position":1,"name":"Home","item":"https:\/\/www.fasep.it\/es\/"},{"@type":"ListItem","position":2,"name":"Productos","item":"https:\/\/www.fasep.it\/es\/shop\/"},{"@type":"ListItem","position":3,"name":"ELEGANCE"}]},{"@type":"WebSite","@id":"https:\/\/www.fasep.it\/es\/#website","url":"https:\/\/www.fasep.it\/es\/","name":"Fasep 2000 srl","description":"","potentialAction":[{"@type":"SearchAction","target":{"@type":"EntryPoint","urlTemplate":"https:\/\/www.fasep.it\/es\/?s={search_term_string}"},"query-input":{"@type":"PropertyValueSpecification","valueRequired":true,"valueName":"search_term_string"}}],"inLanguage":"es"}]}},"_links":{"self":[{"href":"https:\/\/www.fasep.it\/es\/wp-json\/wp\/v2\/product\/9504","targetHints":{"allow":["GET"]}}],"collection":[{"href":"https:\/\/www.fasep.it\/es\/wp-json\/wp\/v2\/product"}],"about":[{"href":"https:\/\/www.fasep.it\/es\/wp-json\/wp\/v2\/types\/product"}],"wp:attachment":[{"href":"https:\/\/www.fasep.it\/es\/wp-json\/wp\/v2\/media?parent=9504"}],"wp:term":[{"taxonomy":"product_brand","embeddable":true,"href":"https:\/\/www.fasep.it\/es\/wp-json\/wp\/v2\/product_brand?post=9504"},{"taxonomy":"product_cat","embeddable":true,"href":"https:\/\/www.fasep.it\/es\/wp-json\/wp\/v2\/product_cat?post=9504"},{"taxonomy":"product_tag","embeddable":true,"href":"https:\/\/www.fasep.it\/es\/wp-json\/wp\/v2\/product_tag?post=9504"}],"curies":[{"name":"wp","href":"https:\/\/api.w.org\/{rel}","templated":true}]}}