{"id":9497,"date":"2025-07-16T11:42:20","date_gmt":"2025-07-16T09:42:20","guid":{"rendered":"https:\/\/www.fasep.it\/productos\/\/p260.001"},"modified":"2026-03-31T10:18:37","modified_gmt":"2026-03-31T08:18:37","slug":"es-p260.001","status":"publish","type":"product","link":"https:\/\/www.fasep.it\/es\/productos\/elevadores\/p260.001\/","title":{"rendered":"FW43-CT-LT"},"content":{"rendered":"<font color=\"#0055BB\"><strong>Elevador electrohidr\u00e1ulico de 4 columnas. Capacidad de 4000 kg<\/strong><\/font><br>\r\nElevador electrohidraulico de cuatros columnas. Plataforma para alineaci\u00f3n de ruedas (hueco para platos giratorios, placa de deslizamiento). Controles de baja tensi\u00f2n 24V. Plataformas de ruedas libres. Capacidad 4000 kg (8818 lbs). Altura columnas 2330 mm. Altura max de levantamiento 1830 mm. Altura minima desde el suelo 190 mm. Anchura entre las columnas 2820 mm. Anchura total 3160 mm. Longitud de la plataforma 4300 mm. Anchura total 5640 mm. Tiempo de elevaci\u00f2n 30 s (ajustable). Tiempo de descenso 30 s (ajustable). No incluye aceite hidr\u00e1ulico. No incluye tacos.","protected":false},"excerpt":{"rendered":"<font color=\"#0055BB\"><strong>Elevador electrohidr\u00e1ulico de 4 columnas. Capacidad de 4000 kg<\/strong><\/font><br>\r\nElevador electrohidraulico de cuatros columnas. Plataforma para alineaci\u00f3n de ruedas (hueco para platos giratorios, placa de deslizamiento). Controles de baja tensi\u00f2n 24V. Plataformas de ruedas libres. Capacidad 4000 kg (8818 lbs). Altura columnas 2330 mm. Altura max de levantamiento 1830 mm. Altura minima desde el suelo 190 mm. Anchura entre las columnas 2820 mm. Anchura total 3160 mm. Longitud de la plataforma 4300 mm. Anchura total 5640 mm. Tiempo de elevaci\u00f2n 30 s (ajustable). Tiempo de descenso 30 s (ajustable). No incluye aceite hidr\u00e1ulico. No incluye tacos.","protected":false},"featured_media":0,"template":"","meta":{"_acf_changed":false},"product_brand":[],"product_cat":[],"product_tag":[],"class_list":{"0":"post-9497","1":"product","2":"type-product","3":"status-publish","6":"first","7":"instock","8":"shipping-taxable","9":"product-type-simple"},"acf":[],"yoast_head":"<!-- This site is optimized with the Yoast SEO plugin v25.7 - https:\/\/yoast.com\/wordpress\/plugins\/seo\/ -->\n<title>FW43-CT-LT<\/title>\n<meta name=\"robots\" content=\"index, follow, max-snippet:-1, max-image-preview:large, max-video-preview:-1\" \/>\n<meta property=\"og:locale\" content=\"es_ES\" \/>\n<meta property=\"og:type\" content=\"article\" \/>\n<meta property=\"og:title\" content=\"FW43-CT-LT\" \/>\n<meta property=\"og:description\" content=\"Elevador electrohidr\u00e1ulico de 4 columnas. Capacidad de 4000 kg Elevador electrohidraulico de cuatros columnas. Plataforma para alineaci\u00f3n de ruedas (hueco para platos giratorios, placa de deslizamiento). Controles de baja tensi\u00f2n 24V. Plataformas de ruedas libres. Capacidad 4000 kg (8818 lbs). Altura columnas 2330 mm. Altura max de levantamiento 1830 mm. Altura minima desde el suelo 190 mm. Anchura entre las columnas 2820 mm. Anchura total 3160 mm. Longitud de la plataforma 4300 mm. Anchura total 5640 mm. Tiempo de elevaci\u00f2n 30 s (ajustable). Tiempo de descenso 30 s (ajustable). No incluye aceite hidr\u00e1ulico. No incluye tacos.\" \/>\n<meta property=\"og:url\" content=\"https:\/\/www.fasep.it\/es\/productos\/elevadores\/p260.001\/\" \/>\n<meta property=\"og:site_name\" content=\"Fasep 2000 srl\" \/>\n<meta property=\"article:modified_time\" content=\"2026-03-31T08:18:37+00:00\" \/>\n<meta name=\"twitter:card\" content=\"summary_large_image\" \/>\n<script type=\"application\/ld+json\" class=\"yoast-schema-graph\">{\"@context\":\"https:\/\/schema.org\",\"@graph\":[{\"@type\":\"WebPage\",\"@id\":\"https:\/\/www.fasep.it\/es\/productos\/elevadores\/p260.001\/\",\"url\":\"https:\/\/www.fasep.it\/es\/productos\/elevadores\/p260.001\/\",\"name\":\"FW43-CT-LT\",\"isPartOf\":{\"@id\":\"https:\/\/www.fasep.it\/es\/#website\"},\"datePublished\":\"2025-07-16T09:42:20+00:00\",\"dateModified\":\"2026-03-31T08:18:37+00:00\",\"breadcrumb\":{\"@id\":\"https:\/\/www.fasep.it\/es\/productos\/elevadores\/p260.001\/#breadcrumb\"},\"inLanguage\":\"es\",\"potentialAction\":[{\"@type\":\"ReadAction\",\"target\":[\"https:\/\/www.fasep.it\/es\/productos\/elevadores\/p260.001\/\"]}]},{\"@type\":\"BreadcrumbList\",\"@id\":\"https:\/\/www.fasep.it\/es\/productos\/elevadores\/p260.001\/#breadcrumb\",\"itemListElement\":[{\"@type\":\"ListItem\",\"position\":1,\"name\":\"Home\",\"item\":\"https:\/\/www.fasep.it\/es\/\"},{\"@type\":\"ListItem\",\"position\":2,\"name\":\"Productos\",\"item\":\"https:\/\/www.fasep.it\/es\/shop\/\"},{\"@type\":\"ListItem\",\"position\":3,\"name\":\"FW43-CT-LT\"}]},{\"@type\":\"WebSite\",\"@id\":\"https:\/\/www.fasep.it\/es\/#website\",\"url\":\"https:\/\/www.fasep.it\/es\/\",\"name\":\"Fasep 2000 srl\",\"description\":\"\",\"potentialAction\":[{\"@type\":\"SearchAction\",\"target\":{\"@type\":\"EntryPoint\",\"urlTemplate\":\"https:\/\/www.fasep.it\/es\/?s={search_term_string}\"},\"query-input\":{\"@type\":\"PropertyValueSpecification\",\"valueRequired\":true,\"valueName\":\"search_term_string\"}}],\"inLanguage\":\"es\"}]}<\/script>\n<!-- \/ Yoast SEO plugin. -->","yoast_head_json":{"title":"FW43-CT-LT","robots":{"index":"index","follow":"follow","max-snippet":"max-snippet:-1","max-image-preview":"max-image-preview:large","max-video-preview":"max-video-preview:-1"},"og_locale":"es_ES","og_type":"article","og_title":"FW43-CT-LT","og_description":"Elevador electrohidr\u00e1ulico de 4 columnas. Capacidad de 4000 kg Elevador electrohidraulico de cuatros columnas. Plataforma para alineaci\u00f3n de ruedas (hueco para platos giratorios, placa de deslizamiento). Controles de baja tensi\u00f2n 24V. Plataformas de ruedas libres. Capacidad 4000 kg (8818 lbs). Altura columnas 2330 mm. Altura max de levantamiento 1830 mm. Altura minima desde el suelo 190 mm. Anchura entre las columnas 2820 mm. Anchura total 3160 mm. Longitud de la plataforma 4300 mm. Anchura total 5640 mm. Tiempo de elevaci\u00f2n 30 s (ajustable). Tiempo de descenso 30 s (ajustable). No incluye aceite hidr\u00e1ulico. No incluye tacos.","og_url":"https:\/\/www.fasep.it\/es\/productos\/elevadores\/p260.001\/","og_site_name":"Fasep 2000 srl","article_modified_time":"2026-03-31T08:18:37+00:00","twitter_card":"summary_large_image","schema":{"@context":"https:\/\/schema.org","@graph":[{"@type":"WebPage","@id":"https:\/\/www.fasep.it\/es\/productos\/elevadores\/p260.001\/","url":"https:\/\/www.fasep.it\/es\/productos\/elevadores\/p260.001\/","name":"FW43-CT-LT","isPartOf":{"@id":"https:\/\/www.fasep.it\/es\/#website"},"datePublished":"2025-07-16T09:42:20+00:00","dateModified":"2026-03-31T08:18:37+00:00","breadcrumb":{"@id":"https:\/\/www.fasep.it\/es\/productos\/elevadores\/p260.001\/#breadcrumb"},"inLanguage":"es","potentialAction":[{"@type":"ReadAction","target":["https:\/\/www.fasep.it\/es\/productos\/elevadores\/p260.001\/"]}]},{"@type":"BreadcrumbList","@id":"https:\/\/www.fasep.it\/es\/productos\/elevadores\/p260.001\/#breadcrumb","itemListElement":[{"@type":"ListItem","position":1,"name":"Home","item":"https:\/\/www.fasep.it\/es\/"},{"@type":"ListItem","position":2,"name":"Productos","item":"https:\/\/www.fasep.it\/es\/shop\/"},{"@type":"ListItem","position":3,"name":"FW43-CT-LT"}]},{"@type":"WebSite","@id":"https:\/\/www.fasep.it\/es\/#website","url":"https:\/\/www.fasep.it\/es\/","name":"Fasep 2000 srl","description":"","potentialAction":[{"@type":"SearchAction","target":{"@type":"EntryPoint","urlTemplate":"https:\/\/www.fasep.it\/es\/?s={search_term_string}"},"query-input":{"@type":"PropertyValueSpecification","valueRequired":true,"valueName":"search_term_string"}}],"inLanguage":"es"}]}},"_links":{"self":[{"href":"https:\/\/www.fasep.it\/es\/wp-json\/wp\/v2\/product\/9497","targetHints":{"allow":["GET"]}}],"collection":[{"href":"https:\/\/www.fasep.it\/es\/wp-json\/wp\/v2\/product"}],"about":[{"href":"https:\/\/www.fasep.it\/es\/wp-json\/wp\/v2\/types\/product"}],"wp:attachment":[{"href":"https:\/\/www.fasep.it\/es\/wp-json\/wp\/v2\/media?parent=9497"}],"wp:term":[{"taxonomy":"product_brand","embeddable":true,"href":"https:\/\/www.fasep.it\/es\/wp-json\/wp\/v2\/product_brand?post=9497"},{"taxonomy":"product_cat","embeddable":true,"href":"https:\/\/www.fasep.it\/es\/wp-json\/wp\/v2\/product_cat?post=9497"},{"taxonomy":"product_tag","embeddable":true,"href":"https:\/\/www.fasep.it\/es\/wp-json\/wp\/v2\/product_tag?post=9497"}],"curies":[{"name":"wp","href":"https:\/\/api.w.org\/{rel}","templated":true}]}}