{"id":9492,"date":"2025-07-16T11:42:35","date_gmt":"2025-07-16T09:42:35","guid":{"rendered":"https:\/\/www.fasep.it\/productos\/\/p222.006"},"modified":"2026-03-31T10:18:35","modified_gmt":"2026-03-31T08:18:35","slug":"es-p222.006","status":"publish","type":"product","link":"https:\/\/www.fasep.it\/es\/productos\/plataformas\/p222.006\/","title":{"rendered":"PS15OM"},"content":{"rendered":"<font color=\"#0055BB\"><strong>Elevador de tijera para motos, hasta 300 kg.<\/strong><\/font><br>\r\nElevador de tijera para motos. Bomba de pie. Montaje en suelo. Rampa de acceso. Capacidad de carga 300 kg. Altura de elevaci\u00f3n m\u00e1x. 1000 mm. \r\nDistancia al suelo m\u00edn. 160 mm.<br>\r\nDisponible con tres opciones de bomba: de pie, neum\u00e1tica o electrohidr\u00e1ulica.","protected":false},"excerpt":{"rendered":"<font color=\"#0055BB\"><strong>Elevador de tijera para motos, hasta 300 kg.<\/strong><\/font><br>\r\nElevador de tijera para motos. Bomba de pie. Montaje en suelo. Rampa de acceso. Capacidad de carga 300 kg. Altura de elevaci\u00f3n m\u00e1x. 1000 mm. \r\nDistancia al suelo m\u00edn. 160 mm.<br>\r\nDisponible con tres opciones de bomba: de pie, neum\u00e1tica o electrohidr\u00e1ulica.","protected":false},"featured_media":0,"template":"","meta":{"_acf_changed":false},"product_brand":[],"product_cat":[],"product_tag":[],"class_list":{"0":"post-9492","1":"product","2":"type-product","3":"status-publish","6":"first","7":"instock","8":"shipping-taxable","9":"product-type-simple"},"acf":[],"yoast_head":"<!-- This site is optimized with the Yoast SEO plugin v25.7 - https:\/\/yoast.com\/wordpress\/plugins\/seo\/ -->\n<title>PS15OM<\/title>\n<meta name=\"robots\" content=\"index, follow, max-snippet:-1, max-image-preview:large, max-video-preview:-1\" \/>\n<meta property=\"og:locale\" content=\"es_ES\" \/>\n<meta property=\"og:type\" content=\"article\" \/>\n<meta property=\"og:title\" content=\"PS15OM\" \/>\n<meta property=\"og:description\" content=\"Elevador de tijera para motos, hasta 300 kg. Elevador de tijera para motos. Bomba de pie. Montaje en suelo. Rampa de acceso. Capacidad de carga 300 kg. Altura de elevaci\u00f3n m\u00e1x. 1000 mm.  Distancia al suelo m\u00edn. 160 mm. Disponible con tres opciones de bomba: de pie, neum\u00e1tica o electrohidr\u00e1ulica.\" \/>\n<meta property=\"og:url\" content=\"https:\/\/www.fasep.it\/es\/productos\/plataformas\/p222.006\/\" \/>\n<meta property=\"og:site_name\" content=\"Fasep 2000 srl\" \/>\n<meta property=\"article:modified_time\" content=\"2026-03-31T08:18:35+00:00\" \/>\n<meta name=\"twitter:card\" content=\"summary_large_image\" \/>\n<script type=\"application\/ld+json\" class=\"yoast-schema-graph\">{\"@context\":\"https:\/\/schema.org\",\"@graph\":[{\"@type\":\"WebPage\",\"@id\":\"https:\/\/www.fasep.it\/es\/productos\/plataformas\/p222.006\/\",\"url\":\"https:\/\/www.fasep.it\/es\/productos\/plataformas\/p222.006\/\",\"name\":\"PS15OM\",\"isPartOf\":{\"@id\":\"https:\/\/www.fasep.it\/es\/#website\"},\"datePublished\":\"2025-07-16T09:42:35+00:00\",\"dateModified\":\"2026-03-31T08:18:35+00:00\",\"breadcrumb\":{\"@id\":\"https:\/\/www.fasep.it\/es\/productos\/plataformas\/p222.006\/#breadcrumb\"},\"inLanguage\":\"es\",\"potentialAction\":[{\"@type\":\"ReadAction\",\"target\":[\"https:\/\/www.fasep.it\/es\/productos\/plataformas\/p222.006\/\"]}]},{\"@type\":\"BreadcrumbList\",\"@id\":\"https:\/\/www.fasep.it\/es\/productos\/plataformas\/p222.006\/#breadcrumb\",\"itemListElement\":[{\"@type\":\"ListItem\",\"position\":1,\"name\":\"Home\",\"item\":\"https:\/\/www.fasep.it\/es\/\"},{\"@type\":\"ListItem\",\"position\":2,\"name\":\"Productos\",\"item\":\"https:\/\/www.fasep.it\/es\/shop\/\"},{\"@type\":\"ListItem\",\"position\":3,\"name\":\"PS15OM\"}]},{\"@type\":\"WebSite\",\"@id\":\"https:\/\/www.fasep.it\/es\/#website\",\"url\":\"https:\/\/www.fasep.it\/es\/\",\"name\":\"Fasep 2000 srl\",\"description\":\"\",\"potentialAction\":[{\"@type\":\"SearchAction\",\"target\":{\"@type\":\"EntryPoint\",\"urlTemplate\":\"https:\/\/www.fasep.it\/es\/?s={search_term_string}\"},\"query-input\":{\"@type\":\"PropertyValueSpecification\",\"valueRequired\":true,\"valueName\":\"search_term_string\"}}],\"inLanguage\":\"es\"}]}<\/script>\n<!-- \/ Yoast SEO plugin. -->","yoast_head_json":{"title":"PS15OM","robots":{"index":"index","follow":"follow","max-snippet":"max-snippet:-1","max-image-preview":"max-image-preview:large","max-video-preview":"max-video-preview:-1"},"og_locale":"es_ES","og_type":"article","og_title":"PS15OM","og_description":"Elevador de tijera para motos, hasta 300 kg. Elevador de tijera para motos. Bomba de pie. Montaje en suelo. Rampa de acceso. Capacidad de carga 300 kg. Altura de elevaci\u00f3n m\u00e1x. 1000 mm.  Distancia al suelo m\u00edn. 160 mm. Disponible con tres opciones de bomba: de pie, neum\u00e1tica o electrohidr\u00e1ulica.","og_url":"https:\/\/www.fasep.it\/es\/productos\/plataformas\/p222.006\/","og_site_name":"Fasep 2000 srl","article_modified_time":"2026-03-31T08:18:35+00:00","twitter_card":"summary_large_image","schema":{"@context":"https:\/\/schema.org","@graph":[{"@type":"WebPage","@id":"https:\/\/www.fasep.it\/es\/productos\/plataformas\/p222.006\/","url":"https:\/\/www.fasep.it\/es\/productos\/plataformas\/p222.006\/","name":"PS15OM","isPartOf":{"@id":"https:\/\/www.fasep.it\/es\/#website"},"datePublished":"2025-07-16T09:42:35+00:00","dateModified":"2026-03-31T08:18:35+00:00","breadcrumb":{"@id":"https:\/\/www.fasep.it\/es\/productos\/plataformas\/p222.006\/#breadcrumb"},"inLanguage":"es","potentialAction":[{"@type":"ReadAction","target":["https:\/\/www.fasep.it\/es\/productos\/plataformas\/p222.006\/"]}]},{"@type":"BreadcrumbList","@id":"https:\/\/www.fasep.it\/es\/productos\/plataformas\/p222.006\/#breadcrumb","itemListElement":[{"@type":"ListItem","position":1,"name":"Home","item":"https:\/\/www.fasep.it\/es\/"},{"@type":"ListItem","position":2,"name":"Productos","item":"https:\/\/www.fasep.it\/es\/shop\/"},{"@type":"ListItem","position":3,"name":"PS15OM"}]},{"@type":"WebSite","@id":"https:\/\/www.fasep.it\/es\/#website","url":"https:\/\/www.fasep.it\/es\/","name":"Fasep 2000 srl","description":"","potentialAction":[{"@type":"SearchAction","target":{"@type":"EntryPoint","urlTemplate":"https:\/\/www.fasep.it\/es\/?s={search_term_string}"},"query-input":{"@type":"PropertyValueSpecification","valueRequired":true,"valueName":"search_term_string"}}],"inLanguage":"es"}]}},"_links":{"self":[{"href":"https:\/\/www.fasep.it\/es\/wp-json\/wp\/v2\/product\/9492","targetHints":{"allow":["GET"]}}],"collection":[{"href":"https:\/\/www.fasep.it\/es\/wp-json\/wp\/v2\/product"}],"about":[{"href":"https:\/\/www.fasep.it\/es\/wp-json\/wp\/v2\/types\/product"}],"wp:attachment":[{"href":"https:\/\/www.fasep.it\/es\/wp-json\/wp\/v2\/media?parent=9492"}],"wp:term":[{"taxonomy":"product_brand","embeddable":true,"href":"https:\/\/www.fasep.it\/es\/wp-json\/wp\/v2\/product_brand?post=9492"},{"taxonomy":"product_cat","embeddable":true,"href":"https:\/\/www.fasep.it\/es\/wp-json\/wp\/v2\/product_cat?post=9492"},{"taxonomy":"product_tag","embeddable":true,"href":"https:\/\/www.fasep.it\/es\/wp-json\/wp\/v2\/product_tag?post=9492"}],"curies":[{"name":"wp","href":"https:\/\/api.w.org\/{rel}","templated":true}]}}