{"id":9490,"date":"2025-07-16T11:42:36","date_gmt":"2025-07-16T09:42:36","guid":{"rendered":"https:\/\/www.fasep.it\/productos\/\/s209.004"},"modified":"2026-03-31T10:18:46","modified_gmt":"2026-03-31T08:18:46","slug":"es-s209.004","status":"publish","type":"product","link":"https:\/\/www.fasep.it\/es\/productos\/servicio-movil\/s209.004\/","title":{"rendered":"RGU.2671.G.GENSET"},"content":{"rendered":"<font color=\"#0055BB\"><strong>Desmontadora M\u00f3vil para Camiones (uso intensivo \/ continuo).<\/strong><\/font><br>\r\n<i>\u00bfQuiere ofrecer a sus clientes un servicio de montaje de neum\u00e1ticos directamente en su cami\u00f3n?<\/i><br>\r\nCon el servicio de neum\u00e1ticos m\u00f3viles puede ir a sus clientes y montar los neum\u00e1ticos en su lugar (en la explanada de su casa, en la empresa, en la carretera).<br>\r\nCon nuestra gama de <u>equipos profesionales dise\u00f1ados espec\u00edficamente para el servicio m\u00f3vil<\/u>, puede equipar su furgoneta con el equipo adaptado a sus necesidades.<br>\r\n<br>\r\nRGU.2671.G Genset es una desmontadora de neum\u00e1ticos autom\u00e1tica para el montaje \/ desmontaje de ruedas de camiones, autobuses y veh\u00edculos pesados con llantas de 13&#8243; a 26&#8243;. ISu dise\u00f1o compacto lo hace adecuado para su instalaci\u00f3n en furgonetas de servicio m\u00f3viles. Una vez instalada en el interior de la furgoneta, la desmontadora se despliega para crear una zona de trabajo c\u00f3moda y vers\u00e1til.<br>\r\n<br>\r\n<br>\r\n<i>RGU.2671.G Genset est\u00e1 equipado con:<\/i>\r\n<ul>\r\n<li>generador diesel refrigerado por l\u00edquido (12,7 kW) que permite un funcionamiento intensivo y continuo sin problemas\r\n<li>destalonadora de gran potencia (25 kN) para facilitar el destalonado de todo tipo de ruedas\r\n<li>compresor 750 l\/min\r\n<li>capacidad del tanque de aire 120 l\r\n<\/ul>","protected":false},"excerpt":{"rendered":"<font color=\"#0055BB\"><strong>Desmontadora M\u00f3vil para Camiones (uso intensivo \/ continuo).<\/strong><\/font><br>\r\n<i>\u00bfQuiere ofrecer a sus clientes un servicio de montaje de neum\u00e1ticos directamente en su cami\u00f3n?<\/i><br>\r\nCon el servicio de neum\u00e1ticos m\u00f3viles puede ir a sus clientes y montar los neum\u00e1ticos en su lugar (en la explanada de su casa, en la empresa, en la carretera).<br>\r\nCon nuestra gama de <u>equipos profesionales dise\u00f1ados espec\u00edficamente para el servicio m\u00f3vil<\/u>, puede equipar su furgoneta con el equipo adaptado a sus necesidades.<br>\r\n<br>\r\nRGU.2671.G Genset es una desmontadora de neum\u00e1ticos autom\u00e1tica para el montaje \/ desmontaje de ruedas de camiones, autobuses y veh\u00edculos pesados con llantas de 13&#8243; a 26&#8243;. ISu dise\u00f1o compacto lo hace adecuado para su instalaci\u00f3n en furgonetas de servicio m\u00f3viles. Una vez instalada en el interior de la furgoneta, la desmontadora se despliega para crear una zona de trabajo c\u00f3moda y vers\u00e1til.<br>\r\n<br>\r\n<br>\r\n<i>RGU.2671.G Genset est\u00e1 equipado con:<\/i>\r\n<ul>\r\n<li>generador diesel refrigerado por l\u00edquido (12,7 kW) que permite un funcionamiento intensivo y continuo sin problemas\r\n<li>destalonadora de gran potencia (25 kN) para facilitar el destalonado de todo tipo de ruedas\r\n<li>compresor 750 l\/min\r\n<li>capacidad del tanque de aire 120 l\r\n<\/ul>","protected":false},"featured_media":0,"template":"","meta":{"_acf_changed":false},"product_brand":[],"product_cat":[],"product_tag":[],"class_list":{"0":"post-9490","1":"product","2":"type-product","3":"status-publish","6":"first","7":"instock","8":"shipping-taxable","9":"product-type-simple"},"acf":[],"yoast_head":"<!-- This site is optimized with the Yoast SEO plugin v25.7 - https:\/\/yoast.com\/wordpress\/plugins\/seo\/ -->\n<title>RGU.2671.G.GENSET<\/title>\n<meta name=\"robots\" content=\"index, follow, max-snippet:-1, max-image-preview:large, max-video-preview:-1\" \/>\n<meta property=\"og:locale\" content=\"es_ES\" \/>\n<meta property=\"og:type\" content=\"article\" \/>\n<meta property=\"og:title\" content=\"RGU.2671.G.GENSET\" \/>\n<meta property=\"og:description\" content=\"Desmontadora M\u00f3vil para Camiones (uso intensivo \/ continuo). \u00bfQuiere ofrecer a sus clientes un servicio de montaje de neum\u00e1ticos directamente en su cami\u00f3n? Con el servicio de neum\u00e1ticos m\u00f3viles puede ir a sus clientes y montar los neum\u00e1ticos en su lugar (en la explanada de su casa, en la empresa, en la carretera). Con nuestra gama de equipos profesionales dise\u00f1ados espec\u00edficamente para el servicio m\u00f3vil, puede equipar su furgoneta con el equipo adaptado a sus necesidades.  RGU.2671.G Genset es una desmontadora de neum\u00e1ticos autom\u00e1tica para el montaje \/ desmontaje de ruedas de camiones, autobuses y veh\u00edculos pesados con llantas de 13&quot; a 26&quot;. ISu dise\u00f1o compacto lo hace adecuado para su instalaci\u00f3n en furgonetas de servicio m\u00f3viles. Una vez instalada en el interior de la furgoneta, la desmontadora se despliega para crear una zona de trabajo c\u00f3moda y vers\u00e1til.   RGU.2671.G Genset est\u00e1 equipado con:  generador diesel refrigerado por l\u00edquido (12,7 kW) que permite un funcionamiento intensivo y continuo sin problemas destalonadora de gran potencia (25 kN) para facilitar el destalonado de todo tipo de ruedas compresor 750 l\/min capacidad del tanque de aire 120 l\" \/>\n<meta property=\"og:url\" content=\"https:\/\/www.fasep.it\/es\/productos\/servicio-movil\/s209.004\/\" \/>\n<meta property=\"og:site_name\" content=\"Fasep 2000 srl\" \/>\n<meta property=\"article:modified_time\" content=\"2026-03-31T08:18:46+00:00\" \/>\n<meta name=\"twitter:card\" content=\"summary_large_image\" \/>\n<meta name=\"twitter:label1\" content=\"Tiempo de lectura\" \/>\n\t<meta name=\"twitter:data1\" content=\"1 minuto\" \/>\n<script type=\"application\/ld+json\" class=\"yoast-schema-graph\">{\"@context\":\"https:\/\/schema.org\",\"@graph\":[{\"@type\":\"WebPage\",\"@id\":\"https:\/\/www.fasep.it\/es\/productos\/servicio-movil\/s209.004\/\",\"url\":\"https:\/\/www.fasep.it\/es\/productos\/servicio-movil\/s209.004\/\",\"name\":\"RGU.2671.G.GENSET\",\"isPartOf\":{\"@id\":\"https:\/\/www.fasep.it\/es\/#website\"},\"datePublished\":\"2025-07-16T09:42:36+00:00\",\"dateModified\":\"2026-03-31T08:18:46+00:00\",\"breadcrumb\":{\"@id\":\"https:\/\/www.fasep.it\/es\/productos\/servicio-movil\/s209.004\/#breadcrumb\"},\"inLanguage\":\"es\",\"potentialAction\":[{\"@type\":\"ReadAction\",\"target\":[\"https:\/\/www.fasep.it\/es\/productos\/servicio-movil\/s209.004\/\"]}]},{\"@type\":\"BreadcrumbList\",\"@id\":\"https:\/\/www.fasep.it\/es\/productos\/servicio-movil\/s209.004\/#breadcrumb\",\"itemListElement\":[{\"@type\":\"ListItem\",\"position\":1,\"name\":\"Home\",\"item\":\"https:\/\/www.fasep.it\/es\/\"},{\"@type\":\"ListItem\",\"position\":2,\"name\":\"Productos\",\"item\":\"https:\/\/www.fasep.it\/es\/shop\/\"},{\"@type\":\"ListItem\",\"position\":3,\"name\":\"RGU.2671.G.GENSET\"}]},{\"@type\":\"WebSite\",\"@id\":\"https:\/\/www.fasep.it\/es\/#website\",\"url\":\"https:\/\/www.fasep.it\/es\/\",\"name\":\"Fasep 2000 srl\",\"description\":\"\",\"potentialAction\":[{\"@type\":\"SearchAction\",\"target\":{\"@type\":\"EntryPoint\",\"urlTemplate\":\"https:\/\/www.fasep.it\/es\/?s={search_term_string}\"},\"query-input\":{\"@type\":\"PropertyValueSpecification\",\"valueRequired\":true,\"valueName\":\"search_term_string\"}}],\"inLanguage\":\"es\"}]}<\/script>\n<!-- \/ Yoast SEO plugin. -->","yoast_head_json":{"title":"RGU.2671.G.GENSET","robots":{"index":"index","follow":"follow","max-snippet":"max-snippet:-1","max-image-preview":"max-image-preview:large","max-video-preview":"max-video-preview:-1"},"og_locale":"es_ES","og_type":"article","og_title":"RGU.2671.G.GENSET","og_description":"Desmontadora M\u00f3vil para Camiones (uso intensivo \/ continuo). \u00bfQuiere ofrecer a sus clientes un servicio de montaje de neum\u00e1ticos directamente en su cami\u00f3n? Con el servicio de neum\u00e1ticos m\u00f3viles puede ir a sus clientes y montar los neum\u00e1ticos en su lugar (en la explanada de su casa, en la empresa, en la carretera). Con nuestra gama de equipos profesionales dise\u00f1ados espec\u00edficamente para el servicio m\u00f3vil, puede equipar su furgoneta con el equipo adaptado a sus necesidades.  RGU.2671.G Genset es una desmontadora de neum\u00e1ticos autom\u00e1tica para el montaje \/ desmontaje de ruedas de camiones, autobuses y veh\u00edculos pesados con llantas de 13\" a 26\". ISu dise\u00f1o compacto lo hace adecuado para su instalaci\u00f3n en furgonetas de servicio m\u00f3viles. Una vez instalada en el interior de la furgoneta, la desmontadora se despliega para crear una zona de trabajo c\u00f3moda y vers\u00e1til.   RGU.2671.G Genset est\u00e1 equipado con:  generador diesel refrigerado por l\u00edquido (12,7 kW) que permite un funcionamiento intensivo y continuo sin problemas destalonadora de gran potencia (25 kN) para facilitar el destalonado de todo tipo de ruedas compresor 750 l\/min capacidad del tanque de aire 120 l","og_url":"https:\/\/www.fasep.it\/es\/productos\/servicio-movil\/s209.004\/","og_site_name":"Fasep 2000 srl","article_modified_time":"2026-03-31T08:18:46+00:00","twitter_card":"summary_large_image","twitter_misc":{"Tiempo de lectura":"1 minuto"},"schema":{"@context":"https:\/\/schema.org","@graph":[{"@type":"WebPage","@id":"https:\/\/www.fasep.it\/es\/productos\/servicio-movil\/s209.004\/","url":"https:\/\/www.fasep.it\/es\/productos\/servicio-movil\/s209.004\/","name":"RGU.2671.G.GENSET","isPartOf":{"@id":"https:\/\/www.fasep.it\/es\/#website"},"datePublished":"2025-07-16T09:42:36+00:00","dateModified":"2026-03-31T08:18:46+00:00","breadcrumb":{"@id":"https:\/\/www.fasep.it\/es\/productos\/servicio-movil\/s209.004\/#breadcrumb"},"inLanguage":"es","potentialAction":[{"@type":"ReadAction","target":["https:\/\/www.fasep.it\/es\/productos\/servicio-movil\/s209.004\/"]}]},{"@type":"BreadcrumbList","@id":"https:\/\/www.fasep.it\/es\/productos\/servicio-movil\/s209.004\/#breadcrumb","itemListElement":[{"@type":"ListItem","position":1,"name":"Home","item":"https:\/\/www.fasep.it\/es\/"},{"@type":"ListItem","position":2,"name":"Productos","item":"https:\/\/www.fasep.it\/es\/shop\/"},{"@type":"ListItem","position":3,"name":"RGU.2671.G.GENSET"}]},{"@type":"WebSite","@id":"https:\/\/www.fasep.it\/es\/#website","url":"https:\/\/www.fasep.it\/es\/","name":"Fasep 2000 srl","description":"","potentialAction":[{"@type":"SearchAction","target":{"@type":"EntryPoint","urlTemplate":"https:\/\/www.fasep.it\/es\/?s={search_term_string}"},"query-input":{"@type":"PropertyValueSpecification","valueRequired":true,"valueName":"search_term_string"}}],"inLanguage":"es"}]}},"_links":{"self":[{"href":"https:\/\/www.fasep.it\/es\/wp-json\/wp\/v2\/product\/9490","targetHints":{"allow":["GET"]}}],"collection":[{"href":"https:\/\/www.fasep.it\/es\/wp-json\/wp\/v2\/product"}],"about":[{"href":"https:\/\/www.fasep.it\/es\/wp-json\/wp\/v2\/types\/product"}],"wp:attachment":[{"href":"https:\/\/www.fasep.it\/es\/wp-json\/wp\/v2\/media?parent=9490"}],"wp:term":[{"taxonomy":"product_brand","embeddable":true,"href":"https:\/\/www.fasep.it\/es\/wp-json\/wp\/v2\/product_brand?post=9490"},{"taxonomy":"product_cat","embeddable":true,"href":"https:\/\/www.fasep.it\/es\/wp-json\/wp\/v2\/product_cat?post=9490"},{"taxonomy":"product_tag","embeddable":true,"href":"https:\/\/www.fasep.it\/es\/wp-json\/wp\/v2\/product_tag?post=9490"}],"curies":[{"name":"wp","href":"https:\/\/api.w.org\/{rel}","templated":true}]}}