{"id":9486,"date":"2025-07-16T11:42:47","date_gmt":"2025-07-16T09:42:47","guid":{"rendered":"https:\/\/www.fasep.it\/productos\/\/s154.003"},"modified":"2026-03-31T10:18:33","modified_gmt":"2026-03-31T08:18:33","slug":"es-s154.003","status":"publish","type":"product","link":"https:\/\/www.fasep.it\/es\/productos\/desmontadoras\/s154.003\/","title":{"rendered":"RGU56E.XL"},"content":{"rendered":"<font color=\"#0055BB\"><strong>Desmontadora universal para camiones, movimiento de tierras y agricultura.<\/strong><\/font><br>\r\nRGU56E.XL es una unidad profesional dise\u00f1ada para talleres de servicio de neum\u00e1ticos con carga de trabajo pesada para ruedas de cami\u00f3n hasta 46&#8243; comercial \/ agricultura \/ movimiento de tierras (opcional 56&#8243;).","protected":false},"excerpt":{"rendered":"<font color=\"#0055BB\"><strong>Desmontadora universal para camiones, movimiento de tierras y agricultura.<\/strong><\/font><br>\r\nRGU56E.XL es una unidad profesional dise\u00f1ada para talleres de servicio de neum\u00e1ticos con carga de trabajo pesada para ruedas de cami\u00f3n hasta 46&#8243; comercial \/ agricultura \/ movimiento de tierras (opcional 56&#8243;).","protected":false},"featured_media":0,"template":"","meta":{"_acf_changed":false},"product_brand":[],"product_cat":[],"product_tag":[],"class_list":{"0":"post-9486","1":"product","2":"type-product","3":"status-publish","6":"first","7":"instock","8":"shipping-taxable","9":"product-type-simple"},"acf":[],"yoast_head":"<!-- This site is optimized with the Yoast SEO plugin v25.7 - https:\/\/yoast.com\/wordpress\/plugins\/seo\/ -->\n<title>RGU56E.XL<\/title>\n<meta name=\"robots\" content=\"index, follow, max-snippet:-1, max-image-preview:large, max-video-preview:-1\" \/>\n<meta property=\"og:locale\" content=\"es_ES\" \/>\n<meta property=\"og:type\" content=\"article\" \/>\n<meta property=\"og:title\" content=\"RGU56E.XL\" \/>\n<meta property=\"og:description\" content=\"Desmontadora universal para camiones, movimiento de tierras y agricultura. RGU56E.XL es una unidad profesional dise\u00f1ada para talleres de servicio de neum\u00e1ticos con carga de trabajo pesada para ruedas de cami\u00f3n hasta 46&quot; comercial \/ agricultura \/ movimiento de tierras (opcional 56&quot;).\" \/>\n<meta property=\"og:url\" content=\"https:\/\/www.fasep.it\/es\/productos\/desmontadoras\/s154.003\/\" \/>\n<meta property=\"og:site_name\" content=\"Fasep 2000 srl\" \/>\n<meta property=\"article:modified_time\" content=\"2026-03-31T08:18:33+00:00\" \/>\n<meta name=\"twitter:card\" content=\"summary_large_image\" \/>\n<script type=\"application\/ld+json\" class=\"yoast-schema-graph\">{\"@context\":\"https:\/\/schema.org\",\"@graph\":[{\"@type\":\"WebPage\",\"@id\":\"https:\/\/www.fasep.it\/es\/productos\/desmontadoras\/s154.003\/\",\"url\":\"https:\/\/www.fasep.it\/es\/productos\/desmontadoras\/s154.003\/\",\"name\":\"RGU56E.XL\",\"isPartOf\":{\"@id\":\"https:\/\/www.fasep.it\/es\/#website\"},\"datePublished\":\"2025-07-16T09:42:47+00:00\",\"dateModified\":\"2026-03-31T08:18:33+00:00\",\"breadcrumb\":{\"@id\":\"https:\/\/www.fasep.it\/es\/productos\/desmontadoras\/s154.003\/#breadcrumb\"},\"inLanguage\":\"es\",\"potentialAction\":[{\"@type\":\"ReadAction\",\"target\":[\"https:\/\/www.fasep.it\/es\/productos\/desmontadoras\/s154.003\/\"]}]},{\"@type\":\"BreadcrumbList\",\"@id\":\"https:\/\/www.fasep.it\/es\/productos\/desmontadoras\/s154.003\/#breadcrumb\",\"itemListElement\":[{\"@type\":\"ListItem\",\"position\":1,\"name\":\"Home\",\"item\":\"https:\/\/www.fasep.it\/es\/\"},{\"@type\":\"ListItem\",\"position\":2,\"name\":\"Productos\",\"item\":\"https:\/\/www.fasep.it\/es\/shop\/\"},{\"@type\":\"ListItem\",\"position\":3,\"name\":\"RGU56E.XL\"}]},{\"@type\":\"WebSite\",\"@id\":\"https:\/\/www.fasep.it\/es\/#website\",\"url\":\"https:\/\/www.fasep.it\/es\/\",\"name\":\"Fasep 2000 srl\",\"description\":\"\",\"potentialAction\":[{\"@type\":\"SearchAction\",\"target\":{\"@type\":\"EntryPoint\",\"urlTemplate\":\"https:\/\/www.fasep.it\/es\/?s={search_term_string}\"},\"query-input\":{\"@type\":\"PropertyValueSpecification\",\"valueRequired\":true,\"valueName\":\"search_term_string\"}}],\"inLanguage\":\"es\"}]}<\/script>\n<!-- \/ Yoast SEO plugin. -->","yoast_head_json":{"title":"RGU56E.XL","robots":{"index":"index","follow":"follow","max-snippet":"max-snippet:-1","max-image-preview":"max-image-preview:large","max-video-preview":"max-video-preview:-1"},"og_locale":"es_ES","og_type":"article","og_title":"RGU56E.XL","og_description":"Desmontadora universal para camiones, movimiento de tierras y agricultura. RGU56E.XL es una unidad profesional dise\u00f1ada para talleres de servicio de neum\u00e1ticos con carga de trabajo pesada para ruedas de cami\u00f3n hasta 46\" comercial \/ agricultura \/ movimiento de tierras (opcional 56\").","og_url":"https:\/\/www.fasep.it\/es\/productos\/desmontadoras\/s154.003\/","og_site_name":"Fasep 2000 srl","article_modified_time":"2026-03-31T08:18:33+00:00","twitter_card":"summary_large_image","schema":{"@context":"https:\/\/schema.org","@graph":[{"@type":"WebPage","@id":"https:\/\/www.fasep.it\/es\/productos\/desmontadoras\/s154.003\/","url":"https:\/\/www.fasep.it\/es\/productos\/desmontadoras\/s154.003\/","name":"RGU56E.XL","isPartOf":{"@id":"https:\/\/www.fasep.it\/es\/#website"},"datePublished":"2025-07-16T09:42:47+00:00","dateModified":"2026-03-31T08:18:33+00:00","breadcrumb":{"@id":"https:\/\/www.fasep.it\/es\/productos\/desmontadoras\/s154.003\/#breadcrumb"},"inLanguage":"es","potentialAction":[{"@type":"ReadAction","target":["https:\/\/www.fasep.it\/es\/productos\/desmontadoras\/s154.003\/"]}]},{"@type":"BreadcrumbList","@id":"https:\/\/www.fasep.it\/es\/productos\/desmontadoras\/s154.003\/#breadcrumb","itemListElement":[{"@type":"ListItem","position":1,"name":"Home","item":"https:\/\/www.fasep.it\/es\/"},{"@type":"ListItem","position":2,"name":"Productos","item":"https:\/\/www.fasep.it\/es\/shop\/"},{"@type":"ListItem","position":3,"name":"RGU56E.XL"}]},{"@type":"WebSite","@id":"https:\/\/www.fasep.it\/es\/#website","url":"https:\/\/www.fasep.it\/es\/","name":"Fasep 2000 srl","description":"","potentialAction":[{"@type":"SearchAction","target":{"@type":"EntryPoint","urlTemplate":"https:\/\/www.fasep.it\/es\/?s={search_term_string}"},"query-input":{"@type":"PropertyValueSpecification","valueRequired":true,"valueName":"search_term_string"}}],"inLanguage":"es"}]}},"_links":{"self":[{"href":"https:\/\/www.fasep.it\/es\/wp-json\/wp\/v2\/product\/9486","targetHints":{"allow":["GET"]}}],"collection":[{"href":"https:\/\/www.fasep.it\/es\/wp-json\/wp\/v2\/product"}],"about":[{"href":"https:\/\/www.fasep.it\/es\/wp-json\/wp\/v2\/types\/product"}],"wp:attachment":[{"href":"https:\/\/www.fasep.it\/es\/wp-json\/wp\/v2\/media?parent=9486"}],"wp:term":[{"taxonomy":"product_brand","embeddable":true,"href":"https:\/\/www.fasep.it\/es\/wp-json\/wp\/v2\/product_brand?post=9486"},{"taxonomy":"product_cat","embeddable":true,"href":"https:\/\/www.fasep.it\/es\/wp-json\/wp\/v2\/product_cat?post=9486"},{"taxonomy":"product_tag","embeddable":true,"href":"https:\/\/www.fasep.it\/es\/wp-json\/wp\/v2\/product_tag?post=9486"}],"curies":[{"name":"wp","href":"https:\/\/api.w.org\/{rel}","templated":true}]}}