{"id":9484,"date":"2025-07-16T11:42:50","date_gmt":"2025-07-16T09:42:50","guid":{"rendered":"https:\/\/www.fasep.it\/productos\/\/s197.001"},"modified":"2026-03-31T10:18:33","modified_gmt":"2026-03-31T08:18:33","slug":"es-s197.001","status":"publish","type":"product","link":"https:\/\/www.fasep.it\/es\/productos\/desmontadoras\/s197.001\/","title":{"rendered":"RGU566E"},"content":{"rendered":"<font color=\"#0055BB\"><strong>Desmontadora universal para camiones, movimiento de tierras y agricultura.<\/strong><\/font><br>\r\nRGU566E es una unidad profesional, super autom\u00e1tica dise\u00f1ada para talleres de servicio de neum\u00e1ticos con carga de trabajo pesada para ruedas de cami\u00f3n hasta 46&#8243; comercial \/ agricultura \/ movimiento de tierras, equipada con un sistema de control autom\u00e1tico del movimiento.","protected":false},"excerpt":{"rendered":"<font color=\"#0055BB\"><strong>Desmontadora universal para camiones, movimiento de tierras y agricultura.<\/strong><\/font><br>\r\nRGU566E es una unidad profesional, super autom\u00e1tica dise\u00f1ada para talleres de servicio de neum\u00e1ticos con carga de trabajo pesada para ruedas de cami\u00f3n hasta 46&#8243; comercial \/ agricultura \/ movimiento de tierras, equipada con un sistema de control autom\u00e1tico del movimiento.","protected":false},"featured_media":0,"template":"","meta":{"_acf_changed":false},"product_brand":[],"product_cat":[],"product_tag":[],"class_list":{"0":"post-9484","1":"product","2":"type-product","3":"status-publish","6":"first","7":"instock","8":"shipping-taxable","9":"product-type-simple"},"acf":[],"yoast_head":"<!-- This site is optimized with the Yoast SEO plugin v25.7 - https:\/\/yoast.com\/wordpress\/plugins\/seo\/ -->\n<title>RGU566E<\/title>\n<meta name=\"robots\" content=\"index, follow, max-snippet:-1, max-image-preview:large, max-video-preview:-1\" \/>\n<meta property=\"og:locale\" content=\"es_ES\" \/>\n<meta property=\"og:type\" content=\"article\" \/>\n<meta property=\"og:title\" content=\"RGU566E\" \/>\n<meta property=\"og:description\" content=\"Desmontadora universal para camiones, movimiento de tierras y agricultura. RGU566E es una unidad profesional, super autom\u00e1tica dise\u00f1ada para talleres de servicio de neum\u00e1ticos con carga de trabajo pesada para ruedas de cami\u00f3n hasta 46&quot; comercial \/ agricultura \/ movimiento de tierras, equipada con un sistema de control autom\u00e1tico del movimiento.\" \/>\n<meta property=\"og:url\" content=\"https:\/\/www.fasep.it\/es\/productos\/desmontadoras\/s197.001\/\" \/>\n<meta property=\"og:site_name\" content=\"Fasep 2000 srl\" \/>\n<meta property=\"article:modified_time\" content=\"2026-03-31T08:18:33+00:00\" \/>\n<meta name=\"twitter:card\" content=\"summary_large_image\" \/>\n<script type=\"application\/ld+json\" class=\"yoast-schema-graph\">{\"@context\":\"https:\/\/schema.org\",\"@graph\":[{\"@type\":\"WebPage\",\"@id\":\"https:\/\/www.fasep.it\/es\/productos\/desmontadoras\/s197.001\/\",\"url\":\"https:\/\/www.fasep.it\/es\/productos\/desmontadoras\/s197.001\/\",\"name\":\"RGU566E\",\"isPartOf\":{\"@id\":\"https:\/\/www.fasep.it\/es\/#website\"},\"datePublished\":\"2025-07-16T09:42:50+00:00\",\"dateModified\":\"2026-03-31T08:18:33+00:00\",\"breadcrumb\":{\"@id\":\"https:\/\/www.fasep.it\/es\/productos\/desmontadoras\/s197.001\/#breadcrumb\"},\"inLanguage\":\"es\",\"potentialAction\":[{\"@type\":\"ReadAction\",\"target\":[\"https:\/\/www.fasep.it\/es\/productos\/desmontadoras\/s197.001\/\"]}]},{\"@type\":\"BreadcrumbList\",\"@id\":\"https:\/\/www.fasep.it\/es\/productos\/desmontadoras\/s197.001\/#breadcrumb\",\"itemListElement\":[{\"@type\":\"ListItem\",\"position\":1,\"name\":\"Home\",\"item\":\"https:\/\/www.fasep.it\/es\/\"},{\"@type\":\"ListItem\",\"position\":2,\"name\":\"Productos\",\"item\":\"https:\/\/www.fasep.it\/es\/shop\/\"},{\"@type\":\"ListItem\",\"position\":3,\"name\":\"RGU566E\"}]},{\"@type\":\"WebSite\",\"@id\":\"https:\/\/www.fasep.it\/es\/#website\",\"url\":\"https:\/\/www.fasep.it\/es\/\",\"name\":\"Fasep 2000 srl\",\"description\":\"\",\"potentialAction\":[{\"@type\":\"SearchAction\",\"target\":{\"@type\":\"EntryPoint\",\"urlTemplate\":\"https:\/\/www.fasep.it\/es\/?s={search_term_string}\"},\"query-input\":{\"@type\":\"PropertyValueSpecification\",\"valueRequired\":true,\"valueName\":\"search_term_string\"}}],\"inLanguage\":\"es\"}]}<\/script>\n<!-- \/ Yoast SEO plugin. -->","yoast_head_json":{"title":"RGU566E","robots":{"index":"index","follow":"follow","max-snippet":"max-snippet:-1","max-image-preview":"max-image-preview:large","max-video-preview":"max-video-preview:-1"},"og_locale":"es_ES","og_type":"article","og_title":"RGU566E","og_description":"Desmontadora universal para camiones, movimiento de tierras y agricultura. RGU566E es una unidad profesional, super autom\u00e1tica dise\u00f1ada para talleres de servicio de neum\u00e1ticos con carga de trabajo pesada para ruedas de cami\u00f3n hasta 46\" comercial \/ agricultura \/ movimiento de tierras, equipada con un sistema de control autom\u00e1tico del movimiento.","og_url":"https:\/\/www.fasep.it\/es\/productos\/desmontadoras\/s197.001\/","og_site_name":"Fasep 2000 srl","article_modified_time":"2026-03-31T08:18:33+00:00","twitter_card":"summary_large_image","schema":{"@context":"https:\/\/schema.org","@graph":[{"@type":"WebPage","@id":"https:\/\/www.fasep.it\/es\/productos\/desmontadoras\/s197.001\/","url":"https:\/\/www.fasep.it\/es\/productos\/desmontadoras\/s197.001\/","name":"RGU566E","isPartOf":{"@id":"https:\/\/www.fasep.it\/es\/#website"},"datePublished":"2025-07-16T09:42:50+00:00","dateModified":"2026-03-31T08:18:33+00:00","breadcrumb":{"@id":"https:\/\/www.fasep.it\/es\/productos\/desmontadoras\/s197.001\/#breadcrumb"},"inLanguage":"es","potentialAction":[{"@type":"ReadAction","target":["https:\/\/www.fasep.it\/es\/productos\/desmontadoras\/s197.001\/"]}]},{"@type":"BreadcrumbList","@id":"https:\/\/www.fasep.it\/es\/productos\/desmontadoras\/s197.001\/#breadcrumb","itemListElement":[{"@type":"ListItem","position":1,"name":"Home","item":"https:\/\/www.fasep.it\/es\/"},{"@type":"ListItem","position":2,"name":"Productos","item":"https:\/\/www.fasep.it\/es\/shop\/"},{"@type":"ListItem","position":3,"name":"RGU566E"}]},{"@type":"WebSite","@id":"https:\/\/www.fasep.it\/es\/#website","url":"https:\/\/www.fasep.it\/es\/","name":"Fasep 2000 srl","description":"","potentialAction":[{"@type":"SearchAction","target":{"@type":"EntryPoint","urlTemplate":"https:\/\/www.fasep.it\/es\/?s={search_term_string}"},"query-input":{"@type":"PropertyValueSpecification","valueRequired":true,"valueName":"search_term_string"}}],"inLanguage":"es"}]}},"_links":{"self":[{"href":"https:\/\/www.fasep.it\/es\/wp-json\/wp\/v2\/product\/9484","targetHints":{"allow":["GET"]}}],"collection":[{"href":"https:\/\/www.fasep.it\/es\/wp-json\/wp\/v2\/product"}],"about":[{"href":"https:\/\/www.fasep.it\/es\/wp-json\/wp\/v2\/types\/product"}],"wp:attachment":[{"href":"https:\/\/www.fasep.it\/es\/wp-json\/wp\/v2\/media?parent=9484"}],"wp:term":[{"taxonomy":"product_brand","embeddable":true,"href":"https:\/\/www.fasep.it\/es\/wp-json\/wp\/v2\/product_brand?post=9484"},{"taxonomy":"product_cat","embeddable":true,"href":"https:\/\/www.fasep.it\/es\/wp-json\/wp\/v2\/product_cat?post=9484"},{"taxonomy":"product_tag","embeddable":true,"href":"https:\/\/www.fasep.it\/es\/wp-json\/wp\/v2\/product_tag?post=9484"}],"curies":[{"name":"wp","href":"https:\/\/api.w.org\/{rel}","templated":true}]}}