{"id":9481,"date":"2025-07-16T11:42:55","date_gmt":"2025-07-16T09:42:55","guid":{"rendered":"https:\/\/www.fasep.it\/productos\/\/s263.001"},"modified":"2026-03-31T10:18:32","modified_gmt":"2026-03-31T08:18:32","slug":"es-s263.001","status":"publish","type":"product","link":"https:\/\/www.fasep.it\/es\/productos\/desmontadoras\/s263.001\/","title":{"rendered":"RGU5190"},"content":{"rendered":"<font color=\"#0055BB\"><strong>Desmontadora super autom\u00e1tica para camiones hasta 60&#8243;.<\/font><\/strong><br>\r\nRGU5190 es la desmontadora ideal para operaciones en ruedas de camiones, autobuses, tractores y veh\u00edculos de movimiento de tierras. Dise\u00f1ada para manejar ruedas de hasta 3000 kg, con una anchura de hasta 1800 mm y un di\u00e1metro m\u00e1ximo de 3000 mm, RGU5190 es sin\u00f3nimo de robustez y versatilidad.<br>\r\n<br>\r\n<i>Caracter\u00edsticas:<\/i>\r\n<ul><li><b>Capacidad de Sujeci\u00f3n<\/b>: El mandril puede sujetar llantas con di\u00e1metros comprendidos entre 14 y 60&#8243; utilizando extensiones<\/li>\r\n<li><b>Amplia Zona de Trabajo<\/b>: La amplia zona de trabajo permite realizar operaciones c\u00f3modas y seguras<\/li>\r\n<li><b>Movimiento Independiente<\/b>: El movimiento independiente del mandril y del brazo del cabezal permite una mayor precisi\u00f3n y control durante todo el proceso de montaje y desmontaje de neum\u00e1ticos<\/li>\r\n<\/ul>\r\nRGU5190 es la soluci\u00f3n ideal para los profesionales que necesitan una desmontadora potente y fiable para veh\u00edculos grandes. Con su capacidad para manejar ruedas de gran tama\u00f1o y su avanzada tecnolog\u00eda, garantiza operaciones eficientes y seguras en cualquier contexto de trabajo.","protected":false},"excerpt":{"rendered":"<font color=\"#0055BB\"><strong>Desmontadora super autom\u00e1tica para camiones hasta 60&#8243;.<\/font><\/strong><br>\r\nRGU5190 es la desmontadora ideal para operaciones en ruedas de camiones, autobuses, tractores y veh\u00edculos de movimiento de tierras. Dise\u00f1ada para manejar ruedas de hasta 3000 kg, con una anchura de hasta 1800 mm y un di\u00e1metro m\u00e1ximo de 3000 mm, RGU5190 es sin\u00f3nimo de robustez y versatilidad.<br>\r\n<br>\r\n<i>Caracter\u00edsticas:<\/i>\r\n<ul><li><b>Capacidad de Sujeci\u00f3n<\/b>: El mandril puede sujetar llantas con di\u00e1metros comprendidos entre 14 y 60&#8243; utilizando extensiones<\/li>\r\n<li><b>Amplia Zona de Trabajo<\/b>: La amplia zona de trabajo permite realizar operaciones c\u00f3modas y seguras<\/li>\r\n<li><b>Movimiento Independiente<\/b>: El movimiento independiente del mandril y del brazo del cabezal permite una mayor precisi\u00f3n y control durante todo el proceso de montaje y desmontaje de neum\u00e1ticos<\/li>\r\n<\/ul>\r\nRGU5190 es la soluci\u00f3n ideal para los profesionales que necesitan una desmontadora potente y fiable para veh\u00edculos grandes. Con su capacidad para manejar ruedas de gran tama\u00f1o y su avanzada tecnolog\u00eda, garantiza operaciones eficientes y seguras en cualquier contexto de trabajo.","protected":false},"featured_media":0,"template":"","meta":{"_acf_changed":false},"product_brand":[],"product_cat":[],"product_tag":[],"class_list":{"0":"post-9481","1":"product","2":"type-product","3":"status-publish","6":"first","7":"instock","8":"shipping-taxable","9":"product-type-simple"},"acf":[],"yoast_head":"<!-- This site is optimized with the Yoast SEO plugin v25.7 - https:\/\/yoast.com\/wordpress\/plugins\/seo\/ -->\n<title>RGU5190<\/title>\n<meta name=\"robots\" content=\"index, follow, max-snippet:-1, max-image-preview:large, max-video-preview:-1\" \/>\n<meta property=\"og:locale\" content=\"es_ES\" \/>\n<meta property=\"og:type\" content=\"article\" \/>\n<meta property=\"og:title\" content=\"RGU5190\" \/>\n<meta property=\"og:description\" content=\"Desmontadora super autom\u00e1tica para camiones hasta 60&quot;. RGU5190 es la desmontadora ideal para operaciones en ruedas de camiones, autobuses, tractores y veh\u00edculos de movimiento de tierras. Dise\u00f1ada para manejar ruedas de hasta 3000 kg, con una anchura de hasta 1800 mm y un di\u00e1metro m\u00e1ximo de 3000 mm, RGU5190 es sin\u00f3nimo de robustez y versatilidad.  Caracter\u00edsticas: Capacidad de Sujeci\u00f3n: El mandril puede sujetar llantas con di\u00e1metros comprendidos entre 14 y 60&quot; utilizando extensiones Amplia Zona de Trabajo: La amplia zona de trabajo permite realizar operaciones c\u00f3modas y seguras Movimiento Independiente: El movimiento independiente del mandril y del brazo del cabezal permite una mayor precisi\u00f3n y control durante todo el proceso de montaje y desmontaje de neum\u00e1ticos  RGU5190 es la soluci\u00f3n ideal para los profesionales que necesitan una desmontadora potente y fiable para veh\u00edculos grandes. Con su capacidad para manejar ruedas de gran tama\u00f1o y su avanzada tecnolog\u00eda, garantiza operaciones eficientes y seguras en cualquier contexto de trabajo.\" \/>\n<meta property=\"og:url\" content=\"https:\/\/www.fasep.it\/es\/productos\/desmontadoras\/s263.001\/\" \/>\n<meta property=\"og:site_name\" content=\"Fasep 2000 srl\" \/>\n<meta property=\"article:modified_time\" content=\"2026-03-31T08:18:32+00:00\" \/>\n<meta name=\"twitter:card\" content=\"summary_large_image\" \/>\n<meta name=\"twitter:label1\" content=\"Tiempo de lectura\" \/>\n\t<meta name=\"twitter:data1\" content=\"1 minuto\" \/>\n<script type=\"application\/ld+json\" class=\"yoast-schema-graph\">{\"@context\":\"https:\/\/schema.org\",\"@graph\":[{\"@type\":\"WebPage\",\"@id\":\"https:\/\/www.fasep.it\/es\/productos\/desmontadoras\/s263.001\/\",\"url\":\"https:\/\/www.fasep.it\/es\/productos\/desmontadoras\/s263.001\/\",\"name\":\"RGU5190\",\"isPartOf\":{\"@id\":\"https:\/\/www.fasep.it\/es\/#website\"},\"datePublished\":\"2025-07-16T09:42:55+00:00\",\"dateModified\":\"2026-03-31T08:18:32+00:00\",\"breadcrumb\":{\"@id\":\"https:\/\/www.fasep.it\/es\/productos\/desmontadoras\/s263.001\/#breadcrumb\"},\"inLanguage\":\"es\",\"potentialAction\":[{\"@type\":\"ReadAction\",\"target\":[\"https:\/\/www.fasep.it\/es\/productos\/desmontadoras\/s263.001\/\"]}]},{\"@type\":\"BreadcrumbList\",\"@id\":\"https:\/\/www.fasep.it\/es\/productos\/desmontadoras\/s263.001\/#breadcrumb\",\"itemListElement\":[{\"@type\":\"ListItem\",\"position\":1,\"name\":\"Home\",\"item\":\"https:\/\/www.fasep.it\/es\/\"},{\"@type\":\"ListItem\",\"position\":2,\"name\":\"Productos\",\"item\":\"https:\/\/www.fasep.it\/es\/shop\/\"},{\"@type\":\"ListItem\",\"position\":3,\"name\":\"RGU5190\"}]},{\"@type\":\"WebSite\",\"@id\":\"https:\/\/www.fasep.it\/es\/#website\",\"url\":\"https:\/\/www.fasep.it\/es\/\",\"name\":\"Fasep 2000 srl\",\"description\":\"\",\"potentialAction\":[{\"@type\":\"SearchAction\",\"target\":{\"@type\":\"EntryPoint\",\"urlTemplate\":\"https:\/\/www.fasep.it\/es\/?s={search_term_string}\"},\"query-input\":{\"@type\":\"PropertyValueSpecification\",\"valueRequired\":true,\"valueName\":\"search_term_string\"}}],\"inLanguage\":\"es\"}]}<\/script>\n<!-- \/ Yoast SEO plugin. -->","yoast_head_json":{"title":"RGU5190","robots":{"index":"index","follow":"follow","max-snippet":"max-snippet:-1","max-image-preview":"max-image-preview:large","max-video-preview":"max-video-preview:-1"},"og_locale":"es_ES","og_type":"article","og_title":"RGU5190","og_description":"Desmontadora super autom\u00e1tica para camiones hasta 60\". RGU5190 es la desmontadora ideal para operaciones en ruedas de camiones, autobuses, tractores y veh\u00edculos de movimiento de tierras. Dise\u00f1ada para manejar ruedas de hasta 3000 kg, con una anchura de hasta 1800 mm y un di\u00e1metro m\u00e1ximo de 3000 mm, RGU5190 es sin\u00f3nimo de robustez y versatilidad.  Caracter\u00edsticas: Capacidad de Sujeci\u00f3n: El mandril puede sujetar llantas con di\u00e1metros comprendidos entre 14 y 60\" utilizando extensiones Amplia Zona de Trabajo: La amplia zona de trabajo permite realizar operaciones c\u00f3modas y seguras Movimiento Independiente: El movimiento independiente del mandril y del brazo del cabezal permite una mayor precisi\u00f3n y control durante todo el proceso de montaje y desmontaje de neum\u00e1ticos  RGU5190 es la soluci\u00f3n ideal para los profesionales que necesitan una desmontadora potente y fiable para veh\u00edculos grandes. Con su capacidad para manejar ruedas de gran tama\u00f1o y su avanzada tecnolog\u00eda, garantiza operaciones eficientes y seguras en cualquier contexto de trabajo.","og_url":"https:\/\/www.fasep.it\/es\/productos\/desmontadoras\/s263.001\/","og_site_name":"Fasep 2000 srl","article_modified_time":"2026-03-31T08:18:32+00:00","twitter_card":"summary_large_image","twitter_misc":{"Tiempo de lectura":"1 minuto"},"schema":{"@context":"https:\/\/schema.org","@graph":[{"@type":"WebPage","@id":"https:\/\/www.fasep.it\/es\/productos\/desmontadoras\/s263.001\/","url":"https:\/\/www.fasep.it\/es\/productos\/desmontadoras\/s263.001\/","name":"RGU5190","isPartOf":{"@id":"https:\/\/www.fasep.it\/es\/#website"},"datePublished":"2025-07-16T09:42:55+00:00","dateModified":"2026-03-31T08:18:32+00:00","breadcrumb":{"@id":"https:\/\/www.fasep.it\/es\/productos\/desmontadoras\/s263.001\/#breadcrumb"},"inLanguage":"es","potentialAction":[{"@type":"ReadAction","target":["https:\/\/www.fasep.it\/es\/productos\/desmontadoras\/s263.001\/"]}]},{"@type":"BreadcrumbList","@id":"https:\/\/www.fasep.it\/es\/productos\/desmontadoras\/s263.001\/#breadcrumb","itemListElement":[{"@type":"ListItem","position":1,"name":"Home","item":"https:\/\/www.fasep.it\/es\/"},{"@type":"ListItem","position":2,"name":"Productos","item":"https:\/\/www.fasep.it\/es\/shop\/"},{"@type":"ListItem","position":3,"name":"RGU5190"}]},{"@type":"WebSite","@id":"https:\/\/www.fasep.it\/es\/#website","url":"https:\/\/www.fasep.it\/es\/","name":"Fasep 2000 srl","description":"","potentialAction":[{"@type":"SearchAction","target":{"@type":"EntryPoint","urlTemplate":"https:\/\/www.fasep.it\/es\/?s={search_term_string}"},"query-input":{"@type":"PropertyValueSpecification","valueRequired":true,"valueName":"search_term_string"}}],"inLanguage":"es"}]}},"_links":{"self":[{"href":"https:\/\/www.fasep.it\/es\/wp-json\/wp\/v2\/product\/9481","targetHints":{"allow":["GET"]}}],"collection":[{"href":"https:\/\/www.fasep.it\/es\/wp-json\/wp\/v2\/product"}],"about":[{"href":"https:\/\/www.fasep.it\/es\/wp-json\/wp\/v2\/types\/product"}],"wp:attachment":[{"href":"https:\/\/www.fasep.it\/es\/wp-json\/wp\/v2\/media?parent=9481"}],"wp:term":[{"taxonomy":"product_brand","embeddable":true,"href":"https:\/\/www.fasep.it\/es\/wp-json\/wp\/v2\/product_brand?post=9481"},{"taxonomy":"product_cat","embeddable":true,"href":"https:\/\/www.fasep.it\/es\/wp-json\/wp\/v2\/product_cat?post=9481"},{"taxonomy":"product_tag","embeddable":true,"href":"https:\/\/www.fasep.it\/es\/wp-json\/wp\/v2\/product_tag?post=9481"}],"curies":[{"name":"wp","href":"https:\/\/api.w.org\/{rel}","templated":true}]}}