{"id":9477,"date":"2025-07-16T11:43:01","date_gmt":"2025-07-16T09:43:01","guid":{"rendered":"https:\/\/www.fasep.it\/productos\/\/s199.002"},"modified":"2026-03-31T10:18:32","modified_gmt":"2026-03-31T08:18:32","slug":"es-s199.002","status":"publish","type":"product","link":"https:\/\/www.fasep.it\/es\/productos\/desmontadoras\/s199.002\/","title":{"rendered":"RAE.2102.22"},"content":{"rendered":"<font color=\"#0055BB\"><strong>Autom\u00e1tica, fuerte y fiable, hasta 23&quot;.<\/strong><\/font><br>\r\nRAE.2102.22 es la cl\u00e1sica desmontadora de neum\u00e1ticos para autom\u00f3viles y motocicletas con llantas entre 10&quot; y 23&quot;. La robustez y la confiabilidad son las palabras clave de este cambiador de llantas, que, gracias a los accesorios que le permiten trabajar con ruedas de bajo perfil, es el cambiador de llantas que ofrece lo mejor con un gasto limitado.","protected":false},"excerpt":{"rendered":"<font color=\"#0055BB\"><strong>Autom\u00e1tica, fuerte y fiable, hasta 23&#8243;.<\/strong><\/font><br>\r\nRAE.2102.22 es la cl\u00e1sica desmontadora de neum\u00e1ticos para autom\u00f3viles y motocicletas con llantas entre 10&#8243; y 23&#8243;. La robustez y la confiabilidad son las palabras clave de este cambiador de llantas, que, gracias a los accesorios que le permiten trabajar con ruedas de bajo perfil, es el cambiador de llantas que ofrece lo mejor con un gasto limitado.","protected":false},"featured_media":0,"template":"","meta":{"_acf_changed":false},"product_brand":[],"product_cat":[],"product_tag":[],"class_list":{"0":"post-9477","1":"product","2":"type-product","3":"status-publish","6":"first","7":"instock","8":"shipping-taxable","9":"product-type-simple"},"acf":[],"yoast_head":"<!-- This site is optimized with the Yoast SEO plugin v25.7 - https:\/\/yoast.com\/wordpress\/plugins\/seo\/ -->\n<title>RAE.2102.22<\/title>\n<meta name=\"robots\" content=\"index, follow, max-snippet:-1, max-image-preview:large, max-video-preview:-1\" \/>\n<meta property=\"og:locale\" content=\"es_ES\" \/>\n<meta property=\"og:type\" content=\"article\" \/>\n<meta property=\"og:title\" content=\"RAE.2102.22\" \/>\n<meta property=\"og:description\" content=\"Autom\u00e1tica, fuerte y fiable, hasta 23&quot;. RAE.2102.22 es la cl\u00e1sica desmontadora de neum\u00e1ticos para autom\u00f3viles y motocicletas con llantas entre 10&quot; y 23&quot;. La robustez y la confiabilidad son las palabras clave de este cambiador de llantas, que, gracias a los accesorios que le permiten trabajar con ruedas de bajo perfil, es el cambiador de llantas que ofrece lo mejor con un gasto limitado.\" \/>\n<meta property=\"og:url\" content=\"https:\/\/www.fasep.it\/es\/productos\/desmontadoras\/s199.002\/\" \/>\n<meta property=\"og:site_name\" content=\"Fasep 2000 srl\" \/>\n<meta property=\"article:modified_time\" content=\"2026-03-31T08:18:32+00:00\" \/>\n<meta name=\"twitter:card\" content=\"summary_large_image\" \/>\n<script type=\"application\/ld+json\" class=\"yoast-schema-graph\">{\"@context\":\"https:\/\/schema.org\",\"@graph\":[{\"@type\":\"WebPage\",\"@id\":\"https:\/\/www.fasep.it\/es\/productos\/desmontadoras\/s199.002\/\",\"url\":\"https:\/\/www.fasep.it\/es\/productos\/desmontadoras\/s199.002\/\",\"name\":\"RAE.2102.22\",\"isPartOf\":{\"@id\":\"https:\/\/www.fasep.it\/es\/#website\"},\"datePublished\":\"2025-07-16T09:43:01+00:00\",\"dateModified\":\"2026-03-31T08:18:32+00:00\",\"breadcrumb\":{\"@id\":\"https:\/\/www.fasep.it\/es\/productos\/desmontadoras\/s199.002\/#breadcrumb\"},\"inLanguage\":\"es\",\"potentialAction\":[{\"@type\":\"ReadAction\",\"target\":[\"https:\/\/www.fasep.it\/es\/productos\/desmontadoras\/s199.002\/\"]}]},{\"@type\":\"BreadcrumbList\",\"@id\":\"https:\/\/www.fasep.it\/es\/productos\/desmontadoras\/s199.002\/#breadcrumb\",\"itemListElement\":[{\"@type\":\"ListItem\",\"position\":1,\"name\":\"Home\",\"item\":\"https:\/\/www.fasep.it\/es\/\"},{\"@type\":\"ListItem\",\"position\":2,\"name\":\"Productos\",\"item\":\"https:\/\/www.fasep.it\/es\/shop\/\"},{\"@type\":\"ListItem\",\"position\":3,\"name\":\"RAE.2102.22\"}]},{\"@type\":\"WebSite\",\"@id\":\"https:\/\/www.fasep.it\/es\/#website\",\"url\":\"https:\/\/www.fasep.it\/es\/\",\"name\":\"Fasep 2000 srl\",\"description\":\"\",\"potentialAction\":[{\"@type\":\"SearchAction\",\"target\":{\"@type\":\"EntryPoint\",\"urlTemplate\":\"https:\/\/www.fasep.it\/es\/?s={search_term_string}\"},\"query-input\":{\"@type\":\"PropertyValueSpecification\",\"valueRequired\":true,\"valueName\":\"search_term_string\"}}],\"inLanguage\":\"es\"}]}<\/script>\n<!-- \/ Yoast SEO plugin. -->","yoast_head_json":{"title":"RAE.2102.22","robots":{"index":"index","follow":"follow","max-snippet":"max-snippet:-1","max-image-preview":"max-image-preview:large","max-video-preview":"max-video-preview:-1"},"og_locale":"es_ES","og_type":"article","og_title":"RAE.2102.22","og_description":"Autom\u00e1tica, fuerte y fiable, hasta 23\". RAE.2102.22 es la cl\u00e1sica desmontadora de neum\u00e1ticos para autom\u00f3viles y motocicletas con llantas entre 10\" y 23\". La robustez y la confiabilidad son las palabras clave de este cambiador de llantas, que, gracias a los accesorios que le permiten trabajar con ruedas de bajo perfil, es el cambiador de llantas que ofrece lo mejor con un gasto limitado.","og_url":"https:\/\/www.fasep.it\/es\/productos\/desmontadoras\/s199.002\/","og_site_name":"Fasep 2000 srl","article_modified_time":"2026-03-31T08:18:32+00:00","twitter_card":"summary_large_image","schema":{"@context":"https:\/\/schema.org","@graph":[{"@type":"WebPage","@id":"https:\/\/www.fasep.it\/es\/productos\/desmontadoras\/s199.002\/","url":"https:\/\/www.fasep.it\/es\/productos\/desmontadoras\/s199.002\/","name":"RAE.2102.22","isPartOf":{"@id":"https:\/\/www.fasep.it\/es\/#website"},"datePublished":"2025-07-16T09:43:01+00:00","dateModified":"2026-03-31T08:18:32+00:00","breadcrumb":{"@id":"https:\/\/www.fasep.it\/es\/productos\/desmontadoras\/s199.002\/#breadcrumb"},"inLanguage":"es","potentialAction":[{"@type":"ReadAction","target":["https:\/\/www.fasep.it\/es\/productos\/desmontadoras\/s199.002\/"]}]},{"@type":"BreadcrumbList","@id":"https:\/\/www.fasep.it\/es\/productos\/desmontadoras\/s199.002\/#breadcrumb","itemListElement":[{"@type":"ListItem","position":1,"name":"Home","item":"https:\/\/www.fasep.it\/es\/"},{"@type":"ListItem","position":2,"name":"Productos","item":"https:\/\/www.fasep.it\/es\/shop\/"},{"@type":"ListItem","position":3,"name":"RAE.2102.22"}]},{"@type":"WebSite","@id":"https:\/\/www.fasep.it\/es\/#website","url":"https:\/\/www.fasep.it\/es\/","name":"Fasep 2000 srl","description":"","potentialAction":[{"@type":"SearchAction","target":{"@type":"EntryPoint","urlTemplate":"https:\/\/www.fasep.it\/es\/?s={search_term_string}"},"query-input":{"@type":"PropertyValueSpecification","valueRequired":true,"valueName":"search_term_string"}}],"inLanguage":"es"}]}},"_links":{"self":[{"href":"https:\/\/www.fasep.it\/es\/wp-json\/wp\/v2\/product\/9477","targetHints":{"allow":["GET"]}}],"collection":[{"href":"https:\/\/www.fasep.it\/es\/wp-json\/wp\/v2\/product"}],"about":[{"href":"https:\/\/www.fasep.it\/es\/wp-json\/wp\/v2\/types\/product"}],"wp:attachment":[{"href":"https:\/\/www.fasep.it\/es\/wp-json\/wp\/v2\/media?parent=9477"}],"wp:term":[{"taxonomy":"product_brand","embeddable":true,"href":"https:\/\/www.fasep.it\/es\/wp-json\/wp\/v2\/product_brand?post=9477"},{"taxonomy":"product_cat","embeddable":true,"href":"https:\/\/www.fasep.it\/es\/wp-json\/wp\/v2\/product_cat?post=9477"},{"taxonomy":"product_tag","embeddable":true,"href":"https:\/\/www.fasep.it\/es\/wp-json\/wp\/v2\/product_tag?post=9477"}],"curies":[{"name":"wp","href":"https:\/\/api.w.org\/{rel}","templated":true}]}}