{"id":9451,"date":"2025-07-16T11:43:31","date_gmt":"2025-07-16T09:43:31","guid":{"rendered":"https:\/\/www.fasep.it\/productos\/\/s232.001"},"modified":"2026-03-31T10:18:28","modified_gmt":"2026-03-31T08:18:28","slug":"es-s232.001","status":"publish","type":"product","link":"https:\/\/www.fasep.it\/es\/productos\/desmontadoras\/s232.001\/","title":{"rendered":"RASE.TOP.3121"},"content":{"rendered":"<font color=\"#0055BB\"><strong>S\u00faper Autom\u00e1tico Sin Palanca.<\/strong><\/font><br>\r\nRASE.TOP.3121 es una desmontadora s\u00faper autom\u00e1tica sin palanca. Es adecuado para las ruedas de coche que tienen tama\u00f1o de la llanta de 12 \u00aba 30\u00bb, sin necesidad de palanca u otras herramientas para desmontar y montar cualquier neum\u00e1tico.<br>\r\nRASE.TOP.3121 desmonta f\u00e1cilmente el neum\u00e1tico de la llanta gracias al sistema de rotura de tal\u00f3n por aire de doble brazo \/ disco.<br>\r\nRASE.TOP.3121 est\u00e1 equipada con un brazo neum\u00e1tico de prensado de cordones.\r\n<ul>\r\n<li>dep\u00f3sito de aire para el inflado integrado en el soporte del brazo de la prensa para ahorrar espacio\r\n<li>m\u00e1xima rigidez gracias a un sistema de recuperaci\u00f3n de holgura constante\r\n<li>panel de control con unidad de filtro \/ lubricador, man\u00f3metro y manguera de inflado\r\n<li>posicionamiento autom\u00e1tico del brazo de la prensa en posici\u00f3n de reposo al final de la operaci\u00f3n\r\n<li>el nuevo destalonador de 3 posiciones elimina la flexi\u00f3n y la holgura\r\n<\/ul>","protected":false},"excerpt":{"rendered":"<font color=\"#0055BB\"><strong>S\u00faper Autom\u00e1tico Sin Palanca.<\/strong><\/font><br>\r\nRASE.TOP.3121 es una desmontadora s\u00faper autom\u00e1tica sin palanca. Es adecuado para las ruedas de coche que tienen tama\u00f1o de la llanta de 12 \u00aba 30\u00bb, sin necesidad de palanca u otras herramientas para desmontar y montar cualquier neum\u00e1tico.<br>\r\nRASE.TOP.3121 desmonta f\u00e1cilmente el neum\u00e1tico de la llanta gracias al sistema de rotura de tal\u00f3n por aire de doble brazo \/ disco.<br>\r\nRASE.TOP.3121 est\u00e1 equipada con un brazo neum\u00e1tico de prensado de cordones.\r\n<ul>\r\n<li>dep\u00f3sito de aire para el inflado integrado en el soporte del brazo de la prensa para ahorrar espacio\r\n<li>m\u00e1xima rigidez gracias a un sistema de recuperaci\u00f3n de holgura constante\r\n<li>panel de control con unidad de filtro \/ lubricador, man\u00f3metro y manguera de inflado\r\n<li>posicionamiento autom\u00e1tico del brazo de la prensa en posici\u00f3n de reposo al final de la operaci\u00f3n\r\n<li>el nuevo destalonador de 3 posiciones elimina la flexi\u00f3n y la holgura\r\n<\/ul>","protected":false},"featured_media":0,"template":"","meta":{"_acf_changed":false},"product_brand":[],"product_cat":[],"product_tag":[],"class_list":{"0":"post-9451","1":"product","2":"type-product","3":"status-publish","6":"first","7":"instock","8":"shipping-taxable","9":"product-type-simple"},"acf":[],"yoast_head":"<!-- This site is optimized with the Yoast SEO plugin v25.7 - https:\/\/yoast.com\/wordpress\/plugins\/seo\/ -->\n<title>RASE.TOP.3121<\/title>\n<meta name=\"robots\" content=\"index, follow, max-snippet:-1, max-image-preview:large, max-video-preview:-1\" \/>\n<meta property=\"og:locale\" content=\"es_ES\" \/>\n<meta property=\"og:type\" content=\"article\" \/>\n<meta property=\"og:title\" content=\"RASE.TOP.3121\" \/>\n<meta property=\"og:description\" content=\"S\u00faper Autom\u00e1tico Sin Palanca. RASE.TOP.3121 es una desmontadora s\u00faper autom\u00e1tica sin palanca. Es adecuado para las ruedas de coche que tienen tama\u00f1o de la llanta de 12 &quot;a 30&quot;, sin necesidad de palanca u otras herramientas para desmontar y montar cualquier neum\u00e1tico. RASE.TOP.3121 desmonta f\u00e1cilmente el neum\u00e1tico de la llanta gracias al sistema de rotura de tal\u00f3n por aire de doble brazo \/ disco. RASE.TOP.3121 est\u00e1 equipada con un brazo neum\u00e1tico de prensado de cordones.  dep\u00f3sito de aire para el inflado integrado en el soporte del brazo de la prensa para ahorrar espacio m\u00e1xima rigidez gracias a un sistema de recuperaci\u00f3n de holgura constante panel de control con unidad de filtro \/ lubricador, man\u00f3metro y manguera de inflado posicionamiento autom\u00e1tico del brazo de la prensa en posici\u00f3n de reposo al final de la operaci\u00f3n el nuevo destalonador de 3 posiciones elimina la flexi\u00f3n y la holgura\" \/>\n<meta property=\"og:url\" content=\"https:\/\/www.fasep.it\/es\/productos\/desmontadoras\/s232.001\/\" \/>\n<meta property=\"og:site_name\" content=\"Fasep 2000 srl\" \/>\n<meta property=\"article:modified_time\" content=\"2026-03-31T08:18:28+00:00\" \/>\n<meta name=\"twitter:card\" content=\"summary_large_image\" \/>\n<meta name=\"twitter:label1\" content=\"Tiempo de lectura\" \/>\n\t<meta name=\"twitter:data1\" content=\"1 minuto\" \/>\n<script type=\"application\/ld+json\" class=\"yoast-schema-graph\">{\"@context\":\"https:\/\/schema.org\",\"@graph\":[{\"@type\":\"WebPage\",\"@id\":\"https:\/\/www.fasep.it\/es\/productos\/desmontadoras\/s232.001\/\",\"url\":\"https:\/\/www.fasep.it\/es\/productos\/desmontadoras\/s232.001\/\",\"name\":\"RASE.TOP.3121\",\"isPartOf\":{\"@id\":\"https:\/\/www.fasep.it\/es\/#website\"},\"datePublished\":\"2025-07-16T09:43:31+00:00\",\"dateModified\":\"2026-03-31T08:18:28+00:00\",\"breadcrumb\":{\"@id\":\"https:\/\/www.fasep.it\/es\/productos\/desmontadoras\/s232.001\/#breadcrumb\"},\"inLanguage\":\"es\",\"potentialAction\":[{\"@type\":\"ReadAction\",\"target\":[\"https:\/\/www.fasep.it\/es\/productos\/desmontadoras\/s232.001\/\"]}]},{\"@type\":\"BreadcrumbList\",\"@id\":\"https:\/\/www.fasep.it\/es\/productos\/desmontadoras\/s232.001\/#breadcrumb\",\"itemListElement\":[{\"@type\":\"ListItem\",\"position\":1,\"name\":\"Home\",\"item\":\"https:\/\/www.fasep.it\/es\/\"},{\"@type\":\"ListItem\",\"position\":2,\"name\":\"Productos\",\"item\":\"https:\/\/www.fasep.it\/es\/shop\/\"},{\"@type\":\"ListItem\",\"position\":3,\"name\":\"RASE.TOP.3121\"}]},{\"@type\":\"WebSite\",\"@id\":\"https:\/\/www.fasep.it\/es\/#website\",\"url\":\"https:\/\/www.fasep.it\/es\/\",\"name\":\"Fasep 2000 srl\",\"description\":\"\",\"potentialAction\":[{\"@type\":\"SearchAction\",\"target\":{\"@type\":\"EntryPoint\",\"urlTemplate\":\"https:\/\/www.fasep.it\/es\/?s={search_term_string}\"},\"query-input\":{\"@type\":\"PropertyValueSpecification\",\"valueRequired\":true,\"valueName\":\"search_term_string\"}}],\"inLanguage\":\"es\"}]}<\/script>\n<!-- \/ Yoast SEO plugin. -->","yoast_head_json":{"title":"RASE.TOP.3121","robots":{"index":"index","follow":"follow","max-snippet":"max-snippet:-1","max-image-preview":"max-image-preview:large","max-video-preview":"max-video-preview:-1"},"og_locale":"es_ES","og_type":"article","og_title":"RASE.TOP.3121","og_description":"S\u00faper Autom\u00e1tico Sin Palanca. RASE.TOP.3121 es una desmontadora s\u00faper autom\u00e1tica sin palanca. Es adecuado para las ruedas de coche que tienen tama\u00f1o de la llanta de 12 \"a 30\", sin necesidad de palanca u otras herramientas para desmontar y montar cualquier neum\u00e1tico. RASE.TOP.3121 desmonta f\u00e1cilmente el neum\u00e1tico de la llanta gracias al sistema de rotura de tal\u00f3n por aire de doble brazo \/ disco. RASE.TOP.3121 est\u00e1 equipada con un brazo neum\u00e1tico de prensado de cordones.  dep\u00f3sito de aire para el inflado integrado en el soporte del brazo de la prensa para ahorrar espacio m\u00e1xima rigidez gracias a un sistema de recuperaci\u00f3n de holgura constante panel de control con unidad de filtro \/ lubricador, man\u00f3metro y manguera de inflado posicionamiento autom\u00e1tico del brazo de la prensa en posici\u00f3n de reposo al final de la operaci\u00f3n el nuevo destalonador de 3 posiciones elimina la flexi\u00f3n y la holgura","og_url":"https:\/\/www.fasep.it\/es\/productos\/desmontadoras\/s232.001\/","og_site_name":"Fasep 2000 srl","article_modified_time":"2026-03-31T08:18:28+00:00","twitter_card":"summary_large_image","twitter_misc":{"Tiempo de lectura":"1 minuto"},"schema":{"@context":"https:\/\/schema.org","@graph":[{"@type":"WebPage","@id":"https:\/\/www.fasep.it\/es\/productos\/desmontadoras\/s232.001\/","url":"https:\/\/www.fasep.it\/es\/productos\/desmontadoras\/s232.001\/","name":"RASE.TOP.3121","isPartOf":{"@id":"https:\/\/www.fasep.it\/es\/#website"},"datePublished":"2025-07-16T09:43:31+00:00","dateModified":"2026-03-31T08:18:28+00:00","breadcrumb":{"@id":"https:\/\/www.fasep.it\/es\/productos\/desmontadoras\/s232.001\/#breadcrumb"},"inLanguage":"es","potentialAction":[{"@type":"ReadAction","target":["https:\/\/www.fasep.it\/es\/productos\/desmontadoras\/s232.001\/"]}]},{"@type":"BreadcrumbList","@id":"https:\/\/www.fasep.it\/es\/productos\/desmontadoras\/s232.001\/#breadcrumb","itemListElement":[{"@type":"ListItem","position":1,"name":"Home","item":"https:\/\/www.fasep.it\/es\/"},{"@type":"ListItem","position":2,"name":"Productos","item":"https:\/\/www.fasep.it\/es\/shop\/"},{"@type":"ListItem","position":3,"name":"RASE.TOP.3121"}]},{"@type":"WebSite","@id":"https:\/\/www.fasep.it\/es\/#website","url":"https:\/\/www.fasep.it\/es\/","name":"Fasep 2000 srl","description":"","potentialAction":[{"@type":"SearchAction","target":{"@type":"EntryPoint","urlTemplate":"https:\/\/www.fasep.it\/es\/?s={search_term_string}"},"query-input":{"@type":"PropertyValueSpecification","valueRequired":true,"valueName":"search_term_string"}}],"inLanguage":"es"}]}},"_links":{"self":[{"href":"https:\/\/www.fasep.it\/es\/wp-json\/wp\/v2\/product\/9451","targetHints":{"allow":["GET"]}}],"collection":[{"href":"https:\/\/www.fasep.it\/es\/wp-json\/wp\/v2\/product"}],"about":[{"href":"https:\/\/www.fasep.it\/es\/wp-json\/wp\/v2\/types\/product"}],"wp:attachment":[{"href":"https:\/\/www.fasep.it\/es\/wp-json\/wp\/v2\/media?parent=9451"}],"wp:term":[{"taxonomy":"product_brand","embeddable":true,"href":"https:\/\/www.fasep.it\/es\/wp-json\/wp\/v2\/product_brand?post=9451"},{"taxonomy":"product_cat","embeddable":true,"href":"https:\/\/www.fasep.it\/es\/wp-json\/wp\/v2\/product_cat?post=9451"},{"taxonomy":"product_tag","embeddable":true,"href":"https:\/\/www.fasep.it\/es\/wp-json\/wp\/v2\/product_tag?post=9451"}],"curies":[{"name":"wp","href":"https:\/\/api.w.org\/{rel}","templated":true}]}}